{"id":79387,"date":"2026-03-03T11:00:36","date_gmt":"2026-03-03T10:00:36","guid":{"rendered":"https:\/\/www.eliterent.com\/?post_type=product&#038;p=79387"},"modified":"2026-04-03T10:27:57","modified_gmt":"2026-04-03T08:27:57","slug":"morgan-plus-six","status":"publish","type":"product","link":"https:\/\/www.eliterent.com\/fr\/location-voiture-prestige\/best-sellers-fr\/morgan-plus-six\/","title":{"rendered":"Morgan Plus Six"},"content":{"rendered":"<p>Louer une Morgan Plus Six, c&rsquo;est bien plus que r\u00e9server une voiture : c&rsquo;est vivre une exp\u00e9rience de conduite vraiment unique. Fabriqu\u00e9e \u00e0 la main par Morgan Motor Company, la Plus Six allie un design britannique intemporel \u00e0 des performances modernes, ce qui en fait l&rsquo;un des roadsters de luxe les plus captivants disponibles \u00e0 la location aujourd&rsquo;hui.<\/p>\n<p>La Morgan Plus Six se distingue par sa construction l\u00e9g\u00e8re, ses courbes \u00e9l\u00e9gantes et son cockpit ax\u00e9 sur le conducteur. Sous le capot, un puissant moteur six cylindres en ligne turbocompress\u00e9 offre une acc\u00e9l\u00e9ration exaltante et une maniabilit\u00e9 souple et r\u00e9active. Que vous planifiez une escapade le week-end, une c\u00e9l\u00e9bration sp\u00e9ciale ou que vous souhaitiez simplement d\u00e9couvrir une voiture de sport embl\u00e9matique, la location d&rsquo;une Morgan Plus Six offre une alternative m\u00e9morable aux v\u00e9hicules de luxe conventionnels.<\/p>\n<p>La location d&rsquo;une Morgan Plus Six est id\u00e9ale pour les mariages, les road trips panoramiques, les s\u00e9ances photo et les \u00e9v\u00e9nements marquants. Son style classique fait tourner les t\u00eates partout o\u00f9 elle passe, tandis que son ing\u00e9nierie moderne garantit confort et fiabilit\u00e9. Les conducteurs profitent d&rsquo;une combinaison rare entre esth\u00e9tique traditionnelle et technologie contemporaine, un \u00e9quilibre que peu de voitures parviennent \u00e0 atteindre.<\/p>\n<p>La location d&rsquo;une Morgan Plus Six offre \u00e9galement une grande flexibilit\u00e9. De nombreux services de location proposent des r\u00e9servations \u00e0 court terme, des forfaits week-end et des exp\u00e9riences sur mesure, vous permettant de profiter de la voiture sans engagement \u00e0 long terme. Cela en fait le choix id\u00e9al pour les passionn\u00e9s \u00e0 la recherche d&rsquo;une aventure unique au volant ou pour tous ceux qui souhaitent se d\u00e9marquer.<\/p>\n<p>Si vous recherchez une voiture de sport de luxe \u00e0 louer qui allie caract\u00e8re, savoir-faire et sensations fortes, la Morgan Plus Six est un choix exceptionnel. Peu de v\u00e9hicules offrent une connexion aussi pure et engageante entre le conducteur, la machine et la route.<\/p>\n","protected":false},"excerpt":{"rendered":"<p>[jet_post_terms tax=\u00a0\u00bbcountry\u00a0\u00bb]<\/p>\n","protected":false},"featured_media":79389,"template":"","meta":{"_acf_changed":false,"site-sidebar-layout":"no-sidebar","site-content-layout":"plain-container","ast-site-content-layout":"normal-width-container","site-content-style":"unboxed","site-sidebar-style":"unboxed","ast-global-header-display":"","ast-banner-title-visibility":"","ast-main-header-display":"","ast-hfb-above-header-display":"","ast-hfb-below-header-display":"","ast-hfb-mobile-header-display":"","site-post-title":"","ast-breadcrumbs-content":"","ast-featured-img":"","footer-sml-layout":"","theme-transparent-header-meta":"default","adv-header-id-meta":"","stick-header-meta":"","header-above-stick-meta":"","header-main-stick-meta":"","header-below-stick-meta":"","astra-migrate-meta-layouts":"set","ast-page-background-enabled":"default","ast-page-background-meta":{"desktop":{"background-color":"","background-image":"","background-repeat":"repeat","background-position":"center center","background-size":"auto","background-attachment":"scroll","background-type":"","background-media":"","overlay-type":"","overlay-color":"","overlay-opacity":"","overlay-gradient":""},"tablet":{"background-color":"","background-image":"","background-repeat":"repeat","background-position":"center center","background-size":"auto","background-attachment":"scroll","background-type":"","background-media":"","overlay-type":"","overlay-color":"","overlay-opacity":"","overlay-gradient":""},"mobile":{"background-color":"","background-image":"","background-repeat":"repeat","background-position":"center center","background-size":"auto","background-attachment":"scroll","background-type":"","background-media":"","overlay-type":"","overlay-color":"","overlay-opacity":"","overlay-gradient":""}},"ast-content-background-meta":{"desktop":{"background-color":"var(--ast-global-color-5)","background-image":"","background-repeat":"repeat","background-position":"center center","background-size":"auto","background-attachment":"scroll","background-type":"","background-media":"","overlay-type":"","overlay-color":"","overlay-opacity":"","overlay-gradient":""},"tablet":{"background-color":"var(--ast-global-color-5)","background-image":"","background-repeat":"repeat","background-position":"center center","background-size":"auto","background-attachment":"scroll","background-type":"","background-media":"","overlay-type":"","overlay-color":"","overlay-opacity":"","overlay-gradient":""},"mobile":{"background-color":"var(--ast-global-color-5)","background-image":"","background-repeat":"repeat","background-position":"center center","background-size":"auto","background-attachment":"scroll","background-type":"","background-media":"","overlay-type":"","overlay-color":"","overlay-opacity":"","overlay-gradient":""}}},"product_brand":[],"product_cat":[1940,1939,2298,2820],"product_tag":[2876],"agency-2":[2690],"agency-1":[2701],"model":[],"brand":[2869],"types":[2315],"city":[2614,2615,2616,2617,2618],"country":[2310],"service":[],"class_list":{"0":"post-79387","1":"product","2":"type-product","3":"status-publish","4":"has-post-thumbnail","6":"product_cat-exceptionnelle","7":"product_cat-best-sellers-fr","8":"product_cat-sportive-cabriolet","9":"product_cat-tour-fr","10":"product_tag-no-headache-2000-ch","11":"agency-2-zurich-fr","12":"agency-1-geneva-fr","13":"brand-morgan","14":"types-exceptional-fr","15":"city-bad-ragaz-fr","16":"city-gstaad-fr","17":"city-interlaken-fr","18":"city-lausanne-fr","19":"city-st-moritz-fr","20":"country-switzerland-fr","21":"desktop-align-left","22":"tablet-align-left","23":"mobile-align-left","25":"first","26":"instock","27":"shipping-taxable","28":"purchasable","29":"product-type-redq_rental"},"acf":[],"yoast_head":"<!-- This site is optimized with the Yoast SEO plugin v27.1.1 - https:\/\/yoast.com\/product\/yoast-seo-wordpress\/ -->\n<title>Louer la Morgan Plus Six en Suisse avec Elite Rent.<\/title>\n<meta name=\"description\" content=\"Louer la Morgan Plus Six en Suisse avec Elite Rent - Livraison sur mesure \u00e0 Gen\u00e8ve, Zurich, Gstaad, St. Moritz, Lucerne, Lausanne.\" \/>\n<meta name=\"robots\" content=\"index, follow, max-snippet:-1, max-image-preview:large, max-video-preview:-1\" \/>\n<link rel=\"canonical\" href=\"https:\/\/www.eliterent.com\/fr\/location-voiture-prestige\/best-sellers-fr\/morgan-plus-six\/\" \/>\n<meta property=\"og:locale\" content=\"fr_FR\" \/>\n<meta property=\"og:type\" content=\"article\" \/>\n<meta property=\"og:title\" content=\"Louer la Morgan Plus Six en Suisse avec Elite Rent.\" \/>\n<meta property=\"og:description\" content=\"Louer la Morgan Plus Six en Suisse avec Elite Rent - Livraison sur mesure \u00e0 Gen\u00e8ve, Zurich, Gstaad, St. Moritz, Lucerne, Lausanne.\" \/>\n<meta property=\"og:url\" content=\"https:\/\/www.eliterent.com\/fr\/location-voiture-prestige\/best-sellers-fr\/morgan-plus-six\/\" \/>\n<meta property=\"og:site_name\" content=\"Elite Rent\" \/>\n<meta property=\"article:modified_time\" content=\"2026-04-03T08:27:57+00:00\" \/>\n<meta property=\"og:image\" content=\"https:\/\/www.eliterent.com\/wp-content\/uploads\/2026\/03\/WEB_Moragan_PlusSix_Front.png\" \/>\n\t<meta property=\"og:image:width\" content=\"850\" \/>\n\t<meta property=\"og:image:height\" content=\"500\" \/>\n\t<meta property=\"og:image:type\" content=\"image\/png\" \/>\n<meta name=\"twitter:card\" content=\"summary_large_image\" \/>\n<script type=\"application\/ld+json\" class=\"yoast-schema-graph\">{\"@context\":\"https:\/\/schema.org\",\"@graph\":[{\"@type\":\"WebPage\",\"@id\":\"https:\/\/www.eliterent.com\/fr\/location-voiture-prestige\/best-sellers-fr\/morgan-plus-six\/\",\"url\":\"https:\/\/www.eliterent.com\/fr\/location-voiture-prestige\/best-sellers-fr\/morgan-plus-six\/\",\"name\":\"Louer la Morgan Plus Six en Suisse avec Elite Rent.\",\"isPartOf\":{\"@id\":\"https:\/\/www.eliterent.com\/#website\"},\"primaryImageOfPage\":{\"@id\":\"https:\/\/www.eliterent.com\/fr\/location-voiture-prestige\/best-sellers-fr\/morgan-plus-six\/#primaryimage\"},\"image\":{\"@id\":\"https:\/\/www.eliterent.com\/fr\/location-voiture-prestige\/best-sellers-fr\/morgan-plus-six\/#primaryimage\"},\"thumbnailUrl\":\"https:\/\/www.eliterent.com\/wp-content\/uploads\/2026\/03\/WEB_Moragan_PlusSix_Front.png\",\"datePublished\":\"2026-03-03T10:00:36+00:00\",\"dateModified\":\"2026-04-03T08:27:57+00:00\",\"description\":\"Louer la Morgan Plus Six en Suisse avec Elite Rent - Livraison sur mesure \u00e0 Gen\u00e8ve, Zurich, Gstaad, St. Moritz, Lucerne, Lausanne.\",\"breadcrumb\":{\"@id\":\"https:\/\/www.eliterent.com\/fr\/location-voiture-prestige\/best-sellers-fr\/morgan-plus-six\/#breadcrumb\"},\"inLanguage\":\"fr-FR\",\"potentialAction\":[{\"@type\":\"ReadAction\",\"target\":[\"https:\/\/www.eliterent.com\/fr\/location-voiture-prestige\/best-sellers-fr\/morgan-plus-six\/\"]}]},{\"@type\":\"ImageObject\",\"inLanguage\":\"fr-FR\",\"@id\":\"https:\/\/www.eliterent.com\/fr\/location-voiture-prestige\/best-sellers-fr\/morgan-plus-six\/#primaryimage\",\"url\":\"https:\/\/www.eliterent.com\/wp-content\/uploads\/2026\/03\/WEB_Moragan_PlusSix_Front.png\",\"contentUrl\":\"https:\/\/www.eliterent.com\/wp-content\/uploads\/2026\/03\/WEB_Moragan_PlusSix_Front.png\",\"width\":850,\"height\":500,\"caption\":\"Rent Morgan Plus Six in Switzerland, Geneva, Zurich.\"},{\"@type\":\"BreadcrumbList\",\"@id\":\"https:\/\/www.eliterent.com\/fr\/location-voiture-prestige\/best-sellers-fr\/morgan-plus-six\/#breadcrumb\",\"itemListElement\":[{\"@type\":\"ListItem\",\"position\":1,\"name\":\"Home\",\"item\":\"https:\/\/www.eliterent.com\/fr\/\"},{\"@type\":\"ListItem\",\"position\":2,\"name\":\"Location de voitures de luxe en Europe\",\"item\":\"https:\/\/www.eliterent.com\/fr\/location-de-voitures-de-luxe-et-premium-en-europe\/\"},{\"@type\":\"ListItem\",\"position\":3,\"name\":\"Morgan Plus Six\"}]},{\"@type\":\"WebSite\",\"@id\":\"https:\/\/www.eliterent.com\/#website\",\"url\":\"https:\/\/www.eliterent.com\/\",\"name\":\"Elite Rent\",\"description\":\"Rent a Car\",\"publisher\":{\"@id\":\"https:\/\/www.eliterent.com\/#organization\"},\"potentialAction\":[{\"@type\":\"SearchAction\",\"target\":{\"@type\":\"EntryPoint\",\"urlTemplate\":\"https:\/\/www.eliterent.com\/?s={search_term_string}\"},\"query-input\":{\"@type\":\"PropertyValueSpecification\",\"valueRequired\":true,\"valueName\":\"search_term_string\"}}],\"inLanguage\":\"fr-FR\"},{\"@type\":\"Organization\",\"@id\":\"https:\/\/www.eliterent.com\/#organization\",\"name\":\"Elite Rent\",\"url\":\"https:\/\/www.eliterent.com\/\",\"logo\":{\"@type\":\"ImageObject\",\"inLanguage\":\"fr-FR\",\"@id\":\"https:\/\/www.eliterent.com\/#\/schema\/logo\/image\/\",\"url\":\"https:\/\/www.eliterent.com\/wp-content\/uploads\/2020\/03\/Elite_Logo_NEW_2023_Final-1.png\",\"contentUrl\":\"https:\/\/www.eliterent.com\/wp-content\/uploads\/2020\/03\/Elite_Logo_NEW_2023_Final-1.png\",\"width\":828,\"height\":313,\"caption\":\"Elite Rent\"},\"image\":{\"@id\":\"https:\/\/www.eliterent.com\/#\/schema\/logo\/image\/\"}}]}<\/script>\n<!-- \/ Yoast SEO plugin. -->","yoast_head_json":{"title":"Louer la Morgan Plus Six en Suisse avec Elite Rent.","description":"Louer la Morgan Plus Six en Suisse avec Elite Rent - Livraison sur mesure \u00e0 Gen\u00e8ve, Zurich, Gstaad, St. Moritz, Lucerne, Lausanne.","robots":{"index":"index","follow":"follow","max-snippet":"max-snippet:-1","max-image-preview":"max-image-preview:large","max-video-preview":"max-video-preview:-1"},"canonical":"https:\/\/www.eliterent.com\/fr\/location-voiture-prestige\/best-sellers-fr\/morgan-plus-six\/","og_locale":"fr_FR","og_type":"article","og_title":"Louer la Morgan Plus Six en Suisse avec Elite Rent.","og_description":"Louer la Morgan Plus Six en Suisse avec Elite Rent - Livraison sur mesure \u00e0 Gen\u00e8ve, Zurich, Gstaad, St. Moritz, Lucerne, Lausanne.","og_url":"https:\/\/www.eliterent.com\/fr\/location-voiture-prestige\/best-sellers-fr\/morgan-plus-six\/","og_site_name":"Elite Rent","article_modified_time":"2026-04-03T08:27:57+00:00","og_image":[{"width":850,"height":500,"url":"https:\/\/www.eliterent.com\/wp-content\/uploads\/2026\/03\/WEB_Moragan_PlusSix_Front.png","type":"image\/png"}],"twitter_card":"summary_large_image","schema":{"@context":"https:\/\/schema.org","@graph":[{"@type":"WebPage","@id":"https:\/\/www.eliterent.com\/fr\/location-voiture-prestige\/best-sellers-fr\/morgan-plus-six\/","url":"https:\/\/www.eliterent.com\/fr\/location-voiture-prestige\/best-sellers-fr\/morgan-plus-six\/","name":"Louer la Morgan Plus Six en Suisse avec Elite Rent.","isPartOf":{"@id":"https:\/\/www.eliterent.com\/#website"},"primaryImageOfPage":{"@id":"https:\/\/www.eliterent.com\/fr\/location-voiture-prestige\/best-sellers-fr\/morgan-plus-six\/#primaryimage"},"image":{"@id":"https:\/\/www.eliterent.com\/fr\/location-voiture-prestige\/best-sellers-fr\/morgan-plus-six\/#primaryimage"},"thumbnailUrl":"https:\/\/www.eliterent.com\/wp-content\/uploads\/2026\/03\/WEB_Moragan_PlusSix_Front.png","datePublished":"2026-03-03T10:00:36+00:00","dateModified":"2026-04-03T08:27:57+00:00","description":"Louer la Morgan Plus Six en Suisse avec Elite Rent - Livraison sur mesure \u00e0 Gen\u00e8ve, Zurich, Gstaad, St. Moritz, Lucerne, Lausanne.","breadcrumb":{"@id":"https:\/\/www.eliterent.com\/fr\/location-voiture-prestige\/best-sellers-fr\/morgan-plus-six\/#breadcrumb"},"inLanguage":"fr-FR","potentialAction":[{"@type":"ReadAction","target":["https:\/\/www.eliterent.com\/fr\/location-voiture-prestige\/best-sellers-fr\/morgan-plus-six\/"]}]},{"@type":"ImageObject","inLanguage":"fr-FR","@id":"https:\/\/www.eliterent.com\/fr\/location-voiture-prestige\/best-sellers-fr\/morgan-plus-six\/#primaryimage","url":"https:\/\/www.eliterent.com\/wp-content\/uploads\/2026\/03\/WEB_Moragan_PlusSix_Front.png","contentUrl":"https:\/\/www.eliterent.com\/wp-content\/uploads\/2026\/03\/WEB_Moragan_PlusSix_Front.png","width":850,"height":500,"caption":"Rent Morgan Plus Six in Switzerland, Geneva, Zurich."},{"@type":"BreadcrumbList","@id":"https:\/\/www.eliterent.com\/fr\/location-voiture-prestige\/best-sellers-fr\/morgan-plus-six\/#breadcrumb","itemListElement":[{"@type":"ListItem","position":1,"name":"Home","item":"https:\/\/www.eliterent.com\/fr\/"},{"@type":"ListItem","position":2,"name":"Location de voitures de luxe en Europe","item":"https:\/\/www.eliterent.com\/fr\/location-de-voitures-de-luxe-et-premium-en-europe\/"},{"@type":"ListItem","position":3,"name":"Morgan Plus Six"}]},{"@type":"WebSite","@id":"https:\/\/www.eliterent.com\/#website","url":"https:\/\/www.eliterent.com\/","name":"Elite Rent","description":"Rent a Car","publisher":{"@id":"https:\/\/www.eliterent.com\/#organization"},"potentialAction":[{"@type":"SearchAction","target":{"@type":"EntryPoint","urlTemplate":"https:\/\/www.eliterent.com\/?s={search_term_string}"},"query-input":{"@type":"PropertyValueSpecification","valueRequired":true,"valueName":"search_term_string"}}],"inLanguage":"fr-FR"},{"@type":"Organization","@id":"https:\/\/www.eliterent.com\/#organization","name":"Elite Rent","url":"https:\/\/www.eliterent.com\/","logo":{"@type":"ImageObject","inLanguage":"fr-FR","@id":"https:\/\/www.eliterent.com\/#\/schema\/logo\/image\/","url":"https:\/\/www.eliterent.com\/wp-content\/uploads\/2020\/03\/Elite_Logo_NEW_2023_Final-1.png","contentUrl":"https:\/\/www.eliterent.com\/wp-content\/uploads\/2020\/03\/Elite_Logo_NEW_2023_Final-1.png","width":828,"height":313,"caption":"Elite Rent"},"image":{"@id":"https:\/\/www.eliterent.com\/#\/schema\/logo\/image\/"}}]}},"_links":{"self":[{"href":"https:\/\/www.eliterent.com\/fr\/wp-json\/wp\/v2\/product\/79387","targetHints":{"allow":["GET"]}}],"collection":[{"href":"https:\/\/www.eliterent.com\/fr\/wp-json\/wp\/v2\/product"}],"about":[{"href":"https:\/\/www.eliterent.com\/fr\/wp-json\/wp\/v2\/types\/product"}],"version-history":[{"count":2,"href":"https:\/\/www.eliterent.com\/fr\/wp-json\/wp\/v2\/product\/79387\/revisions"}],"predecessor-version":[{"id":79535,"href":"https:\/\/www.eliterent.com\/fr\/wp-json\/wp\/v2\/product\/79387\/revisions\/79535"}],"wp:featuredmedia":[{"embeddable":true,"href":"https:\/\/www.eliterent.com\/fr\/wp-json\/wp\/v2\/media\/79389"}],"wp:attachment":[{"href":"https:\/\/www.eliterent.com\/fr\/wp-json\/wp\/v2\/media?parent=79387"}],"wp:term":[{"taxonomy":"product_brand","embeddable":true,"href":"https:\/\/www.eliterent.com\/fr\/wp-json\/wp\/v2\/product_brand?post=79387"},{"taxonomy":"product_cat","embeddable":true,"href":"https:\/\/www.eliterent.com\/fr\/wp-json\/wp\/v2\/product_cat?post=79387"},{"taxonomy":"product_tag","embeddable":true,"href":"https:\/\/www.eliterent.com\/fr\/wp-json\/wp\/v2\/product_tag?post=79387"},{"taxonomy":"agency-2","embeddable":true,"href":"https:\/\/www.eliterent.com\/fr\/wp-json\/wp\/v2\/agency-2?post=79387"},{"taxonomy":"agency-1","embeddable":true,"href":"https:\/\/www.eliterent.com\/fr\/wp-json\/wp\/v2\/agency-1?post=79387"},{"taxonomy":"model","embeddable":true,"href":"https:\/\/www.eliterent.com\/fr\/wp-json\/wp\/v2\/model?post=79387"},{"taxonomy":"brand","embeddable":true,"href":"https:\/\/www.eliterent.com\/fr\/wp-json\/wp\/v2\/brand?post=79387"},{"taxonomy":"types","embeddable":true,"href":"https:\/\/www.eliterent.com\/fr\/wp-json\/wp\/v2\/types?post=79387"},{"taxonomy":"city","embeddable":true,"href":"https:\/\/www.eliterent.com\/fr\/wp-json\/wp\/v2\/city?post=79387"},{"taxonomy":"country","embeddable":true,"href":"https:\/\/www.eliterent.com\/fr\/wp-json\/wp\/v2\/country?post=79387"},{"taxonomy":"service","embeddable":true,"href":"https:\/\/www.eliterent.com\/fr\/wp-json\/wp\/v2\/service?post=79387"}],"curies":[{"name":"wp","href":"https:\/\/api.w.org\/{rel}","templated":true}]}}