{"id":74320,"date":"2021-05-22T19:00:46","date_gmt":"2021-05-22T17:00:46","guid":{"rendered":"https:\/\/www.eliterent.com\/?post_type=product&#038;p=74320"},"modified":"2025-05-19T15:04:04","modified_gmt":"2025-05-19T13:04:04","slug":"alpine-a110-monaco-monte-carlo","status":"publish","type":"product","link":"https:\/\/www.eliterent.com\/fr\/location-voiture-prestige\/sportive-cabriolet\/alpine-a110-monaco-monte-carlo\/","title":{"rendered":"Alpine A110"},"content":{"rendered":"<p>L&rsquo;Alpine A110, merveille moderne n\u00e9e d&rsquo;un h\u00e9ritage l\u00e9gendaire, incarne l&rsquo;essence m\u00eame de l&rsquo;excellence automobile fran\u00e7aise. Fabriqu\u00e9e avec une attention m\u00e9ticuleuse aux d\u00e9tails, cette voiture de sport \u00e9l\u00e9gante allie harmonieusement des \u00e9l\u00e9ments de design d&rsquo;inspiration r\u00e9tro \u00e0 une technologie de pointe. Dot\u00e9e d&rsquo;un ch\u00e2ssis l\u00e9ger en aluminium et d&rsquo;un moteur central, l&rsquo;A110 offre des performances exaltantes et une agilit\u00e9 in\u00e9gal\u00e9e sur la route.<\/p>\n<p>Sous sa carrosserie sculpt\u00e9e se cache un puissant groupe motopropulseur, capable de propulser l&rsquo;A110 de 0 \u00e0 60 mph en quelques secondes seulement. Avec une tenue de route pr\u00e9cise et une direction r\u00e9active, chaque virage devient une aventure palpitante au volant de l&rsquo;A110.<\/p>\n<p>Que ce soit dans les rues de la ville ou dans les cols de montagne, l&rsquo;Alpine A110 offre une exp\u00e9rience de conduite sans pareille. Avec son style intemporel et ses performances dynamiques, il n&rsquo;est pas \u00e9tonnant que l&rsquo;A110 ait conquis le c\u0153ur des passionn\u00e9s d&rsquo;automobile du monde entier. D\u00e9couvrez le plaisir de conduire une v\u00e9ritable ic\u00f4ne &#8211; faites l&rsquo;exp\u00e9rience de l&rsquo;Alpine A110 d\u00e8s aujourd&rsquo;hui.<\/p>\n","protected":false},"excerpt":{"rendered":"<p>L&rsquo;Alpine A110, merveille moderne n\u00e9e d&rsquo;un h\u00e9ritage l\u00e9gendaire, incarne l&rsquo;essence m\u00eame de l&rsquo;excellence automobile fran\u00e7aise. Fabriqu\u00e9e avec une attention m\u00e9ticuleuse aux d\u00e9tails, cette voiture de sport \u00e9l\u00e9gante allie harmonieusement des \u00e9l\u00e9ments de design d&rsquo;inspiration r\u00e9tro \u00e0 une technologie de pointe. Dot\u00e9e d&rsquo;un ch\u00e2ssis l\u00e9ger en aluminium et d&rsquo;un moteur central, l&rsquo;A110 offre des performances exaltantes [&hellip;]<\/p>\n","protected":false},"featured_media":73583,"template":"","meta":{"_acf_changed":false,"site-sidebar-layout":"default","site-content-layout":"default","ast-site-content-layout":"default","site-content-style":"default","site-sidebar-style":"default","ast-global-header-display":"","ast-banner-title-visibility":"","ast-main-header-display":"","ast-hfb-above-header-display":"","ast-hfb-below-header-display":"","ast-hfb-mobile-header-display":"","site-post-title":"","ast-breadcrumbs-content":"","ast-featured-img":"","footer-sml-layout":"","theme-transparent-header-meta":"default","adv-header-id-meta":"","stick-header-meta":"","header-above-stick-meta":"","header-main-stick-meta":"","header-below-stick-meta":"","astra-migrate-meta-layouts":"set","ast-page-background-enabled":"default","ast-page-background-meta":{"desktop":{"background-color":"","background-image":"","background-repeat":"repeat","background-position":"center center","background-size":"auto","background-attachment":"scroll","background-type":"","background-media":"","overlay-type":"","overlay-color":"","overlay-opacity":"","overlay-gradient":""},"tablet":{"background-color":"","background-image":"","background-repeat":"repeat","background-position":"center center","background-size":"auto","background-attachment":"scroll","background-type":"","background-media":"","overlay-type":"","overlay-color":"","overlay-opacity":"","overlay-gradient":""},"mobile":{"background-color":"","background-image":"","background-repeat":"repeat","background-position":"center center","background-size":"auto","background-attachment":"scroll","background-type":"","background-media":"","overlay-type":"","overlay-color":"","overlay-opacity":"","overlay-gradient":""}},"ast-content-background-meta":{"desktop":{"background-color":"var(--ast-global-color-5)","background-image":"","background-repeat":"repeat","background-position":"center center","background-size":"auto","background-attachment":"scroll","background-type":"","background-media":"","overlay-type":"","overlay-color":"","overlay-opacity":"","overlay-gradient":""},"tablet":{"background-color":"var(--ast-global-color-5)","background-image":"","background-repeat":"repeat","background-position":"center center","background-size":"auto","background-attachment":"scroll","background-type":"","background-media":"","overlay-type":"","overlay-color":"","overlay-opacity":"","overlay-gradient":""},"mobile":{"background-color":"var(--ast-global-color-5)","background-image":"","background-repeat":"repeat","background-position":"center center","background-size":"auto","background-attachment":"scroll","background-type":"","background-media":"","overlay-type":"","overlay-color":"","overlay-opacity":"","overlay-gradient":""}}},"product_brand":[],"product_cat":[2298],"product_tag":[],"agency-2":[2691],"agency-1":[2694],"model":[],"brand":[2806],"types":[2329],"city":[2628,2648,2649,2650],"country":[2313],"service":[2333],"class_list":{"0":"post-74320","1":"product","2":"type-product","3":"status-publish","4":"has-post-thumbnail","6":"product_cat-sportive-cabriolet","7":"agency-2-nice-fr","8":"agency-1-cannes-fr","9":"brand-alpine-fr","10":"types-sports-convertible-fr","11":"city-antibes-fr","12":"city-cap-dail-fr","13":"city-eze-fr","14":"city-monte-carlo-fr","15":"country-monaco-fr","16":"service-car-rental-fr","17":"desktop-align-left","18":"tablet-align-left","19":"mobile-align-left","21":"first","22":"instock","23":"shipping-taxable","24":"purchasable","25":"product-type-redq_rental"},"acf":[],"yoast_head":"<!-- This site is optimized with the Yoast SEO plugin v27.1.1 - https:\/\/yoast.com\/product\/yoast-seo-wordpress\/ -->\n<title>Elite Rent - louer laAlpine A110 \u00e0 Monaco.<\/title>\n<meta name=\"description\" content=\"Elite Rent - Louer la Alpine A110 en Monaco avec Elite Rent Livraison sur mesure \u00e0 Cannes, Nice, St-Tropez, Antibes et Saint-Jean-Cap-Ferrat\" \/>\n<meta name=\"robots\" content=\"index, follow, max-snippet:-1, max-image-preview:large, max-video-preview:-1\" \/>\n<link rel=\"canonical\" href=\"https:\/\/www.eliterent.com\/fr\/location-voiture-prestige\/sportive-cabriolet\/alpine-a110-monaco-monte-carlo\/\" \/>\n<meta property=\"og:locale\" content=\"fr_FR\" \/>\n<meta property=\"og:type\" content=\"article\" \/>\n<meta property=\"og:title\" content=\"Elite Rent - louer laAlpine A110 \u00e0 Monaco.\" \/>\n<meta property=\"og:description\" content=\"Elite Rent - Louer la Alpine A110 en Monaco avec Elite Rent Livraison sur mesure \u00e0 Cannes, Nice, St-Tropez, Antibes et Saint-Jean-Cap-Ferrat\" \/>\n<meta property=\"og:url\" content=\"https:\/\/www.eliterent.com\/fr\/location-voiture-prestige\/sportive-cabriolet\/alpine-a110-monaco-monte-carlo\/\" \/>\n<meta property=\"og:site_name\" content=\"Elite Rent\" \/>\n<meta property=\"article:modified_time\" content=\"2025-05-19T13:04:04+00:00\" \/>\n<meta property=\"og:image\" content=\"https:\/\/www.eliterent.com\/wp-content\/uploads\/2024\/05\/WEB_Alpine_A110_Front.png\" \/>\n\t<meta property=\"og:image:width\" content=\"850\" \/>\n\t<meta property=\"og:image:height\" content=\"500\" \/>\n\t<meta property=\"og:image:type\" content=\"image\/png\" \/>\n<meta name=\"twitter:card\" content=\"summary_large_image\" \/>\n<script type=\"application\/ld+json\" class=\"yoast-schema-graph\">{\"@context\":\"https:\/\/schema.org\",\"@graph\":[{\"@type\":\"WebPage\",\"@id\":\"https:\/\/www.eliterent.com\/fr\/location-voiture-prestige\/sportive-cabriolet\/alpine-a110-monaco-monte-carlo\/\",\"url\":\"https:\/\/www.eliterent.com\/fr\/location-voiture-prestige\/sportive-cabriolet\/alpine-a110-monaco-monte-carlo\/\",\"name\":\"Elite Rent - louer laAlpine A110 \u00e0 Monaco.\",\"isPartOf\":{\"@id\":\"https:\/\/www.eliterent.com\/#website\"},\"primaryImageOfPage\":{\"@id\":\"https:\/\/www.eliterent.com\/fr\/location-voiture-prestige\/sportive-cabriolet\/alpine-a110-monaco-monte-carlo\/#primaryimage\"},\"image\":{\"@id\":\"https:\/\/www.eliterent.com\/fr\/location-voiture-prestige\/sportive-cabriolet\/alpine-a110-monaco-monte-carlo\/#primaryimage\"},\"thumbnailUrl\":\"https:\/\/www.eliterent.com\/wp-content\/uploads\/2024\/05\/WEB_Alpine_A110_Front.png\",\"datePublished\":\"2021-05-22T17:00:46+00:00\",\"dateModified\":\"2025-05-19T13:04:04+00:00\",\"description\":\"Elite Rent - Louer la Alpine A110 en Monaco avec Elite Rent Livraison sur mesure \u00e0 Cannes, Nice, St-Tropez, Antibes et Saint-Jean-Cap-Ferrat\",\"breadcrumb\":{\"@id\":\"https:\/\/www.eliterent.com\/fr\/location-voiture-prestige\/sportive-cabriolet\/alpine-a110-monaco-monte-carlo\/#breadcrumb\"},\"inLanguage\":\"fr-FR\",\"potentialAction\":[{\"@type\":\"ReadAction\",\"target\":[\"https:\/\/www.eliterent.com\/fr\/location-voiture-prestige\/sportive-cabriolet\/alpine-a110-monaco-monte-carlo\/\"]}]},{\"@type\":\"ImageObject\",\"inLanguage\":\"fr-FR\",\"@id\":\"https:\/\/www.eliterent.com\/fr\/location-voiture-prestige\/sportive-cabriolet\/alpine-a110-monaco-monte-carlo\/#primaryimage\",\"url\":\"https:\/\/www.eliterent.com\/wp-content\/uploads\/2024\/05\/WEB_Alpine_A110_Front.png\",\"contentUrl\":\"https:\/\/www.eliterent.com\/wp-content\/uploads\/2024\/05\/WEB_Alpine_A110_Front.png\",\"width\":850,\"height\":500},{\"@type\":\"BreadcrumbList\",\"@id\":\"https:\/\/www.eliterent.com\/fr\/location-voiture-prestige\/sportive-cabriolet\/alpine-a110-monaco-monte-carlo\/#breadcrumb\",\"itemListElement\":[{\"@type\":\"ListItem\",\"position\":1,\"name\":\"Home\",\"item\":\"https:\/\/www.eliterent.com\/fr\/\"},{\"@type\":\"ListItem\",\"position\":2,\"name\":\"Location de voitures de luxe en Europe\",\"item\":\"https:\/\/www.eliterent.com\/fr\/location-de-voitures-de-luxe-et-premium-en-europe\/\"},{\"@type\":\"ListItem\",\"position\":3,\"name\":\"Alpine A110\"}]},{\"@type\":\"WebSite\",\"@id\":\"https:\/\/www.eliterent.com\/#website\",\"url\":\"https:\/\/www.eliterent.com\/\",\"name\":\"Elite Rent\",\"description\":\"Rent a Car\",\"publisher\":{\"@id\":\"https:\/\/www.eliterent.com\/#organization\"},\"potentialAction\":[{\"@type\":\"SearchAction\",\"target\":{\"@type\":\"EntryPoint\",\"urlTemplate\":\"https:\/\/www.eliterent.com\/?s={search_term_string}\"},\"query-input\":{\"@type\":\"PropertyValueSpecification\",\"valueRequired\":true,\"valueName\":\"search_term_string\"}}],\"inLanguage\":\"fr-FR\"},{\"@type\":\"Organization\",\"@id\":\"https:\/\/www.eliterent.com\/#organization\",\"name\":\"Elite Rent\",\"url\":\"https:\/\/www.eliterent.com\/\",\"logo\":{\"@type\":\"ImageObject\",\"inLanguage\":\"fr-FR\",\"@id\":\"https:\/\/www.eliterent.com\/#\/schema\/logo\/image\/\",\"url\":\"https:\/\/www.eliterent.com\/wp-content\/uploads\/2020\/03\/Elite_Logo_NEW_2023_Final-1.png\",\"contentUrl\":\"https:\/\/www.eliterent.com\/wp-content\/uploads\/2020\/03\/Elite_Logo_NEW_2023_Final-1.png\",\"width\":828,\"height\":313,\"caption\":\"Elite Rent\"},\"image\":{\"@id\":\"https:\/\/www.eliterent.com\/#\/schema\/logo\/image\/\"}}]}<\/script>\n<!-- \/ Yoast SEO plugin. -->","yoast_head_json":{"title":"Elite Rent - louer laAlpine A110 \u00e0 Monaco.","description":"Elite Rent - Louer la Alpine A110 en Monaco avec Elite Rent Livraison sur mesure \u00e0 Cannes, Nice, St-Tropez, Antibes et Saint-Jean-Cap-Ferrat","robots":{"index":"index","follow":"follow","max-snippet":"max-snippet:-1","max-image-preview":"max-image-preview:large","max-video-preview":"max-video-preview:-1"},"canonical":"https:\/\/www.eliterent.com\/fr\/location-voiture-prestige\/sportive-cabriolet\/alpine-a110-monaco-monte-carlo\/","og_locale":"fr_FR","og_type":"article","og_title":"Elite Rent - louer laAlpine A110 \u00e0 Monaco.","og_description":"Elite Rent - Louer la Alpine A110 en Monaco avec Elite Rent Livraison sur mesure \u00e0 Cannes, Nice, St-Tropez, Antibes et Saint-Jean-Cap-Ferrat","og_url":"https:\/\/www.eliterent.com\/fr\/location-voiture-prestige\/sportive-cabriolet\/alpine-a110-monaco-monte-carlo\/","og_site_name":"Elite Rent","article_modified_time":"2025-05-19T13:04:04+00:00","og_image":[{"width":850,"height":500,"url":"https:\/\/www.eliterent.com\/wp-content\/uploads\/2024\/05\/WEB_Alpine_A110_Front.png","type":"image\/png"}],"twitter_card":"summary_large_image","schema":{"@context":"https:\/\/schema.org","@graph":[{"@type":"WebPage","@id":"https:\/\/www.eliterent.com\/fr\/location-voiture-prestige\/sportive-cabriolet\/alpine-a110-monaco-monte-carlo\/","url":"https:\/\/www.eliterent.com\/fr\/location-voiture-prestige\/sportive-cabriolet\/alpine-a110-monaco-monte-carlo\/","name":"Elite Rent - louer laAlpine A110 \u00e0 Monaco.","isPartOf":{"@id":"https:\/\/www.eliterent.com\/#website"},"primaryImageOfPage":{"@id":"https:\/\/www.eliterent.com\/fr\/location-voiture-prestige\/sportive-cabriolet\/alpine-a110-monaco-monte-carlo\/#primaryimage"},"image":{"@id":"https:\/\/www.eliterent.com\/fr\/location-voiture-prestige\/sportive-cabriolet\/alpine-a110-monaco-monte-carlo\/#primaryimage"},"thumbnailUrl":"https:\/\/www.eliterent.com\/wp-content\/uploads\/2024\/05\/WEB_Alpine_A110_Front.png","datePublished":"2021-05-22T17:00:46+00:00","dateModified":"2025-05-19T13:04:04+00:00","description":"Elite Rent - Louer la Alpine A110 en Monaco avec Elite Rent Livraison sur mesure \u00e0 Cannes, Nice, St-Tropez, Antibes et Saint-Jean-Cap-Ferrat","breadcrumb":{"@id":"https:\/\/www.eliterent.com\/fr\/location-voiture-prestige\/sportive-cabriolet\/alpine-a110-monaco-monte-carlo\/#breadcrumb"},"inLanguage":"fr-FR","potentialAction":[{"@type":"ReadAction","target":["https:\/\/www.eliterent.com\/fr\/location-voiture-prestige\/sportive-cabriolet\/alpine-a110-monaco-monte-carlo\/"]}]},{"@type":"ImageObject","inLanguage":"fr-FR","@id":"https:\/\/www.eliterent.com\/fr\/location-voiture-prestige\/sportive-cabriolet\/alpine-a110-monaco-monte-carlo\/#primaryimage","url":"https:\/\/www.eliterent.com\/wp-content\/uploads\/2024\/05\/WEB_Alpine_A110_Front.png","contentUrl":"https:\/\/www.eliterent.com\/wp-content\/uploads\/2024\/05\/WEB_Alpine_A110_Front.png","width":850,"height":500},{"@type":"BreadcrumbList","@id":"https:\/\/www.eliterent.com\/fr\/location-voiture-prestige\/sportive-cabriolet\/alpine-a110-monaco-monte-carlo\/#breadcrumb","itemListElement":[{"@type":"ListItem","position":1,"name":"Home","item":"https:\/\/www.eliterent.com\/fr\/"},{"@type":"ListItem","position":2,"name":"Location de voitures de luxe en Europe","item":"https:\/\/www.eliterent.com\/fr\/location-de-voitures-de-luxe-et-premium-en-europe\/"},{"@type":"ListItem","position":3,"name":"Alpine A110"}]},{"@type":"WebSite","@id":"https:\/\/www.eliterent.com\/#website","url":"https:\/\/www.eliterent.com\/","name":"Elite Rent","description":"Rent a Car","publisher":{"@id":"https:\/\/www.eliterent.com\/#organization"},"potentialAction":[{"@type":"SearchAction","target":{"@type":"EntryPoint","urlTemplate":"https:\/\/www.eliterent.com\/?s={search_term_string}"},"query-input":{"@type":"PropertyValueSpecification","valueRequired":true,"valueName":"search_term_string"}}],"inLanguage":"fr-FR"},{"@type":"Organization","@id":"https:\/\/www.eliterent.com\/#organization","name":"Elite Rent","url":"https:\/\/www.eliterent.com\/","logo":{"@type":"ImageObject","inLanguage":"fr-FR","@id":"https:\/\/www.eliterent.com\/#\/schema\/logo\/image\/","url":"https:\/\/www.eliterent.com\/wp-content\/uploads\/2020\/03\/Elite_Logo_NEW_2023_Final-1.png","contentUrl":"https:\/\/www.eliterent.com\/wp-content\/uploads\/2020\/03\/Elite_Logo_NEW_2023_Final-1.png","width":828,"height":313,"caption":"Elite Rent"},"image":{"@id":"https:\/\/www.eliterent.com\/#\/schema\/logo\/image\/"}}]}},"_links":{"self":[{"href":"https:\/\/www.eliterent.com\/fr\/wp-json\/wp\/v2\/product\/74320","targetHints":{"allow":["GET"]}}],"collection":[{"href":"https:\/\/www.eliterent.com\/fr\/wp-json\/wp\/v2\/product"}],"about":[{"href":"https:\/\/www.eliterent.com\/fr\/wp-json\/wp\/v2\/types\/product"}],"version-history":[{"count":0,"href":"https:\/\/www.eliterent.com\/fr\/wp-json\/wp\/v2\/product\/74320\/revisions"}],"wp:featuredmedia":[{"embeddable":true,"href":"https:\/\/www.eliterent.com\/fr\/wp-json\/wp\/v2\/media\/73583"}],"wp:attachment":[{"href":"https:\/\/www.eliterent.com\/fr\/wp-json\/wp\/v2\/media?parent=74320"}],"wp:term":[{"taxonomy":"product_brand","embeddable":true,"href":"https:\/\/www.eliterent.com\/fr\/wp-json\/wp\/v2\/product_brand?post=74320"},{"taxonomy":"product_cat","embeddable":true,"href":"https:\/\/www.eliterent.com\/fr\/wp-json\/wp\/v2\/product_cat?post=74320"},{"taxonomy":"product_tag","embeddable":true,"href":"https:\/\/www.eliterent.com\/fr\/wp-json\/wp\/v2\/product_tag?post=74320"},{"taxonomy":"agency-2","embeddable":true,"href":"https:\/\/www.eliterent.com\/fr\/wp-json\/wp\/v2\/agency-2?post=74320"},{"taxonomy":"agency-1","embeddable":true,"href":"https:\/\/www.eliterent.com\/fr\/wp-json\/wp\/v2\/agency-1?post=74320"},{"taxonomy":"model","embeddable":true,"href":"https:\/\/www.eliterent.com\/fr\/wp-json\/wp\/v2\/model?post=74320"},{"taxonomy":"brand","embeddable":true,"href":"https:\/\/www.eliterent.com\/fr\/wp-json\/wp\/v2\/brand?post=74320"},{"taxonomy":"types","embeddable":true,"href":"https:\/\/www.eliterent.com\/fr\/wp-json\/wp\/v2\/types?post=74320"},{"taxonomy":"city","embeddable":true,"href":"https:\/\/www.eliterent.com\/fr\/wp-json\/wp\/v2\/city?post=74320"},{"taxonomy":"country","embeddable":true,"href":"https:\/\/www.eliterent.com\/fr\/wp-json\/wp\/v2\/country?post=74320"},{"taxonomy":"service","embeddable":true,"href":"https:\/\/www.eliterent.com\/fr\/wp-json\/wp\/v2\/service?post=74320"}],"curies":[{"name":"wp","href":"https:\/\/api.w.org\/{rel}","templated":true}]}}