{"id":67131,"date":"2021-05-21T17:28:09","date_gmt":"2023-03-17T12:08:10","guid":{"rendered":"https:\/\/www.eliterent.com\/?post_type=product&#038;p=67131"},"modified":"2023-03-17T16:54:46","modified_gmt":"2023-03-17T15:54:46","slug":"tesla-model-y-munich-stuttgart","status":"publish","type":"product","link":"https:\/\/www.eliterent.com\/fr\/location-voiture-prestige\/luxe-berline\/tesla-model-y-munich-stuttgart\/","title":{"rendered":"Tesla Model Y"},"content":{"rendered":"<h5>Louer le Tesla Model Y en Allemagne<\/h5>\n<p>Vous pouvez louer le Tesla Model Y avec <a href=\"https:\/\/www.eliterent.com\/fr\">Elite Rent-a-Car<\/a> en Allemagne. La livraison et la reprise personnalis\u00e9es de votre v\u00e9hicule sont disponibles \u00e0 Munich, Nuremberg, Stuttgart, Frankfurt et plus encore.<\/p>\n<p>Tesla est une marque automobile am\u00e9ricaine qui a lanc\u00e9 son premier v\u00e9hicule, le Tesla Roadster, en 2009. Premi\u00e8re entreprise automobile \u00e0 proposer une gamme de voitures exclusivement \u00e9lectriques telles que le Model 3 et le Model S. Apr\u00e8s avoir lanc\u00e9 son SUV de grande taille, le Model X, Tesla oriente d\u00e9sormais ses efforts vers le march\u00e9 des crossovers avec le Model Y.<\/p>\n<h5>\u00c0 propos de la Tesla Model Y<\/h5>\n<p>La Tesla Model Y est la derni\u00e8re cr\u00e9ation du pionnier des v\u00e9hicules \u00e9lectriques Tesla. Ce mod\u00e8le vise \u00e0 satisfaire le segment des crossovers du march\u00e9 automobile. Jusqu&rsquo;\u00e0 pr\u00e9sent, Tesla proposait le Model X, un SUV de grande taille. Cependant, le ch\u00e2ssis plus petit du Model Y lui permet de s&rsquo;adapter aussi bien aux routes de campagne qu&rsquo;aux milieux urbains. Dans sa variante \u00ab\u00a0Performance\u00a0\u00bb, la Tesla Model Y est dot\u00e9e d&rsquo;un groupe motopropulseur \u00e0 deux moteurs et \u00e0 transmission int\u00e9grale offrant une puissance impressionnante de 462 chevaux. Cette puissance se traduit par un temps de 0 \u00e0 100 km\/h de seulement 3,8 secondes.<\/p>\n<p>Le design ext\u00e9rieur de la Model Y est \u00e9pur\u00e9 et moderne. Le style g\u00e9n\u00e9ral s&rsquo;harmonise avec le reste de la gamme Tesla. Son style coup\u00e9 lui conf\u00e8re une allure plus sportive que sa grande s\u0153ur, la Model X. \u00c0 l&rsquo;int\u00e9rieur, la Model Y est un endroit id\u00e9al pour parcourir de nombreux kilom\u00e8tres. Con\u00e7ue pour accueillir jusqu&rsquo;\u00e0 cinq passagers, elle offre \u00e9galement l&rsquo;espace n\u00e9cessaire pour les bagages. La Model Y reste fid\u00e8le \u00e0 l&rsquo;\u00e9thique de Tesla, \u00e0 savoir la puret\u00e9 du design et la clart\u00e9 d&rsquo;esprit. Dans son interieur \u00e9pur\u00e9,\u00a0 le puissant \u00e9cran tactile de 17 pouces devient la star de l&rsquo;habitacle. Louez une Tesla Model Y Performance en Allemagne avec Elite Rent-a-Car et profitez de la voiture de location parfaite pour votre voyage \u00e0 Munich ou Stuttgart.<\/p>\n","protected":false},"excerpt":{"rendered":"<p>[jet_post_terms tax:=\u00a0\u00bbcountry\u00a0\u00bb]<\/p>\n","protected":false},"featured_media":44175,"template":"","meta":{"_acf_changed":false,"site-sidebar-layout":"no-sidebar","site-content-layout":"plain-container","ast-site-content-layout":"","site-content-style":"default","site-sidebar-style":"default","ast-global-header-display":"","ast-banner-title-visibility":"","ast-main-header-display":"","ast-hfb-above-header-display":"","ast-hfb-below-header-display":"","ast-hfb-mobile-header-display":"","site-post-title":"","ast-breadcrumbs-content":"","ast-featured-img":"","footer-sml-layout":"","theme-transparent-header-meta":"default","adv-header-id-meta":"","stick-header-meta":"","header-above-stick-meta":"","header-main-stick-meta":"","header-below-stick-meta":"","astra-migrate-meta-layouts":"default","ast-page-background-enabled":"default","ast-page-background-meta":{"desktop":{"background-color":"","background-image":"","background-repeat":"repeat","background-position":"center center","background-size":"auto","background-attachment":"scroll","background-type":"","background-media":"","overlay-type":"","overlay-color":"","overlay-opacity":"","overlay-gradient":""},"tablet":{"background-color":"","background-image":"","background-repeat":"repeat","background-position":"center center","background-size":"auto","background-attachment":"scroll","background-type":"","background-media":"","overlay-type":"","overlay-color":"","overlay-opacity":"","overlay-gradient":""},"mobile":{"background-color":"","background-image":"","background-repeat":"repeat","background-position":"center center","background-size":"auto","background-attachment":"scroll","background-type":"","background-media":"","overlay-type":"","overlay-color":"","overlay-opacity":"","overlay-gradient":""}},"ast-content-background-meta":{"desktop":{"background-color":"var(--ast-global-color-5)","background-image":"","background-repeat":"repeat","background-position":"center center","background-size":"auto","background-attachment":"scroll","background-type":"","background-media":"","overlay-type":"","overlay-color":"","overlay-opacity":"","overlay-gradient":""},"tablet":{"background-color":"var(--ast-global-color-5)","background-image":"","background-repeat":"repeat","background-position":"center center","background-size":"auto","background-attachment":"scroll","background-type":"","background-media":"","overlay-type":"","overlay-color":"","overlay-opacity":"","overlay-gradient":""},"mobile":{"background-color":"var(--ast-global-color-5)","background-image":"","background-repeat":"repeat","background-position":"center center","background-size":"auto","background-attachment":"scroll","background-type":"","background-media":"","overlay-type":"","overlay-color":"","overlay-opacity":"","overlay-gradient":""}}},"product_brand":[],"product_cat":[2326],"product_tag":[],"agency-2":[2690],"agency-1":[2701,2699],"model":[],"brand":[2323],"types":[2327],"city":[2652,2653,2654,2655],"country":[2312],"service":[],"class_list":{"0":"post-67131","1":"product","2":"type-product","3":"status-publish","4":"has-post-thumbnail","6":"product_cat-luxe-berline","7":"agency-2-zurich-fr","8":"agency-1-geneva-fr","9":"agency-1-munich-fr","10":"brand-louer-une-tesla","11":"types-luxury-sedan-fr","12":"city-cologne-fr","13":"city-dusseldorf-fr","14":"city-frankfurt-fr","15":"city-leipzig-fr","16":"country-germany-fr","17":"desktop-align-left","18":"tablet-align-left","19":"mobile-align-left","21":"first","22":"instock","23":"shipping-taxable","24":"purchasable","25":"product-type-redq_rental"},"acf":[],"yoast_head":"<!-- This site is optimized with the Yoast SEO plugin v27.4 - https:\/\/yoast.com\/product\/yoast-seo-wordpress\/ -->\n<title>Louer le Tesla Model Y en Allemagne avec Elite Rent.<\/title>\n<meta name=\"description\" content=\"Louer le Tesla Model Y en Allemagne avec Elite Rent - Livraison sur mesure disponible \u00e0 Gen\u00e8ve, Zurich, Gstaad, St. Moritz, Lucerne.\" \/>\n<meta name=\"robots\" content=\"index, follow, max-snippet:-1, max-image-preview:large, max-video-preview:-1\" \/>\n<link rel=\"canonical\" href=\"https:\/\/www.eliterent.com\/fr\/location-voiture-prestige\/luxe-berline\/tesla-model-y-munich-stuttgart\/\" \/>\n<meta property=\"og:locale\" content=\"fr_FR\" \/>\n<meta property=\"og:type\" content=\"article\" \/>\n<meta property=\"og:title\" content=\"Louer le Tesla Model Y en Allemagne avec Elite Rent.\" \/>\n<meta property=\"og:description\" content=\"Louer le Tesla Model Y en Allemagne avec Elite Rent - Livraison sur mesure disponible \u00e0 Gen\u00e8ve, Zurich, Gstaad, St. Moritz, Lucerne.\" \/>\n<meta property=\"og:url\" content=\"https:\/\/www.eliterent.com\/fr\/location-voiture-prestige\/luxe-berline\/tesla-model-y-munich-stuttgart\/\" \/>\n<meta property=\"og:site_name\" content=\"Elite Rent\" \/>\n<meta property=\"article:modified_time\" content=\"2023-03-17T15:54:46+00:00\" \/>\n<meta property=\"og:image\" content=\"https:\/\/www.eliterent.com\/wp-content\/uploads\/2022\/01\/WEB_Tesla_Model_Y_Front.jpg\" \/>\n\t<meta property=\"og:image:width\" content=\"425\" \/>\n\t<meta property=\"og:image:height\" content=\"250\" \/>\n\t<meta property=\"og:image:type\" content=\"image\/jpeg\" \/>\n<meta name=\"twitter:card\" content=\"summary_large_image\" \/>\n<script type=\"application\/ld+json\" class=\"yoast-schema-graph\">{\"@context\":\"https:\\\/\\\/schema.org\",\"@graph\":[{\"@type\":\"WebPage\",\"@id\":\"https:\\\/\\\/www.eliterent.com\\\/fr\\\/location-voiture-prestige\\\/luxe-berline\\\/tesla-model-y-munich-stuttgart\\\/\",\"url\":\"https:\\\/\\\/www.eliterent.com\\\/fr\\\/location-voiture-prestige\\\/luxe-berline\\\/tesla-model-y-munich-stuttgart\\\/\",\"name\":\"Louer le Tesla Model Y en Allemagne avec Elite Rent.\",\"isPartOf\":{\"@id\":\"https:\\\/\\\/www.eliterent.com\\\/#website\"},\"primaryImageOfPage\":{\"@id\":\"https:\\\/\\\/www.eliterent.com\\\/fr\\\/location-voiture-prestige\\\/luxe-berline\\\/tesla-model-y-munich-stuttgart\\\/#primaryimage\"},\"image\":{\"@id\":\"https:\\\/\\\/www.eliterent.com\\\/fr\\\/location-voiture-prestige\\\/luxe-berline\\\/tesla-model-y-munich-stuttgart\\\/#primaryimage\"},\"thumbnailUrl\":\"https:\\\/\\\/www.eliterent.com\\\/wp-content\\\/uploads\\\/2022\\\/01\\\/WEB_Tesla_Model_Y_Front.jpg\",\"datePublished\":\"2023-03-17T12:08:10+00:00\",\"dateModified\":\"2023-03-17T15:54:46+00:00\",\"description\":\"Louer le Tesla Model Y en Allemagne avec Elite Rent - Livraison sur mesure disponible \u00e0 Gen\u00e8ve, Zurich, Gstaad, St. Moritz, Lucerne.\",\"breadcrumb\":{\"@id\":\"https:\\\/\\\/www.eliterent.com\\\/fr\\\/location-voiture-prestige\\\/luxe-berline\\\/tesla-model-y-munich-stuttgart\\\/#breadcrumb\"},\"inLanguage\":\"fr-FR\",\"potentialAction\":[{\"@type\":\"ReadAction\",\"target\":[\"https:\\\/\\\/www.eliterent.com\\\/fr\\\/location-voiture-prestige\\\/luxe-berline\\\/tesla-model-y-munich-stuttgart\\\/\"]}]},{\"@type\":\"ImageObject\",\"inLanguage\":\"fr-FR\",\"@id\":\"https:\\\/\\\/www.eliterent.com\\\/fr\\\/location-voiture-prestige\\\/luxe-berline\\\/tesla-model-y-munich-stuttgart\\\/#primaryimage\",\"url\":\"https:\\\/\\\/www.eliterent.com\\\/wp-content\\\/uploads\\\/2022\\\/01\\\/WEB_Tesla_Model_Y_Front.jpg\",\"contentUrl\":\"https:\\\/\\\/www.eliterent.com\\\/wp-content\\\/uploads\\\/2022\\\/01\\\/WEB_Tesla_Model_Y_Front.jpg\",\"width\":425,\"height\":250},{\"@type\":\"BreadcrumbList\",\"@id\":\"https:\\\/\\\/www.eliterent.com\\\/fr\\\/location-voiture-prestige\\\/luxe-berline\\\/tesla-model-y-munich-stuttgart\\\/#breadcrumb\",\"itemListElement\":[{\"@type\":\"ListItem\",\"position\":1,\"name\":\"Home\",\"item\":\"https:\\\/\\\/www.eliterent.com\\\/fr\\\/\"},{\"@type\":\"ListItem\",\"position\":2,\"name\":\"Location de voitures de luxe en Europe\",\"item\":\"https:\\\/\\\/www.eliterent.com\\\/fr\\\/location-de-voitures-de-luxe-et-premium-en-europe\\\/\"},{\"@type\":\"ListItem\",\"position\":3,\"name\":\"Tesla Model Y\"}]},{\"@type\":\"WebSite\",\"@id\":\"https:\\\/\\\/www.eliterent.com\\\/#website\",\"url\":\"https:\\\/\\\/www.eliterent.com\\\/\",\"name\":\"Elite Rent\",\"description\":\"Rent a Car\",\"publisher\":{\"@id\":\"https:\\\/\\\/www.eliterent.com\\\/#organization\"},\"potentialAction\":[{\"@type\":\"SearchAction\",\"target\":{\"@type\":\"EntryPoint\",\"urlTemplate\":\"https:\\\/\\\/www.eliterent.com\\\/?s={search_term_string}\"},\"query-input\":{\"@type\":\"PropertyValueSpecification\",\"valueRequired\":true,\"valueName\":\"search_term_string\"}}],\"inLanguage\":\"fr-FR\"},{\"@type\":\"Organization\",\"@id\":\"https:\\\/\\\/www.eliterent.com\\\/#organization\",\"name\":\"Elite Rent\",\"url\":\"https:\\\/\\\/www.eliterent.com\\\/\",\"logo\":{\"@type\":\"ImageObject\",\"inLanguage\":\"fr-FR\",\"@id\":\"https:\\\/\\\/www.eliterent.com\\\/#\\\/schema\\\/logo\\\/image\\\/\",\"url\":\"https:\\\/\\\/www.eliterent.com\\\/wp-content\\\/uploads\\\/2020\\\/03\\\/Elite_Logo_NEW_2023_Final-1.png\",\"contentUrl\":\"https:\\\/\\\/www.eliterent.com\\\/wp-content\\\/uploads\\\/2020\\\/03\\\/Elite_Logo_NEW_2023_Final-1.png\",\"width\":828,\"height\":313,\"caption\":\"Elite Rent\"},\"image\":{\"@id\":\"https:\\\/\\\/www.eliterent.com\\\/#\\\/schema\\\/logo\\\/image\\\/\"}}]}<\/script>\n<!-- \/ Yoast SEO plugin. -->","yoast_head_json":{"title":"Louer le Tesla Model Y en Allemagne avec Elite Rent.","description":"Louer le Tesla Model Y en Allemagne avec Elite Rent - Livraison sur mesure disponible \u00e0 Gen\u00e8ve, Zurich, Gstaad, St. Moritz, Lucerne.","robots":{"index":"index","follow":"follow","max-snippet":"max-snippet:-1","max-image-preview":"max-image-preview:large","max-video-preview":"max-video-preview:-1"},"canonical":"https:\/\/www.eliterent.com\/fr\/location-voiture-prestige\/luxe-berline\/tesla-model-y-munich-stuttgart\/","og_locale":"fr_FR","og_type":"article","og_title":"Louer le Tesla Model Y en Allemagne avec Elite Rent.","og_description":"Louer le Tesla Model Y en Allemagne avec Elite Rent - Livraison sur mesure disponible \u00e0 Gen\u00e8ve, Zurich, Gstaad, St. Moritz, Lucerne.","og_url":"https:\/\/www.eliterent.com\/fr\/location-voiture-prestige\/luxe-berline\/tesla-model-y-munich-stuttgart\/","og_site_name":"Elite Rent","article_modified_time":"2023-03-17T15:54:46+00:00","og_image":[{"width":425,"height":250,"url":"https:\/\/www.eliterent.com\/wp-content\/uploads\/2022\/01\/WEB_Tesla_Model_Y_Front.jpg","type":"image\/jpeg"}],"twitter_card":"summary_large_image","schema":{"@context":"https:\/\/schema.org","@graph":[{"@type":"WebPage","@id":"https:\/\/www.eliterent.com\/fr\/location-voiture-prestige\/luxe-berline\/tesla-model-y-munich-stuttgart\/","url":"https:\/\/www.eliterent.com\/fr\/location-voiture-prestige\/luxe-berline\/tesla-model-y-munich-stuttgart\/","name":"Louer le Tesla Model Y en Allemagne avec Elite Rent.","isPartOf":{"@id":"https:\/\/www.eliterent.com\/#website"},"primaryImageOfPage":{"@id":"https:\/\/www.eliterent.com\/fr\/location-voiture-prestige\/luxe-berline\/tesla-model-y-munich-stuttgart\/#primaryimage"},"image":{"@id":"https:\/\/www.eliterent.com\/fr\/location-voiture-prestige\/luxe-berline\/tesla-model-y-munich-stuttgart\/#primaryimage"},"thumbnailUrl":"https:\/\/www.eliterent.com\/wp-content\/uploads\/2022\/01\/WEB_Tesla_Model_Y_Front.jpg","datePublished":"2023-03-17T12:08:10+00:00","dateModified":"2023-03-17T15:54:46+00:00","description":"Louer le Tesla Model Y en Allemagne avec Elite Rent - Livraison sur mesure disponible \u00e0 Gen\u00e8ve, Zurich, Gstaad, St. Moritz, Lucerne.","breadcrumb":{"@id":"https:\/\/www.eliterent.com\/fr\/location-voiture-prestige\/luxe-berline\/tesla-model-y-munich-stuttgart\/#breadcrumb"},"inLanguage":"fr-FR","potentialAction":[{"@type":"ReadAction","target":["https:\/\/www.eliterent.com\/fr\/location-voiture-prestige\/luxe-berline\/tesla-model-y-munich-stuttgart\/"]}]},{"@type":"ImageObject","inLanguage":"fr-FR","@id":"https:\/\/www.eliterent.com\/fr\/location-voiture-prestige\/luxe-berline\/tesla-model-y-munich-stuttgart\/#primaryimage","url":"https:\/\/www.eliterent.com\/wp-content\/uploads\/2022\/01\/WEB_Tesla_Model_Y_Front.jpg","contentUrl":"https:\/\/www.eliterent.com\/wp-content\/uploads\/2022\/01\/WEB_Tesla_Model_Y_Front.jpg","width":425,"height":250},{"@type":"BreadcrumbList","@id":"https:\/\/www.eliterent.com\/fr\/location-voiture-prestige\/luxe-berline\/tesla-model-y-munich-stuttgart\/#breadcrumb","itemListElement":[{"@type":"ListItem","position":1,"name":"Home","item":"https:\/\/www.eliterent.com\/fr\/"},{"@type":"ListItem","position":2,"name":"Location de voitures de luxe en Europe","item":"https:\/\/www.eliterent.com\/fr\/location-de-voitures-de-luxe-et-premium-en-europe\/"},{"@type":"ListItem","position":3,"name":"Tesla Model Y"}]},{"@type":"WebSite","@id":"https:\/\/www.eliterent.com\/#website","url":"https:\/\/www.eliterent.com\/","name":"Elite Rent","description":"Rent a Car","publisher":{"@id":"https:\/\/www.eliterent.com\/#organization"},"potentialAction":[{"@type":"SearchAction","target":{"@type":"EntryPoint","urlTemplate":"https:\/\/www.eliterent.com\/?s={search_term_string}"},"query-input":{"@type":"PropertyValueSpecification","valueRequired":true,"valueName":"search_term_string"}}],"inLanguage":"fr-FR"},{"@type":"Organization","@id":"https:\/\/www.eliterent.com\/#organization","name":"Elite Rent","url":"https:\/\/www.eliterent.com\/","logo":{"@type":"ImageObject","inLanguage":"fr-FR","@id":"https:\/\/www.eliterent.com\/#\/schema\/logo\/image\/","url":"https:\/\/www.eliterent.com\/wp-content\/uploads\/2020\/03\/Elite_Logo_NEW_2023_Final-1.png","contentUrl":"https:\/\/www.eliterent.com\/wp-content\/uploads\/2020\/03\/Elite_Logo_NEW_2023_Final-1.png","width":828,"height":313,"caption":"Elite Rent"},"image":{"@id":"https:\/\/www.eliterent.com\/#\/schema\/logo\/image\/"}}]}},"_links":{"self":[{"href":"https:\/\/www.eliterent.com\/fr\/wp-json\/wp\/v2\/product\/67131","targetHints":{"allow":["GET"]}}],"collection":[{"href":"https:\/\/www.eliterent.com\/fr\/wp-json\/wp\/v2\/product"}],"about":[{"href":"https:\/\/www.eliterent.com\/fr\/wp-json\/wp\/v2\/types\/product"}],"version-history":[{"count":0,"href":"https:\/\/www.eliterent.com\/fr\/wp-json\/wp\/v2\/product\/67131\/revisions"}],"wp:featuredmedia":[{"embeddable":true,"href":"https:\/\/www.eliterent.com\/fr\/wp-json\/wp\/v2\/media\/44175"}],"wp:attachment":[{"href":"https:\/\/www.eliterent.com\/fr\/wp-json\/wp\/v2\/media?parent=67131"}],"wp:term":[{"taxonomy":"product_brand","embeddable":true,"href":"https:\/\/www.eliterent.com\/fr\/wp-json\/wp\/v2\/product_brand?post=67131"},{"taxonomy":"product_cat","embeddable":true,"href":"https:\/\/www.eliterent.com\/fr\/wp-json\/wp\/v2\/product_cat?post=67131"},{"taxonomy":"product_tag","embeddable":true,"href":"https:\/\/www.eliterent.com\/fr\/wp-json\/wp\/v2\/product_tag?post=67131"},{"taxonomy":"agency-2","embeddable":true,"href":"https:\/\/www.eliterent.com\/fr\/wp-json\/wp\/v2\/agency-2?post=67131"},{"taxonomy":"agency-1","embeddable":true,"href":"https:\/\/www.eliterent.com\/fr\/wp-json\/wp\/v2\/agency-1?post=67131"},{"taxonomy":"model","embeddable":true,"href":"https:\/\/www.eliterent.com\/fr\/wp-json\/wp\/v2\/model?post=67131"},{"taxonomy":"brand","embeddable":true,"href":"https:\/\/www.eliterent.com\/fr\/wp-json\/wp\/v2\/brand?post=67131"},{"taxonomy":"types","embeddable":true,"href":"https:\/\/www.eliterent.com\/fr\/wp-json\/wp\/v2\/types?post=67131"},{"taxonomy":"city","embeddable":true,"href":"https:\/\/www.eliterent.com\/fr\/wp-json\/wp\/v2\/city?post=67131"},{"taxonomy":"country","embeddable":true,"href":"https:\/\/www.eliterent.com\/fr\/wp-json\/wp\/v2\/country?post=67131"},{"taxonomy":"service","embeddable":true,"href":"https:\/\/www.eliterent.com\/fr\/wp-json\/wp\/v2\/service?post=67131"}],"curies":[{"name":"wp","href":"https:\/\/api.w.org\/{rel}","templated":true}]}}