{"id":56415,"date":"2021-05-22T09:25:16","date_gmt":"2022-05-30T15:45:18","guid":{"rendered":"https:\/\/www.eliterent.com\/?post_type=product&#038;p=56415"},"modified":"2023-03-09T17:24:10","modified_gmt":"2023-03-09T16:24:10","slug":"ferrari-sf90-munich-nuremberg","status":"publish","type":"product","link":"https:\/\/www.eliterent.com\/fr\/location-voiture-prestige\/exceptionnelle\/ferrari-sf90-munich-nuremberg\/","title":{"rendered":"Ferrari SF90"},"content":{"rendered":"<p>L&rsquo;ic\u00f4ne italienne des voitures de sport, Ferrari, revient avec un nouveau v\u00e9hicule magnifique dont eux seuls ont le secret, la Ferrari SF90 Stradale. Cette nouvelle hypercar pr\u00e9sente une innovation in\u00e9dite pour la marque au cheval cabr\u00e9e, un moteur hybride d\u00e9veloppant 1000 ch. Oui, vous avez bien lu, cette voiture est propuls\u00e9e par un V8 biturbo de 750 ch coupl\u00e9e \u00e0 pas moins de 3 moteurs \u00e9lectriques propulsant la voiture de 0 \u00e0 100 km\/h en 2,5s ! Ces performances \u00e9poustouflantes sont combin\u00e9es \u00e0 un confort et luxe dont Ferrari \u00e0 le secret. A l&rsquo;int\u00e9rieur, retrouvez une mosa\u00efque des mat\u00e9riaux les plus nobles utilis\u00e9s dans l&rsquo;automobile, en retrouvant notamment du carbon et du cuir et ce mythique volant habill\u00e9 du cheval cabr\u00e9 l\u00e9gendaire de la marque italienne. Tout cela est coupl\u00e9 et anim\u00e9 de toutes les derni\u00e8res technologies modernes et de l&rsquo;excellent syst\u00e8me d&rsquo;ordinateur de bord Ferrari. Louez avec Elite Rent a Car en Allemagne une Ferrari SF 90 Stradale et profitez de ce chef d&rsquo;oeuvre automobile pour d\u00e9couvrir l&rsquo;Europe dans des conditions in\u00e9gal\u00e9es.<\/p>\n","protected":false},"excerpt":{"rendered":"<p>[jet_post_terms tax:=\u00a0\u00bbcountry\u00a0\u00bb]<\/p>\n","protected":false},"featured_media":56524,"template":"","meta":{"_acf_changed":false,"site-sidebar-layout":"no-sidebar","site-content-layout":"plain-container","ast-site-content-layout":"","site-content-style":"default","site-sidebar-style":"default","ast-global-header-display":"","ast-banner-title-visibility":"","ast-main-header-display":"","ast-hfb-above-header-display":"","ast-hfb-below-header-display":"","ast-hfb-mobile-header-display":"","site-post-title":"","ast-breadcrumbs-content":"","ast-featured-img":"","footer-sml-layout":"","theme-transparent-header-meta":"default","adv-header-id-meta":"","stick-header-meta":"","header-above-stick-meta":"","header-main-stick-meta":"","header-below-stick-meta":"","astra-migrate-meta-layouts":"default","ast-page-background-enabled":"default","ast-page-background-meta":{"desktop":{"background-color":"","background-image":"","background-repeat":"repeat","background-position":"center center","background-size":"auto","background-attachment":"scroll","background-type":"","background-media":"","overlay-type":"","overlay-color":"","overlay-opacity":"","overlay-gradient":""},"tablet":{"background-color":"","background-image":"","background-repeat":"repeat","background-position":"center center","background-size":"auto","background-attachment":"scroll","background-type":"","background-media":"","overlay-type":"","overlay-color":"","overlay-opacity":"","overlay-gradient":""},"mobile":{"background-color":"","background-image":"","background-repeat":"repeat","background-position":"center center","background-size":"auto","background-attachment":"scroll","background-type":"","background-media":"","overlay-type":"","overlay-color":"","overlay-opacity":"","overlay-gradient":""}},"ast-content-background-meta":{"desktop":{"background-color":"var(--ast-global-color-5)","background-image":"","background-repeat":"repeat","background-position":"center center","background-size":"auto","background-attachment":"scroll","background-type":"","background-media":"","overlay-type":"","overlay-color":"","overlay-opacity":"","overlay-gradient":""},"tablet":{"background-color":"var(--ast-global-color-5)","background-image":"","background-repeat":"repeat","background-position":"center center","background-size":"auto","background-attachment":"scroll","background-type":"","background-media":"","overlay-type":"","overlay-color":"","overlay-opacity":"","overlay-gradient":""},"mobile":{"background-color":"var(--ast-global-color-5)","background-image":"","background-repeat":"repeat","background-position":"center center","background-size":"auto","background-attachment":"scroll","background-type":"","background-media":"","overlay-type":"","overlay-color":"","overlay-opacity":"","overlay-gradient":""}}},"product_brand":[],"product_cat":[1940],"product_tag":[],"agency-2":[],"agency-1":[2699],"model":[],"brand":[2317],"types":[2315],"city":[2652,2653,2654,2655],"country":[2312],"service":[],"class_list":{"0":"post-56415","1":"product","2":"type-product","3":"status-publish","4":"has-post-thumbnail","6":"product_cat-exceptionnelle","7":"agency-1-munich-fr","8":"brand-louer-une-ferrari","9":"types-exceptional-fr","10":"city-cologne-fr","11":"city-dusseldorf-fr","12":"city-frankfurt-fr","13":"city-leipzig-fr","14":"country-germany-fr","15":"desktop-align-left","16":"tablet-align-left","17":"mobile-align-left","19":"first","20":"instock","21":"shipping-taxable","22":"purchasable","23":"product-type-redq_rental"},"acf":[],"yoast_head":"<!-- This site is optimized with the Yoast SEO plugin v27.4 - https:\/\/yoast.com\/product\/yoast-seo-wordpress\/ -->\n<title>Louer la Ferrari SF90 en Allemagne avec Elite Rent.<\/title>\n<meta name=\"description\" content=\"Louer la Ferrari SF90 en Allemagne avec Elite Rent - Livraison et reprise sur mesure \u00e0 Munich, Nuremberg, Stuttgart, Frankfurt.\" \/>\n<meta name=\"robots\" content=\"index, follow, max-snippet:-1, max-image-preview:large, max-video-preview:-1\" \/>\n<link rel=\"canonical\" href=\"https:\/\/www.eliterent.com\/fr\/location-voiture-prestige\/exceptionnelle\/ferrari-sf90-munich-nuremberg\/\" \/>\n<meta property=\"og:locale\" content=\"fr_FR\" \/>\n<meta property=\"og:type\" content=\"article\" \/>\n<meta property=\"og:title\" content=\"Louer la Ferrari SF90 en Allemagne avec Elite Rent.\" \/>\n<meta property=\"og:description\" content=\"Louer la Ferrari SF90 en Allemagne avec Elite Rent - Livraison et reprise sur mesure \u00e0 Munich, Nuremberg, Stuttgart, Frankfurt.\" \/>\n<meta property=\"og:url\" content=\"https:\/\/www.eliterent.com\/fr\/location-voiture-prestige\/exceptionnelle\/ferrari-sf90-munich-nuremberg\/\" \/>\n<meta property=\"og:site_name\" content=\"Elite Rent\" \/>\n<meta property=\"article:modified_time\" content=\"2023-03-09T16:24:10+00:00\" \/>\n<meta property=\"og:image\" content=\"https:\/\/www.eliterent.com\/wp-content\/uploads\/2022\/05\/WEB_Ferrari_SF90_Front.jpg\" \/>\n\t<meta property=\"og:image:width\" content=\"425\" \/>\n\t<meta property=\"og:image:height\" content=\"250\" \/>\n\t<meta property=\"og:image:type\" content=\"image\/jpeg\" \/>\n<meta name=\"twitter:card\" content=\"summary_large_image\" \/>\n<script type=\"application\/ld+json\" class=\"yoast-schema-graph\">{\"@context\":\"https:\\\/\\\/schema.org\",\"@graph\":[{\"@type\":\"WebPage\",\"@id\":\"https:\\\/\\\/www.eliterent.com\\\/fr\\\/location-voiture-prestige\\\/exceptionnelle\\\/ferrari-sf90-munich-nuremberg\\\/\",\"url\":\"https:\\\/\\\/www.eliterent.com\\\/fr\\\/location-voiture-prestige\\\/exceptionnelle\\\/ferrari-sf90-munich-nuremberg\\\/\",\"name\":\"Louer la Ferrari SF90 en Allemagne avec Elite Rent.\",\"isPartOf\":{\"@id\":\"https:\\\/\\\/www.eliterent.com\\\/#website\"},\"primaryImageOfPage\":{\"@id\":\"https:\\\/\\\/www.eliterent.com\\\/fr\\\/location-voiture-prestige\\\/exceptionnelle\\\/ferrari-sf90-munich-nuremberg\\\/#primaryimage\"},\"image\":{\"@id\":\"https:\\\/\\\/www.eliterent.com\\\/fr\\\/location-voiture-prestige\\\/exceptionnelle\\\/ferrari-sf90-munich-nuremberg\\\/#primaryimage\"},\"thumbnailUrl\":\"https:\\\/\\\/www.eliterent.com\\\/wp-content\\\/uploads\\\/2022\\\/05\\\/WEB_Ferrari_SF90_Front.jpg\",\"datePublished\":\"2022-05-30T15:45:18+00:00\",\"dateModified\":\"2023-03-09T16:24:10+00:00\",\"description\":\"Louer la Ferrari SF90 en Allemagne avec Elite Rent - Livraison et reprise sur mesure \u00e0 Munich, Nuremberg, Stuttgart, Frankfurt.\",\"breadcrumb\":{\"@id\":\"https:\\\/\\\/www.eliterent.com\\\/fr\\\/location-voiture-prestige\\\/exceptionnelle\\\/ferrari-sf90-munich-nuremberg\\\/#breadcrumb\"},\"inLanguage\":\"fr-FR\",\"potentialAction\":[{\"@type\":\"ReadAction\",\"target\":[\"https:\\\/\\\/www.eliterent.com\\\/fr\\\/location-voiture-prestige\\\/exceptionnelle\\\/ferrari-sf90-munich-nuremberg\\\/\"]}]},{\"@type\":\"ImageObject\",\"inLanguage\":\"fr-FR\",\"@id\":\"https:\\\/\\\/www.eliterent.com\\\/fr\\\/location-voiture-prestige\\\/exceptionnelle\\\/ferrari-sf90-munich-nuremberg\\\/#primaryimage\",\"url\":\"https:\\\/\\\/www.eliterent.com\\\/wp-content\\\/uploads\\\/2022\\\/05\\\/WEB_Ferrari_SF90_Front.jpg\",\"contentUrl\":\"https:\\\/\\\/www.eliterent.com\\\/wp-content\\\/uploads\\\/2022\\\/05\\\/WEB_Ferrari_SF90_Front.jpg\",\"width\":425,\"height\":250},{\"@type\":\"BreadcrumbList\",\"@id\":\"https:\\\/\\\/www.eliterent.com\\\/fr\\\/location-voiture-prestige\\\/exceptionnelle\\\/ferrari-sf90-munich-nuremberg\\\/#breadcrumb\",\"itemListElement\":[{\"@type\":\"ListItem\",\"position\":1,\"name\":\"Home\",\"item\":\"https:\\\/\\\/www.eliterent.com\\\/fr\\\/\"},{\"@type\":\"ListItem\",\"position\":2,\"name\":\"Location de voitures de luxe en Europe\",\"item\":\"https:\\\/\\\/www.eliterent.com\\\/fr\\\/location-de-voitures-de-luxe-et-premium-en-europe\\\/\"},{\"@type\":\"ListItem\",\"position\":3,\"name\":\"Ferrari SF90\"}]},{\"@type\":\"WebSite\",\"@id\":\"https:\\\/\\\/www.eliterent.com\\\/#website\",\"url\":\"https:\\\/\\\/www.eliterent.com\\\/\",\"name\":\"Elite Rent\",\"description\":\"Rent a Car\",\"publisher\":{\"@id\":\"https:\\\/\\\/www.eliterent.com\\\/#organization\"},\"potentialAction\":[{\"@type\":\"SearchAction\",\"target\":{\"@type\":\"EntryPoint\",\"urlTemplate\":\"https:\\\/\\\/www.eliterent.com\\\/?s={search_term_string}\"},\"query-input\":{\"@type\":\"PropertyValueSpecification\",\"valueRequired\":true,\"valueName\":\"search_term_string\"}}],\"inLanguage\":\"fr-FR\"},{\"@type\":\"Organization\",\"@id\":\"https:\\\/\\\/www.eliterent.com\\\/#organization\",\"name\":\"Elite Rent\",\"url\":\"https:\\\/\\\/www.eliterent.com\\\/\",\"logo\":{\"@type\":\"ImageObject\",\"inLanguage\":\"fr-FR\",\"@id\":\"https:\\\/\\\/www.eliterent.com\\\/#\\\/schema\\\/logo\\\/image\\\/\",\"url\":\"https:\\\/\\\/www.eliterent.com\\\/wp-content\\\/uploads\\\/2020\\\/03\\\/Elite_Logo_NEW_2023_Final-1.png\",\"contentUrl\":\"https:\\\/\\\/www.eliterent.com\\\/wp-content\\\/uploads\\\/2020\\\/03\\\/Elite_Logo_NEW_2023_Final-1.png\",\"width\":828,\"height\":313,\"caption\":\"Elite Rent\"},\"image\":{\"@id\":\"https:\\\/\\\/www.eliterent.com\\\/#\\\/schema\\\/logo\\\/image\\\/\"}}]}<\/script>\n<!-- \/ Yoast SEO plugin. -->","yoast_head_json":{"title":"Louer la Ferrari SF90 en Allemagne avec Elite Rent.","description":"Louer la Ferrari SF90 en Allemagne avec Elite Rent - Livraison et reprise sur mesure \u00e0 Munich, Nuremberg, Stuttgart, Frankfurt.","robots":{"index":"index","follow":"follow","max-snippet":"max-snippet:-1","max-image-preview":"max-image-preview:large","max-video-preview":"max-video-preview:-1"},"canonical":"https:\/\/www.eliterent.com\/fr\/location-voiture-prestige\/exceptionnelle\/ferrari-sf90-munich-nuremberg\/","og_locale":"fr_FR","og_type":"article","og_title":"Louer la Ferrari SF90 en Allemagne avec Elite Rent.","og_description":"Louer la Ferrari SF90 en Allemagne avec Elite Rent - Livraison et reprise sur mesure \u00e0 Munich, Nuremberg, Stuttgart, Frankfurt.","og_url":"https:\/\/www.eliterent.com\/fr\/location-voiture-prestige\/exceptionnelle\/ferrari-sf90-munich-nuremberg\/","og_site_name":"Elite Rent","article_modified_time":"2023-03-09T16:24:10+00:00","og_image":[{"width":425,"height":250,"url":"https:\/\/www.eliterent.com\/wp-content\/uploads\/2022\/05\/WEB_Ferrari_SF90_Front.jpg","type":"image\/jpeg"}],"twitter_card":"summary_large_image","schema":{"@context":"https:\/\/schema.org","@graph":[{"@type":"WebPage","@id":"https:\/\/www.eliterent.com\/fr\/location-voiture-prestige\/exceptionnelle\/ferrari-sf90-munich-nuremberg\/","url":"https:\/\/www.eliterent.com\/fr\/location-voiture-prestige\/exceptionnelle\/ferrari-sf90-munich-nuremberg\/","name":"Louer la Ferrari SF90 en Allemagne avec Elite Rent.","isPartOf":{"@id":"https:\/\/www.eliterent.com\/#website"},"primaryImageOfPage":{"@id":"https:\/\/www.eliterent.com\/fr\/location-voiture-prestige\/exceptionnelle\/ferrari-sf90-munich-nuremberg\/#primaryimage"},"image":{"@id":"https:\/\/www.eliterent.com\/fr\/location-voiture-prestige\/exceptionnelle\/ferrari-sf90-munich-nuremberg\/#primaryimage"},"thumbnailUrl":"https:\/\/www.eliterent.com\/wp-content\/uploads\/2022\/05\/WEB_Ferrari_SF90_Front.jpg","datePublished":"2022-05-30T15:45:18+00:00","dateModified":"2023-03-09T16:24:10+00:00","description":"Louer la Ferrari SF90 en Allemagne avec Elite Rent - Livraison et reprise sur mesure \u00e0 Munich, Nuremberg, Stuttgart, Frankfurt.","breadcrumb":{"@id":"https:\/\/www.eliterent.com\/fr\/location-voiture-prestige\/exceptionnelle\/ferrari-sf90-munich-nuremberg\/#breadcrumb"},"inLanguage":"fr-FR","potentialAction":[{"@type":"ReadAction","target":["https:\/\/www.eliterent.com\/fr\/location-voiture-prestige\/exceptionnelle\/ferrari-sf90-munich-nuremberg\/"]}]},{"@type":"ImageObject","inLanguage":"fr-FR","@id":"https:\/\/www.eliterent.com\/fr\/location-voiture-prestige\/exceptionnelle\/ferrari-sf90-munich-nuremberg\/#primaryimage","url":"https:\/\/www.eliterent.com\/wp-content\/uploads\/2022\/05\/WEB_Ferrari_SF90_Front.jpg","contentUrl":"https:\/\/www.eliterent.com\/wp-content\/uploads\/2022\/05\/WEB_Ferrari_SF90_Front.jpg","width":425,"height":250},{"@type":"BreadcrumbList","@id":"https:\/\/www.eliterent.com\/fr\/location-voiture-prestige\/exceptionnelle\/ferrari-sf90-munich-nuremberg\/#breadcrumb","itemListElement":[{"@type":"ListItem","position":1,"name":"Home","item":"https:\/\/www.eliterent.com\/fr\/"},{"@type":"ListItem","position":2,"name":"Location de voitures de luxe en Europe","item":"https:\/\/www.eliterent.com\/fr\/location-de-voitures-de-luxe-et-premium-en-europe\/"},{"@type":"ListItem","position":3,"name":"Ferrari SF90"}]},{"@type":"WebSite","@id":"https:\/\/www.eliterent.com\/#website","url":"https:\/\/www.eliterent.com\/","name":"Elite Rent","description":"Rent a Car","publisher":{"@id":"https:\/\/www.eliterent.com\/#organization"},"potentialAction":[{"@type":"SearchAction","target":{"@type":"EntryPoint","urlTemplate":"https:\/\/www.eliterent.com\/?s={search_term_string}"},"query-input":{"@type":"PropertyValueSpecification","valueRequired":true,"valueName":"search_term_string"}}],"inLanguage":"fr-FR"},{"@type":"Organization","@id":"https:\/\/www.eliterent.com\/#organization","name":"Elite Rent","url":"https:\/\/www.eliterent.com\/","logo":{"@type":"ImageObject","inLanguage":"fr-FR","@id":"https:\/\/www.eliterent.com\/#\/schema\/logo\/image\/","url":"https:\/\/www.eliterent.com\/wp-content\/uploads\/2020\/03\/Elite_Logo_NEW_2023_Final-1.png","contentUrl":"https:\/\/www.eliterent.com\/wp-content\/uploads\/2020\/03\/Elite_Logo_NEW_2023_Final-1.png","width":828,"height":313,"caption":"Elite Rent"},"image":{"@id":"https:\/\/www.eliterent.com\/#\/schema\/logo\/image\/"}}]}},"_links":{"self":[{"href":"https:\/\/www.eliterent.com\/fr\/wp-json\/wp\/v2\/product\/56415","targetHints":{"allow":["GET"]}}],"collection":[{"href":"https:\/\/www.eliterent.com\/fr\/wp-json\/wp\/v2\/product"}],"about":[{"href":"https:\/\/www.eliterent.com\/fr\/wp-json\/wp\/v2\/types\/product"}],"version-history":[{"count":0,"href":"https:\/\/www.eliterent.com\/fr\/wp-json\/wp\/v2\/product\/56415\/revisions"}],"wp:featuredmedia":[{"embeddable":true,"href":"https:\/\/www.eliterent.com\/fr\/wp-json\/wp\/v2\/media\/56524"}],"wp:attachment":[{"href":"https:\/\/www.eliterent.com\/fr\/wp-json\/wp\/v2\/media?parent=56415"}],"wp:term":[{"taxonomy":"product_brand","embeddable":true,"href":"https:\/\/www.eliterent.com\/fr\/wp-json\/wp\/v2\/product_brand?post=56415"},{"taxonomy":"product_cat","embeddable":true,"href":"https:\/\/www.eliterent.com\/fr\/wp-json\/wp\/v2\/product_cat?post=56415"},{"taxonomy":"product_tag","embeddable":true,"href":"https:\/\/www.eliterent.com\/fr\/wp-json\/wp\/v2\/product_tag?post=56415"},{"taxonomy":"agency-2","embeddable":true,"href":"https:\/\/www.eliterent.com\/fr\/wp-json\/wp\/v2\/agency-2?post=56415"},{"taxonomy":"agency-1","embeddable":true,"href":"https:\/\/www.eliterent.com\/fr\/wp-json\/wp\/v2\/agency-1?post=56415"},{"taxonomy":"model","embeddable":true,"href":"https:\/\/www.eliterent.com\/fr\/wp-json\/wp\/v2\/model?post=56415"},{"taxonomy":"brand","embeddable":true,"href":"https:\/\/www.eliterent.com\/fr\/wp-json\/wp\/v2\/brand?post=56415"},{"taxonomy":"types","embeddable":true,"href":"https:\/\/www.eliterent.com\/fr\/wp-json\/wp\/v2\/types?post=56415"},{"taxonomy":"city","embeddable":true,"href":"https:\/\/www.eliterent.com\/fr\/wp-json\/wp\/v2\/city?post=56415"},{"taxonomy":"country","embeddable":true,"href":"https:\/\/www.eliterent.com\/fr\/wp-json\/wp\/v2\/country?post=56415"},{"taxonomy":"service","embeddable":true,"href":"https:\/\/www.eliterent.com\/fr\/wp-json\/wp\/v2\/service?post=56415"}],"curies":[{"name":"wp","href":"https:\/\/api.w.org\/{rel}","templated":true}]}}