{"id":56403,"date":"2021-05-22T09:29:40","date_gmt":"2022-05-30T12:58:41","guid":{"rendered":"https:\/\/www.eliterent.com\/?post_type=product&#038;p=56403"},"modified":"2023-03-13T12:26:46","modified_gmt":"2023-03-13T11:26:46","slug":"ferrari-812-superfast-munich-nuremberg","status":"publish","type":"product","link":"https:\/\/www.eliterent.com\/fr\/location-voiture-prestige\/exceptionnelle\/ferrari-812-superfast-munich-nuremberg\/","title":{"rendered":"Ferrari 812 Superfast"},"content":{"rendered":"<p>Une Ferrari V12 est un magnifique chef-d&rsquo;\u0153uvre d&rsquo;ing\u00e9nierie ; la derni\u00e8re it\u00e9ration de ce fabuleux moteur \u00e9quipait la c\u00e9l\u00e8bre Ferrari F12. La F12 a maintenant \u00e9t\u00e9 remplac\u00e9e par un tout nouveau cheval cabr\u00e9 \u00e0 12 cylindres : la 812 Superfast. La Ferrari 812 Superfast est un monstre V12. Le moteur prodigieux produit une puissance impressionnante de 800 chevaux et l&rsquo;envoie enti\u00e8rement \u00e0 l&rsquo;essieu arri\u00e8re du v\u00e9hicule. Cette puissance est suffisante pour permettre \u00e0 la 812 de passer de 0 \u00e0 100 km\/h en seulement 2,9 secondes ! La 812 Superfast est un v\u00e9ritable pur-sang V12 Ferrari, mais elle n&rsquo;oublie pas son r\u00f4le de fabuleuse voiture de grand tourisme (GT) : son int\u00e9rieur est orn\u00e9 d&rsquo;hectares de cuir italien le plus fin. Ce magnifique int\u00e9rieur est agr\u00e9ment\u00e9 d&rsquo;une position de conduite bien pens\u00e9e qui permet d&rsquo;acc\u00e9der \u00e0 toutes les fonctions du v\u00e9hicule. En tant que voiture moderne, la 812 Superfast offre un niveau \u00e9lev\u00e9 de confort et de technologie, y compris la navigation, les syst\u00e8mes de navigation et gestion ainsi que la climatisation, bien s\u00fbr. Louez la Ferrari 812 Superfast avec Elite Rent-a-Car \u00e0 Munich, Francfort, Allemagne. D\u00e9couvrez les routes europ\u00e9ennes comme jamais auparavant.<\/p>\n","protected":false},"excerpt":{"rendered":"<p>[jet_post_terms tax:=\u00a0\u00bbcountry\u00a0\u00bb]<\/p>\n","protected":false},"featured_media":56628,"template":"","meta":{"_acf_changed":false,"site-sidebar-layout":"no-sidebar","site-content-layout":"plain-container","ast-site-content-layout":"","site-content-style":"default","site-sidebar-style":"default","ast-global-header-display":"","ast-banner-title-visibility":"","ast-main-header-display":"","ast-hfb-above-header-display":"","ast-hfb-below-header-display":"","ast-hfb-mobile-header-display":"","site-post-title":"","ast-breadcrumbs-content":"","ast-featured-img":"","footer-sml-layout":"","theme-transparent-header-meta":"default","adv-header-id-meta":"","stick-header-meta":"","header-above-stick-meta":"","header-main-stick-meta":"","header-below-stick-meta":"","astra-migrate-meta-layouts":"default","ast-page-background-enabled":"default","ast-page-background-meta":{"desktop":{"background-color":"","background-image":"","background-repeat":"repeat","background-position":"center center","background-size":"auto","background-attachment":"scroll","background-type":"","background-media":"","overlay-type":"","overlay-color":"","overlay-opacity":"","overlay-gradient":""},"tablet":{"background-color":"","background-image":"","background-repeat":"repeat","background-position":"center center","background-size":"auto","background-attachment":"scroll","background-type":"","background-media":"","overlay-type":"","overlay-color":"","overlay-opacity":"","overlay-gradient":""},"mobile":{"background-color":"","background-image":"","background-repeat":"repeat","background-position":"center center","background-size":"auto","background-attachment":"scroll","background-type":"","background-media":"","overlay-type":"","overlay-color":"","overlay-opacity":"","overlay-gradient":""}},"ast-content-background-meta":{"desktop":{"background-color":"var(--ast-global-color-5)","background-image":"","background-repeat":"repeat","background-position":"center center","background-size":"auto","background-attachment":"scroll","background-type":"","background-media":"","overlay-type":"","overlay-color":"","overlay-opacity":"","overlay-gradient":""},"tablet":{"background-color":"var(--ast-global-color-5)","background-image":"","background-repeat":"repeat","background-position":"center center","background-size":"auto","background-attachment":"scroll","background-type":"","background-media":"","overlay-type":"","overlay-color":"","overlay-opacity":"","overlay-gradient":""},"mobile":{"background-color":"var(--ast-global-color-5)","background-image":"","background-repeat":"repeat","background-position":"center center","background-size":"auto","background-attachment":"scroll","background-type":"","background-media":"","overlay-type":"","overlay-color":"","overlay-opacity":"","overlay-gradient":""}}},"product_brand":[],"product_cat":[1940],"product_tag":[],"agency-2":[],"agency-1":[2699],"model":[],"brand":[2317],"types":[2315],"city":[2652,2653,2654,2655,2656],"country":[2312],"service":[],"class_list":{"0":"post-56403","1":"product","2":"type-product","3":"status-publish","4":"has-post-thumbnail","6":"product_cat-exceptionnelle","7":"agency-1-munich-fr","8":"brand-louer-une-ferrari","9":"types-exceptional-fr","10":"city-cologne-fr","11":"city-dusseldorf-fr","12":"city-frankfurt-fr","13":"city-leipzig-fr","14":"city-stuttgart-fr","15":"country-germany-fr","16":"desktop-align-left","17":"tablet-align-left","18":"mobile-align-left","20":"first","21":"instock","22":"shipping-taxable","23":"purchasable","24":"product-type-redq_rental"},"acf":[],"yoast_head":"<!-- This site is optimized with the Yoast SEO plugin v27.1.1 - https:\/\/yoast.com\/product\/yoast-seo-wordpress\/ -->\n<title>Louer la Ferrari 812 Superfast en Allemagne avec Elite Rent.<\/title>\n<meta name=\"description\" content=\"Louer la Ferrari 812 Superfast en Allemagne avec Elite Rent - Livraison et reprise sur mesure \u00e0 Munich, Nuremberg, Stuttgart, Frankfurt.\" \/>\n<meta name=\"robots\" content=\"index, follow, max-snippet:-1, max-image-preview:large, max-video-preview:-1\" \/>\n<link rel=\"canonical\" href=\"https:\/\/www.eliterent.com\/fr\/location-voiture-prestige\/exceptionnelle\/ferrari-812-superfast-munich-nuremberg\/\" \/>\n<meta property=\"og:locale\" content=\"fr_FR\" \/>\n<meta property=\"og:type\" content=\"article\" \/>\n<meta property=\"og:title\" content=\"Louer la Ferrari 812 Superfast en Allemagne avec Elite Rent.\" \/>\n<meta property=\"og:description\" content=\"Louer la Ferrari 812 Superfast en Allemagne avec Elite Rent - Livraison et reprise sur mesure \u00e0 Munich, Nuremberg, Stuttgart, Frankfurt.\" \/>\n<meta property=\"og:url\" content=\"https:\/\/www.eliterent.com\/fr\/location-voiture-prestige\/exceptionnelle\/ferrari-812-superfast-munich-nuremberg\/\" \/>\n<meta property=\"og:site_name\" content=\"Elite Rent\" \/>\n<meta property=\"article:modified_time\" content=\"2023-03-13T11:26:46+00:00\" \/>\n<meta property=\"og:image\" content=\"https:\/\/www.eliterent.com\/wp-content\/uploads\/2022\/05\/WEB_Ferrari_812_Superfast_Front.jpg\" \/>\n\t<meta property=\"og:image:width\" content=\"425\" \/>\n\t<meta property=\"og:image:height\" content=\"250\" \/>\n\t<meta property=\"og:image:type\" content=\"image\/jpeg\" \/>\n<meta name=\"twitter:card\" content=\"summary_large_image\" \/>\n<script type=\"application\/ld+json\" class=\"yoast-schema-graph\">{\"@context\":\"https:\/\/schema.org\",\"@graph\":[{\"@type\":\"WebPage\",\"@id\":\"https:\/\/www.eliterent.com\/fr\/location-voiture-prestige\/exceptionnelle\/ferrari-812-superfast-munich-nuremberg\/\",\"url\":\"https:\/\/www.eliterent.com\/fr\/location-voiture-prestige\/exceptionnelle\/ferrari-812-superfast-munich-nuremberg\/\",\"name\":\"Louer la Ferrari 812 Superfast en Allemagne avec Elite Rent.\",\"isPartOf\":{\"@id\":\"https:\/\/www.eliterent.com\/#website\"},\"primaryImageOfPage\":{\"@id\":\"https:\/\/www.eliterent.com\/fr\/location-voiture-prestige\/exceptionnelle\/ferrari-812-superfast-munich-nuremberg\/#primaryimage\"},\"image\":{\"@id\":\"https:\/\/www.eliterent.com\/fr\/location-voiture-prestige\/exceptionnelle\/ferrari-812-superfast-munich-nuremberg\/#primaryimage\"},\"thumbnailUrl\":\"https:\/\/www.eliterent.com\/wp-content\/uploads\/2022\/05\/WEB_Ferrari_812_Superfast_Front.jpg\",\"datePublished\":\"2022-05-30T12:58:41+00:00\",\"dateModified\":\"2023-03-13T11:26:46+00:00\",\"description\":\"Louer la Ferrari 812 Superfast en Allemagne avec Elite Rent - Livraison et reprise sur mesure \u00e0 Munich, Nuremberg, Stuttgart, Frankfurt.\",\"breadcrumb\":{\"@id\":\"https:\/\/www.eliterent.com\/fr\/location-voiture-prestige\/exceptionnelle\/ferrari-812-superfast-munich-nuremberg\/#breadcrumb\"},\"inLanguage\":\"fr-FR\",\"potentialAction\":[{\"@type\":\"ReadAction\",\"target\":[\"https:\/\/www.eliterent.com\/fr\/location-voiture-prestige\/exceptionnelle\/ferrari-812-superfast-munich-nuremberg\/\"]}]},{\"@type\":\"ImageObject\",\"inLanguage\":\"fr-FR\",\"@id\":\"https:\/\/www.eliterent.com\/fr\/location-voiture-prestige\/exceptionnelle\/ferrari-812-superfast-munich-nuremberg\/#primaryimage\",\"url\":\"https:\/\/www.eliterent.com\/wp-content\/uploads\/2022\/05\/WEB_Ferrari_812_Superfast_Front.jpg\",\"contentUrl\":\"https:\/\/www.eliterent.com\/wp-content\/uploads\/2022\/05\/WEB_Ferrari_812_Superfast_Front.jpg\",\"width\":425,\"height\":250},{\"@type\":\"BreadcrumbList\",\"@id\":\"https:\/\/www.eliterent.com\/fr\/location-voiture-prestige\/exceptionnelle\/ferrari-812-superfast-munich-nuremberg\/#breadcrumb\",\"itemListElement\":[{\"@type\":\"ListItem\",\"position\":1,\"name\":\"Home\",\"item\":\"https:\/\/www.eliterent.com\/\"},{\"@type\":\"ListItem\",\"position\":2,\"name\":\"Location de voitures de luxe en Europe\",\"item\":\"https:\/\/www.eliterent.com\/fr\/location-de-voitures-de-luxe-et-premium-en-europe\/\"},{\"@type\":\"ListItem\",\"position\":3,\"name\":\"Ferrari 812 Superfast\"}]},{\"@type\":\"WebSite\",\"@id\":\"https:\/\/www.eliterent.com\/#website\",\"url\":\"https:\/\/www.eliterent.com\/\",\"name\":\"Elite Rent\",\"description\":\"Rent a Car\",\"publisher\":{\"@id\":\"https:\/\/www.eliterent.com\/#organization\"},\"potentialAction\":[{\"@type\":\"SearchAction\",\"target\":{\"@type\":\"EntryPoint\",\"urlTemplate\":\"https:\/\/www.eliterent.com\/?s={search_term_string}\"},\"query-input\":{\"@type\":\"PropertyValueSpecification\",\"valueRequired\":true,\"valueName\":\"search_term_string\"}}],\"inLanguage\":\"fr-FR\"},{\"@type\":\"Organization\",\"@id\":\"https:\/\/www.eliterent.com\/#organization\",\"name\":\"Elite Rent\",\"url\":\"https:\/\/www.eliterent.com\/\",\"logo\":{\"@type\":\"ImageObject\",\"inLanguage\":\"fr-FR\",\"@id\":\"https:\/\/www.eliterent.com\/#\/schema\/logo\/image\/\",\"url\":\"https:\/\/www.eliterent.com\/wp-content\/uploads\/2020\/03\/Elite_Logo_NEW_2023_Final-1.png\",\"contentUrl\":\"https:\/\/www.eliterent.com\/wp-content\/uploads\/2020\/03\/Elite_Logo_NEW_2023_Final-1.png\",\"width\":828,\"height\":313,\"caption\":\"Elite Rent\"},\"image\":{\"@id\":\"https:\/\/www.eliterent.com\/#\/schema\/logo\/image\/\"}}]}<\/script>\n<!-- \/ Yoast SEO plugin. -->","yoast_head_json":{"title":"Louer la Ferrari 812 Superfast en Allemagne avec Elite Rent.","description":"Louer la Ferrari 812 Superfast en Allemagne avec Elite Rent - Livraison et reprise sur mesure \u00e0 Munich, Nuremberg, Stuttgart, Frankfurt.","robots":{"index":"index","follow":"follow","max-snippet":"max-snippet:-1","max-image-preview":"max-image-preview:large","max-video-preview":"max-video-preview:-1"},"canonical":"https:\/\/www.eliterent.com\/fr\/location-voiture-prestige\/exceptionnelle\/ferrari-812-superfast-munich-nuremberg\/","og_locale":"fr_FR","og_type":"article","og_title":"Louer la Ferrari 812 Superfast en Allemagne avec Elite Rent.","og_description":"Louer la Ferrari 812 Superfast en Allemagne avec Elite Rent - Livraison et reprise sur mesure \u00e0 Munich, Nuremberg, Stuttgart, Frankfurt.","og_url":"https:\/\/www.eliterent.com\/fr\/location-voiture-prestige\/exceptionnelle\/ferrari-812-superfast-munich-nuremberg\/","og_site_name":"Elite Rent","article_modified_time":"2023-03-13T11:26:46+00:00","og_image":[{"width":425,"height":250,"url":"https:\/\/www.eliterent.com\/wp-content\/uploads\/2022\/05\/WEB_Ferrari_812_Superfast_Front.jpg","type":"image\/jpeg"}],"twitter_card":"summary_large_image","schema":{"@context":"https:\/\/schema.org","@graph":[{"@type":"WebPage","@id":"https:\/\/www.eliterent.com\/fr\/location-voiture-prestige\/exceptionnelle\/ferrari-812-superfast-munich-nuremberg\/","url":"https:\/\/www.eliterent.com\/fr\/location-voiture-prestige\/exceptionnelle\/ferrari-812-superfast-munich-nuremberg\/","name":"Louer la Ferrari 812 Superfast en Allemagne avec Elite Rent.","isPartOf":{"@id":"https:\/\/www.eliterent.com\/#website"},"primaryImageOfPage":{"@id":"https:\/\/www.eliterent.com\/fr\/location-voiture-prestige\/exceptionnelle\/ferrari-812-superfast-munich-nuremberg\/#primaryimage"},"image":{"@id":"https:\/\/www.eliterent.com\/fr\/location-voiture-prestige\/exceptionnelle\/ferrari-812-superfast-munich-nuremberg\/#primaryimage"},"thumbnailUrl":"https:\/\/www.eliterent.com\/wp-content\/uploads\/2022\/05\/WEB_Ferrari_812_Superfast_Front.jpg","datePublished":"2022-05-30T12:58:41+00:00","dateModified":"2023-03-13T11:26:46+00:00","description":"Louer la Ferrari 812 Superfast en Allemagne avec Elite Rent - Livraison et reprise sur mesure \u00e0 Munich, Nuremberg, Stuttgart, Frankfurt.","breadcrumb":{"@id":"https:\/\/www.eliterent.com\/fr\/location-voiture-prestige\/exceptionnelle\/ferrari-812-superfast-munich-nuremberg\/#breadcrumb"},"inLanguage":"fr-FR","potentialAction":[{"@type":"ReadAction","target":["https:\/\/www.eliterent.com\/fr\/location-voiture-prestige\/exceptionnelle\/ferrari-812-superfast-munich-nuremberg\/"]}]},{"@type":"ImageObject","inLanguage":"fr-FR","@id":"https:\/\/www.eliterent.com\/fr\/location-voiture-prestige\/exceptionnelle\/ferrari-812-superfast-munich-nuremberg\/#primaryimage","url":"https:\/\/www.eliterent.com\/wp-content\/uploads\/2022\/05\/WEB_Ferrari_812_Superfast_Front.jpg","contentUrl":"https:\/\/www.eliterent.com\/wp-content\/uploads\/2022\/05\/WEB_Ferrari_812_Superfast_Front.jpg","width":425,"height":250},{"@type":"BreadcrumbList","@id":"https:\/\/www.eliterent.com\/fr\/location-voiture-prestige\/exceptionnelle\/ferrari-812-superfast-munich-nuremberg\/#breadcrumb","itemListElement":[{"@type":"ListItem","position":1,"name":"Home","item":"https:\/\/www.eliterent.com\/"},{"@type":"ListItem","position":2,"name":"Location de voitures de luxe en Europe","item":"https:\/\/www.eliterent.com\/fr\/location-de-voitures-de-luxe-et-premium-en-europe\/"},{"@type":"ListItem","position":3,"name":"Ferrari 812 Superfast"}]},{"@type":"WebSite","@id":"https:\/\/www.eliterent.com\/#website","url":"https:\/\/www.eliterent.com\/","name":"Elite Rent","description":"Rent a Car","publisher":{"@id":"https:\/\/www.eliterent.com\/#organization"},"potentialAction":[{"@type":"SearchAction","target":{"@type":"EntryPoint","urlTemplate":"https:\/\/www.eliterent.com\/?s={search_term_string}"},"query-input":{"@type":"PropertyValueSpecification","valueRequired":true,"valueName":"search_term_string"}}],"inLanguage":"fr-FR"},{"@type":"Organization","@id":"https:\/\/www.eliterent.com\/#organization","name":"Elite Rent","url":"https:\/\/www.eliterent.com\/","logo":{"@type":"ImageObject","inLanguage":"fr-FR","@id":"https:\/\/www.eliterent.com\/#\/schema\/logo\/image\/","url":"https:\/\/www.eliterent.com\/wp-content\/uploads\/2020\/03\/Elite_Logo_NEW_2023_Final-1.png","contentUrl":"https:\/\/www.eliterent.com\/wp-content\/uploads\/2020\/03\/Elite_Logo_NEW_2023_Final-1.png","width":828,"height":313,"caption":"Elite Rent"},"image":{"@id":"https:\/\/www.eliterent.com\/#\/schema\/logo\/image\/"}}]}},"_links":{"self":[{"href":"https:\/\/www.eliterent.com\/fr\/wp-json\/wp\/v2\/product\/56403","targetHints":{"allow":["GET"]}}],"collection":[{"href":"https:\/\/www.eliterent.com\/fr\/wp-json\/wp\/v2\/product"}],"about":[{"href":"https:\/\/www.eliterent.com\/fr\/wp-json\/wp\/v2\/types\/product"}],"version-history":[{"count":0,"href":"https:\/\/www.eliterent.com\/fr\/wp-json\/wp\/v2\/product\/56403\/revisions"}],"wp:featuredmedia":[{"embeddable":true,"href":"https:\/\/www.eliterent.com\/fr\/wp-json\/wp\/v2\/media\/56628"}],"wp:attachment":[{"href":"https:\/\/www.eliterent.com\/fr\/wp-json\/wp\/v2\/media?parent=56403"}],"wp:term":[{"taxonomy":"product_brand","embeddable":true,"href":"https:\/\/www.eliterent.com\/fr\/wp-json\/wp\/v2\/product_brand?post=56403"},{"taxonomy":"product_cat","embeddable":true,"href":"https:\/\/www.eliterent.com\/fr\/wp-json\/wp\/v2\/product_cat?post=56403"},{"taxonomy":"product_tag","embeddable":true,"href":"https:\/\/www.eliterent.com\/fr\/wp-json\/wp\/v2\/product_tag?post=56403"},{"taxonomy":"agency-2","embeddable":true,"href":"https:\/\/www.eliterent.com\/fr\/wp-json\/wp\/v2\/agency-2?post=56403"},{"taxonomy":"agency-1","embeddable":true,"href":"https:\/\/www.eliterent.com\/fr\/wp-json\/wp\/v2\/agency-1?post=56403"},{"taxonomy":"model","embeddable":true,"href":"https:\/\/www.eliterent.com\/fr\/wp-json\/wp\/v2\/model?post=56403"},{"taxonomy":"brand","embeddable":true,"href":"https:\/\/www.eliterent.com\/fr\/wp-json\/wp\/v2\/brand?post=56403"},{"taxonomy":"types","embeddable":true,"href":"https:\/\/www.eliterent.com\/fr\/wp-json\/wp\/v2\/types?post=56403"},{"taxonomy":"city","embeddable":true,"href":"https:\/\/www.eliterent.com\/fr\/wp-json\/wp\/v2\/city?post=56403"},{"taxonomy":"country","embeddable":true,"href":"https:\/\/www.eliterent.com\/fr\/wp-json\/wp\/v2\/country?post=56403"},{"taxonomy":"service","embeddable":true,"href":"https:\/\/www.eliterent.com\/fr\/wp-json\/wp\/v2\/service?post=56403"}],"curies":[{"name":"wp","href":"https:\/\/api.w.org\/{rel}","templated":true}]}}