{"id":50977,"date":"2021-05-22T09:02:29","date_gmt":"2021-05-22T07:02:29","guid":{"rendered":"https:\/\/dev-elite.online\/flotte-elite-rent-a-car\/mini-cooper-cabriolet-3\/"},"modified":"2023-03-29T11:27:51","modified_gmt":"2023-03-29T09:27:51","slug":"mini-cooper-cabriolet-paris-reims","status":"publish","type":"product","link":"https:\/\/www.eliterent.com\/fr\/location-voiture-prestige\/sportive-cabriolet\/mini-cooper-cabriolet-paris-reims\/","title":{"rendered":"Mini Cooper Cabriolet"},"content":{"rendered":"<p>Le petit ch\u00e2ssis et la voie \u00e9troite de la MINI permettent \u00e0 cette voiture de zigzaguer partout tout en offrant aux occupants tout le luxe n\u00e9cessaire. Ajoutez \u00e0 cela la dynamique de conduite l\u00e9gendaire de la Cooper et vous obtenez une voiture \u00e0 la fois gratifiante \u00e0 conduire et pratique en ville. Cette toute nouvelle location est parfaite pour les balades au soleil, louez la MINI Cooper Cabriolet et retrouvez les sensations fortes du karting, mais cette fois avec les cheveux aux vents. Louez une MINI Cooper Cabriolet \u00e0 Paris, \u00e0 l&rsquo;a\u00e9roport Charles de Gaule, \u00e0 l&rsquo;a\u00e9roport ORLY, \u00e0 Reims, \u00e0 Lille ou partout dans le Nord de la France avec Elite Rent-a-Car. Cette amusante voiture d\u00e9capotable vous attend en r\u00e9gion parisienne !<\/p>\n","protected":false},"excerpt":{"rendered":"<p>[jet_post_terms tax:=\u00a0\u00bbcountry\u00a0\u00bb]<\/p>\n","protected":false},"featured_media":36304,"template":"","meta":{"_acf_changed":false,"site-sidebar-layout":"no-sidebar","site-content-layout":"plain-container","ast-site-content-layout":"","site-content-style":"default","site-sidebar-style":"default","ast-global-header-display":"","ast-banner-title-visibility":"","ast-main-header-display":"","ast-hfb-above-header-display":"","ast-hfb-below-header-display":"","ast-hfb-mobile-header-display":"","site-post-title":"","ast-breadcrumbs-content":"","ast-featured-img":"","footer-sml-layout":"","theme-transparent-header-meta":"default","adv-header-id-meta":"","stick-header-meta":"","header-above-stick-meta":"","header-main-stick-meta":"","header-below-stick-meta":"","astra-migrate-meta-layouts":"default","ast-page-background-enabled":"default","ast-page-background-meta":{"desktop":{"background-color":"","background-image":"","background-repeat":"repeat","background-position":"center center","background-size":"auto","background-attachment":"scroll","background-type":"","background-media":"","overlay-type":"","overlay-color":"","overlay-opacity":"","overlay-gradient":""},"tablet":{"background-color":"","background-image":"","background-repeat":"repeat","background-position":"center center","background-size":"auto","background-attachment":"scroll","background-type":"","background-media":"","overlay-type":"","overlay-color":"","overlay-opacity":"","overlay-gradient":""},"mobile":{"background-color":"","background-image":"","background-repeat":"repeat","background-position":"center center","background-size":"auto","background-attachment":"scroll","background-type":"","background-media":"","overlay-type":"","overlay-color":"","overlay-opacity":"","overlay-gradient":""}},"ast-content-background-meta":{"desktop":{"background-color":"var(--ast-global-color-5)","background-image":"","background-repeat":"repeat","background-position":"center center","background-size":"auto","background-attachment":"scroll","background-type":"","background-media":"","overlay-type":"","overlay-color":"","overlay-opacity":"","overlay-gradient":""},"tablet":{"background-color":"var(--ast-global-color-5)","background-image":"","background-repeat":"repeat","background-position":"center center","background-size":"auto","background-attachment":"scroll","background-type":"","background-media":"","overlay-type":"","overlay-color":"","overlay-opacity":"","overlay-gradient":""},"mobile":{"background-color":"var(--ast-global-color-5)","background-image":"","background-repeat":"repeat","background-position":"center center","background-size":"auto","background-attachment":"scroll","background-type":"","background-media":"","overlay-type":"","overlay-color":"","overlay-opacity":"","overlay-gradient":""}}},"product_brand":[],"product_cat":[2298],"product_tag":[],"agency-2":[2692],"agency-1":[2695],"model":[],"brand":[2304],"types":[2329],"city":[2630,2631,2632,2633],"country":[2342],"service":[],"class_list":{"0":"post-50977","1":"product","2":"type-product","3":"status-publish","4":"has-post-thumbnail","6":"product_cat-sportive-cabriolet","7":"agency-2-deauville-fr","8":"agency-1-paris-fr","9":"brand-louer-une-mini","10":"types-sports-convertible-fr","11":"city-amsterdam-fr","12":"city-bordeaux-fr","13":"city-bruxelles-fr","14":"city-lille-fr","15":"country-france-north-fr","16":"desktop-align-left","17":"tablet-align-left","18":"mobile-align-left","20":"first","21":"instock","22":"shipping-taxable","23":"purchasable","24":"product-type-redq_rental"},"acf":[],"yoast_head":"<!-- This site is optimized with the Yoast SEO plugin v27.1.1 - https:\/\/yoast.com\/product\/yoast-seo-wordpress\/ -->\n<title>Louer la Mini Cooper Cabriolet en France (Paris) avec Elite Rent.<\/title>\n<meta name=\"description\" content=\"Louer la Mini Cooper Cabriolet en France (Paris) Avec Elite Rent - Livraison sur mesure \u00e0 Paris, Reims, Versailles, Deauville.\" \/>\n<meta name=\"robots\" content=\"index, follow, max-snippet:-1, max-image-preview:large, max-video-preview:-1\" \/>\n<link rel=\"canonical\" href=\"https:\/\/www.eliterent.com\/fr\/location-voiture-prestige\/rent-sport-convertible-car\/mini-cooper-cabriolet-paris-reims\/\" \/>\n<meta property=\"og:locale\" content=\"fr_FR\" \/>\n<meta property=\"og:type\" content=\"article\" \/>\n<meta property=\"og:title\" content=\"Louer la Mini Cooper Cabriolet en France (Paris) avec Elite Rent.\" \/>\n<meta property=\"og:description\" content=\"Louer la Mini Cooper Cabriolet en France (Paris) Avec Elite Rent - Livraison sur mesure \u00e0 Paris, Reims, Versailles, Deauville.\" \/>\n<meta property=\"og:url\" content=\"https:\/\/www.eliterent.com\/fr\/location-voiture-prestige\/rent-sport-convertible-car\/mini-cooper-cabriolet-paris-reims\/\" \/>\n<meta property=\"og:site_name\" content=\"Elite Rent\" \/>\n<meta property=\"article:modified_time\" content=\"2023-03-29T09:27:51+00:00\" \/>\n<meta property=\"og:image\" content=\"https:\/\/www.eliterent.com\/wp-content\/uploads\/2021\/06\/Mini_cooper_CAB_WEB-1-1-2.jpg\" \/>\n\t<meta property=\"og:image:width\" content=\"425\" \/>\n\t<meta property=\"og:image:height\" content=\"250\" \/>\n\t<meta property=\"og:image:type\" content=\"image\/jpeg\" \/>\n<meta name=\"twitter:card\" content=\"summary_large_image\" \/>\n<script type=\"application\/ld+json\" class=\"yoast-schema-graph\">{\"@context\":\"https:\/\/schema.org\",\"@graph\":[{\"@type\":\"WebPage\",\"@id\":\"https:\/\/www.eliterent.com\/fr\/location-voiture-prestige\/rent-sport-convertible-car\/mini-cooper-cabriolet-paris-reims\/\",\"url\":\"https:\/\/www.eliterent.com\/fr\/location-voiture-prestige\/rent-sport-convertible-car\/mini-cooper-cabriolet-paris-reims\/\",\"name\":\"Louer la Mini Cooper Cabriolet en France (Paris) avec Elite Rent.\",\"isPartOf\":{\"@id\":\"https:\/\/www.eliterent.com\/#website\"},\"primaryImageOfPage\":{\"@id\":\"https:\/\/www.eliterent.com\/fr\/location-voiture-prestige\/rent-sport-convertible-car\/mini-cooper-cabriolet-paris-reims\/#primaryimage\"},\"image\":{\"@id\":\"https:\/\/www.eliterent.com\/fr\/location-voiture-prestige\/rent-sport-convertible-car\/mini-cooper-cabriolet-paris-reims\/#primaryimage\"},\"thumbnailUrl\":\"https:\/\/www.eliterent.com\/wp-content\/uploads\/2021\/06\/Mini_cooper_CAB_WEB-1-1-2.jpg\",\"datePublished\":\"2021-05-22T07:02:29+00:00\",\"dateModified\":\"2023-03-29T09:27:51+00:00\",\"description\":\"Louer la Mini Cooper Cabriolet en France (Paris) Avec Elite Rent - Livraison sur mesure \u00e0 Paris, Reims, Versailles, Deauville.\",\"breadcrumb\":{\"@id\":\"https:\/\/www.eliterent.com\/fr\/location-voiture-prestige\/rent-sport-convertible-car\/mini-cooper-cabriolet-paris-reims\/#breadcrumb\"},\"inLanguage\":\"fr-FR\",\"potentialAction\":[{\"@type\":\"ReadAction\",\"target\":[\"https:\/\/www.eliterent.com\/fr\/location-voiture-prestige\/rent-sport-convertible-car\/mini-cooper-cabriolet-paris-reims\/\"]}]},{\"@type\":\"ImageObject\",\"inLanguage\":\"fr-FR\",\"@id\":\"https:\/\/www.eliterent.com\/fr\/location-voiture-prestige\/rent-sport-convertible-car\/mini-cooper-cabriolet-paris-reims\/#primaryimage\",\"url\":\"https:\/\/www.eliterent.com\/wp-content\/uploads\/2021\/06\/Mini_cooper_CAB_WEB-1-1-2.jpg\",\"contentUrl\":\"https:\/\/www.eliterent.com\/wp-content\/uploads\/2021\/06\/Mini_cooper_CAB_WEB-1-1-2.jpg\",\"width\":425,\"height\":250},{\"@type\":\"BreadcrumbList\",\"@id\":\"https:\/\/www.eliterent.com\/fr\/location-voiture-prestige\/rent-sport-convertible-car\/mini-cooper-cabriolet-paris-reims\/#breadcrumb\",\"itemListElement\":[{\"@type\":\"ListItem\",\"position\":1,\"name\":\"Home\",\"item\":\"https:\/\/www.eliterent.com\/\"},{\"@type\":\"ListItem\",\"position\":2,\"name\":\"Location de voitures de luxe en Europe\",\"item\":\"https:\/\/www.eliterent.com\/fr\/location-de-voitures-de-luxe-et-premium-en-europe\/\"},{\"@type\":\"ListItem\",\"position\":3,\"name\":\"Mini Cooper Cabriolet\"}]},{\"@type\":\"WebSite\",\"@id\":\"https:\/\/www.eliterent.com\/#website\",\"url\":\"https:\/\/www.eliterent.com\/\",\"name\":\"Elite Rent\",\"description\":\"Rent a Car\",\"publisher\":{\"@id\":\"https:\/\/www.eliterent.com\/#organization\"},\"potentialAction\":[{\"@type\":\"SearchAction\",\"target\":{\"@type\":\"EntryPoint\",\"urlTemplate\":\"https:\/\/www.eliterent.com\/?s={search_term_string}\"},\"query-input\":{\"@type\":\"PropertyValueSpecification\",\"valueRequired\":true,\"valueName\":\"search_term_string\"}}],\"inLanguage\":\"fr-FR\"},{\"@type\":\"Organization\",\"@id\":\"https:\/\/www.eliterent.com\/#organization\",\"name\":\"Elite Rent\",\"url\":\"https:\/\/www.eliterent.com\/\",\"logo\":{\"@type\":\"ImageObject\",\"inLanguage\":\"fr-FR\",\"@id\":\"https:\/\/www.eliterent.com\/#\/schema\/logo\/image\/\",\"url\":\"https:\/\/www.eliterent.com\/wp-content\/uploads\/2020\/03\/Elite_Logo_NEW_2023_Final-1.png\",\"contentUrl\":\"https:\/\/www.eliterent.com\/wp-content\/uploads\/2020\/03\/Elite_Logo_NEW_2023_Final-1.png\",\"width\":828,\"height\":313,\"caption\":\"Elite Rent\"},\"image\":{\"@id\":\"https:\/\/www.eliterent.com\/#\/schema\/logo\/image\/\"}}]}<\/script>\n<!-- \/ Yoast SEO plugin. -->","yoast_head_json":{"title":"Louer la Mini Cooper Cabriolet en France (Paris) avec Elite Rent.","description":"Louer la Mini Cooper Cabriolet en France (Paris) Avec Elite Rent - Livraison sur mesure \u00e0 Paris, Reims, Versailles, Deauville.","robots":{"index":"index","follow":"follow","max-snippet":"max-snippet:-1","max-image-preview":"max-image-preview:large","max-video-preview":"max-video-preview:-1"},"canonical":"https:\/\/www.eliterent.com\/fr\/location-voiture-prestige\/rent-sport-convertible-car\/mini-cooper-cabriolet-paris-reims\/","og_locale":"fr_FR","og_type":"article","og_title":"Louer la Mini Cooper Cabriolet en France (Paris) avec Elite Rent.","og_description":"Louer la Mini Cooper Cabriolet en France (Paris) Avec Elite Rent - Livraison sur mesure \u00e0 Paris, Reims, Versailles, Deauville.","og_url":"https:\/\/www.eliterent.com\/fr\/location-voiture-prestige\/rent-sport-convertible-car\/mini-cooper-cabriolet-paris-reims\/","og_site_name":"Elite Rent","article_modified_time":"2023-03-29T09:27:51+00:00","og_image":[{"width":425,"height":250,"url":"https:\/\/www.eliterent.com\/wp-content\/uploads\/2021\/06\/Mini_cooper_CAB_WEB-1-1-2.jpg","type":"image\/jpeg"}],"twitter_card":"summary_large_image","schema":{"@context":"https:\/\/schema.org","@graph":[{"@type":"WebPage","@id":"https:\/\/www.eliterent.com\/fr\/location-voiture-prestige\/rent-sport-convertible-car\/mini-cooper-cabriolet-paris-reims\/","url":"https:\/\/www.eliterent.com\/fr\/location-voiture-prestige\/rent-sport-convertible-car\/mini-cooper-cabriolet-paris-reims\/","name":"Louer la Mini Cooper Cabriolet en France (Paris) avec Elite Rent.","isPartOf":{"@id":"https:\/\/www.eliterent.com\/#website"},"primaryImageOfPage":{"@id":"https:\/\/www.eliterent.com\/fr\/location-voiture-prestige\/rent-sport-convertible-car\/mini-cooper-cabriolet-paris-reims\/#primaryimage"},"image":{"@id":"https:\/\/www.eliterent.com\/fr\/location-voiture-prestige\/rent-sport-convertible-car\/mini-cooper-cabriolet-paris-reims\/#primaryimage"},"thumbnailUrl":"https:\/\/www.eliterent.com\/wp-content\/uploads\/2021\/06\/Mini_cooper_CAB_WEB-1-1-2.jpg","datePublished":"2021-05-22T07:02:29+00:00","dateModified":"2023-03-29T09:27:51+00:00","description":"Louer la Mini Cooper Cabriolet en France (Paris) Avec Elite Rent - Livraison sur mesure \u00e0 Paris, Reims, Versailles, Deauville.","breadcrumb":{"@id":"https:\/\/www.eliterent.com\/fr\/location-voiture-prestige\/rent-sport-convertible-car\/mini-cooper-cabriolet-paris-reims\/#breadcrumb"},"inLanguage":"fr-FR","potentialAction":[{"@type":"ReadAction","target":["https:\/\/www.eliterent.com\/fr\/location-voiture-prestige\/rent-sport-convertible-car\/mini-cooper-cabriolet-paris-reims\/"]}]},{"@type":"ImageObject","inLanguage":"fr-FR","@id":"https:\/\/www.eliterent.com\/fr\/location-voiture-prestige\/rent-sport-convertible-car\/mini-cooper-cabriolet-paris-reims\/#primaryimage","url":"https:\/\/www.eliterent.com\/wp-content\/uploads\/2021\/06\/Mini_cooper_CAB_WEB-1-1-2.jpg","contentUrl":"https:\/\/www.eliterent.com\/wp-content\/uploads\/2021\/06\/Mini_cooper_CAB_WEB-1-1-2.jpg","width":425,"height":250},{"@type":"BreadcrumbList","@id":"https:\/\/www.eliterent.com\/fr\/location-voiture-prestige\/rent-sport-convertible-car\/mini-cooper-cabriolet-paris-reims\/#breadcrumb","itemListElement":[{"@type":"ListItem","position":1,"name":"Home","item":"https:\/\/www.eliterent.com\/"},{"@type":"ListItem","position":2,"name":"Location de voitures de luxe en Europe","item":"https:\/\/www.eliterent.com\/fr\/location-de-voitures-de-luxe-et-premium-en-europe\/"},{"@type":"ListItem","position":3,"name":"Mini Cooper Cabriolet"}]},{"@type":"WebSite","@id":"https:\/\/www.eliterent.com\/#website","url":"https:\/\/www.eliterent.com\/","name":"Elite Rent","description":"Rent a Car","publisher":{"@id":"https:\/\/www.eliterent.com\/#organization"},"potentialAction":[{"@type":"SearchAction","target":{"@type":"EntryPoint","urlTemplate":"https:\/\/www.eliterent.com\/?s={search_term_string}"},"query-input":{"@type":"PropertyValueSpecification","valueRequired":true,"valueName":"search_term_string"}}],"inLanguage":"fr-FR"},{"@type":"Organization","@id":"https:\/\/www.eliterent.com\/#organization","name":"Elite Rent","url":"https:\/\/www.eliterent.com\/","logo":{"@type":"ImageObject","inLanguage":"fr-FR","@id":"https:\/\/www.eliterent.com\/#\/schema\/logo\/image\/","url":"https:\/\/www.eliterent.com\/wp-content\/uploads\/2020\/03\/Elite_Logo_NEW_2023_Final-1.png","contentUrl":"https:\/\/www.eliterent.com\/wp-content\/uploads\/2020\/03\/Elite_Logo_NEW_2023_Final-1.png","width":828,"height":313,"caption":"Elite Rent"},"image":{"@id":"https:\/\/www.eliterent.com\/#\/schema\/logo\/image\/"}}]}},"_links":{"self":[{"href":"https:\/\/www.eliterent.com\/fr\/wp-json\/wp\/v2\/product\/50977","targetHints":{"allow":["GET"]}}],"collection":[{"href":"https:\/\/www.eliterent.com\/fr\/wp-json\/wp\/v2\/product"}],"about":[{"href":"https:\/\/www.eliterent.com\/fr\/wp-json\/wp\/v2\/types\/product"}],"version-history":[{"count":0,"href":"https:\/\/www.eliterent.com\/fr\/wp-json\/wp\/v2\/product\/50977\/revisions"}],"wp:featuredmedia":[{"embeddable":true,"href":"https:\/\/www.eliterent.com\/fr\/wp-json\/wp\/v2\/media\/36304"}],"wp:attachment":[{"href":"https:\/\/www.eliterent.com\/fr\/wp-json\/wp\/v2\/media?parent=50977"}],"wp:term":[{"taxonomy":"product_brand","embeddable":true,"href":"https:\/\/www.eliterent.com\/fr\/wp-json\/wp\/v2\/product_brand?post=50977"},{"taxonomy":"product_cat","embeddable":true,"href":"https:\/\/www.eliterent.com\/fr\/wp-json\/wp\/v2\/product_cat?post=50977"},{"taxonomy":"product_tag","embeddable":true,"href":"https:\/\/www.eliterent.com\/fr\/wp-json\/wp\/v2\/product_tag?post=50977"},{"taxonomy":"agency-2","embeddable":true,"href":"https:\/\/www.eliterent.com\/fr\/wp-json\/wp\/v2\/agency-2?post=50977"},{"taxonomy":"agency-1","embeddable":true,"href":"https:\/\/www.eliterent.com\/fr\/wp-json\/wp\/v2\/agency-1?post=50977"},{"taxonomy":"model","embeddable":true,"href":"https:\/\/www.eliterent.com\/fr\/wp-json\/wp\/v2\/model?post=50977"},{"taxonomy":"brand","embeddable":true,"href":"https:\/\/www.eliterent.com\/fr\/wp-json\/wp\/v2\/brand?post=50977"},{"taxonomy":"types","embeddable":true,"href":"https:\/\/www.eliterent.com\/fr\/wp-json\/wp\/v2\/types?post=50977"},{"taxonomy":"city","embeddable":true,"href":"https:\/\/www.eliterent.com\/fr\/wp-json\/wp\/v2\/city?post=50977"},{"taxonomy":"country","embeddable":true,"href":"https:\/\/www.eliterent.com\/fr\/wp-json\/wp\/v2\/country?post=50977"},{"taxonomy":"service","embeddable":true,"href":"https:\/\/www.eliterent.com\/fr\/wp-json\/wp\/v2\/service?post=50977"}],"curies":[{"name":"wp","href":"https:\/\/api.w.org\/{rel}","templated":true}]}}