{"id":50827,"date":"2021-05-22T12:30:40","date_gmt":"2021-05-22T17:00:40","guid":{"rendered":"https:\/\/dev-elite.online\/flotte-elite-rent-a-car\/bmw-z4-m40i-3\/"},"modified":"2025-05-19T16:42:18","modified_gmt":"2025-05-19T14:42:18","slug":"bmw-z4-m40i-monte-carlo-monaco","status":"publish","type":"product","link":"https:\/\/www.eliterent.com\/fr\/location-voiture-prestige\/sportive-cabriolet\/bmw-z4-m40i-monte-carlo-monaco\/","title":{"rendered":"BMW Z4 Roadster"},"content":{"rendered":"<p>La gamme de la s\u00e9rie Z de BMW prend ses racines en 1989 avec la singuli\u00e8re Z1. Au fil des g\u00e9n\u00e9rations de voitures Z telles que la Z3, la Z8 et les mod\u00e8les pr\u00e9c\u00e9dents de la Z4, chaque voiture a am\u00e9lior\u00e9 son pr\u00e9d\u00e9cesseur en offrant la quintessence de l&rsquo;exp\u00e9rience roadster. Pour 2019, MW a lanc\u00e9 la toute nouvelle BMW Z4. Son style moderne et ses \u00e9l\u00e9ments de design \u00e9l\u00e9gan6ts en font une voiture attire les regards. Mais qu&rsquo;en est-il de l&rsquo;exp\u00e9rience de conduite ? Eh bien, la nouvelle Z4 s&rsquo;am\u00e9liore sur ce point \u00e9galement ! Un ch\u00e2ssis plus rigide et un empattement plus court signifient une agilit\u00e9 et une confiance suppl\u00e9mentaires sur la route pour le petit cabriolet. Avec un moteur de 197 ch, ce roadster amusant est vraiment un plaisir \u00e0 conduire ! \u00c0 l&rsquo;int\u00e9rieur, la Z4 b\u00e9n\u00e9ficie d&rsquo;un tout nouveau design. Outre les garnitures de luxe attendues comme les si\u00e8ges en cuir, la climatisation et la navigation, le look modernis\u00e9 est une \u00e9norme am\u00e9lioration par rapport au mod\u00e8le sortant. Elle dispose de si\u00e8ges sport sur mesure avec des fonctions de soutien automatique pour les routes sinueuses. Louez une BMW Z4 NEW \u00e0 Monaco avec Elite Rent-a-Car et profitez de la voiture de location parfaite pour votre voyage en Europe.<\/p>\n","protected":false},"excerpt":{"rendered":"<p>[jet_post_terms tax:=\u00a0\u00bbcountry\u00a0\u00bb]<\/p>\n","protected":false},"featured_media":57621,"template":"","meta":{"_acf_changed":false,"site-sidebar-layout":"no-sidebar","site-content-layout":"plain-container","ast-site-content-layout":"normal-width-container","site-content-style":"unboxed","site-sidebar-style":"unboxed","ast-global-header-display":"","ast-banner-title-visibility":"","ast-main-header-display":"","ast-hfb-above-header-display":"","ast-hfb-below-header-display":"","ast-hfb-mobile-header-display":"","site-post-title":"","ast-breadcrumbs-content":"","ast-featured-img":"","footer-sml-layout":"","theme-transparent-header-meta":"default","adv-header-id-meta":"","stick-header-meta":"","header-above-stick-meta":"","header-main-stick-meta":"","header-below-stick-meta":"","astra-migrate-meta-layouts":"set","ast-page-background-enabled":"default","ast-page-background-meta":{"desktop":{"background-color":"","background-image":"","background-repeat":"repeat","background-position":"center center","background-size":"auto","background-attachment":"scroll","background-type":"","background-media":"","overlay-type":"","overlay-color":"","overlay-opacity":"","overlay-gradient":""},"tablet":{"background-color":"","background-image":"","background-repeat":"repeat","background-position":"center center","background-size":"auto","background-attachment":"scroll","background-type":"","background-media":"","overlay-type":"","overlay-color":"","overlay-opacity":"","overlay-gradient":""},"mobile":{"background-color":"","background-image":"","background-repeat":"repeat","background-position":"center center","background-size":"auto","background-attachment":"scroll","background-type":"","background-media":"","overlay-type":"","overlay-color":"","overlay-opacity":"","overlay-gradient":""}},"ast-content-background-meta":{"desktop":{"background-color":"var(--ast-global-color-5)","background-image":"","background-repeat":"repeat","background-position":"center center","background-size":"auto","background-attachment":"scroll","background-type":"","background-media":"","overlay-type":"","overlay-color":"","overlay-opacity":"","overlay-gradient":""},"tablet":{"background-color":"var(--ast-global-color-5)","background-image":"","background-repeat":"repeat","background-position":"center center","background-size":"auto","background-attachment":"scroll","background-type":"","background-media":"","overlay-type":"","overlay-color":"","overlay-opacity":"","overlay-gradient":""},"mobile":{"background-color":"var(--ast-global-color-5)","background-image":"","background-repeat":"repeat","background-position":"center center","background-size":"auto","background-attachment":"scroll","background-type":"","background-media":"","overlay-type":"","overlay-color":"","overlay-opacity":"","overlay-gradient":""}}},"product_brand":[],"product_cat":[2298],"product_tag":[],"agency-2":[],"agency-1":[2698],"model":[],"brand":[2303],"types":[2329],"city":[2647,2648,2649,2650,2623],"country":[2313],"service":[],"class_list":{"0":"post-50827","1":"product","2":"type-product","3":"status-publish","4":"has-post-thumbnail","6":"product_cat-sportive-cabriolet","7":"agency-1-monaco-fr","8":"brand-louer-une-bmw","9":"types-sports-convertible-fr","10":"city-beaulieu-fr","11":"city-cap-dail-fr","12":"city-eze-fr","13":"city-monte-carlo-fr","14":"city-saint-jean-cap-ferrat-fr","15":"country-monaco-fr","16":"desktop-align-left","17":"tablet-align-left","18":"mobile-align-left","20":"first","21":"instock","22":"shipping-taxable","23":"purchasable","24":"product-type-redq_rental"},"acf":[],"yoast_head":"<!-- This site is optimized with the Yoast SEO plugin v27.4 - https:\/\/yoast.com\/product\/yoast-seo-wordpress\/ -->\n<title>Louer la BMW Z4 Roadster \u00e0 Monaco avec Elite Rent.<\/title>\n<meta name=\"description\" content=\"Louer la BMW Z4 Roadster \u00e0 Monaco avec Elite Rent - Livraison et reprise sur mesure \u00e0 Monte-Carlo, Monaco.\" \/>\n<meta name=\"robots\" content=\"index, follow, max-snippet:-1, max-image-preview:large, max-video-preview:-1\" \/>\n<link rel=\"canonical\" href=\"https:\/\/www.eliterent.com\/fr\/location-voiture-prestige\/sportive-cabriolet\/bmw-z4-m40i-monte-carlo-monaco\/\" \/>\n<meta property=\"og:locale\" content=\"fr_FR\" \/>\n<meta property=\"og:type\" content=\"article\" \/>\n<meta property=\"og:title\" content=\"Louer la BMW Z4 Roadster \u00e0 Monaco avec Elite Rent.\" \/>\n<meta property=\"og:description\" content=\"Louer la BMW Z4 Roadster \u00e0 Monaco avec Elite Rent - Livraison et reprise sur mesure \u00e0 Monte-Carlo, Monaco.\" \/>\n<meta property=\"og:url\" content=\"https:\/\/www.eliterent.com\/fr\/location-voiture-prestige\/sportive-cabriolet\/bmw-z4-m40i-monte-carlo-monaco\/\" \/>\n<meta property=\"og:site_name\" content=\"Elite Rent\" \/>\n<meta property=\"article:modified_time\" content=\"2025-05-19T14:42:18+00:00\" \/>\n<meta property=\"og:image\" content=\"https:\/\/www.eliterent.com\/wp-content\/uploads\/2021\/05\/WEB_BMW_Z4_Front_HOTWhite.jpg\" \/>\n\t<meta property=\"og:image:width\" content=\"425\" \/>\n\t<meta property=\"og:image:height\" content=\"250\" \/>\n\t<meta property=\"og:image:type\" content=\"image\/jpeg\" \/>\n<meta name=\"twitter:card\" content=\"summary_large_image\" \/>\n<script type=\"application\/ld+json\" class=\"yoast-schema-graph\">{\"@context\":\"https:\\\/\\\/schema.org\",\"@graph\":[{\"@type\":\"WebPage\",\"@id\":\"https:\\\/\\\/www.eliterent.com\\\/fr\\\/location-voiture-prestige\\\/sportive-cabriolet\\\/bmw-z4-m40i-monte-carlo-monaco\\\/\",\"url\":\"https:\\\/\\\/www.eliterent.com\\\/fr\\\/location-voiture-prestige\\\/sportive-cabriolet\\\/bmw-z4-m40i-monte-carlo-monaco\\\/\",\"name\":\"Louer la BMW Z4 Roadster \u00e0 Monaco avec Elite Rent.\",\"isPartOf\":{\"@id\":\"https:\\\/\\\/www.eliterent.com\\\/#website\"},\"primaryImageOfPage\":{\"@id\":\"https:\\\/\\\/www.eliterent.com\\\/fr\\\/location-voiture-prestige\\\/sportive-cabriolet\\\/bmw-z4-m40i-monte-carlo-monaco\\\/#primaryimage\"},\"image\":{\"@id\":\"https:\\\/\\\/www.eliterent.com\\\/fr\\\/location-voiture-prestige\\\/sportive-cabriolet\\\/bmw-z4-m40i-monte-carlo-monaco\\\/#primaryimage\"},\"thumbnailUrl\":\"https:\\\/\\\/www.eliterent.com\\\/wp-content\\\/uploads\\\/2021\\\/05\\\/WEB_BMW_Z4_Front_HOTWhite.jpg\",\"datePublished\":\"2021-05-22T17:00:40+00:00\",\"dateModified\":\"2025-05-19T14:42:18+00:00\",\"description\":\"Louer la BMW Z4 Roadster \u00e0 Monaco avec Elite Rent - Livraison et reprise sur mesure \u00e0 Monte-Carlo, Monaco.\",\"breadcrumb\":{\"@id\":\"https:\\\/\\\/www.eliterent.com\\\/fr\\\/location-voiture-prestige\\\/sportive-cabriolet\\\/bmw-z4-m40i-monte-carlo-monaco\\\/#breadcrumb\"},\"inLanguage\":\"fr-FR\",\"potentialAction\":[{\"@type\":\"ReadAction\",\"target\":[\"https:\\\/\\\/www.eliterent.com\\\/fr\\\/location-voiture-prestige\\\/sportive-cabriolet\\\/bmw-z4-m40i-monte-carlo-monaco\\\/\"]}]},{\"@type\":\"ImageObject\",\"inLanguage\":\"fr-FR\",\"@id\":\"https:\\\/\\\/www.eliterent.com\\\/fr\\\/location-voiture-prestige\\\/sportive-cabriolet\\\/bmw-z4-m40i-monte-carlo-monaco\\\/#primaryimage\",\"url\":\"https:\\\/\\\/www.eliterent.com\\\/wp-content\\\/uploads\\\/2021\\\/05\\\/WEB_BMW_Z4_Front_HOTWhite.jpg\",\"contentUrl\":\"https:\\\/\\\/www.eliterent.com\\\/wp-content\\\/uploads\\\/2021\\\/05\\\/WEB_BMW_Z4_Front_HOTWhite.jpg\",\"width\":425,\"height\":250},{\"@type\":\"BreadcrumbList\",\"@id\":\"https:\\\/\\\/www.eliterent.com\\\/fr\\\/location-voiture-prestige\\\/sportive-cabriolet\\\/bmw-z4-m40i-monte-carlo-monaco\\\/#breadcrumb\",\"itemListElement\":[{\"@type\":\"ListItem\",\"position\":1,\"name\":\"Home\",\"item\":\"https:\\\/\\\/www.eliterent.com\\\/\"},{\"@type\":\"ListItem\",\"position\":2,\"name\":\"Location de voitures de luxe en Europe\",\"item\":\"https:\\\/\\\/www.eliterent.com\\\/fr\\\/location-de-voitures-de-luxe-et-premium-en-europe\\\/\"},{\"@type\":\"ListItem\",\"position\":3,\"name\":\"BMW Z4 Roadster\"}]},{\"@type\":\"WebSite\",\"@id\":\"https:\\\/\\\/www.eliterent.com\\\/#website\",\"url\":\"https:\\\/\\\/www.eliterent.com\\\/\",\"name\":\"Elite Rent\",\"description\":\"Rent a Car\",\"publisher\":{\"@id\":\"https:\\\/\\\/www.eliterent.com\\\/#organization\"},\"potentialAction\":[{\"@type\":\"SearchAction\",\"target\":{\"@type\":\"EntryPoint\",\"urlTemplate\":\"https:\\\/\\\/www.eliterent.com\\\/?s={search_term_string}\"},\"query-input\":{\"@type\":\"PropertyValueSpecification\",\"valueRequired\":true,\"valueName\":\"search_term_string\"}}],\"inLanguage\":\"fr-FR\"},{\"@type\":\"Organization\",\"@id\":\"https:\\\/\\\/www.eliterent.com\\\/#organization\",\"name\":\"Elite Rent\",\"url\":\"https:\\\/\\\/www.eliterent.com\\\/\",\"logo\":{\"@type\":\"ImageObject\",\"inLanguage\":\"fr-FR\",\"@id\":\"https:\\\/\\\/www.eliterent.com\\\/#\\\/schema\\\/logo\\\/image\\\/\",\"url\":\"https:\\\/\\\/www.eliterent.com\\\/wp-content\\\/uploads\\\/2020\\\/03\\\/Elite_Logo_NEW_2023_Final-1.png\",\"contentUrl\":\"https:\\\/\\\/www.eliterent.com\\\/wp-content\\\/uploads\\\/2020\\\/03\\\/Elite_Logo_NEW_2023_Final-1.png\",\"width\":828,\"height\":313,\"caption\":\"Elite Rent\"},\"image\":{\"@id\":\"https:\\\/\\\/www.eliterent.com\\\/#\\\/schema\\\/logo\\\/image\\\/\"}}]}<\/script>\n<!-- \/ Yoast SEO plugin. -->","yoast_head_json":{"title":"Louer la BMW Z4 Roadster \u00e0 Monaco avec Elite Rent.","description":"Louer la BMW Z4 Roadster \u00e0 Monaco avec Elite Rent - Livraison et reprise sur mesure \u00e0 Monte-Carlo, Monaco.","robots":{"index":"index","follow":"follow","max-snippet":"max-snippet:-1","max-image-preview":"max-image-preview:large","max-video-preview":"max-video-preview:-1"},"canonical":"https:\/\/www.eliterent.com\/fr\/location-voiture-prestige\/sportive-cabriolet\/bmw-z4-m40i-monte-carlo-monaco\/","og_locale":"fr_FR","og_type":"article","og_title":"Louer la BMW Z4 Roadster \u00e0 Monaco avec Elite Rent.","og_description":"Louer la BMW Z4 Roadster \u00e0 Monaco avec Elite Rent - Livraison et reprise sur mesure \u00e0 Monte-Carlo, Monaco.","og_url":"https:\/\/www.eliterent.com\/fr\/location-voiture-prestige\/sportive-cabriolet\/bmw-z4-m40i-monte-carlo-monaco\/","og_site_name":"Elite Rent","article_modified_time":"2025-05-19T14:42:18+00:00","og_image":[{"width":425,"height":250,"url":"https:\/\/www.eliterent.com\/wp-content\/uploads\/2021\/05\/WEB_BMW_Z4_Front_HOTWhite.jpg","type":"image\/jpeg"}],"twitter_card":"summary_large_image","schema":{"@context":"https:\/\/schema.org","@graph":[{"@type":"WebPage","@id":"https:\/\/www.eliterent.com\/fr\/location-voiture-prestige\/sportive-cabriolet\/bmw-z4-m40i-monte-carlo-monaco\/","url":"https:\/\/www.eliterent.com\/fr\/location-voiture-prestige\/sportive-cabriolet\/bmw-z4-m40i-monte-carlo-monaco\/","name":"Louer la BMW Z4 Roadster \u00e0 Monaco avec Elite Rent.","isPartOf":{"@id":"https:\/\/www.eliterent.com\/#website"},"primaryImageOfPage":{"@id":"https:\/\/www.eliterent.com\/fr\/location-voiture-prestige\/sportive-cabriolet\/bmw-z4-m40i-monte-carlo-monaco\/#primaryimage"},"image":{"@id":"https:\/\/www.eliterent.com\/fr\/location-voiture-prestige\/sportive-cabriolet\/bmw-z4-m40i-monte-carlo-monaco\/#primaryimage"},"thumbnailUrl":"https:\/\/www.eliterent.com\/wp-content\/uploads\/2021\/05\/WEB_BMW_Z4_Front_HOTWhite.jpg","datePublished":"2021-05-22T17:00:40+00:00","dateModified":"2025-05-19T14:42:18+00:00","description":"Louer la BMW Z4 Roadster \u00e0 Monaco avec Elite Rent - Livraison et reprise sur mesure \u00e0 Monte-Carlo, Monaco.","breadcrumb":{"@id":"https:\/\/www.eliterent.com\/fr\/location-voiture-prestige\/sportive-cabriolet\/bmw-z4-m40i-monte-carlo-monaco\/#breadcrumb"},"inLanguage":"fr-FR","potentialAction":[{"@type":"ReadAction","target":["https:\/\/www.eliterent.com\/fr\/location-voiture-prestige\/sportive-cabriolet\/bmw-z4-m40i-monte-carlo-monaco\/"]}]},{"@type":"ImageObject","inLanguage":"fr-FR","@id":"https:\/\/www.eliterent.com\/fr\/location-voiture-prestige\/sportive-cabriolet\/bmw-z4-m40i-monte-carlo-monaco\/#primaryimage","url":"https:\/\/www.eliterent.com\/wp-content\/uploads\/2021\/05\/WEB_BMW_Z4_Front_HOTWhite.jpg","contentUrl":"https:\/\/www.eliterent.com\/wp-content\/uploads\/2021\/05\/WEB_BMW_Z4_Front_HOTWhite.jpg","width":425,"height":250},{"@type":"BreadcrumbList","@id":"https:\/\/www.eliterent.com\/fr\/location-voiture-prestige\/sportive-cabriolet\/bmw-z4-m40i-monte-carlo-monaco\/#breadcrumb","itemListElement":[{"@type":"ListItem","position":1,"name":"Home","item":"https:\/\/www.eliterent.com\/"},{"@type":"ListItem","position":2,"name":"Location de voitures de luxe en Europe","item":"https:\/\/www.eliterent.com\/fr\/location-de-voitures-de-luxe-et-premium-en-europe\/"},{"@type":"ListItem","position":3,"name":"BMW Z4 Roadster"}]},{"@type":"WebSite","@id":"https:\/\/www.eliterent.com\/#website","url":"https:\/\/www.eliterent.com\/","name":"Elite Rent","description":"Rent a Car","publisher":{"@id":"https:\/\/www.eliterent.com\/#organization"},"potentialAction":[{"@type":"SearchAction","target":{"@type":"EntryPoint","urlTemplate":"https:\/\/www.eliterent.com\/?s={search_term_string}"},"query-input":{"@type":"PropertyValueSpecification","valueRequired":true,"valueName":"search_term_string"}}],"inLanguage":"fr-FR"},{"@type":"Organization","@id":"https:\/\/www.eliterent.com\/#organization","name":"Elite Rent","url":"https:\/\/www.eliterent.com\/","logo":{"@type":"ImageObject","inLanguage":"fr-FR","@id":"https:\/\/www.eliterent.com\/#\/schema\/logo\/image\/","url":"https:\/\/www.eliterent.com\/wp-content\/uploads\/2020\/03\/Elite_Logo_NEW_2023_Final-1.png","contentUrl":"https:\/\/www.eliterent.com\/wp-content\/uploads\/2020\/03\/Elite_Logo_NEW_2023_Final-1.png","width":828,"height":313,"caption":"Elite Rent"},"image":{"@id":"https:\/\/www.eliterent.com\/#\/schema\/logo\/image\/"}}]}},"_links":{"self":[{"href":"https:\/\/www.eliterent.com\/fr\/wp-json\/wp\/v2\/product\/50827","targetHints":{"allow":["GET"]}}],"collection":[{"href":"https:\/\/www.eliterent.com\/fr\/wp-json\/wp\/v2\/product"}],"about":[{"href":"https:\/\/www.eliterent.com\/fr\/wp-json\/wp\/v2\/types\/product"}],"version-history":[{"count":0,"href":"https:\/\/www.eliterent.com\/fr\/wp-json\/wp\/v2\/product\/50827\/revisions"}],"wp:featuredmedia":[{"embeddable":true,"href":"https:\/\/www.eliterent.com\/fr\/wp-json\/wp\/v2\/media\/57621"}],"wp:attachment":[{"href":"https:\/\/www.eliterent.com\/fr\/wp-json\/wp\/v2\/media?parent=50827"}],"wp:term":[{"taxonomy":"product_brand","embeddable":true,"href":"https:\/\/www.eliterent.com\/fr\/wp-json\/wp\/v2\/product_brand?post=50827"},{"taxonomy":"product_cat","embeddable":true,"href":"https:\/\/www.eliterent.com\/fr\/wp-json\/wp\/v2\/product_cat?post=50827"},{"taxonomy":"product_tag","embeddable":true,"href":"https:\/\/www.eliterent.com\/fr\/wp-json\/wp\/v2\/product_tag?post=50827"},{"taxonomy":"agency-2","embeddable":true,"href":"https:\/\/www.eliterent.com\/fr\/wp-json\/wp\/v2\/agency-2?post=50827"},{"taxonomy":"agency-1","embeddable":true,"href":"https:\/\/www.eliterent.com\/fr\/wp-json\/wp\/v2\/agency-1?post=50827"},{"taxonomy":"model","embeddable":true,"href":"https:\/\/www.eliterent.com\/fr\/wp-json\/wp\/v2\/model?post=50827"},{"taxonomy":"brand","embeddable":true,"href":"https:\/\/www.eliterent.com\/fr\/wp-json\/wp\/v2\/brand?post=50827"},{"taxonomy":"types","embeddable":true,"href":"https:\/\/www.eliterent.com\/fr\/wp-json\/wp\/v2\/types?post=50827"},{"taxonomy":"city","embeddable":true,"href":"https:\/\/www.eliterent.com\/fr\/wp-json\/wp\/v2\/city?post=50827"},{"taxonomy":"country","embeddable":true,"href":"https:\/\/www.eliterent.com\/fr\/wp-json\/wp\/v2\/country?post=50827"},{"taxonomy":"service","embeddable":true,"href":"https:\/\/www.eliterent.com\/fr\/wp-json\/wp\/v2\/service?post=50827"}],"curies":[{"name":"wp","href":"https:\/\/api.w.org\/{rel}","templated":true}]}}