{"id":50754,"date":"2021-05-21T09:33:53","date_gmt":"2021-05-21T07:33:53","guid":{"rendered":"https:\/\/dev-elite.online\/flotte-elite-rent-a-car\/mini-cooper-2\/"},"modified":"2025-05-12T16:28:19","modified_gmt":"2025-05-12T14:28:19","slug":"mini-cooper-4-portes-cannes-nice","status":"publish","type":"product","link":"https:\/\/www.eliterent.com\/fr\/location-voiture-prestige\/citadine\/mini-cooper-4-portes-cannes-nice\/","title":{"rendered":"Mini Cooper 4-Portes"},"content":{"rendered":"<p>Loin des Mini d&rsquo;autrefois, la nouvelle version du mod\u00e8le semble r\u00e9colter le m\u00eame succ\u00e8s. La derni\u00e8re it\u00e9ration de la voiture compacte mondialement connue incarne toutes les caract\u00e9ristiques qui rendent la Mini si sympathique. Un ch\u00e2ssis petit et solide conf\u00e8re \u00e0 la voiture une stabilit\u00e9 et une maniabilit\u00e9 impressionnantes, tandis que le moteur 1,2 litre, petit mais percutant, fournit les 136 ch n\u00e9cessaires pour faire passer cette petite voiture amusante de 0 \u00e0 100 km\/h en seulement 7,2 secondes. A l&rsquo;int\u00e9rieur du v\u00e9hicule, la sellerie et les mat\u00e9riaux sont de haute qualit\u00e9 avec tous les \u00e9quipements n\u00e9cessaires tels que la navigation, la climatisation et plus encore. Louez la Mini Cooper aujourd&rsquo;hui et d\u00e9couvrez \u00e0 quoi ressemble un tour de ville en karting. Louez une Mini Cooper Limited en France avec Elite Rent-a-Car et profitez de la voiture de location parfaite pour votre voyage en Europe.<\/p>\n","protected":false},"excerpt":{"rendered":"<p>[jet_post_terms tax:=\u00a0\u00bbcountry\u00a0\u00bb]<\/p>\n","protected":false},"featured_media":49249,"template":"","meta":{"_acf_changed":false,"site-sidebar-layout":"no-sidebar","site-content-layout":"plain-container","ast-site-content-layout":"normal-width-container","site-content-style":"unboxed","site-sidebar-style":"unboxed","ast-global-header-display":"","ast-banner-title-visibility":"","ast-main-header-display":"","ast-hfb-above-header-display":"","ast-hfb-below-header-display":"","ast-hfb-mobile-header-display":"","site-post-title":"","ast-breadcrumbs-content":"","ast-featured-img":"","footer-sml-layout":"","theme-transparent-header-meta":"default","adv-header-id-meta":"","stick-header-meta":"","header-above-stick-meta":"","header-main-stick-meta":"","header-below-stick-meta":"","astra-migrate-meta-layouts":"default","ast-page-background-enabled":"default","ast-page-background-meta":{"desktop":{"background-color":"","background-image":"","background-repeat":"repeat","background-position":"center center","background-size":"auto","background-attachment":"scroll","background-type":"","background-media":"","overlay-type":"","overlay-color":"","overlay-opacity":"","overlay-gradient":""},"tablet":{"background-color":"","background-image":"","background-repeat":"repeat","background-position":"center center","background-size":"auto","background-attachment":"scroll","background-type":"","background-media":"","overlay-type":"","overlay-color":"","overlay-opacity":"","overlay-gradient":""},"mobile":{"background-color":"","background-image":"","background-repeat":"repeat","background-position":"center center","background-size":"auto","background-attachment":"scroll","background-type":"","background-media":"","overlay-type":"","overlay-color":"","overlay-opacity":"","overlay-gradient":""}},"ast-content-background-meta":{"desktop":{"background-color":"var(--ast-global-color-5)","background-image":"","background-repeat":"repeat","background-position":"center center","background-size":"auto","background-attachment":"scroll","background-type":"","background-media":"","overlay-type":"","overlay-color":"","overlay-opacity":"","overlay-gradient":""},"tablet":{"background-color":"var(--ast-global-color-5)","background-image":"","background-repeat":"repeat","background-position":"center center","background-size":"auto","background-attachment":"scroll","background-type":"","background-media":"","overlay-type":"","overlay-color":"","overlay-opacity":"","overlay-gradient":""},"mobile":{"background-color":"var(--ast-global-color-5)","background-image":"","background-repeat":"repeat","background-position":"center center","background-size":"auto","background-attachment":"scroll","background-type":"","background-media":"","overlay-type":"","overlay-color":"","overlay-opacity":"","overlay-gradient":""}}},"product_brand":[],"product_cat":[2299],"product_tag":[],"agency-2":[2691],"agency-1":[2694],"model":[],"brand":[2304],"types":[2307],"city":[2627,2628,2647,2620,2649,2621,2622,2623,2624],"country":[2339],"service":[],"class_list":{"0":"post-50754","1":"product","2":"type-product","3":"status-publish","4":"has-post-thumbnail","6":"product_cat-citadine","7":"agency-2-nice-fr","8":"agency-1-cannes-fr","9":"brand-louer-une-mini","10":"types-city-fr","11":"city-aix-en-provence-fr","12":"city-antibes-fr","13":"city-beaulieu-fr","14":"city-cannes-fr","15":"city-eze-fr","16":"city-juan-les-pins-fr","17":"city-nice-fr","18":"city-saint-jean-cap-ferrat-fr","19":"city-saint-tropez-fr","20":"country-france-fr","21":"desktop-align-left","22":"tablet-align-left","23":"mobile-align-left","25":"first","26":"instock","27":"shipping-taxable","28":"purchasable","29":"product-type-redq_rental"},"acf":[],"yoast_head":"<!-- This site is optimized with the Yoast SEO plugin v27.1.1 - https:\/\/yoast.com\/product\/yoast-seo-wordpress\/ -->\n<title>Louer la Mini Cooper 4-Portes en France (C\u00f4te d&#8217;Azur) avec Elite Rent.<\/title>\n<meta name=\"description\" content=\"Louer la Mini Cooper 4-Portes en France (C\u00f4te d&#8217;Azur) avec Elite Rent - Livraison sur mesure \u00e0 Cannes, Nice, St. Tropez, \u00c8ze, Vences, Cap Ferrat.\" \/>\n<meta name=\"robots\" content=\"index, follow, max-snippet:-1, max-image-preview:large, max-video-preview:-1\" \/>\n<link rel=\"canonical\" href=\"https:\/\/www.eliterent.com\/fr\/location-voiture-prestige\/citadine\/mini-cooper-4-portes-cannes-nice\/\" \/>\n<meta property=\"og:locale\" content=\"fr_FR\" \/>\n<meta property=\"og:type\" content=\"article\" \/>\n<meta property=\"og:title\" content=\"Louer la Mini Cooper 4-Portes en France (C\u00f4te d&#8217;Azur) avec Elite Rent.\" \/>\n<meta property=\"og:description\" content=\"Louer la Mini Cooper 4-Portes en France (C\u00f4te d&#8217;Azur) avec Elite Rent - Livraison sur mesure \u00e0 Cannes, Nice, St. Tropez, \u00c8ze, Vences, Cap Ferrat.\" \/>\n<meta property=\"og:url\" content=\"https:\/\/www.eliterent.com\/fr\/location-voiture-prestige\/citadine\/mini-cooper-4-portes-cannes-nice\/\" \/>\n<meta property=\"og:site_name\" content=\"Elite Rent\" \/>\n<meta property=\"article:modified_time\" content=\"2025-05-12T14:28:19+00:00\" \/>\n<meta property=\"og:image\" content=\"https:\/\/www.eliterent.com\/wp-content\/uploads\/2021\/05\/Mini_5_door_FRONT.png\" \/>\n\t<meta property=\"og:image:width\" content=\"425\" \/>\n\t<meta property=\"og:image:height\" content=\"250\" \/>\n\t<meta property=\"og:image:type\" content=\"image\/png\" \/>\n<meta name=\"twitter:card\" content=\"summary_large_image\" \/>\n<script type=\"application\/ld+json\" class=\"yoast-schema-graph\">{\"@context\":\"https:\/\/schema.org\",\"@graph\":[{\"@type\":\"WebPage\",\"@id\":\"https:\/\/www.eliterent.com\/fr\/location-voiture-prestige\/citadine\/mini-cooper-4-portes-cannes-nice\/\",\"url\":\"https:\/\/www.eliterent.com\/fr\/location-voiture-prestige\/citadine\/mini-cooper-4-portes-cannes-nice\/\",\"name\":\"Louer la Mini Cooper 4-Portes en France (C\u00f4te d&#8217;Azur) avec Elite Rent.\",\"isPartOf\":{\"@id\":\"https:\/\/www.eliterent.com\/#website\"},\"primaryImageOfPage\":{\"@id\":\"https:\/\/www.eliterent.com\/fr\/location-voiture-prestige\/citadine\/mini-cooper-4-portes-cannes-nice\/#primaryimage\"},\"image\":{\"@id\":\"https:\/\/www.eliterent.com\/fr\/location-voiture-prestige\/citadine\/mini-cooper-4-portes-cannes-nice\/#primaryimage\"},\"thumbnailUrl\":\"https:\/\/www.eliterent.com\/wp-content\/uploads\/2021\/05\/Mini_5_door_FRONT.png\",\"datePublished\":\"2021-05-21T07:33:53+00:00\",\"dateModified\":\"2025-05-12T14:28:19+00:00\",\"description\":\"Louer la Mini Cooper 4-Portes en France (C\u00f4te d&#8217;Azur) avec Elite Rent - Livraison sur mesure \u00e0 Cannes, Nice, St. Tropez, \u00c8ze, Vences, Cap Ferrat.\",\"breadcrumb\":{\"@id\":\"https:\/\/www.eliterent.com\/fr\/location-voiture-prestige\/citadine\/mini-cooper-4-portes-cannes-nice\/#breadcrumb\"},\"inLanguage\":\"fr-FR\",\"potentialAction\":[{\"@type\":\"ReadAction\",\"target\":[\"https:\/\/www.eliterent.com\/fr\/location-voiture-prestige\/citadine\/mini-cooper-4-portes-cannes-nice\/\"]}]},{\"@type\":\"ImageObject\",\"inLanguage\":\"fr-FR\",\"@id\":\"https:\/\/www.eliterent.com\/fr\/location-voiture-prestige\/citadine\/mini-cooper-4-portes-cannes-nice\/#primaryimage\",\"url\":\"https:\/\/www.eliterent.com\/wp-content\/uploads\/2021\/05\/Mini_5_door_FRONT.png\",\"contentUrl\":\"https:\/\/www.eliterent.com\/wp-content\/uploads\/2021\/05\/Mini_5_door_FRONT.png\",\"width\":425,\"height\":250},{\"@type\":\"BreadcrumbList\",\"@id\":\"https:\/\/www.eliterent.com\/fr\/location-voiture-prestige\/citadine\/mini-cooper-4-portes-cannes-nice\/#breadcrumb\",\"itemListElement\":[{\"@type\":\"ListItem\",\"position\":1,\"name\":\"Home\",\"item\":\"https:\/\/www.eliterent.com\/\"},{\"@type\":\"ListItem\",\"position\":2,\"name\":\"Location de voitures de luxe en Europe\",\"item\":\"https:\/\/www.eliterent.com\/fr\/location-de-voitures-de-luxe-et-premium-en-europe\/\"},{\"@type\":\"ListItem\",\"position\":3,\"name\":\"Mini Cooper 4-Portes\"}]},{\"@type\":\"WebSite\",\"@id\":\"https:\/\/www.eliterent.com\/#website\",\"url\":\"https:\/\/www.eliterent.com\/\",\"name\":\"Elite Rent\",\"description\":\"Rent a Car\",\"publisher\":{\"@id\":\"https:\/\/www.eliterent.com\/#organization\"},\"potentialAction\":[{\"@type\":\"SearchAction\",\"target\":{\"@type\":\"EntryPoint\",\"urlTemplate\":\"https:\/\/www.eliterent.com\/?s={search_term_string}\"},\"query-input\":{\"@type\":\"PropertyValueSpecification\",\"valueRequired\":true,\"valueName\":\"search_term_string\"}}],\"inLanguage\":\"fr-FR\"},{\"@type\":\"Organization\",\"@id\":\"https:\/\/www.eliterent.com\/#organization\",\"name\":\"Elite Rent\",\"url\":\"https:\/\/www.eliterent.com\/\",\"logo\":{\"@type\":\"ImageObject\",\"inLanguage\":\"fr-FR\",\"@id\":\"https:\/\/www.eliterent.com\/#\/schema\/logo\/image\/\",\"url\":\"https:\/\/www.eliterent.com\/wp-content\/uploads\/2020\/03\/Elite_Logo_NEW_2023_Final-1.png\",\"contentUrl\":\"https:\/\/www.eliterent.com\/wp-content\/uploads\/2020\/03\/Elite_Logo_NEW_2023_Final-1.png\",\"width\":828,\"height\":313,\"caption\":\"Elite Rent\"},\"image\":{\"@id\":\"https:\/\/www.eliterent.com\/#\/schema\/logo\/image\/\"}}]}<\/script>\n<!-- \/ Yoast SEO plugin. -->","yoast_head_json":{"title":"Louer la Mini Cooper 4-Portes en France (C\u00f4te d&#8217;Azur) avec Elite Rent.","description":"Louer la Mini Cooper 4-Portes en France (C\u00f4te d&#8217;Azur) avec Elite Rent - Livraison sur mesure \u00e0 Cannes, Nice, St. Tropez, \u00c8ze, Vences, Cap Ferrat.","robots":{"index":"index","follow":"follow","max-snippet":"max-snippet:-1","max-image-preview":"max-image-preview:large","max-video-preview":"max-video-preview:-1"},"canonical":"https:\/\/www.eliterent.com\/fr\/location-voiture-prestige\/citadine\/mini-cooper-4-portes-cannes-nice\/","og_locale":"fr_FR","og_type":"article","og_title":"Louer la Mini Cooper 4-Portes en France (C\u00f4te d&#8217;Azur) avec Elite Rent.","og_description":"Louer la Mini Cooper 4-Portes en France (C\u00f4te d&#8217;Azur) avec Elite Rent - Livraison sur mesure \u00e0 Cannes, Nice, St. Tropez, \u00c8ze, Vences, Cap Ferrat.","og_url":"https:\/\/www.eliterent.com\/fr\/location-voiture-prestige\/citadine\/mini-cooper-4-portes-cannes-nice\/","og_site_name":"Elite Rent","article_modified_time":"2025-05-12T14:28:19+00:00","og_image":[{"width":425,"height":250,"url":"https:\/\/www.eliterent.com\/wp-content\/uploads\/2021\/05\/Mini_5_door_FRONT.png","type":"image\/png"}],"twitter_card":"summary_large_image","schema":{"@context":"https:\/\/schema.org","@graph":[{"@type":"WebPage","@id":"https:\/\/www.eliterent.com\/fr\/location-voiture-prestige\/citadine\/mini-cooper-4-portes-cannes-nice\/","url":"https:\/\/www.eliterent.com\/fr\/location-voiture-prestige\/citadine\/mini-cooper-4-portes-cannes-nice\/","name":"Louer la Mini Cooper 4-Portes en France (C\u00f4te d&#8217;Azur) avec Elite Rent.","isPartOf":{"@id":"https:\/\/www.eliterent.com\/#website"},"primaryImageOfPage":{"@id":"https:\/\/www.eliterent.com\/fr\/location-voiture-prestige\/citadine\/mini-cooper-4-portes-cannes-nice\/#primaryimage"},"image":{"@id":"https:\/\/www.eliterent.com\/fr\/location-voiture-prestige\/citadine\/mini-cooper-4-portes-cannes-nice\/#primaryimage"},"thumbnailUrl":"https:\/\/www.eliterent.com\/wp-content\/uploads\/2021\/05\/Mini_5_door_FRONT.png","datePublished":"2021-05-21T07:33:53+00:00","dateModified":"2025-05-12T14:28:19+00:00","description":"Louer la Mini Cooper 4-Portes en France (C\u00f4te d&#8217;Azur) avec Elite Rent - Livraison sur mesure \u00e0 Cannes, Nice, St. Tropez, \u00c8ze, Vences, Cap Ferrat.","breadcrumb":{"@id":"https:\/\/www.eliterent.com\/fr\/location-voiture-prestige\/citadine\/mini-cooper-4-portes-cannes-nice\/#breadcrumb"},"inLanguage":"fr-FR","potentialAction":[{"@type":"ReadAction","target":["https:\/\/www.eliterent.com\/fr\/location-voiture-prestige\/citadine\/mini-cooper-4-portes-cannes-nice\/"]}]},{"@type":"ImageObject","inLanguage":"fr-FR","@id":"https:\/\/www.eliterent.com\/fr\/location-voiture-prestige\/citadine\/mini-cooper-4-portes-cannes-nice\/#primaryimage","url":"https:\/\/www.eliterent.com\/wp-content\/uploads\/2021\/05\/Mini_5_door_FRONT.png","contentUrl":"https:\/\/www.eliterent.com\/wp-content\/uploads\/2021\/05\/Mini_5_door_FRONT.png","width":425,"height":250},{"@type":"BreadcrumbList","@id":"https:\/\/www.eliterent.com\/fr\/location-voiture-prestige\/citadine\/mini-cooper-4-portes-cannes-nice\/#breadcrumb","itemListElement":[{"@type":"ListItem","position":1,"name":"Home","item":"https:\/\/www.eliterent.com\/"},{"@type":"ListItem","position":2,"name":"Location de voitures de luxe en Europe","item":"https:\/\/www.eliterent.com\/fr\/location-de-voitures-de-luxe-et-premium-en-europe\/"},{"@type":"ListItem","position":3,"name":"Mini Cooper 4-Portes"}]},{"@type":"WebSite","@id":"https:\/\/www.eliterent.com\/#website","url":"https:\/\/www.eliterent.com\/","name":"Elite Rent","description":"Rent a Car","publisher":{"@id":"https:\/\/www.eliterent.com\/#organization"},"potentialAction":[{"@type":"SearchAction","target":{"@type":"EntryPoint","urlTemplate":"https:\/\/www.eliterent.com\/?s={search_term_string}"},"query-input":{"@type":"PropertyValueSpecification","valueRequired":true,"valueName":"search_term_string"}}],"inLanguage":"fr-FR"},{"@type":"Organization","@id":"https:\/\/www.eliterent.com\/#organization","name":"Elite Rent","url":"https:\/\/www.eliterent.com\/","logo":{"@type":"ImageObject","inLanguage":"fr-FR","@id":"https:\/\/www.eliterent.com\/#\/schema\/logo\/image\/","url":"https:\/\/www.eliterent.com\/wp-content\/uploads\/2020\/03\/Elite_Logo_NEW_2023_Final-1.png","contentUrl":"https:\/\/www.eliterent.com\/wp-content\/uploads\/2020\/03\/Elite_Logo_NEW_2023_Final-1.png","width":828,"height":313,"caption":"Elite Rent"},"image":{"@id":"https:\/\/www.eliterent.com\/#\/schema\/logo\/image\/"}}]}},"_links":{"self":[{"href":"https:\/\/www.eliterent.com\/fr\/wp-json\/wp\/v2\/product\/50754","targetHints":{"allow":["GET"]}}],"collection":[{"href":"https:\/\/www.eliterent.com\/fr\/wp-json\/wp\/v2\/product"}],"about":[{"href":"https:\/\/www.eliterent.com\/fr\/wp-json\/wp\/v2\/types\/product"}],"version-history":[{"count":0,"href":"https:\/\/www.eliterent.com\/fr\/wp-json\/wp\/v2\/product\/50754\/revisions"}],"wp:featuredmedia":[{"embeddable":true,"href":"https:\/\/www.eliterent.com\/fr\/wp-json\/wp\/v2\/media\/49249"}],"wp:attachment":[{"href":"https:\/\/www.eliterent.com\/fr\/wp-json\/wp\/v2\/media?parent=50754"}],"wp:term":[{"taxonomy":"product_brand","embeddable":true,"href":"https:\/\/www.eliterent.com\/fr\/wp-json\/wp\/v2\/product_brand?post=50754"},{"taxonomy":"product_cat","embeddable":true,"href":"https:\/\/www.eliterent.com\/fr\/wp-json\/wp\/v2\/product_cat?post=50754"},{"taxonomy":"product_tag","embeddable":true,"href":"https:\/\/www.eliterent.com\/fr\/wp-json\/wp\/v2\/product_tag?post=50754"},{"taxonomy":"agency-2","embeddable":true,"href":"https:\/\/www.eliterent.com\/fr\/wp-json\/wp\/v2\/agency-2?post=50754"},{"taxonomy":"agency-1","embeddable":true,"href":"https:\/\/www.eliterent.com\/fr\/wp-json\/wp\/v2\/agency-1?post=50754"},{"taxonomy":"model","embeddable":true,"href":"https:\/\/www.eliterent.com\/fr\/wp-json\/wp\/v2\/model?post=50754"},{"taxonomy":"brand","embeddable":true,"href":"https:\/\/www.eliterent.com\/fr\/wp-json\/wp\/v2\/brand?post=50754"},{"taxonomy":"types","embeddable":true,"href":"https:\/\/www.eliterent.com\/fr\/wp-json\/wp\/v2\/types?post=50754"},{"taxonomy":"city","embeddable":true,"href":"https:\/\/www.eliterent.com\/fr\/wp-json\/wp\/v2\/city?post=50754"},{"taxonomy":"country","embeddable":true,"href":"https:\/\/www.eliterent.com\/fr\/wp-json\/wp\/v2\/country?post=50754"},{"taxonomy":"service","embeddable":true,"href":"https:\/\/www.eliterent.com\/fr\/wp-json\/wp\/v2\/service?post=50754"}],"curies":[{"name":"wp","href":"https:\/\/api.w.org\/{rel}","templated":true}]}}