{"id":50625,"date":"2021-05-22T10:03:16","date_gmt":"2021-05-22T08:03:16","guid":{"rendered":"https:\/\/dev-elite.online\/flotte-elite-rent-a-car\/mini-cooper-s-cabriolet\/"},"modified":"2025-05-09T16:14:22","modified_gmt":"2025-05-09T14:14:22","slug":"mini-cooper-s-cabriolet-cannes-nice","status":"publish","type":"product","link":"https:\/\/www.eliterent.com\/fr\/location-voiture-prestige\/best-sellers-fr\/mini-cooper-s-cabriolet-cannes-nice\/","title":{"rendered":"Mini Cooper S Cabriolet"},"content":{"rendered":"<p>Sa petite taille, son poids l\u00e9ger et sa construction solide en font la voiture de ville par excellence et, si vous voulez profiter de la campagne, il vous suffit de baisser le toit. La petite taille de la MINI et son ch\u00e2ssis adapt\u00e9 lui permettent de se faufiler partout dans les rues. Ajoutez \u00e0 cela le moteur 3 cylindres de 1,5 litre de la Cooper S qui d\u00e9veloppe plus de 190 chevaux et vous obtenez une voiture \u00e0 la fois plaisante \u00e0 conduire et pratique. Cette toute nouvelle location est parfaite pour les balades au soleil, et profitez de sa dynamique de conduite sportive, le tout en format cabriolet. Louez une Mini Cooper S Cabriolet en France avec Elite Rent-a-Car et profitez de la voiture de location parfaite pour votre voyage en Europe.<\/p>\n","protected":false},"excerpt":{"rendered":"<p>[jet_post_terms tax:=\u00a0\u00bbcountry\u00a0\u00bb]<\/p>\n","protected":false},"featured_media":57981,"template":"","meta":{"_acf_changed":false,"site-sidebar-layout":"no-sidebar","site-content-layout":"plain-container","ast-site-content-layout":"normal-width-container","site-content-style":"unboxed","site-sidebar-style":"unboxed","ast-global-header-display":"","ast-banner-title-visibility":"","ast-main-header-display":"","ast-hfb-above-header-display":"","ast-hfb-below-header-display":"","ast-hfb-mobile-header-display":"","site-post-title":"","ast-breadcrumbs-content":"","ast-featured-img":"","footer-sml-layout":"","theme-transparent-header-meta":"default","adv-header-id-meta":"","stick-header-meta":"","header-above-stick-meta":"","header-main-stick-meta":"","header-below-stick-meta":"","astra-migrate-meta-layouts":"default","ast-page-background-enabled":"default","ast-page-background-meta":{"desktop":{"background-color":"","background-image":"","background-repeat":"repeat","background-position":"center center","background-size":"auto","background-attachment":"scroll","background-type":"","background-media":"","overlay-type":"","overlay-color":"","overlay-opacity":"","overlay-gradient":""},"tablet":{"background-color":"","background-image":"","background-repeat":"repeat","background-position":"center center","background-size":"auto","background-attachment":"scroll","background-type":"","background-media":"","overlay-type":"","overlay-color":"","overlay-opacity":"","overlay-gradient":""},"mobile":{"background-color":"","background-image":"","background-repeat":"repeat","background-position":"center center","background-size":"auto","background-attachment":"scroll","background-type":"","background-media":"","overlay-type":"","overlay-color":"","overlay-opacity":"","overlay-gradient":""}},"ast-content-background-meta":{"desktop":{"background-color":"var(--ast-global-color-5)","background-image":"","background-repeat":"repeat","background-position":"center center","background-size":"auto","background-attachment":"scroll","background-type":"","background-media":"","overlay-type":"","overlay-color":"","overlay-opacity":"","overlay-gradient":""},"tablet":{"background-color":"var(--ast-global-color-5)","background-image":"","background-repeat":"repeat","background-position":"center center","background-size":"auto","background-attachment":"scroll","background-type":"","background-media":"","overlay-type":"","overlay-color":"","overlay-opacity":"","overlay-gradient":""},"mobile":{"background-color":"var(--ast-global-color-5)","background-image":"","background-repeat":"repeat","background-position":"center center","background-size":"auto","background-attachment":"scroll","background-type":"","background-media":"","overlay-type":"","overlay-color":"","overlay-opacity":"","overlay-gradient":""}}},"product_brand":[],"product_cat":[1939,2298],"product_tag":[],"agency-2":[2691],"agency-1":[2694],"model":[],"brand":[2304],"types":[2329],"city":[2627,2628,2647,2620,2649,2621,2622,2623,2624],"country":[2339],"service":[],"class_list":{"0":"post-50625","1":"product","2":"type-product","3":"status-publish","4":"has-post-thumbnail","6":"product_cat-best-sellers-fr","7":"product_cat-sportive-cabriolet","8":"agency-2-nice-fr","9":"agency-1-cannes-fr","10":"brand-louer-une-mini","11":"types-sports-convertible-fr","12":"city-aix-en-provence-fr","13":"city-antibes-fr","14":"city-beaulieu-fr","15":"city-cannes-fr","16":"city-eze-fr","17":"city-juan-les-pins-fr","18":"city-nice-fr","19":"city-saint-jean-cap-ferrat-fr","20":"city-saint-tropez-fr","21":"country-france-fr","22":"desktop-align-left","23":"tablet-align-left","24":"mobile-align-left","26":"first","27":"instock","28":"shipping-taxable","29":"purchasable","30":"product-type-redq_rental"},"acf":[],"yoast_head":"<!-- This site is optimized with the Yoast SEO plugin v27.4 - https:\/\/yoast.com\/product\/yoast-seo-wordpress\/ -->\n<title>Louer la Mini Cooper S Cabriolet en France (C\u00f4te d&#8217;Azur) avec Elite Rent.<\/title>\n<meta name=\"description\" content=\"Louer la Mini Cooper S Cabriolet en France (C\u00f4te d&#8217;Azur) avec Elite Rent - Livraison sur mesure \u00e0 Cannes, Nice, St. Tropez, \u00c8ze, Vences, Cap Ferrat.\" \/>\n<meta name=\"robots\" content=\"index, follow, max-snippet:-1, max-image-preview:large, max-video-preview:-1\" \/>\n<link rel=\"canonical\" href=\"https:\/\/www.eliterent.com\/fr\/location-voiture-prestige\/best-sellers-fr\/mini-cooper-s-cabriolet-cannes-nice\/\" \/>\n<meta property=\"og:locale\" content=\"fr_FR\" \/>\n<meta property=\"og:type\" content=\"article\" \/>\n<meta property=\"og:title\" content=\"Louer la Mini Cooper S Cabriolet en France (C\u00f4te d&#8217;Azur) avec Elite Rent.\" \/>\n<meta property=\"og:description\" content=\"Louer la Mini Cooper S Cabriolet en France (C\u00f4te d&#8217;Azur) avec Elite Rent - Livraison sur mesure \u00e0 Cannes, Nice, St. Tropez, \u00c8ze, Vences, Cap Ferrat.\" \/>\n<meta property=\"og:url\" content=\"https:\/\/www.eliterent.com\/fr\/location-voiture-prestige\/best-sellers-fr\/mini-cooper-s-cabriolet-cannes-nice\/\" \/>\n<meta property=\"og:site_name\" content=\"Elite Rent\" \/>\n<meta property=\"article:modified_time\" content=\"2025-05-09T14:14:22+00:00\" \/>\n<meta property=\"og:image\" content=\"https:\/\/www.eliterent.com\/wp-content\/uploads\/2021\/05\/WEB_Mini_S_Cab_NEW_Front_Blue.jpg\" \/>\n\t<meta property=\"og:image:width\" content=\"425\" \/>\n\t<meta property=\"og:image:height\" content=\"250\" \/>\n\t<meta property=\"og:image:type\" content=\"image\/jpeg\" \/>\n<meta name=\"twitter:card\" content=\"summary_large_image\" \/>\n<script type=\"application\/ld+json\" class=\"yoast-schema-graph\">{\"@context\":\"https:\\\/\\\/schema.org\",\"@graph\":[{\"@type\":\"WebPage\",\"@id\":\"https:\\\/\\\/www.eliterent.com\\\/fr\\\/location-voiture-prestige\\\/best-sellers-fr\\\/mini-cooper-s-cabriolet-cannes-nice\\\/\",\"url\":\"https:\\\/\\\/www.eliterent.com\\\/fr\\\/location-voiture-prestige\\\/best-sellers-fr\\\/mini-cooper-s-cabriolet-cannes-nice\\\/\",\"name\":\"Louer la Mini Cooper S Cabriolet en France (C\u00f4te d&#8217;Azur) avec Elite Rent.\",\"isPartOf\":{\"@id\":\"https:\\\/\\\/www.eliterent.com\\\/#website\"},\"primaryImageOfPage\":{\"@id\":\"https:\\\/\\\/www.eliterent.com\\\/fr\\\/location-voiture-prestige\\\/best-sellers-fr\\\/mini-cooper-s-cabriolet-cannes-nice\\\/#primaryimage\"},\"image\":{\"@id\":\"https:\\\/\\\/www.eliterent.com\\\/fr\\\/location-voiture-prestige\\\/best-sellers-fr\\\/mini-cooper-s-cabriolet-cannes-nice\\\/#primaryimage\"},\"thumbnailUrl\":\"https:\\\/\\\/www.eliterent.com\\\/wp-content\\\/uploads\\\/2021\\\/05\\\/WEB_Mini_S_Cab_NEW_Front_Blue.jpg\",\"datePublished\":\"2021-05-22T08:03:16+00:00\",\"dateModified\":\"2025-05-09T14:14:22+00:00\",\"description\":\"Louer la Mini Cooper S Cabriolet en France (C\u00f4te d&#8217;Azur) avec Elite Rent - Livraison sur mesure \u00e0 Cannes, Nice, St. Tropez, \u00c8ze, Vences, Cap Ferrat.\",\"breadcrumb\":{\"@id\":\"https:\\\/\\\/www.eliterent.com\\\/fr\\\/location-voiture-prestige\\\/best-sellers-fr\\\/mini-cooper-s-cabriolet-cannes-nice\\\/#breadcrumb\"},\"inLanguage\":\"fr-FR\",\"potentialAction\":[{\"@type\":\"ReadAction\",\"target\":[\"https:\\\/\\\/www.eliterent.com\\\/fr\\\/location-voiture-prestige\\\/best-sellers-fr\\\/mini-cooper-s-cabriolet-cannes-nice\\\/\"]}]},{\"@type\":\"ImageObject\",\"inLanguage\":\"fr-FR\",\"@id\":\"https:\\\/\\\/www.eliterent.com\\\/fr\\\/location-voiture-prestige\\\/best-sellers-fr\\\/mini-cooper-s-cabriolet-cannes-nice\\\/#primaryimage\",\"url\":\"https:\\\/\\\/www.eliterent.com\\\/wp-content\\\/uploads\\\/2021\\\/05\\\/WEB_Mini_S_Cab_NEW_Front_Blue.jpg\",\"contentUrl\":\"https:\\\/\\\/www.eliterent.com\\\/wp-content\\\/uploads\\\/2021\\\/05\\\/WEB_Mini_S_Cab_NEW_Front_Blue.jpg\",\"width\":425,\"height\":250},{\"@type\":\"BreadcrumbList\",\"@id\":\"https:\\\/\\\/www.eliterent.com\\\/fr\\\/location-voiture-prestige\\\/best-sellers-fr\\\/mini-cooper-s-cabriolet-cannes-nice\\\/#breadcrumb\",\"itemListElement\":[{\"@type\":\"ListItem\",\"position\":1,\"name\":\"Home\",\"item\":\"https:\\\/\\\/www.eliterent.com\\\/fr\\\/\"},{\"@type\":\"ListItem\",\"position\":2,\"name\":\"Location de voitures de luxe en Europe\",\"item\":\"https:\\\/\\\/www.eliterent.com\\\/fr\\\/location-de-voitures-de-luxe-et-premium-en-europe\\\/\"},{\"@type\":\"ListItem\",\"position\":3,\"name\":\"Mini Cooper S Cabriolet\"}]},{\"@type\":\"WebSite\",\"@id\":\"https:\\\/\\\/www.eliterent.com\\\/#website\",\"url\":\"https:\\\/\\\/www.eliterent.com\\\/\",\"name\":\"Elite Rent\",\"description\":\"Rent a Car\",\"publisher\":{\"@id\":\"https:\\\/\\\/www.eliterent.com\\\/#organization\"},\"potentialAction\":[{\"@type\":\"SearchAction\",\"target\":{\"@type\":\"EntryPoint\",\"urlTemplate\":\"https:\\\/\\\/www.eliterent.com\\\/?s={search_term_string}\"},\"query-input\":{\"@type\":\"PropertyValueSpecification\",\"valueRequired\":true,\"valueName\":\"search_term_string\"}}],\"inLanguage\":\"fr-FR\"},{\"@type\":\"Organization\",\"@id\":\"https:\\\/\\\/www.eliterent.com\\\/#organization\",\"name\":\"Elite Rent\",\"url\":\"https:\\\/\\\/www.eliterent.com\\\/\",\"logo\":{\"@type\":\"ImageObject\",\"inLanguage\":\"fr-FR\",\"@id\":\"https:\\\/\\\/www.eliterent.com\\\/#\\\/schema\\\/logo\\\/image\\\/\",\"url\":\"https:\\\/\\\/www.eliterent.com\\\/wp-content\\\/uploads\\\/2020\\\/03\\\/Elite_Logo_NEW_2023_Final-1.png\",\"contentUrl\":\"https:\\\/\\\/www.eliterent.com\\\/wp-content\\\/uploads\\\/2020\\\/03\\\/Elite_Logo_NEW_2023_Final-1.png\",\"width\":828,\"height\":313,\"caption\":\"Elite Rent\"},\"image\":{\"@id\":\"https:\\\/\\\/www.eliterent.com\\\/#\\\/schema\\\/logo\\\/image\\\/\"}}]}<\/script>\n<!-- \/ Yoast SEO plugin. -->","yoast_head_json":{"title":"Louer la Mini Cooper S Cabriolet en France (C\u00f4te d&#8217;Azur) avec Elite Rent.","description":"Louer la Mini Cooper S Cabriolet en France (C\u00f4te d&#8217;Azur) avec Elite Rent - Livraison sur mesure \u00e0 Cannes, Nice, St. Tropez, \u00c8ze, Vences, Cap Ferrat.","robots":{"index":"index","follow":"follow","max-snippet":"max-snippet:-1","max-image-preview":"max-image-preview:large","max-video-preview":"max-video-preview:-1"},"canonical":"https:\/\/www.eliterent.com\/fr\/location-voiture-prestige\/best-sellers-fr\/mini-cooper-s-cabriolet-cannes-nice\/","og_locale":"fr_FR","og_type":"article","og_title":"Louer la Mini Cooper S Cabriolet en France (C\u00f4te d&#8217;Azur) avec Elite Rent.","og_description":"Louer la Mini Cooper S Cabriolet en France (C\u00f4te d&#8217;Azur) avec Elite Rent - Livraison sur mesure \u00e0 Cannes, Nice, St. Tropez, \u00c8ze, Vences, Cap Ferrat.","og_url":"https:\/\/www.eliterent.com\/fr\/location-voiture-prestige\/best-sellers-fr\/mini-cooper-s-cabriolet-cannes-nice\/","og_site_name":"Elite Rent","article_modified_time":"2025-05-09T14:14:22+00:00","og_image":[{"width":425,"height":250,"url":"https:\/\/www.eliterent.com\/wp-content\/uploads\/2021\/05\/WEB_Mini_S_Cab_NEW_Front_Blue.jpg","type":"image\/jpeg"}],"twitter_card":"summary_large_image","schema":{"@context":"https:\/\/schema.org","@graph":[{"@type":"WebPage","@id":"https:\/\/www.eliterent.com\/fr\/location-voiture-prestige\/best-sellers-fr\/mini-cooper-s-cabriolet-cannes-nice\/","url":"https:\/\/www.eliterent.com\/fr\/location-voiture-prestige\/best-sellers-fr\/mini-cooper-s-cabriolet-cannes-nice\/","name":"Louer la Mini Cooper S Cabriolet en France (C\u00f4te d&#8217;Azur) avec Elite Rent.","isPartOf":{"@id":"https:\/\/www.eliterent.com\/#website"},"primaryImageOfPage":{"@id":"https:\/\/www.eliterent.com\/fr\/location-voiture-prestige\/best-sellers-fr\/mini-cooper-s-cabriolet-cannes-nice\/#primaryimage"},"image":{"@id":"https:\/\/www.eliterent.com\/fr\/location-voiture-prestige\/best-sellers-fr\/mini-cooper-s-cabriolet-cannes-nice\/#primaryimage"},"thumbnailUrl":"https:\/\/www.eliterent.com\/wp-content\/uploads\/2021\/05\/WEB_Mini_S_Cab_NEW_Front_Blue.jpg","datePublished":"2021-05-22T08:03:16+00:00","dateModified":"2025-05-09T14:14:22+00:00","description":"Louer la Mini Cooper S Cabriolet en France (C\u00f4te d&#8217;Azur) avec Elite Rent - Livraison sur mesure \u00e0 Cannes, Nice, St. Tropez, \u00c8ze, Vences, Cap Ferrat.","breadcrumb":{"@id":"https:\/\/www.eliterent.com\/fr\/location-voiture-prestige\/best-sellers-fr\/mini-cooper-s-cabriolet-cannes-nice\/#breadcrumb"},"inLanguage":"fr-FR","potentialAction":[{"@type":"ReadAction","target":["https:\/\/www.eliterent.com\/fr\/location-voiture-prestige\/best-sellers-fr\/mini-cooper-s-cabriolet-cannes-nice\/"]}]},{"@type":"ImageObject","inLanguage":"fr-FR","@id":"https:\/\/www.eliterent.com\/fr\/location-voiture-prestige\/best-sellers-fr\/mini-cooper-s-cabriolet-cannes-nice\/#primaryimage","url":"https:\/\/www.eliterent.com\/wp-content\/uploads\/2021\/05\/WEB_Mini_S_Cab_NEW_Front_Blue.jpg","contentUrl":"https:\/\/www.eliterent.com\/wp-content\/uploads\/2021\/05\/WEB_Mini_S_Cab_NEW_Front_Blue.jpg","width":425,"height":250},{"@type":"BreadcrumbList","@id":"https:\/\/www.eliterent.com\/fr\/location-voiture-prestige\/best-sellers-fr\/mini-cooper-s-cabriolet-cannes-nice\/#breadcrumb","itemListElement":[{"@type":"ListItem","position":1,"name":"Home","item":"https:\/\/www.eliterent.com\/fr\/"},{"@type":"ListItem","position":2,"name":"Location de voitures de luxe en Europe","item":"https:\/\/www.eliterent.com\/fr\/location-de-voitures-de-luxe-et-premium-en-europe\/"},{"@type":"ListItem","position":3,"name":"Mini Cooper S Cabriolet"}]},{"@type":"WebSite","@id":"https:\/\/www.eliterent.com\/#website","url":"https:\/\/www.eliterent.com\/","name":"Elite Rent","description":"Rent a Car","publisher":{"@id":"https:\/\/www.eliterent.com\/#organization"},"potentialAction":[{"@type":"SearchAction","target":{"@type":"EntryPoint","urlTemplate":"https:\/\/www.eliterent.com\/?s={search_term_string}"},"query-input":{"@type":"PropertyValueSpecification","valueRequired":true,"valueName":"search_term_string"}}],"inLanguage":"fr-FR"},{"@type":"Organization","@id":"https:\/\/www.eliterent.com\/#organization","name":"Elite Rent","url":"https:\/\/www.eliterent.com\/","logo":{"@type":"ImageObject","inLanguage":"fr-FR","@id":"https:\/\/www.eliterent.com\/#\/schema\/logo\/image\/","url":"https:\/\/www.eliterent.com\/wp-content\/uploads\/2020\/03\/Elite_Logo_NEW_2023_Final-1.png","contentUrl":"https:\/\/www.eliterent.com\/wp-content\/uploads\/2020\/03\/Elite_Logo_NEW_2023_Final-1.png","width":828,"height":313,"caption":"Elite Rent"},"image":{"@id":"https:\/\/www.eliterent.com\/#\/schema\/logo\/image\/"}}]}},"_links":{"self":[{"href":"https:\/\/www.eliterent.com\/fr\/wp-json\/wp\/v2\/product\/50625","targetHints":{"allow":["GET"]}}],"collection":[{"href":"https:\/\/www.eliterent.com\/fr\/wp-json\/wp\/v2\/product"}],"about":[{"href":"https:\/\/www.eliterent.com\/fr\/wp-json\/wp\/v2\/types\/product"}],"version-history":[{"count":0,"href":"https:\/\/www.eliterent.com\/fr\/wp-json\/wp\/v2\/product\/50625\/revisions"}],"wp:featuredmedia":[{"embeddable":true,"href":"https:\/\/www.eliterent.com\/fr\/wp-json\/wp\/v2\/media\/57981"}],"wp:attachment":[{"href":"https:\/\/www.eliterent.com\/fr\/wp-json\/wp\/v2\/media?parent=50625"}],"wp:term":[{"taxonomy":"product_brand","embeddable":true,"href":"https:\/\/www.eliterent.com\/fr\/wp-json\/wp\/v2\/product_brand?post=50625"},{"taxonomy":"product_cat","embeddable":true,"href":"https:\/\/www.eliterent.com\/fr\/wp-json\/wp\/v2\/product_cat?post=50625"},{"taxonomy":"product_tag","embeddable":true,"href":"https:\/\/www.eliterent.com\/fr\/wp-json\/wp\/v2\/product_tag?post=50625"},{"taxonomy":"agency-2","embeddable":true,"href":"https:\/\/www.eliterent.com\/fr\/wp-json\/wp\/v2\/agency-2?post=50625"},{"taxonomy":"agency-1","embeddable":true,"href":"https:\/\/www.eliterent.com\/fr\/wp-json\/wp\/v2\/agency-1?post=50625"},{"taxonomy":"model","embeddable":true,"href":"https:\/\/www.eliterent.com\/fr\/wp-json\/wp\/v2\/model?post=50625"},{"taxonomy":"brand","embeddable":true,"href":"https:\/\/www.eliterent.com\/fr\/wp-json\/wp\/v2\/brand?post=50625"},{"taxonomy":"types","embeddable":true,"href":"https:\/\/www.eliterent.com\/fr\/wp-json\/wp\/v2\/types?post=50625"},{"taxonomy":"city","embeddable":true,"href":"https:\/\/www.eliterent.com\/fr\/wp-json\/wp\/v2\/city?post=50625"},{"taxonomy":"country","embeddable":true,"href":"https:\/\/www.eliterent.com\/fr\/wp-json\/wp\/v2\/country?post=50625"},{"taxonomy":"service","embeddable":true,"href":"https:\/\/www.eliterent.com\/fr\/wp-json\/wp\/v2\/service?post=50625"}],"curies":[{"name":"wp","href":"https:\/\/api.w.org\/{rel}","templated":true}]}}