{"id":50531,"date":"2021-05-22T00:32:20","date_gmt":"2021-05-21T22:32:20","guid":{"rendered":"https:\/\/dev-elite.online\/flotte-elite-rent-a-car\/bmw-x7-xdrive-40i-2\/"},"modified":"2025-11-19T16:19:25","modified_gmt":"2025-11-19T15:19:25","slug":"bmw-x7-xdrive-40i-rome-fiumicino","status":"publish","type":"product","link":"https:\/\/www.eliterent.com\/fr\/location-voiture-prestige\/suv-4x4\/bmw-x7-xdrive-40i-rome-fiumicino\/","title":{"rendered":"BMW X7 xDrive 40i"},"content":{"rendered":"<p>Jusqu&rsquo;en 2019, le plus grand SUV propos\u00e9 dans la gamme de mod\u00e8les BMW \u00e9tait le X5. Mais aujourd&rsquo;hui, le constructeur automobile bavarois a sorti son tout nouveau grand SUV : le X7. De l&rsquo;ext\u00e9rieur, le X7 pr\u00e9sente des dimensions v\u00e9ritablement impressionnantes. Avec une longueur de 5,2 m\u00e8tres, le X7 est presque aussi long que le fleuron de BMW, la s\u00e9rie 7. Destin\u00e9 \u00e0 concurrencer des SUV tels que le Mercedes GLS, le BMW X7 est spacieux et pratique, puisqu&rsquo;il peut m\u00eame accueillir une troisi\u00e8me rang\u00e9e de si\u00e8ges enti\u00e8rement parfaitement int\u00e9gr\u00e9e et pratique. L&rsquo;int\u00e9rieur du X7 est l&rsquo;atmosph\u00e8re id\u00e9ale pour passer du temps sur la route. L&rsquo;esth\u00e9tique de l&rsquo;habitacle du X7 adopte les \u00e9l\u00e9ments de design moderne que l&rsquo;on retrouve dans les derniers mod\u00e8les BMW depuis 2018. Louez une BMW X7 en Italie avec Elite Rent-a-Car et profitez de la voiture de location parfaite pour votre voyage en Europe.<\/p>\n","protected":false},"excerpt":{"rendered":"<p>[jet_post_terms tax:=\u00a0\u00bbcountry\u00a0\u00bb]<\/p>\n","protected":false},"featured_media":35701,"template":"","meta":{"_acf_changed":false,"site-sidebar-layout":"no-sidebar","site-content-layout":"plain-container","ast-site-content-layout":"","site-content-style":"default","site-sidebar-style":"default","ast-global-header-display":"","ast-banner-title-visibility":"","ast-main-header-display":"","ast-hfb-above-header-display":"","ast-hfb-below-header-display":"","ast-hfb-mobile-header-display":"","site-post-title":"","ast-breadcrumbs-content":"","ast-featured-img":"","footer-sml-layout":"","theme-transparent-header-meta":"default","adv-header-id-meta":"","stick-header-meta":"","header-above-stick-meta":"","header-main-stick-meta":"","header-below-stick-meta":"","astra-migrate-meta-layouts":"default","ast-page-background-enabled":"default","ast-page-background-meta":{"desktop":{"background-color":"","background-image":"","background-repeat":"repeat","background-position":"center center","background-size":"auto","background-attachment":"scroll","background-type":"","background-media":"","overlay-type":"","overlay-color":"","overlay-opacity":"","overlay-gradient":""},"tablet":{"background-color":"","background-image":"","background-repeat":"repeat","background-position":"center center","background-size":"auto","background-attachment":"scroll","background-type":"","background-media":"","overlay-type":"","overlay-color":"","overlay-opacity":"","overlay-gradient":""},"mobile":{"background-color":"","background-image":"","background-repeat":"repeat","background-position":"center center","background-size":"auto","background-attachment":"scroll","background-type":"","background-media":"","overlay-type":"","overlay-color":"","overlay-opacity":"","overlay-gradient":""}},"ast-content-background-meta":{"desktop":{"background-color":"var(--ast-global-color-5)","background-image":"","background-repeat":"repeat","background-position":"center center","background-size":"auto","background-attachment":"scroll","background-type":"","background-media":"","overlay-type":"","overlay-color":"","overlay-opacity":"","overlay-gradient":""},"tablet":{"background-color":"var(--ast-global-color-5)","background-image":"","background-repeat":"repeat","background-position":"center center","background-size":"auto","background-attachment":"scroll","background-type":"","background-media":"","overlay-type":"","overlay-color":"","overlay-opacity":"","overlay-gradient":""},"mobile":{"background-color":"var(--ast-global-color-5)","background-image":"","background-repeat":"repeat","background-position":"center center","background-size":"auto","background-attachment":"scroll","background-type":"","background-media":"","overlay-type":"","overlay-color":"","overlay-opacity":"","overlay-gradient":""}}},"product_brand":[],"product_cat":[1822],"product_tag":[2867],"agency-2":[2693],"agency-1":[2697],"model":[],"brand":[2303],"types":[],"city":[2641,2652,2642,2643,2644,2645],"country":[2369],"service":[],"class_list":{"0":"post-50531","1":"product","2":"type-product","3":"status-publish","4":"has-post-thumbnail","6":"product_cat-suv-4x4","7":"product_tag-promo50","8":"agency-2-rome-fr","9":"agency-1-milan-fr","10":"brand-louer-une-bmw","11":"city-amalfi-fr","12":"city-cologne-fr","13":"city-como-fr","14":"city-florence-fr","15":"city-naples-fr","16":"city-venice-fr","17":"country-italy-rome-fr","18":"desktop-align-left","19":"tablet-align-left","20":"mobile-align-left","22":"first","23":"instock","24":"shipping-taxable","25":"purchasable","26":"product-type-redq_rental"},"acf":[],"yoast_head":"<!-- This site is optimized with the Yoast SEO plugin v27.1.1 - https:\/\/yoast.com\/product\/yoast-seo-wordpress\/ -->\n<title>Louer la BMW X7 xDrive 40i en Italie (Rome) avec Elite Rent.<\/title>\n<meta name=\"description\" content=\"Louer la BMW X7 xDrive 40i en Italie (Rome) avec Elite Rent - Livraison sur mesure \u00e0 Rome, Fiumicino, Naples, Amalfi.\" \/>\n<meta name=\"robots\" content=\"index, follow, max-snippet:-1, max-image-preview:large, max-video-preview:-1\" \/>\n<link rel=\"canonical\" href=\"https:\/\/www.eliterent.com\/fr\/location-voiture-prestige\/suv-4x4\/bmw-x7-xdrive-40i-rome-fiumicino\/\" \/>\n<meta property=\"og:locale\" content=\"fr_FR\" \/>\n<meta property=\"og:type\" content=\"article\" \/>\n<meta property=\"og:title\" content=\"Louer la BMW X7 xDrive 40i en Italie (Rome) avec Elite Rent.\" \/>\n<meta property=\"og:description\" content=\"Louer la BMW X7 xDrive 40i en Italie (Rome) avec Elite Rent - Livraison sur mesure \u00e0 Rome, Fiumicino, Naples, Amalfi.\" \/>\n<meta property=\"og:url\" content=\"https:\/\/www.eliterent.com\/fr\/location-voiture-prestige\/suv-4x4\/bmw-x7-xdrive-40i-rome-fiumicino\/\" \/>\n<meta property=\"og:site_name\" content=\"Elite Rent\" \/>\n<meta property=\"article:modified_time\" content=\"2025-11-19T15:19:25+00:00\" \/>\n<meta property=\"og:image\" content=\"https:\/\/www.eliterent.com\/wp-content\/uploads\/2021\/06\/WEB_BMW_X7_Front-2-2.jpg\" \/>\n\t<meta property=\"og:image:width\" content=\"425\" \/>\n\t<meta property=\"og:image:height\" content=\"250\" \/>\n\t<meta property=\"og:image:type\" content=\"image\/jpeg\" \/>\n<meta name=\"twitter:card\" content=\"summary_large_image\" \/>\n<script type=\"application\/ld+json\" class=\"yoast-schema-graph\">{\"@context\":\"https:\/\/schema.org\",\"@graph\":[{\"@type\":\"WebPage\",\"@id\":\"https:\/\/www.eliterent.com\/fr\/location-voiture-prestige\/suv-4x4\/bmw-x7-xdrive-40i-rome-fiumicino\/\",\"url\":\"https:\/\/www.eliterent.com\/fr\/location-voiture-prestige\/suv-4x4\/bmw-x7-xdrive-40i-rome-fiumicino\/\",\"name\":\"Louer la BMW X7 xDrive 40i en Italie (Rome) avec Elite Rent.\",\"isPartOf\":{\"@id\":\"https:\/\/www.eliterent.com\/#website\"},\"primaryImageOfPage\":{\"@id\":\"https:\/\/www.eliterent.com\/fr\/location-voiture-prestige\/suv-4x4\/bmw-x7-xdrive-40i-rome-fiumicino\/#primaryimage\"},\"image\":{\"@id\":\"https:\/\/www.eliterent.com\/fr\/location-voiture-prestige\/suv-4x4\/bmw-x7-xdrive-40i-rome-fiumicino\/#primaryimage\"},\"thumbnailUrl\":\"https:\/\/www.eliterent.com\/wp-content\/uploads\/2021\/06\/WEB_BMW_X7_Front-2-2.jpg\",\"datePublished\":\"2021-05-21T22:32:20+00:00\",\"dateModified\":\"2025-11-19T15:19:25+00:00\",\"description\":\"Louer la BMW X7 xDrive 40i en Italie (Rome) avec Elite Rent - Livraison sur mesure \u00e0 Rome, Fiumicino, Naples, Amalfi.\",\"breadcrumb\":{\"@id\":\"https:\/\/www.eliterent.com\/fr\/location-voiture-prestige\/suv-4x4\/bmw-x7-xdrive-40i-rome-fiumicino\/#breadcrumb\"},\"inLanguage\":\"fr-FR\",\"potentialAction\":[{\"@type\":\"ReadAction\",\"target\":[\"https:\/\/www.eliterent.com\/fr\/location-voiture-prestige\/suv-4x4\/bmw-x7-xdrive-40i-rome-fiumicino\/\"]}]},{\"@type\":\"ImageObject\",\"inLanguage\":\"fr-FR\",\"@id\":\"https:\/\/www.eliterent.com\/fr\/location-voiture-prestige\/suv-4x4\/bmw-x7-xdrive-40i-rome-fiumicino\/#primaryimage\",\"url\":\"https:\/\/www.eliterent.com\/wp-content\/uploads\/2021\/06\/WEB_BMW_X7_Front-2-2.jpg\",\"contentUrl\":\"https:\/\/www.eliterent.com\/wp-content\/uploads\/2021\/06\/WEB_BMW_X7_Front-2-2.jpg\",\"width\":425,\"height\":250},{\"@type\":\"BreadcrumbList\",\"@id\":\"https:\/\/www.eliterent.com\/fr\/location-voiture-prestige\/suv-4x4\/bmw-x7-xdrive-40i-rome-fiumicino\/#breadcrumb\",\"itemListElement\":[{\"@type\":\"ListItem\",\"position\":1,\"name\":\"Home\",\"item\":\"https:\/\/www.eliterent.com\/\"},{\"@type\":\"ListItem\",\"position\":2,\"name\":\"Location de voitures de luxe en Europe\",\"item\":\"https:\/\/www.eliterent.com\/fr\/location-de-voitures-de-luxe-et-premium-en-europe\/\"},{\"@type\":\"ListItem\",\"position\":3,\"name\":\"BMW X7 xDrive 40i\"}]},{\"@type\":\"WebSite\",\"@id\":\"https:\/\/www.eliterent.com\/#website\",\"url\":\"https:\/\/www.eliterent.com\/\",\"name\":\"Elite Rent\",\"description\":\"Rent a Car\",\"publisher\":{\"@id\":\"https:\/\/www.eliterent.com\/#organization\"},\"potentialAction\":[{\"@type\":\"SearchAction\",\"target\":{\"@type\":\"EntryPoint\",\"urlTemplate\":\"https:\/\/www.eliterent.com\/?s={search_term_string}\"},\"query-input\":{\"@type\":\"PropertyValueSpecification\",\"valueRequired\":true,\"valueName\":\"search_term_string\"}}],\"inLanguage\":\"fr-FR\"},{\"@type\":\"Organization\",\"@id\":\"https:\/\/www.eliterent.com\/#organization\",\"name\":\"Elite Rent\",\"url\":\"https:\/\/www.eliterent.com\/\",\"logo\":{\"@type\":\"ImageObject\",\"inLanguage\":\"fr-FR\",\"@id\":\"https:\/\/www.eliterent.com\/#\/schema\/logo\/image\/\",\"url\":\"https:\/\/www.eliterent.com\/wp-content\/uploads\/2020\/03\/Elite_Logo_NEW_2023_Final-1.png\",\"contentUrl\":\"https:\/\/www.eliterent.com\/wp-content\/uploads\/2020\/03\/Elite_Logo_NEW_2023_Final-1.png\",\"width\":828,\"height\":313,\"caption\":\"Elite Rent\"},\"image\":{\"@id\":\"https:\/\/www.eliterent.com\/#\/schema\/logo\/image\/\"}}]}<\/script>\n<!-- \/ Yoast SEO plugin. -->","yoast_head_json":{"title":"Louer la BMW X7 xDrive 40i en Italie (Rome) avec Elite Rent.","description":"Louer la BMW X7 xDrive 40i en Italie (Rome) avec Elite Rent - Livraison sur mesure \u00e0 Rome, Fiumicino, Naples, Amalfi.","robots":{"index":"index","follow":"follow","max-snippet":"max-snippet:-1","max-image-preview":"max-image-preview:large","max-video-preview":"max-video-preview:-1"},"canonical":"https:\/\/www.eliterent.com\/fr\/location-voiture-prestige\/suv-4x4\/bmw-x7-xdrive-40i-rome-fiumicino\/","og_locale":"fr_FR","og_type":"article","og_title":"Louer la BMW X7 xDrive 40i en Italie (Rome) avec Elite Rent.","og_description":"Louer la BMW X7 xDrive 40i en Italie (Rome) avec Elite Rent - Livraison sur mesure \u00e0 Rome, Fiumicino, Naples, Amalfi.","og_url":"https:\/\/www.eliterent.com\/fr\/location-voiture-prestige\/suv-4x4\/bmw-x7-xdrive-40i-rome-fiumicino\/","og_site_name":"Elite Rent","article_modified_time":"2025-11-19T15:19:25+00:00","og_image":[{"width":425,"height":250,"url":"https:\/\/www.eliterent.com\/wp-content\/uploads\/2021\/06\/WEB_BMW_X7_Front-2-2.jpg","type":"image\/jpeg"}],"twitter_card":"summary_large_image","schema":{"@context":"https:\/\/schema.org","@graph":[{"@type":"WebPage","@id":"https:\/\/www.eliterent.com\/fr\/location-voiture-prestige\/suv-4x4\/bmw-x7-xdrive-40i-rome-fiumicino\/","url":"https:\/\/www.eliterent.com\/fr\/location-voiture-prestige\/suv-4x4\/bmw-x7-xdrive-40i-rome-fiumicino\/","name":"Louer la BMW X7 xDrive 40i en Italie (Rome) avec Elite Rent.","isPartOf":{"@id":"https:\/\/www.eliterent.com\/#website"},"primaryImageOfPage":{"@id":"https:\/\/www.eliterent.com\/fr\/location-voiture-prestige\/suv-4x4\/bmw-x7-xdrive-40i-rome-fiumicino\/#primaryimage"},"image":{"@id":"https:\/\/www.eliterent.com\/fr\/location-voiture-prestige\/suv-4x4\/bmw-x7-xdrive-40i-rome-fiumicino\/#primaryimage"},"thumbnailUrl":"https:\/\/www.eliterent.com\/wp-content\/uploads\/2021\/06\/WEB_BMW_X7_Front-2-2.jpg","datePublished":"2021-05-21T22:32:20+00:00","dateModified":"2025-11-19T15:19:25+00:00","description":"Louer la BMW X7 xDrive 40i en Italie (Rome) avec Elite Rent - Livraison sur mesure \u00e0 Rome, Fiumicino, Naples, Amalfi.","breadcrumb":{"@id":"https:\/\/www.eliterent.com\/fr\/location-voiture-prestige\/suv-4x4\/bmw-x7-xdrive-40i-rome-fiumicino\/#breadcrumb"},"inLanguage":"fr-FR","potentialAction":[{"@type":"ReadAction","target":["https:\/\/www.eliterent.com\/fr\/location-voiture-prestige\/suv-4x4\/bmw-x7-xdrive-40i-rome-fiumicino\/"]}]},{"@type":"ImageObject","inLanguage":"fr-FR","@id":"https:\/\/www.eliterent.com\/fr\/location-voiture-prestige\/suv-4x4\/bmw-x7-xdrive-40i-rome-fiumicino\/#primaryimage","url":"https:\/\/www.eliterent.com\/wp-content\/uploads\/2021\/06\/WEB_BMW_X7_Front-2-2.jpg","contentUrl":"https:\/\/www.eliterent.com\/wp-content\/uploads\/2021\/06\/WEB_BMW_X7_Front-2-2.jpg","width":425,"height":250},{"@type":"BreadcrumbList","@id":"https:\/\/www.eliterent.com\/fr\/location-voiture-prestige\/suv-4x4\/bmw-x7-xdrive-40i-rome-fiumicino\/#breadcrumb","itemListElement":[{"@type":"ListItem","position":1,"name":"Home","item":"https:\/\/www.eliterent.com\/"},{"@type":"ListItem","position":2,"name":"Location de voitures de luxe en Europe","item":"https:\/\/www.eliterent.com\/fr\/location-de-voitures-de-luxe-et-premium-en-europe\/"},{"@type":"ListItem","position":3,"name":"BMW X7 xDrive 40i"}]},{"@type":"WebSite","@id":"https:\/\/www.eliterent.com\/#website","url":"https:\/\/www.eliterent.com\/","name":"Elite Rent","description":"Rent a Car","publisher":{"@id":"https:\/\/www.eliterent.com\/#organization"},"potentialAction":[{"@type":"SearchAction","target":{"@type":"EntryPoint","urlTemplate":"https:\/\/www.eliterent.com\/?s={search_term_string}"},"query-input":{"@type":"PropertyValueSpecification","valueRequired":true,"valueName":"search_term_string"}}],"inLanguage":"fr-FR"},{"@type":"Organization","@id":"https:\/\/www.eliterent.com\/#organization","name":"Elite Rent","url":"https:\/\/www.eliterent.com\/","logo":{"@type":"ImageObject","inLanguage":"fr-FR","@id":"https:\/\/www.eliterent.com\/#\/schema\/logo\/image\/","url":"https:\/\/www.eliterent.com\/wp-content\/uploads\/2020\/03\/Elite_Logo_NEW_2023_Final-1.png","contentUrl":"https:\/\/www.eliterent.com\/wp-content\/uploads\/2020\/03\/Elite_Logo_NEW_2023_Final-1.png","width":828,"height":313,"caption":"Elite Rent"},"image":{"@id":"https:\/\/www.eliterent.com\/#\/schema\/logo\/image\/"}}]}},"_links":{"self":[{"href":"https:\/\/www.eliterent.com\/fr\/wp-json\/wp\/v2\/product\/50531","targetHints":{"allow":["GET"]}}],"collection":[{"href":"https:\/\/www.eliterent.com\/fr\/wp-json\/wp\/v2\/product"}],"about":[{"href":"https:\/\/www.eliterent.com\/fr\/wp-json\/wp\/v2\/types\/product"}],"version-history":[{"count":0,"href":"https:\/\/www.eliterent.com\/fr\/wp-json\/wp\/v2\/product\/50531\/revisions"}],"wp:featuredmedia":[{"embeddable":true,"href":"https:\/\/www.eliterent.com\/fr\/wp-json\/wp\/v2\/media\/35701"}],"wp:attachment":[{"href":"https:\/\/www.eliterent.com\/fr\/wp-json\/wp\/v2\/media?parent=50531"}],"wp:term":[{"taxonomy":"product_brand","embeddable":true,"href":"https:\/\/www.eliterent.com\/fr\/wp-json\/wp\/v2\/product_brand?post=50531"},{"taxonomy":"product_cat","embeddable":true,"href":"https:\/\/www.eliterent.com\/fr\/wp-json\/wp\/v2\/product_cat?post=50531"},{"taxonomy":"product_tag","embeddable":true,"href":"https:\/\/www.eliterent.com\/fr\/wp-json\/wp\/v2\/product_tag?post=50531"},{"taxonomy":"agency-2","embeddable":true,"href":"https:\/\/www.eliterent.com\/fr\/wp-json\/wp\/v2\/agency-2?post=50531"},{"taxonomy":"agency-1","embeddable":true,"href":"https:\/\/www.eliterent.com\/fr\/wp-json\/wp\/v2\/agency-1?post=50531"},{"taxonomy":"model","embeddable":true,"href":"https:\/\/www.eliterent.com\/fr\/wp-json\/wp\/v2\/model?post=50531"},{"taxonomy":"brand","embeddable":true,"href":"https:\/\/www.eliterent.com\/fr\/wp-json\/wp\/v2\/brand?post=50531"},{"taxonomy":"types","embeddable":true,"href":"https:\/\/www.eliterent.com\/fr\/wp-json\/wp\/v2\/types?post=50531"},{"taxonomy":"city","embeddable":true,"href":"https:\/\/www.eliterent.com\/fr\/wp-json\/wp\/v2\/city?post=50531"},{"taxonomy":"country","embeddable":true,"href":"https:\/\/www.eliterent.com\/fr\/wp-json\/wp\/v2\/country?post=50531"},{"taxonomy":"service","embeddable":true,"href":"https:\/\/www.eliterent.com\/fr\/wp-json\/wp\/v2\/service?post=50531"}],"curies":[{"name":"wp","href":"https:\/\/api.w.org\/{rel}","templated":true}]}}