{"id":50391,"date":"2021-05-22T20:00:48","date_gmt":"2021-05-22T18:00:48","guid":{"rendered":"https:\/\/dev-elite.online\/flotte-elite-rent-a-car\/bmw-m4-coupe-2\/"},"modified":"2023-03-13T12:28:34","modified_gmt":"2023-03-13T11:28:34","slug":"bmw-m4-coupe-prague-brno","status":"publish","type":"product","link":"https:\/\/www.eliterent.com\/fr\/location-voiture-prestige\/sportive-cabriolet\/bmw-m4-coupe-prague-brno\/","title":{"rendered":"BMW M4 Coupe"},"content":{"rendered":"<p>La division M est la branche performance de BMW. Elle a pour mission de prendre un mod\u00e8le standard de BMW et d&rsquo;en augmenter les performances. La nouvelle BMW M4 Coup\u00e9 ne fait pas exception \u00e0 cette r\u00e8gle. Comme pour le mod\u00e8le pr\u00e9c\u00e9dent, il ne faut que quelques secondes pour vous procurer ces sensations fortes si importantes. La M4 Coup\u00e9 est anim\u00e9e d&rsquo;un moteur 6 cylindres turbocompress\u00e9 de 3,0 litres d\u00e9veloppant 431 ch, cette S\u00e9rie 4 passe de 0 \u00e0 100 km\/h en seulement 4,1 secondes ! \u00c0 l&rsquo;int\u00e9rieur, l&rsquo;habitacle sportif aux accents de cuir personnalis\u00e9 et aux options compl\u00e8tes permet au conducteur de se sentir comme chez lui. De s\u00e9rie, la s\u00e9rie 4 est d\u00e9j\u00e0 \u00e9quip\u00e9e de l&rsquo;excellent syst\u00e8me de navigation I-drive, cette version conserve alors tous les points positifs de la s\u00e9rie 4 en ajoutant un moteur surpuissant. Louez la BMW S\u00e9rie 4 pour une journ\u00e9e de plaisir automobile en R\u00e9publique tch\u00e8que avec Elite Rent-a-Car.<\/p>\n","protected":false},"excerpt":{"rendered":"<p>[jet_post_terms tax:=\u00a0\u00bbcountry\u00a0\u00bb]<\/p>\n","protected":false},"featured_media":37076,"template":"","meta":{"_acf_changed":false,"site-sidebar-layout":"no-sidebar","site-content-layout":"plain-container","ast-site-content-layout":"","site-content-style":"default","site-sidebar-style":"default","ast-global-header-display":"","ast-banner-title-visibility":"","ast-main-header-display":"","ast-hfb-above-header-display":"","ast-hfb-below-header-display":"","ast-hfb-mobile-header-display":"","site-post-title":"","ast-breadcrumbs-content":"","ast-featured-img":"","footer-sml-layout":"","theme-transparent-header-meta":"default","adv-header-id-meta":"","stick-header-meta":"","header-above-stick-meta":"","header-main-stick-meta":"","header-below-stick-meta":"","astra-migrate-meta-layouts":"default","ast-page-background-enabled":"default","ast-page-background-meta":{"desktop":{"background-color":"","background-image":"","background-repeat":"repeat","background-position":"center center","background-size":"auto","background-attachment":"scroll","background-type":"","background-media":"","overlay-type":"","overlay-color":"","overlay-opacity":"","overlay-gradient":""},"tablet":{"background-color":"","background-image":"","background-repeat":"repeat","background-position":"center center","background-size":"auto","background-attachment":"scroll","background-type":"","background-media":"","overlay-type":"","overlay-color":"","overlay-opacity":"","overlay-gradient":""},"mobile":{"background-color":"","background-image":"","background-repeat":"repeat","background-position":"center center","background-size":"auto","background-attachment":"scroll","background-type":"","background-media":"","overlay-type":"","overlay-color":"","overlay-opacity":"","overlay-gradient":""}},"ast-content-background-meta":{"desktop":{"background-color":"var(--ast-global-color-5)","background-image":"","background-repeat":"repeat","background-position":"center center","background-size":"auto","background-attachment":"scroll","background-type":"","background-media":"","overlay-type":"","overlay-color":"","overlay-opacity":"","overlay-gradient":""},"tablet":{"background-color":"var(--ast-global-color-5)","background-image":"","background-repeat":"repeat","background-position":"center center","background-size":"auto","background-attachment":"scroll","background-type":"","background-media":"","overlay-type":"","overlay-color":"","overlay-opacity":"","overlay-gradient":""},"mobile":{"background-color":"var(--ast-global-color-5)","background-image":"","background-repeat":"repeat","background-position":"center center","background-size":"auto","background-attachment":"scroll","background-type":"","background-media":"","overlay-type":"","overlay-color":"","overlay-opacity":"","overlay-gradient":""}}},"product_brand":[],"product_cat":[2298],"product_tag":[],"agency-2":[],"agency-1":[2700],"model":[],"brand":[2303],"types":[2329],"city":[2658,2659,2660],"country":[2314],"service":[],"class_list":{"0":"post-50391","1":"product","2":"type-product","3":"status-publish","4":"has-post-thumbnail","6":"product_cat-sportive-cabriolet","7":"agency-1-prague-fr","8":"brand-louer-une-bmw","9":"types-sports-convertible-fr","10":"city-brno-fr","11":"city-ostrava-fr","12":"city-vienna-fr","13":"country-republique-tcheque","14":"desktop-align-left","15":"tablet-align-left","16":"mobile-align-left","18":"first","19":"instock","20":"shipping-taxable","21":"purchasable","22":"product-type-redq_rental"},"acf":[],"yoast_head":"<!-- This site is optimized with the Yoast SEO plugin v27.4 - https:\/\/yoast.com\/product\/yoast-seo-wordpress\/ -->\n<title>Louer la BMW M4 Coupe en R\u00e9publique tch\u00e8que avec Elite Rent.<\/title>\n<meta name=\"description\" content=\"Louer la BMW M4 Coupe ne R\u00e9publique tch\u00e8que avec Elite Rent - Livraison et reprise sur mesure \u00e0 Prague, Prague A\u00e9roport, Brno, Ostrava.\" \/>\n<meta name=\"robots\" content=\"index, follow, max-snippet:-1, max-image-preview:large, max-video-preview:-1\" \/>\n<link rel=\"canonical\" href=\"https:\/\/www.eliterent.com\/fr\/location-voiture-prestige\/sportive-cabriolet\/bmw-m4-coupe-prague-brno\/\" \/>\n<meta property=\"og:locale\" content=\"fr_FR\" \/>\n<meta property=\"og:type\" content=\"article\" \/>\n<meta property=\"og:title\" content=\"Louer la BMW M4 Coupe en R\u00e9publique tch\u00e8que avec Elite Rent.\" \/>\n<meta property=\"og:description\" content=\"Louer la BMW M4 Coupe ne R\u00e9publique tch\u00e8que avec Elite Rent - Livraison et reprise sur mesure \u00e0 Prague, Prague A\u00e9roport, Brno, Ostrava.\" \/>\n<meta property=\"og:url\" content=\"https:\/\/www.eliterent.com\/fr\/location-voiture-prestige\/sportive-cabriolet\/bmw-m4-coupe-prague-brno\/\" \/>\n<meta property=\"og:site_name\" content=\"Elite Rent\" \/>\n<meta property=\"article:modified_time\" content=\"2023-03-13T11:28:34+00:00\" \/>\n<meta property=\"og:image\" content=\"https:\/\/www.eliterent.com\/wp-content\/uploads\/2021\/06\/WEB_BMW_M4_Front-2.png\" \/>\n\t<meta property=\"og:image:width\" content=\"425\" \/>\n\t<meta property=\"og:image:height\" content=\"250\" \/>\n\t<meta property=\"og:image:type\" content=\"image\/png\" \/>\n<meta name=\"twitter:card\" content=\"summary_large_image\" \/>\n<script type=\"application\/ld+json\" class=\"yoast-schema-graph\">{\"@context\":\"https:\\\/\\\/schema.org\",\"@graph\":[{\"@type\":\"WebPage\",\"@id\":\"https:\\\/\\\/www.eliterent.com\\\/fr\\\/location-voiture-prestige\\\/sportive-cabriolet\\\/bmw-m4-coupe-prague-brno\\\/\",\"url\":\"https:\\\/\\\/www.eliterent.com\\\/fr\\\/location-voiture-prestige\\\/sportive-cabriolet\\\/bmw-m4-coupe-prague-brno\\\/\",\"name\":\"Louer la BMW M4 Coupe en R\u00e9publique tch\u00e8que avec Elite Rent.\",\"isPartOf\":{\"@id\":\"https:\\\/\\\/www.eliterent.com\\\/#website\"},\"primaryImageOfPage\":{\"@id\":\"https:\\\/\\\/www.eliterent.com\\\/fr\\\/location-voiture-prestige\\\/sportive-cabriolet\\\/bmw-m4-coupe-prague-brno\\\/#primaryimage\"},\"image\":{\"@id\":\"https:\\\/\\\/www.eliterent.com\\\/fr\\\/location-voiture-prestige\\\/sportive-cabriolet\\\/bmw-m4-coupe-prague-brno\\\/#primaryimage\"},\"thumbnailUrl\":\"https:\\\/\\\/www.eliterent.com\\\/wp-content\\\/uploads\\\/2021\\\/06\\\/WEB_BMW_M4_Front-2.png\",\"datePublished\":\"2021-05-22T18:00:48+00:00\",\"dateModified\":\"2023-03-13T11:28:34+00:00\",\"description\":\"Louer la BMW M4 Coupe ne R\u00e9publique tch\u00e8que avec Elite Rent - Livraison et reprise sur mesure \u00e0 Prague, Prague A\u00e9roport, Brno, Ostrava.\",\"breadcrumb\":{\"@id\":\"https:\\\/\\\/www.eliterent.com\\\/fr\\\/location-voiture-prestige\\\/sportive-cabriolet\\\/bmw-m4-coupe-prague-brno\\\/#breadcrumb\"},\"inLanguage\":\"fr-FR\",\"potentialAction\":[{\"@type\":\"ReadAction\",\"target\":[\"https:\\\/\\\/www.eliterent.com\\\/fr\\\/location-voiture-prestige\\\/sportive-cabriolet\\\/bmw-m4-coupe-prague-brno\\\/\"]}]},{\"@type\":\"ImageObject\",\"inLanguage\":\"fr-FR\",\"@id\":\"https:\\\/\\\/www.eliterent.com\\\/fr\\\/location-voiture-prestige\\\/sportive-cabriolet\\\/bmw-m4-coupe-prague-brno\\\/#primaryimage\",\"url\":\"https:\\\/\\\/www.eliterent.com\\\/wp-content\\\/uploads\\\/2021\\\/06\\\/WEB_BMW_M4_Front-2.png\",\"contentUrl\":\"https:\\\/\\\/www.eliterent.com\\\/wp-content\\\/uploads\\\/2021\\\/06\\\/WEB_BMW_M4_Front-2.png\",\"width\":425,\"height\":250},{\"@type\":\"BreadcrumbList\",\"@id\":\"https:\\\/\\\/www.eliterent.com\\\/fr\\\/location-voiture-prestige\\\/sportive-cabriolet\\\/bmw-m4-coupe-prague-brno\\\/#breadcrumb\",\"itemListElement\":[{\"@type\":\"ListItem\",\"position\":1,\"name\":\"Home\",\"item\":\"https:\\\/\\\/www.eliterent.com\\\/fr\\\/\"},{\"@type\":\"ListItem\",\"position\":2,\"name\":\"Location de voitures de luxe en Europe\",\"item\":\"https:\\\/\\\/www.eliterent.com\\\/fr\\\/location-de-voitures-de-luxe-et-premium-en-europe\\\/\"},{\"@type\":\"ListItem\",\"position\":3,\"name\":\"BMW M4 Coupe\"}]},{\"@type\":\"WebSite\",\"@id\":\"https:\\\/\\\/www.eliterent.com\\\/#website\",\"url\":\"https:\\\/\\\/www.eliterent.com\\\/\",\"name\":\"Elite Rent\",\"description\":\"Rent a Car\",\"publisher\":{\"@id\":\"https:\\\/\\\/www.eliterent.com\\\/#organization\"},\"potentialAction\":[{\"@type\":\"SearchAction\",\"target\":{\"@type\":\"EntryPoint\",\"urlTemplate\":\"https:\\\/\\\/www.eliterent.com\\\/?s={search_term_string}\"},\"query-input\":{\"@type\":\"PropertyValueSpecification\",\"valueRequired\":true,\"valueName\":\"search_term_string\"}}],\"inLanguage\":\"fr-FR\"},{\"@type\":\"Organization\",\"@id\":\"https:\\\/\\\/www.eliterent.com\\\/#organization\",\"name\":\"Elite Rent\",\"url\":\"https:\\\/\\\/www.eliterent.com\\\/\",\"logo\":{\"@type\":\"ImageObject\",\"inLanguage\":\"fr-FR\",\"@id\":\"https:\\\/\\\/www.eliterent.com\\\/#\\\/schema\\\/logo\\\/image\\\/\",\"url\":\"https:\\\/\\\/www.eliterent.com\\\/wp-content\\\/uploads\\\/2020\\\/03\\\/Elite_Logo_NEW_2023_Final-1.png\",\"contentUrl\":\"https:\\\/\\\/www.eliterent.com\\\/wp-content\\\/uploads\\\/2020\\\/03\\\/Elite_Logo_NEW_2023_Final-1.png\",\"width\":828,\"height\":313,\"caption\":\"Elite Rent\"},\"image\":{\"@id\":\"https:\\\/\\\/www.eliterent.com\\\/#\\\/schema\\\/logo\\\/image\\\/\"}}]}<\/script>\n<!-- \/ Yoast SEO plugin. -->","yoast_head_json":{"title":"Louer la BMW M4 Coupe en R\u00e9publique tch\u00e8que avec Elite Rent.","description":"Louer la BMW M4 Coupe ne R\u00e9publique tch\u00e8que avec Elite Rent - Livraison et reprise sur mesure \u00e0 Prague, Prague A\u00e9roport, Brno, Ostrava.","robots":{"index":"index","follow":"follow","max-snippet":"max-snippet:-1","max-image-preview":"max-image-preview:large","max-video-preview":"max-video-preview:-1"},"canonical":"https:\/\/www.eliterent.com\/fr\/location-voiture-prestige\/sportive-cabriolet\/bmw-m4-coupe-prague-brno\/","og_locale":"fr_FR","og_type":"article","og_title":"Louer la BMW M4 Coupe en R\u00e9publique tch\u00e8que avec Elite Rent.","og_description":"Louer la BMW M4 Coupe ne R\u00e9publique tch\u00e8que avec Elite Rent - Livraison et reprise sur mesure \u00e0 Prague, Prague A\u00e9roport, Brno, Ostrava.","og_url":"https:\/\/www.eliterent.com\/fr\/location-voiture-prestige\/sportive-cabriolet\/bmw-m4-coupe-prague-brno\/","og_site_name":"Elite Rent","article_modified_time":"2023-03-13T11:28:34+00:00","og_image":[{"width":425,"height":250,"url":"https:\/\/www.eliterent.com\/wp-content\/uploads\/2021\/06\/WEB_BMW_M4_Front-2.png","type":"image\/png"}],"twitter_card":"summary_large_image","schema":{"@context":"https:\/\/schema.org","@graph":[{"@type":"WebPage","@id":"https:\/\/www.eliterent.com\/fr\/location-voiture-prestige\/sportive-cabriolet\/bmw-m4-coupe-prague-brno\/","url":"https:\/\/www.eliterent.com\/fr\/location-voiture-prestige\/sportive-cabriolet\/bmw-m4-coupe-prague-brno\/","name":"Louer la BMW M4 Coupe en R\u00e9publique tch\u00e8que avec Elite Rent.","isPartOf":{"@id":"https:\/\/www.eliterent.com\/#website"},"primaryImageOfPage":{"@id":"https:\/\/www.eliterent.com\/fr\/location-voiture-prestige\/sportive-cabriolet\/bmw-m4-coupe-prague-brno\/#primaryimage"},"image":{"@id":"https:\/\/www.eliterent.com\/fr\/location-voiture-prestige\/sportive-cabriolet\/bmw-m4-coupe-prague-brno\/#primaryimage"},"thumbnailUrl":"https:\/\/www.eliterent.com\/wp-content\/uploads\/2021\/06\/WEB_BMW_M4_Front-2.png","datePublished":"2021-05-22T18:00:48+00:00","dateModified":"2023-03-13T11:28:34+00:00","description":"Louer la BMW M4 Coupe ne R\u00e9publique tch\u00e8que avec Elite Rent - Livraison et reprise sur mesure \u00e0 Prague, Prague A\u00e9roport, Brno, Ostrava.","breadcrumb":{"@id":"https:\/\/www.eliterent.com\/fr\/location-voiture-prestige\/sportive-cabriolet\/bmw-m4-coupe-prague-brno\/#breadcrumb"},"inLanguage":"fr-FR","potentialAction":[{"@type":"ReadAction","target":["https:\/\/www.eliterent.com\/fr\/location-voiture-prestige\/sportive-cabriolet\/bmw-m4-coupe-prague-brno\/"]}]},{"@type":"ImageObject","inLanguage":"fr-FR","@id":"https:\/\/www.eliterent.com\/fr\/location-voiture-prestige\/sportive-cabriolet\/bmw-m4-coupe-prague-brno\/#primaryimage","url":"https:\/\/www.eliterent.com\/wp-content\/uploads\/2021\/06\/WEB_BMW_M4_Front-2.png","contentUrl":"https:\/\/www.eliterent.com\/wp-content\/uploads\/2021\/06\/WEB_BMW_M4_Front-2.png","width":425,"height":250},{"@type":"BreadcrumbList","@id":"https:\/\/www.eliterent.com\/fr\/location-voiture-prestige\/sportive-cabriolet\/bmw-m4-coupe-prague-brno\/#breadcrumb","itemListElement":[{"@type":"ListItem","position":1,"name":"Home","item":"https:\/\/www.eliterent.com\/fr\/"},{"@type":"ListItem","position":2,"name":"Location de voitures de luxe en Europe","item":"https:\/\/www.eliterent.com\/fr\/location-de-voitures-de-luxe-et-premium-en-europe\/"},{"@type":"ListItem","position":3,"name":"BMW M4 Coupe"}]},{"@type":"WebSite","@id":"https:\/\/www.eliterent.com\/#website","url":"https:\/\/www.eliterent.com\/","name":"Elite Rent","description":"Rent a Car","publisher":{"@id":"https:\/\/www.eliterent.com\/#organization"},"potentialAction":[{"@type":"SearchAction","target":{"@type":"EntryPoint","urlTemplate":"https:\/\/www.eliterent.com\/?s={search_term_string}"},"query-input":{"@type":"PropertyValueSpecification","valueRequired":true,"valueName":"search_term_string"}}],"inLanguage":"fr-FR"},{"@type":"Organization","@id":"https:\/\/www.eliterent.com\/#organization","name":"Elite Rent","url":"https:\/\/www.eliterent.com\/","logo":{"@type":"ImageObject","inLanguage":"fr-FR","@id":"https:\/\/www.eliterent.com\/#\/schema\/logo\/image\/","url":"https:\/\/www.eliterent.com\/wp-content\/uploads\/2020\/03\/Elite_Logo_NEW_2023_Final-1.png","contentUrl":"https:\/\/www.eliterent.com\/wp-content\/uploads\/2020\/03\/Elite_Logo_NEW_2023_Final-1.png","width":828,"height":313,"caption":"Elite Rent"},"image":{"@id":"https:\/\/www.eliterent.com\/#\/schema\/logo\/image\/"}}]}},"_links":{"self":[{"href":"https:\/\/www.eliterent.com\/fr\/wp-json\/wp\/v2\/product\/50391","targetHints":{"allow":["GET"]}}],"collection":[{"href":"https:\/\/www.eliterent.com\/fr\/wp-json\/wp\/v2\/product"}],"about":[{"href":"https:\/\/www.eliterent.com\/fr\/wp-json\/wp\/v2\/types\/product"}],"version-history":[{"count":0,"href":"https:\/\/www.eliterent.com\/fr\/wp-json\/wp\/v2\/product\/50391\/revisions"}],"wp:featuredmedia":[{"embeddable":true,"href":"https:\/\/www.eliterent.com\/fr\/wp-json\/wp\/v2\/media\/37076"}],"wp:attachment":[{"href":"https:\/\/www.eliterent.com\/fr\/wp-json\/wp\/v2\/media?parent=50391"}],"wp:term":[{"taxonomy":"product_brand","embeddable":true,"href":"https:\/\/www.eliterent.com\/fr\/wp-json\/wp\/v2\/product_brand?post=50391"},{"taxonomy":"product_cat","embeddable":true,"href":"https:\/\/www.eliterent.com\/fr\/wp-json\/wp\/v2\/product_cat?post=50391"},{"taxonomy":"product_tag","embeddable":true,"href":"https:\/\/www.eliterent.com\/fr\/wp-json\/wp\/v2\/product_tag?post=50391"},{"taxonomy":"agency-2","embeddable":true,"href":"https:\/\/www.eliterent.com\/fr\/wp-json\/wp\/v2\/agency-2?post=50391"},{"taxonomy":"agency-1","embeddable":true,"href":"https:\/\/www.eliterent.com\/fr\/wp-json\/wp\/v2\/agency-1?post=50391"},{"taxonomy":"model","embeddable":true,"href":"https:\/\/www.eliterent.com\/fr\/wp-json\/wp\/v2\/model?post=50391"},{"taxonomy":"brand","embeddable":true,"href":"https:\/\/www.eliterent.com\/fr\/wp-json\/wp\/v2\/brand?post=50391"},{"taxonomy":"types","embeddable":true,"href":"https:\/\/www.eliterent.com\/fr\/wp-json\/wp\/v2\/types?post=50391"},{"taxonomy":"city","embeddable":true,"href":"https:\/\/www.eliterent.com\/fr\/wp-json\/wp\/v2\/city?post=50391"},{"taxonomy":"country","embeddable":true,"href":"https:\/\/www.eliterent.com\/fr\/wp-json\/wp\/v2\/country?post=50391"},{"taxonomy":"service","embeddable":true,"href":"https:\/\/www.eliterent.com\/fr\/wp-json\/wp\/v2\/service?post=50391"}],"curies":[{"name":"wp","href":"https:\/\/api.w.org\/{rel}","templated":true}]}}