{"id":50148,"date":"2021-05-22T05:30:44","date_gmt":"2021-05-22T03:30:44","guid":{"rendered":"https:\/\/dev-elite.online\/fleet-elite-rent-a-car\/audi-sq8-quattro-audi-sq7-quattro-435hp\/"},"modified":"2023-03-17T15:47:06","modified_gmt":"2023-03-17T14:47:06","slug":"audi-sq7-munich-nuremberg","status":"publish","type":"product","link":"https:\/\/www.eliterent.com\/fr\/location-voiture-prestige\/suv-4x4\/audi-sq7-munich-nuremberg\/","title":{"rendered":"Audi SQ7"},"content":{"rendered":"<p>Globalement, le SQ7 est une version dynamis\u00e9e du Q7, et il a \u00e9t\u00e9 pr\u00e9sent\u00e9 par Audi pour venir diversifier la gamme des SUV de la marque allemande pour pouvoir r\u00e9pondre \u00e0 la demande du march\u00e9 et venir concurrencer les autres constructeurs tels que Mercedes ou BMW. L&rsquo;objectif \u00e9tant de pr\u00e9senter une ligne originale plus allong\u00e9e et rac\u00e9e. ici, le SQ7 pr\u00e9sente un moteur de 507ch pour avaler le 0 \u00e0 100 km\/h en l&rsquo;espace de 4,1s. Il est anim\u00e9 par la transmission Quattro de Audi avec un syst\u00e8me de pilotage de la transmission sur chacune des roues en temps r\u00e9el pour adapter la puissance d\u00e9livr\u00e9e \u00e0 chacune des roues en fonction des situations, vous pourrez donc affronter n&rsquo;importe quel terrain sans aucun probl\u00e8me. Un int\u00e9rieur luxueux et sur\u00e9quip\u00e9 vous accueillera et vous mettra dans les meilleures conditions pour profiter d&rsquo;une exp\u00e9rience de conduite \u00e0 la hauteur de Audi. Louez ce Audi SQ7 avec Elite rent-a-Car en Allemagne et profitez du parfait v\u00e9hicule de location pour votre voyage en Europe.<\/p>\n","protected":false},"excerpt":{"rendered":"<p>N\/A<\/p>\n","protected":false},"featured_media":67170,"template":"","meta":{"_acf_changed":false,"site-sidebar-layout":"no-sidebar","site-content-layout":"plain-container","ast-site-content-layout":"","site-content-style":"default","site-sidebar-style":"default","ast-global-header-display":"","ast-banner-title-visibility":"","ast-main-header-display":"","ast-hfb-above-header-display":"","ast-hfb-below-header-display":"","ast-hfb-mobile-header-display":"","site-post-title":"","ast-breadcrumbs-content":"","ast-featured-img":"","footer-sml-layout":"","theme-transparent-header-meta":"default","adv-header-id-meta":"","stick-header-meta":"","header-above-stick-meta":"","header-main-stick-meta":"","header-below-stick-meta":"","astra-migrate-meta-layouts":"default","ast-page-background-enabled":"default","ast-page-background-meta":{"desktop":{"background-color":"","background-image":"","background-repeat":"repeat","background-position":"center center","background-size":"auto","background-attachment":"scroll","background-type":"","background-media":"","overlay-type":"","overlay-color":"","overlay-opacity":"","overlay-gradient":""},"tablet":{"background-color":"","background-image":"","background-repeat":"repeat","background-position":"center center","background-size":"auto","background-attachment":"scroll","background-type":"","background-media":"","overlay-type":"","overlay-color":"","overlay-opacity":"","overlay-gradient":""},"mobile":{"background-color":"","background-image":"","background-repeat":"repeat","background-position":"center center","background-size":"auto","background-attachment":"scroll","background-type":"","background-media":"","overlay-type":"","overlay-color":"","overlay-opacity":"","overlay-gradient":""}},"ast-content-background-meta":{"desktop":{"background-color":"var(--ast-global-color-5)","background-image":"","background-repeat":"repeat","background-position":"center center","background-size":"auto","background-attachment":"scroll","background-type":"","background-media":"","overlay-type":"","overlay-color":"","overlay-opacity":"","overlay-gradient":""},"tablet":{"background-color":"var(--ast-global-color-5)","background-image":"","background-repeat":"repeat","background-position":"center center","background-size":"auto","background-attachment":"scroll","background-type":"","background-media":"","overlay-type":"","overlay-color":"","overlay-opacity":"","overlay-gradient":""},"mobile":{"background-color":"var(--ast-global-color-5)","background-image":"","background-repeat":"repeat","background-position":"center center","background-size":"auto","background-attachment":"scroll","background-type":"","background-media":"","overlay-type":"","overlay-color":"","overlay-opacity":"","overlay-gradient":""}}},"product_brand":[],"product_cat":[1822],"product_tag":[],"agency-2":[],"agency-1":[2699],"model":[],"brand":[2332],"types":[],"city":[2652,2653,2654,2655],"country":[2312],"service":[],"class_list":{"0":"post-50148","1":"product","2":"type-product","3":"status-publish","4":"has-post-thumbnail","6":"product_cat-suv-4x4","7":"agency-1-munich-fr","8":"brand-louer-une-audi","9":"city-cologne-fr","10":"city-dusseldorf-fr","11":"city-frankfurt-fr","12":"city-leipzig-fr","13":"country-germany-fr","14":"desktop-align-left","15":"tablet-align-left","16":"mobile-align-left","18":"first","19":"instock","20":"shipping-taxable","21":"purchasable","22":"product-type-redq_rental"},"acf":[],"yoast_head":"<!-- This site is optimized with the Yoast SEO plugin v27.1.1 - https:\/\/yoast.com\/product\/yoast-seo-wordpress\/ -->\n<title>Louer la Audi SQ7 en Allemagne avec Elite Rent.<\/title>\n<meta name=\"description\" content=\"Louer la Audi SQ7 en Allemagne avec Elite Rent - Livraison et reprise sur mesure \u00e0 Munich, Nuremberg, Stuttgart, Frankfurt.\" \/>\n<meta name=\"robots\" content=\"index, follow, max-snippet:-1, max-image-preview:large, max-video-preview:-1\" \/>\n<link rel=\"canonical\" href=\"https:\/\/www.eliterent.com\/fr\/location-voiture-prestige\/suv-4x4\/audi-sq7-munich-nuremberg\/\" \/>\n<meta property=\"og:locale\" content=\"fr_FR\" \/>\n<meta property=\"og:type\" content=\"article\" \/>\n<meta property=\"og:title\" content=\"Louer la Audi SQ7 en Allemagne avec Elite Rent.\" \/>\n<meta property=\"og:description\" content=\"Louer la Audi SQ7 en Allemagne avec Elite Rent - Livraison et reprise sur mesure \u00e0 Munich, Nuremberg, Stuttgart, Frankfurt.\" \/>\n<meta property=\"og:url\" content=\"https:\/\/www.eliterent.com\/fr\/location-voiture-prestige\/suv-4x4\/audi-sq7-munich-nuremberg\/\" \/>\n<meta property=\"og:site_name\" content=\"Elite Rent\" \/>\n<meta property=\"article:modified_time\" content=\"2023-03-17T14:47:06+00:00\" \/>\n<meta property=\"og:image\" content=\"https:\/\/www.eliterent.com\/wp-content\/uploads\/2021\/05\/WEB_AUDI_SQ7_Front.jpg\" \/>\n\t<meta property=\"og:image:width\" content=\"850\" \/>\n\t<meta property=\"og:image:height\" content=\"500\" \/>\n\t<meta property=\"og:image:type\" content=\"image\/jpeg\" \/>\n<meta name=\"twitter:card\" content=\"summary_large_image\" \/>\n<script type=\"application\/ld+json\" class=\"yoast-schema-graph\">{\"@context\":\"https:\/\/schema.org\",\"@graph\":[{\"@type\":\"WebPage\",\"@id\":\"https:\/\/www.eliterent.com\/fr\/location-voiture-prestige\/suv-4x4\/audi-sq7-munich-nuremberg\/\",\"url\":\"https:\/\/www.eliterent.com\/fr\/location-voiture-prestige\/suv-4x4\/audi-sq7-munich-nuremberg\/\",\"name\":\"Louer la Audi SQ7 en Allemagne avec Elite Rent.\",\"isPartOf\":{\"@id\":\"https:\/\/www.eliterent.com\/#website\"},\"primaryImageOfPage\":{\"@id\":\"https:\/\/www.eliterent.com\/fr\/location-voiture-prestige\/suv-4x4\/audi-sq7-munich-nuremberg\/#primaryimage\"},\"image\":{\"@id\":\"https:\/\/www.eliterent.com\/fr\/location-voiture-prestige\/suv-4x4\/audi-sq7-munich-nuremberg\/#primaryimage\"},\"thumbnailUrl\":\"https:\/\/www.eliterent.com\/wp-content\/uploads\/2021\/05\/WEB_AUDI_SQ7_Front.jpg\",\"datePublished\":\"2021-05-22T03:30:44+00:00\",\"dateModified\":\"2023-03-17T14:47:06+00:00\",\"description\":\"Louer la Audi SQ7 en Allemagne avec Elite Rent - Livraison et reprise sur mesure \u00e0 Munich, Nuremberg, Stuttgart, Frankfurt.\",\"breadcrumb\":{\"@id\":\"https:\/\/www.eliterent.com\/fr\/location-voiture-prestige\/suv-4x4\/audi-sq7-munich-nuremberg\/#breadcrumb\"},\"inLanguage\":\"fr-FR\",\"potentialAction\":[{\"@type\":\"ReadAction\",\"target\":[\"https:\/\/www.eliterent.com\/fr\/location-voiture-prestige\/suv-4x4\/audi-sq7-munich-nuremberg\/\"]}]},{\"@type\":\"ImageObject\",\"inLanguage\":\"fr-FR\",\"@id\":\"https:\/\/www.eliterent.com\/fr\/location-voiture-prestige\/suv-4x4\/audi-sq7-munich-nuremberg\/#primaryimage\",\"url\":\"https:\/\/www.eliterent.com\/wp-content\/uploads\/2021\/05\/WEB_AUDI_SQ7_Front.jpg\",\"contentUrl\":\"https:\/\/www.eliterent.com\/wp-content\/uploads\/2021\/05\/WEB_AUDI_SQ7_Front.jpg\",\"width\":850,\"height\":500},{\"@type\":\"BreadcrumbList\",\"@id\":\"https:\/\/www.eliterent.com\/fr\/location-voiture-prestige\/suv-4x4\/audi-sq7-munich-nuremberg\/#breadcrumb\",\"itemListElement\":[{\"@type\":\"ListItem\",\"position\":1,\"name\":\"Home\",\"item\":\"https:\/\/www.eliterent.com\/fr\/\"},{\"@type\":\"ListItem\",\"position\":2,\"name\":\"Location de voitures de luxe en Europe\",\"item\":\"https:\/\/www.eliterent.com\/fr\/location-de-voitures-de-luxe-et-premium-en-europe\/\"},{\"@type\":\"ListItem\",\"position\":3,\"name\":\"Audi SQ7\"}]},{\"@type\":\"WebSite\",\"@id\":\"https:\/\/www.eliterent.com\/#website\",\"url\":\"https:\/\/www.eliterent.com\/\",\"name\":\"Elite Rent\",\"description\":\"Rent a Car\",\"publisher\":{\"@id\":\"https:\/\/www.eliterent.com\/#organization\"},\"potentialAction\":[{\"@type\":\"SearchAction\",\"target\":{\"@type\":\"EntryPoint\",\"urlTemplate\":\"https:\/\/www.eliterent.com\/?s={search_term_string}\"},\"query-input\":{\"@type\":\"PropertyValueSpecification\",\"valueRequired\":true,\"valueName\":\"search_term_string\"}}],\"inLanguage\":\"fr-FR\"},{\"@type\":\"Organization\",\"@id\":\"https:\/\/www.eliterent.com\/#organization\",\"name\":\"Elite Rent\",\"url\":\"https:\/\/www.eliterent.com\/\",\"logo\":{\"@type\":\"ImageObject\",\"inLanguage\":\"fr-FR\",\"@id\":\"https:\/\/www.eliterent.com\/#\/schema\/logo\/image\/\",\"url\":\"https:\/\/www.eliterent.com\/wp-content\/uploads\/2020\/03\/Elite_Logo_NEW_2023_Final-1.png\",\"contentUrl\":\"https:\/\/www.eliterent.com\/wp-content\/uploads\/2020\/03\/Elite_Logo_NEW_2023_Final-1.png\",\"width\":828,\"height\":313,\"caption\":\"Elite Rent\"},\"image\":{\"@id\":\"https:\/\/www.eliterent.com\/#\/schema\/logo\/image\/\"}}]}<\/script>\n<!-- \/ Yoast SEO plugin. -->","yoast_head_json":{"title":"Louer la Audi SQ7 en Allemagne avec Elite Rent.","description":"Louer la Audi SQ7 en Allemagne avec Elite Rent - Livraison et reprise sur mesure \u00e0 Munich, Nuremberg, Stuttgart, Frankfurt.","robots":{"index":"index","follow":"follow","max-snippet":"max-snippet:-1","max-image-preview":"max-image-preview:large","max-video-preview":"max-video-preview:-1"},"canonical":"https:\/\/www.eliterent.com\/fr\/location-voiture-prestige\/suv-4x4\/audi-sq7-munich-nuremberg\/","og_locale":"fr_FR","og_type":"article","og_title":"Louer la Audi SQ7 en Allemagne avec Elite Rent.","og_description":"Louer la Audi SQ7 en Allemagne avec Elite Rent - Livraison et reprise sur mesure \u00e0 Munich, Nuremberg, Stuttgart, Frankfurt.","og_url":"https:\/\/www.eliterent.com\/fr\/location-voiture-prestige\/suv-4x4\/audi-sq7-munich-nuremberg\/","og_site_name":"Elite Rent","article_modified_time":"2023-03-17T14:47:06+00:00","og_image":[{"width":850,"height":500,"url":"https:\/\/www.eliterent.com\/wp-content\/uploads\/2021\/05\/WEB_AUDI_SQ7_Front.jpg","type":"image\/jpeg"}],"twitter_card":"summary_large_image","schema":{"@context":"https:\/\/schema.org","@graph":[{"@type":"WebPage","@id":"https:\/\/www.eliterent.com\/fr\/location-voiture-prestige\/suv-4x4\/audi-sq7-munich-nuremberg\/","url":"https:\/\/www.eliterent.com\/fr\/location-voiture-prestige\/suv-4x4\/audi-sq7-munich-nuremberg\/","name":"Louer la Audi SQ7 en Allemagne avec Elite Rent.","isPartOf":{"@id":"https:\/\/www.eliterent.com\/#website"},"primaryImageOfPage":{"@id":"https:\/\/www.eliterent.com\/fr\/location-voiture-prestige\/suv-4x4\/audi-sq7-munich-nuremberg\/#primaryimage"},"image":{"@id":"https:\/\/www.eliterent.com\/fr\/location-voiture-prestige\/suv-4x4\/audi-sq7-munich-nuremberg\/#primaryimage"},"thumbnailUrl":"https:\/\/www.eliterent.com\/wp-content\/uploads\/2021\/05\/WEB_AUDI_SQ7_Front.jpg","datePublished":"2021-05-22T03:30:44+00:00","dateModified":"2023-03-17T14:47:06+00:00","description":"Louer la Audi SQ7 en Allemagne avec Elite Rent - Livraison et reprise sur mesure \u00e0 Munich, Nuremberg, Stuttgart, Frankfurt.","breadcrumb":{"@id":"https:\/\/www.eliterent.com\/fr\/location-voiture-prestige\/suv-4x4\/audi-sq7-munich-nuremberg\/#breadcrumb"},"inLanguage":"fr-FR","potentialAction":[{"@type":"ReadAction","target":["https:\/\/www.eliterent.com\/fr\/location-voiture-prestige\/suv-4x4\/audi-sq7-munich-nuremberg\/"]}]},{"@type":"ImageObject","inLanguage":"fr-FR","@id":"https:\/\/www.eliterent.com\/fr\/location-voiture-prestige\/suv-4x4\/audi-sq7-munich-nuremberg\/#primaryimage","url":"https:\/\/www.eliterent.com\/wp-content\/uploads\/2021\/05\/WEB_AUDI_SQ7_Front.jpg","contentUrl":"https:\/\/www.eliterent.com\/wp-content\/uploads\/2021\/05\/WEB_AUDI_SQ7_Front.jpg","width":850,"height":500},{"@type":"BreadcrumbList","@id":"https:\/\/www.eliterent.com\/fr\/location-voiture-prestige\/suv-4x4\/audi-sq7-munich-nuremberg\/#breadcrumb","itemListElement":[{"@type":"ListItem","position":1,"name":"Home","item":"https:\/\/www.eliterent.com\/fr\/"},{"@type":"ListItem","position":2,"name":"Location de voitures de luxe en Europe","item":"https:\/\/www.eliterent.com\/fr\/location-de-voitures-de-luxe-et-premium-en-europe\/"},{"@type":"ListItem","position":3,"name":"Audi SQ7"}]},{"@type":"WebSite","@id":"https:\/\/www.eliterent.com\/#website","url":"https:\/\/www.eliterent.com\/","name":"Elite Rent","description":"Rent a Car","publisher":{"@id":"https:\/\/www.eliterent.com\/#organization"},"potentialAction":[{"@type":"SearchAction","target":{"@type":"EntryPoint","urlTemplate":"https:\/\/www.eliterent.com\/?s={search_term_string}"},"query-input":{"@type":"PropertyValueSpecification","valueRequired":true,"valueName":"search_term_string"}}],"inLanguage":"fr-FR"},{"@type":"Organization","@id":"https:\/\/www.eliterent.com\/#organization","name":"Elite Rent","url":"https:\/\/www.eliterent.com\/","logo":{"@type":"ImageObject","inLanguage":"fr-FR","@id":"https:\/\/www.eliterent.com\/#\/schema\/logo\/image\/","url":"https:\/\/www.eliterent.com\/wp-content\/uploads\/2020\/03\/Elite_Logo_NEW_2023_Final-1.png","contentUrl":"https:\/\/www.eliterent.com\/wp-content\/uploads\/2020\/03\/Elite_Logo_NEW_2023_Final-1.png","width":828,"height":313,"caption":"Elite Rent"},"image":{"@id":"https:\/\/www.eliterent.com\/#\/schema\/logo\/image\/"}}]}},"_links":{"self":[{"href":"https:\/\/www.eliterent.com\/fr\/wp-json\/wp\/v2\/product\/50148","targetHints":{"allow":["GET"]}}],"collection":[{"href":"https:\/\/www.eliterent.com\/fr\/wp-json\/wp\/v2\/product"}],"about":[{"href":"https:\/\/www.eliterent.com\/fr\/wp-json\/wp\/v2\/types\/product"}],"version-history":[{"count":0,"href":"https:\/\/www.eliterent.com\/fr\/wp-json\/wp\/v2\/product\/50148\/revisions"}],"wp:featuredmedia":[{"embeddable":true,"href":"https:\/\/www.eliterent.com\/fr\/wp-json\/wp\/v2\/media\/67170"}],"wp:attachment":[{"href":"https:\/\/www.eliterent.com\/fr\/wp-json\/wp\/v2\/media?parent=50148"}],"wp:term":[{"taxonomy":"product_brand","embeddable":true,"href":"https:\/\/www.eliterent.com\/fr\/wp-json\/wp\/v2\/product_brand?post=50148"},{"taxonomy":"product_cat","embeddable":true,"href":"https:\/\/www.eliterent.com\/fr\/wp-json\/wp\/v2\/product_cat?post=50148"},{"taxonomy":"product_tag","embeddable":true,"href":"https:\/\/www.eliterent.com\/fr\/wp-json\/wp\/v2\/product_tag?post=50148"},{"taxonomy":"agency-2","embeddable":true,"href":"https:\/\/www.eliterent.com\/fr\/wp-json\/wp\/v2\/agency-2?post=50148"},{"taxonomy":"agency-1","embeddable":true,"href":"https:\/\/www.eliterent.com\/fr\/wp-json\/wp\/v2\/agency-1?post=50148"},{"taxonomy":"model","embeddable":true,"href":"https:\/\/www.eliterent.com\/fr\/wp-json\/wp\/v2\/model?post=50148"},{"taxonomy":"brand","embeddable":true,"href":"https:\/\/www.eliterent.com\/fr\/wp-json\/wp\/v2\/brand?post=50148"},{"taxonomy":"types","embeddable":true,"href":"https:\/\/www.eliterent.com\/fr\/wp-json\/wp\/v2\/types?post=50148"},{"taxonomy":"city","embeddable":true,"href":"https:\/\/www.eliterent.com\/fr\/wp-json\/wp\/v2\/city?post=50148"},{"taxonomy":"country","embeddable":true,"href":"https:\/\/www.eliterent.com\/fr\/wp-json\/wp\/v2\/country?post=50148"},{"taxonomy":"service","embeddable":true,"href":"https:\/\/www.eliterent.com\/fr\/wp-json\/wp\/v2\/service?post=50148"}],"curies":[{"name":"wp","href":"https:\/\/api.w.org\/{rel}","templated":true}]}}