{"id":50121,"date":"2021-05-21T21:02:19","date_gmt":"2021-05-21T19:02:19","guid":{"rendered":"https:\/\/dev-elite.online\/fleet-elite-rent-a-car\/mercedes-benz-v-class-3\/"},"modified":"2023-03-10T09:51:32","modified_gmt":"2023-03-10T08:51:32","slug":"mercedes-benz-v-class-3","status":"publish","type":"product","link":"https:\/\/www.eliterent.com\/fr\/location-voiture-prestige\/van\/mercedes-benz-v-class-3\/","title":{"rendered":"Mercedes-Benz V Class"},"content":{"rendered":"<p>Le march\u00e9 des monospaces ou des vans est aujourd&rsquo;hui en plein essor. Tous ces v\u00e9hicules sont pratiques dans le sens o\u00f9 ils peuvent accueillir jusqu&rsquo;\u00e0 6 passagers ou plus, un gros avantage pour les familles qui voyagent. Mais si vous recherchez tout simplement le meilleur de ce march\u00e9, alors ne cherchez pas plus loin que la Classe V. Capable d&rsquo;accueillir 8 personnes (y compris le conducteur), la Classe V ne manque pas d&rsquo;espace, ni de quoi que ce soit d&rsquo;autre en termes de praticit\u00e9. Un int\u00e9rieur revu et corrig\u00e9 rend l&rsquo;ambiance de la classe V pour l&rsquo;harmoniser par rapport au reste de la flotte Mercedes : Une atmosph\u00e8re g\u00e9n\u00e9ralement haut de gamme avec le cuir, les mat\u00e9riaux de haute qualit\u00e9 et la conduite confortable que nous attendons de Mercedes. En tant que v\u00e9hicule de location familial, la Classe V peut tout faire, et avec le syst\u00e8me \u00e0 quatre roues 4Matic, elle saura s&rsquo;adapter \u00e0 n&rsquo;importe quel environnement. Louez une Mercedes-Benz Classe V 4Matic en Allemagne avec Elite Rent-a-Car et profitez de la voiture de location parfaite pour votre voyage en Europe.<\/p>\n","protected":false},"excerpt":{"rendered":"<p>The MPV market is full of many interesting propositions. All vans are practical in the sense that they can accommodate up to 6 or more passengers, a big plus for traveling families. But if you are after the best of the best, at least on the MPV market, then look no further than the V Class. Capable of accommodating 8 people (including the driver), the V class does not come short on space, or anything else in terms of practicality. A revised interior makes the feel of the V class more congruous with the rest of Mercedes&rsquo; fleet: A generally upscale atmosphere with the leather, high quality materials and comfortable ride we come to expect from Mercedes. As a family rental, the V Class can do it all, and with the added 4Matic four-wheel system, it can go on any road. Rent a Mercedes-Benz V Class 4Matic in Germany with Elite Rent-a-Car and enjoy the perfect rental car for your trip in Europe.<\/p>\n","protected":false},"featured_media":35875,"template":"","meta":{"_acf_changed":false,"site-sidebar-layout":"default","site-content-layout":"default","ast-site-content-layout":"","site-content-style":"default","site-sidebar-style":"default","ast-global-header-display":"","ast-banner-title-visibility":"","ast-main-header-display":"","ast-hfb-above-header-display":"","ast-hfb-below-header-display":"","ast-hfb-mobile-header-display":"","site-post-title":"","ast-breadcrumbs-content":"","ast-featured-img":"","footer-sml-layout":"","theme-transparent-header-meta":"default","adv-header-id-meta":"","stick-header-meta":"","header-above-stick-meta":"","header-main-stick-meta":"","header-below-stick-meta":"","astra-migrate-meta-layouts":"default","ast-page-background-enabled":"default","ast-page-background-meta":{"desktop":{"background-color":"","background-image":"","background-repeat":"repeat","background-position":"center center","background-size":"auto","background-attachment":"scroll","background-type":"","background-media":"","overlay-type":"","overlay-color":"","overlay-opacity":"","overlay-gradient":""},"tablet":{"background-color":"","background-image":"","background-repeat":"repeat","background-position":"center center","background-size":"auto","background-attachment":"scroll","background-type":"","background-media":"","overlay-type":"","overlay-color":"","overlay-opacity":"","overlay-gradient":""},"mobile":{"background-color":"","background-image":"","background-repeat":"repeat","background-position":"center center","background-size":"auto","background-attachment":"scroll","background-type":"","background-media":"","overlay-type":"","overlay-color":"","overlay-opacity":"","overlay-gradient":""}},"ast-content-background-meta":{"desktop":{"background-color":"var(--ast-global-color-5)","background-image":"","background-repeat":"repeat","background-position":"center center","background-size":"auto","background-attachment":"scroll","background-type":"","background-media":"","overlay-type":"","overlay-color":"","overlay-opacity":"","overlay-gradient":""},"tablet":{"background-color":"var(--ast-global-color-5)","background-image":"","background-repeat":"repeat","background-position":"center center","background-size":"auto","background-attachment":"scroll","background-type":"","background-media":"","overlay-type":"","overlay-color":"","overlay-opacity":"","overlay-gradient":""},"mobile":{"background-color":"var(--ast-global-color-5)","background-image":"","background-repeat":"repeat","background-position":"center center","background-size":"auto","background-attachment":"scroll","background-type":"","background-media":"","overlay-type":"","overlay-color":"","overlay-opacity":"","overlay-gradient":""}}},"product_brand":[],"product_cat":[2325],"product_tag":[],"agency-2":[],"agency-1":[2699],"model":[],"brand":[2301],"types":[2330],"city":[2652,2653,2654,2655],"country":[2312],"service":[],"class_list":{"0":"post-50121","1":"product","2":"type-product","3":"status-publish","4":"has-post-thumbnail","6":"product_cat-van","7":"agency-1-munich-fr","8":"brand-louer-une-mercedes-benz","9":"types-van-fr","10":"city-cologne-fr","11":"city-dusseldorf-fr","12":"city-frankfurt-fr","13":"city-leipzig-fr","14":"country-germany-fr","15":"desktop-align-left","16":"tablet-align-left","17":"mobile-align-left","19":"first","20":"instock","21":"shipping-taxable","22":"purchasable","23":"product-type-redq_rental"},"acf":[],"yoast_head":"<!-- This site is optimized with the Yoast SEO plugin v27.4 - https:\/\/yoast.com\/product\/yoast-seo-wordpress\/ -->\n<title>Elite Rent - Louer Mercedes-Benz V Class en Allemagne<\/title>\n<meta name=\"description\" content=\"Elite Rent - Louer Mercedes-Benz V Class en Allemagne avec Elite Rent et d\u00e9couvrez l&#039;europe comme jamais auparavant!\" \/>\n<meta name=\"robots\" content=\"index, follow, max-snippet:-1, max-image-preview:large, max-video-preview:-1\" \/>\n<link rel=\"canonical\" href=\"https:\/\/www.eliterent.com\/fr\/location-voiture-prestige\/van\/mercedes-benz-v-class-3\/\" \/>\n<meta property=\"og:locale\" content=\"fr_FR\" \/>\n<meta property=\"og:type\" content=\"article\" \/>\n<meta property=\"og:title\" content=\"Elite Rent - Louer Mercedes-Benz V Class en Allemagne\" \/>\n<meta property=\"og:description\" content=\"Elite Rent - Louer Mercedes-Benz V Class en Allemagne avec Elite Rent et d\u00e9couvrez l&#039;europe comme jamais auparavant!\" \/>\n<meta property=\"og:url\" content=\"https:\/\/www.eliterent.com\/fr\/location-voiture-prestige\/van\/mercedes-benz-v-class-3\/\" \/>\n<meta property=\"og:site_name\" content=\"Elite Rent\" \/>\n<meta property=\"article:modified_time\" content=\"2023-03-10T08:51:32+00:00\" \/>\n<meta property=\"og:image\" content=\"https:\/\/www.eliterent.com\/wp-content\/uploads\/2021\/06\/WEB_MB_V_Class_Front-3-1-2.png\" \/>\n\t<meta property=\"og:image:width\" content=\"425\" \/>\n\t<meta property=\"og:image:height\" content=\"250\" \/>\n\t<meta property=\"og:image:type\" content=\"image\/png\" \/>\n<meta name=\"twitter:card\" content=\"summary_large_image\" \/>\n<script type=\"application\/ld+json\" class=\"yoast-schema-graph\">{\"@context\":\"https:\\\/\\\/schema.org\",\"@graph\":[{\"@type\":\"WebPage\",\"@id\":\"https:\\\/\\\/www.eliterent.com\\\/fr\\\/location-voiture-prestige\\\/van\\\/mercedes-benz-v-class-3\\\/\",\"url\":\"https:\\\/\\\/www.eliterent.com\\\/fr\\\/location-voiture-prestige\\\/van\\\/mercedes-benz-v-class-3\\\/\",\"name\":\"Elite Rent - Louer Mercedes-Benz V Class en Allemagne\",\"isPartOf\":{\"@id\":\"https:\\\/\\\/www.eliterent.com\\\/#website\"},\"primaryImageOfPage\":{\"@id\":\"https:\\\/\\\/www.eliterent.com\\\/fr\\\/location-voiture-prestige\\\/van\\\/mercedes-benz-v-class-3\\\/#primaryimage\"},\"image\":{\"@id\":\"https:\\\/\\\/www.eliterent.com\\\/fr\\\/location-voiture-prestige\\\/van\\\/mercedes-benz-v-class-3\\\/#primaryimage\"},\"thumbnailUrl\":\"https:\\\/\\\/www.eliterent.com\\\/wp-content\\\/uploads\\\/2021\\\/06\\\/WEB_MB_V_Class_Front-3-1-2.png\",\"datePublished\":\"2021-05-21T19:02:19+00:00\",\"dateModified\":\"2023-03-10T08:51:32+00:00\",\"description\":\"Elite Rent - Louer Mercedes-Benz V Class en Allemagne avec Elite Rent et d\u00e9couvrez l'europe comme jamais auparavant!\",\"breadcrumb\":{\"@id\":\"https:\\\/\\\/www.eliterent.com\\\/fr\\\/location-voiture-prestige\\\/van\\\/mercedes-benz-v-class-3\\\/#breadcrumb\"},\"inLanguage\":\"fr-FR\",\"potentialAction\":[{\"@type\":\"ReadAction\",\"target\":[\"https:\\\/\\\/www.eliterent.com\\\/fr\\\/location-voiture-prestige\\\/van\\\/mercedes-benz-v-class-3\\\/\"]}]},{\"@type\":\"ImageObject\",\"inLanguage\":\"fr-FR\",\"@id\":\"https:\\\/\\\/www.eliterent.com\\\/fr\\\/location-voiture-prestige\\\/van\\\/mercedes-benz-v-class-3\\\/#primaryimage\",\"url\":\"https:\\\/\\\/www.eliterent.com\\\/wp-content\\\/uploads\\\/2021\\\/06\\\/WEB_MB_V_Class_Front-3-1-2.png\",\"contentUrl\":\"https:\\\/\\\/www.eliterent.com\\\/wp-content\\\/uploads\\\/2021\\\/06\\\/WEB_MB_V_Class_Front-3-1-2.png\",\"width\":425,\"height\":250},{\"@type\":\"BreadcrumbList\",\"@id\":\"https:\\\/\\\/www.eliterent.com\\\/fr\\\/location-voiture-prestige\\\/van\\\/mercedes-benz-v-class-3\\\/#breadcrumb\",\"itemListElement\":[{\"@type\":\"ListItem\",\"position\":1,\"name\":\"Home\",\"item\":\"https:\\\/\\\/www.eliterent.com\\\/fr\\\/\"},{\"@type\":\"ListItem\",\"position\":2,\"name\":\"Location de voitures de luxe en Europe\",\"item\":\"https:\\\/\\\/www.eliterent.com\\\/fr\\\/location-de-voitures-de-luxe-et-premium-en-europe\\\/\"},{\"@type\":\"ListItem\",\"position\":3,\"name\":\"Mercedes-Benz V Class\"}]},{\"@type\":\"WebSite\",\"@id\":\"https:\\\/\\\/www.eliterent.com\\\/#website\",\"url\":\"https:\\\/\\\/www.eliterent.com\\\/\",\"name\":\"Elite Rent\",\"description\":\"Rent a Car\",\"publisher\":{\"@id\":\"https:\\\/\\\/www.eliterent.com\\\/#organization\"},\"potentialAction\":[{\"@type\":\"SearchAction\",\"target\":{\"@type\":\"EntryPoint\",\"urlTemplate\":\"https:\\\/\\\/www.eliterent.com\\\/?s={search_term_string}\"},\"query-input\":{\"@type\":\"PropertyValueSpecification\",\"valueRequired\":true,\"valueName\":\"search_term_string\"}}],\"inLanguage\":\"fr-FR\"},{\"@type\":\"Organization\",\"@id\":\"https:\\\/\\\/www.eliterent.com\\\/#organization\",\"name\":\"Elite Rent\",\"url\":\"https:\\\/\\\/www.eliterent.com\\\/\",\"logo\":{\"@type\":\"ImageObject\",\"inLanguage\":\"fr-FR\",\"@id\":\"https:\\\/\\\/www.eliterent.com\\\/#\\\/schema\\\/logo\\\/image\\\/\",\"url\":\"https:\\\/\\\/www.eliterent.com\\\/wp-content\\\/uploads\\\/2020\\\/03\\\/Elite_Logo_NEW_2023_Final-1.png\",\"contentUrl\":\"https:\\\/\\\/www.eliterent.com\\\/wp-content\\\/uploads\\\/2020\\\/03\\\/Elite_Logo_NEW_2023_Final-1.png\",\"width\":828,\"height\":313,\"caption\":\"Elite Rent\"},\"image\":{\"@id\":\"https:\\\/\\\/www.eliterent.com\\\/#\\\/schema\\\/logo\\\/image\\\/\"}}]}<\/script>\n<!-- \/ Yoast SEO plugin. -->","yoast_head_json":{"title":"Elite Rent - Louer Mercedes-Benz V Class en Allemagne","description":"Elite Rent - Louer Mercedes-Benz V Class en Allemagne avec Elite Rent et d\u00e9couvrez l'europe comme jamais auparavant!","robots":{"index":"index","follow":"follow","max-snippet":"max-snippet:-1","max-image-preview":"max-image-preview:large","max-video-preview":"max-video-preview:-1"},"canonical":"https:\/\/www.eliterent.com\/fr\/location-voiture-prestige\/van\/mercedes-benz-v-class-3\/","og_locale":"fr_FR","og_type":"article","og_title":"Elite Rent - Louer Mercedes-Benz V Class en Allemagne","og_description":"Elite Rent - Louer Mercedes-Benz V Class en Allemagne avec Elite Rent et d\u00e9couvrez l'europe comme jamais auparavant!","og_url":"https:\/\/www.eliterent.com\/fr\/location-voiture-prestige\/van\/mercedes-benz-v-class-3\/","og_site_name":"Elite Rent","article_modified_time":"2023-03-10T08:51:32+00:00","og_image":[{"width":425,"height":250,"url":"https:\/\/www.eliterent.com\/wp-content\/uploads\/2021\/06\/WEB_MB_V_Class_Front-3-1-2.png","type":"image\/png"}],"twitter_card":"summary_large_image","schema":{"@context":"https:\/\/schema.org","@graph":[{"@type":"WebPage","@id":"https:\/\/www.eliterent.com\/fr\/location-voiture-prestige\/van\/mercedes-benz-v-class-3\/","url":"https:\/\/www.eliterent.com\/fr\/location-voiture-prestige\/van\/mercedes-benz-v-class-3\/","name":"Elite Rent - Louer Mercedes-Benz V Class en Allemagne","isPartOf":{"@id":"https:\/\/www.eliterent.com\/#website"},"primaryImageOfPage":{"@id":"https:\/\/www.eliterent.com\/fr\/location-voiture-prestige\/van\/mercedes-benz-v-class-3\/#primaryimage"},"image":{"@id":"https:\/\/www.eliterent.com\/fr\/location-voiture-prestige\/van\/mercedes-benz-v-class-3\/#primaryimage"},"thumbnailUrl":"https:\/\/www.eliterent.com\/wp-content\/uploads\/2021\/06\/WEB_MB_V_Class_Front-3-1-2.png","datePublished":"2021-05-21T19:02:19+00:00","dateModified":"2023-03-10T08:51:32+00:00","description":"Elite Rent - Louer Mercedes-Benz V Class en Allemagne avec Elite Rent et d\u00e9couvrez l'europe comme jamais auparavant!","breadcrumb":{"@id":"https:\/\/www.eliterent.com\/fr\/location-voiture-prestige\/van\/mercedes-benz-v-class-3\/#breadcrumb"},"inLanguage":"fr-FR","potentialAction":[{"@type":"ReadAction","target":["https:\/\/www.eliterent.com\/fr\/location-voiture-prestige\/van\/mercedes-benz-v-class-3\/"]}]},{"@type":"ImageObject","inLanguage":"fr-FR","@id":"https:\/\/www.eliterent.com\/fr\/location-voiture-prestige\/van\/mercedes-benz-v-class-3\/#primaryimage","url":"https:\/\/www.eliterent.com\/wp-content\/uploads\/2021\/06\/WEB_MB_V_Class_Front-3-1-2.png","contentUrl":"https:\/\/www.eliterent.com\/wp-content\/uploads\/2021\/06\/WEB_MB_V_Class_Front-3-1-2.png","width":425,"height":250},{"@type":"BreadcrumbList","@id":"https:\/\/www.eliterent.com\/fr\/location-voiture-prestige\/van\/mercedes-benz-v-class-3\/#breadcrumb","itemListElement":[{"@type":"ListItem","position":1,"name":"Home","item":"https:\/\/www.eliterent.com\/fr\/"},{"@type":"ListItem","position":2,"name":"Location de voitures de luxe en Europe","item":"https:\/\/www.eliterent.com\/fr\/location-de-voitures-de-luxe-et-premium-en-europe\/"},{"@type":"ListItem","position":3,"name":"Mercedes-Benz V Class"}]},{"@type":"WebSite","@id":"https:\/\/www.eliterent.com\/#website","url":"https:\/\/www.eliterent.com\/","name":"Elite Rent","description":"Rent a Car","publisher":{"@id":"https:\/\/www.eliterent.com\/#organization"},"potentialAction":[{"@type":"SearchAction","target":{"@type":"EntryPoint","urlTemplate":"https:\/\/www.eliterent.com\/?s={search_term_string}"},"query-input":{"@type":"PropertyValueSpecification","valueRequired":true,"valueName":"search_term_string"}}],"inLanguage":"fr-FR"},{"@type":"Organization","@id":"https:\/\/www.eliterent.com\/#organization","name":"Elite Rent","url":"https:\/\/www.eliterent.com\/","logo":{"@type":"ImageObject","inLanguage":"fr-FR","@id":"https:\/\/www.eliterent.com\/#\/schema\/logo\/image\/","url":"https:\/\/www.eliterent.com\/wp-content\/uploads\/2020\/03\/Elite_Logo_NEW_2023_Final-1.png","contentUrl":"https:\/\/www.eliterent.com\/wp-content\/uploads\/2020\/03\/Elite_Logo_NEW_2023_Final-1.png","width":828,"height":313,"caption":"Elite Rent"},"image":{"@id":"https:\/\/www.eliterent.com\/#\/schema\/logo\/image\/"}}]}},"_links":{"self":[{"href":"https:\/\/www.eliterent.com\/fr\/wp-json\/wp\/v2\/product\/50121","targetHints":{"allow":["GET"]}}],"collection":[{"href":"https:\/\/www.eliterent.com\/fr\/wp-json\/wp\/v2\/product"}],"about":[{"href":"https:\/\/www.eliterent.com\/fr\/wp-json\/wp\/v2\/types\/product"}],"version-history":[{"count":0,"href":"https:\/\/www.eliterent.com\/fr\/wp-json\/wp\/v2\/product\/50121\/revisions"}],"wp:featuredmedia":[{"embeddable":true,"href":"https:\/\/www.eliterent.com\/fr\/wp-json\/wp\/v2\/media\/35875"}],"wp:attachment":[{"href":"https:\/\/www.eliterent.com\/fr\/wp-json\/wp\/v2\/media?parent=50121"}],"wp:term":[{"taxonomy":"product_brand","embeddable":true,"href":"https:\/\/www.eliterent.com\/fr\/wp-json\/wp\/v2\/product_brand?post=50121"},{"taxonomy":"product_cat","embeddable":true,"href":"https:\/\/www.eliterent.com\/fr\/wp-json\/wp\/v2\/product_cat?post=50121"},{"taxonomy":"product_tag","embeddable":true,"href":"https:\/\/www.eliterent.com\/fr\/wp-json\/wp\/v2\/product_tag?post=50121"},{"taxonomy":"agency-2","embeddable":true,"href":"https:\/\/www.eliterent.com\/fr\/wp-json\/wp\/v2\/agency-2?post=50121"},{"taxonomy":"agency-1","embeddable":true,"href":"https:\/\/www.eliterent.com\/fr\/wp-json\/wp\/v2\/agency-1?post=50121"},{"taxonomy":"model","embeddable":true,"href":"https:\/\/www.eliterent.com\/fr\/wp-json\/wp\/v2\/model?post=50121"},{"taxonomy":"brand","embeddable":true,"href":"https:\/\/www.eliterent.com\/fr\/wp-json\/wp\/v2\/brand?post=50121"},{"taxonomy":"types","embeddable":true,"href":"https:\/\/www.eliterent.com\/fr\/wp-json\/wp\/v2\/types?post=50121"},{"taxonomy":"city","embeddable":true,"href":"https:\/\/www.eliterent.com\/fr\/wp-json\/wp\/v2\/city?post=50121"},{"taxonomy":"country","embeddable":true,"href":"https:\/\/www.eliterent.com\/fr\/wp-json\/wp\/v2\/country?post=50121"},{"taxonomy":"service","embeddable":true,"href":"https:\/\/www.eliterent.com\/fr\/wp-json\/wp\/v2\/service?post=50121"}],"curies":[{"name":"wp","href":"https:\/\/api.w.org\/{rel}","templated":true}]}}