{"id":50038,"date":"2021-05-21T07:36:17","date_gmt":"2021-05-21T05:36:17","guid":{"rendered":"https:\/\/dev-elite.online\/fleet-elite-rent-a-car\/mercedes-benz-a-class\/"},"modified":"2026-04-03T10:15:06","modified_gmt":"2026-04-03T08:15:06","slug":"mercedes-benz-a-class-geneve-zurich","status":"publish","type":"product","link":"https:\/\/www.eliterent.com\/fr\/location-voiture-prestige\/citadine\/mercedes-benz-a-class-geneve-zurich\/","title":{"rendered":"Mercedes-Benz A Class"},"content":{"rendered":"<p>Mercedes-Benz est surtout connue pour la production de voitures de luxe haut de gamme, mais r\u00e9cemment, elle a fait une grande perc\u00e9e sur le march\u00e9 des voitures de ville avec sa nouvelle petite voiture, la Classe A. Depuis son lancement en 1997, elle est devenue r\u00e9cemment une voiture de ville. Avec le nouveau design en 2012, la classe A est devenue l&rsquo;une des petites voitures les plus populaires. En 2018, la Classe A a re\u00e7u un tout nouveau design et une red\u00e9finition de sa ligne la propulsant encore plus sur le devant de la sc\u00e8ne des berlines compactes. Louez une Mercedes-Benz Classe A NEW en Suisse avec Elite Rent-a-Car et profitez de la voiture de location parfaite pour votre voyage en Europe.<\/p>\n","protected":false},"excerpt":{"rendered":"<p>[jet_post_terms tax:=\u00a0\u00bbcountry\u00a0\u00bb]<\/p>\n","protected":false},"featured_media":79353,"template":"","meta":{"_acf_changed":false,"site-sidebar-layout":"no-sidebar","site-content-layout":"plain-container","ast-site-content-layout":"normal-width-container","site-content-style":"unboxed","site-sidebar-style":"unboxed","ast-global-header-display":"","ast-banner-title-visibility":"","ast-main-header-display":"","ast-hfb-above-header-display":"","ast-hfb-below-header-display":"","ast-hfb-mobile-header-display":"","site-post-title":"","ast-breadcrumbs-content":"","ast-featured-img":"","footer-sml-layout":"","theme-transparent-header-meta":"default","adv-header-id-meta":"","stick-header-meta":"","header-above-stick-meta":"","header-main-stick-meta":"","header-below-stick-meta":"","astra-migrate-meta-layouts":"set","ast-page-background-enabled":"default","ast-page-background-meta":{"desktop":{"background-color":"","background-image":"","background-repeat":"repeat","background-position":"center center","background-size":"auto","background-attachment":"scroll","background-type":"","background-media":"","overlay-type":"","overlay-color":"","overlay-opacity":"","overlay-gradient":""},"tablet":{"background-color":"","background-image":"","background-repeat":"repeat","background-position":"center center","background-size":"auto","background-attachment":"scroll","background-type":"","background-media":"","overlay-type":"","overlay-color":"","overlay-opacity":"","overlay-gradient":""},"mobile":{"background-color":"","background-image":"","background-repeat":"repeat","background-position":"center center","background-size":"auto","background-attachment":"scroll","background-type":"","background-media":"","overlay-type":"","overlay-color":"","overlay-opacity":"","overlay-gradient":""}},"ast-content-background-meta":{"desktop":{"background-color":"var(--ast-global-color-5)","background-image":"","background-repeat":"repeat","background-position":"center center","background-size":"auto","background-attachment":"scroll","background-type":"","background-media":"","overlay-type":"","overlay-color":"","overlay-opacity":"","overlay-gradient":""},"tablet":{"background-color":"var(--ast-global-color-5)","background-image":"","background-repeat":"repeat","background-position":"center center","background-size":"auto","background-attachment":"scroll","background-type":"","background-media":"","overlay-type":"","overlay-color":"","overlay-opacity":"","overlay-gradient":""},"mobile":{"background-color":"var(--ast-global-color-5)","background-image":"","background-repeat":"repeat","background-position":"center center","background-size":"auto","background-attachment":"scroll","background-type":"","background-media":"","overlay-type":"","overlay-color":"","overlay-opacity":"","overlay-gradient":""}}},"product_brand":[],"product_cat":[2299,2820],"product_tag":[2475,2875],"agency-2":[2690],"agency-1":[2701],"model":[],"brand":[2301],"types":[],"city":[2614,2615,2616,2617,2618],"country":[2310],"service":[],"class_list":{"0":"post-50038","1":"product","2":"type-product","3":"status-publish","4":"has-post-thumbnail","6":"product_cat-citadine","7":"product_cat-tour-fr","8":"product_tag-ch","9":"product_tag-no-headache-0-ch","10":"agency-2-zurich-fr","11":"agency-1-geneva-fr","12":"brand-louer-une-mercedes-benz","13":"city-bad-ragaz-fr","14":"city-gstaad-fr","15":"city-interlaken-fr","16":"city-lausanne-fr","17":"city-st-moritz-fr","18":"country-switzerland-fr","19":"desktop-align-left","20":"tablet-align-left","21":"mobile-align-left","23":"first","24":"instock","25":"shipping-taxable","26":"purchasable","27":"product-type-redq_rental"},"acf":[],"yoast_head":"<!-- This site is optimized with the Yoast SEO plugin v27.1.1 - https:\/\/yoast.com\/product\/yoast-seo-wordpress\/ -->\n<title>Louer la Mercedes-Benz A Class en Suisse avec Elite Rent.<\/title>\n<meta name=\"description\" content=\"Louer la Mercedes-Benz A Class en Suisse avec Elite Rent - Livraison sur mesure \u00e0 Gen\u00e8ve, Zurich, Gstaad, St. Moritz, Lucerne, Lausanne.\" \/>\n<meta name=\"robots\" content=\"index, follow, max-snippet:-1, max-image-preview:large, max-video-preview:-1\" \/>\n<link rel=\"canonical\" href=\"https:\/\/www.eliterent.com\/fr\/location-voiture-prestige\/citadine\/mercedes-benz-a-class-geneve-zurich\/\" \/>\n<meta property=\"og:locale\" content=\"fr_FR\" \/>\n<meta property=\"og:type\" content=\"article\" \/>\n<meta property=\"og:title\" content=\"Louer la Mercedes-Benz A Class en Suisse avec Elite Rent.\" \/>\n<meta property=\"og:description\" content=\"Louer la Mercedes-Benz A Class en Suisse avec Elite Rent - Livraison sur mesure \u00e0 Gen\u00e8ve, Zurich, Gstaad, St. Moritz, Lucerne, Lausanne.\" \/>\n<meta property=\"og:url\" content=\"https:\/\/www.eliterent.com\/fr\/location-voiture-prestige\/citadine\/mercedes-benz-a-class-geneve-zurich\/\" \/>\n<meta property=\"og:site_name\" content=\"Elite Rent\" \/>\n<meta property=\"article:modified_time\" content=\"2026-04-03T08:15:06+00:00\" \/>\n<meta property=\"og:image\" content=\"https:\/\/www.eliterent.com\/wp-content\/uploads\/2021\/05\/A220_Special_Weekly_Rate.jpg\" \/>\n\t<meta property=\"og:image:width\" content=\"425\" \/>\n\t<meta property=\"og:image:height\" content=\"250\" \/>\n\t<meta property=\"og:image:type\" content=\"image\/jpeg\" \/>\n<meta name=\"twitter:card\" content=\"summary_large_image\" \/>\n<script type=\"application\/ld+json\" class=\"yoast-schema-graph\">{\"@context\":\"https:\/\/schema.org\",\"@graph\":[{\"@type\":\"WebPage\",\"@id\":\"https:\/\/www.eliterent.com\/fr\/location-voiture-prestige\/citadine\/mercedes-benz-a-class-geneve-zurich\/\",\"url\":\"https:\/\/www.eliterent.com\/fr\/location-voiture-prestige\/citadine\/mercedes-benz-a-class-geneve-zurich\/\",\"name\":\"Louer la Mercedes-Benz A Class en Suisse avec Elite Rent.\",\"isPartOf\":{\"@id\":\"https:\/\/www.eliterent.com\/#website\"},\"primaryImageOfPage\":{\"@id\":\"https:\/\/www.eliterent.com\/fr\/location-voiture-prestige\/citadine\/mercedes-benz-a-class-geneve-zurich\/#primaryimage\"},\"image\":{\"@id\":\"https:\/\/www.eliterent.com\/fr\/location-voiture-prestige\/citadine\/mercedes-benz-a-class-geneve-zurich\/#primaryimage\"},\"thumbnailUrl\":\"https:\/\/www.eliterent.com\/wp-content\/uploads\/2021\/05\/A220_Special_Weekly_Rate.jpg\",\"datePublished\":\"2021-05-21T05:36:17+00:00\",\"dateModified\":\"2026-04-03T08:15:06+00:00\",\"description\":\"Louer la Mercedes-Benz A Class en Suisse avec Elite Rent - Livraison sur mesure \u00e0 Gen\u00e8ve, Zurich, Gstaad, St. Moritz, Lucerne, Lausanne.\",\"breadcrumb\":{\"@id\":\"https:\/\/www.eliterent.com\/fr\/location-voiture-prestige\/citadine\/mercedes-benz-a-class-geneve-zurich\/#breadcrumb\"},\"inLanguage\":\"fr-FR\",\"potentialAction\":[{\"@type\":\"ReadAction\",\"target\":[\"https:\/\/www.eliterent.com\/fr\/location-voiture-prestige\/citadine\/mercedes-benz-a-class-geneve-zurich\/\"]}]},{\"@type\":\"ImageObject\",\"inLanguage\":\"fr-FR\",\"@id\":\"https:\/\/www.eliterent.com\/fr\/location-voiture-prestige\/citadine\/mercedes-benz-a-class-geneve-zurich\/#primaryimage\",\"url\":\"https:\/\/www.eliterent.com\/wp-content\/uploads\/2021\/05\/A220_Special_Weekly_Rate.jpg\",\"contentUrl\":\"https:\/\/www.eliterent.com\/wp-content\/uploads\/2021\/05\/A220_Special_Weekly_Rate.jpg\",\"width\":425,\"height\":250,\"caption\":\"Rent a Mercedes A Class in Switzerland, Geneva, Zurich.\"},{\"@type\":\"BreadcrumbList\",\"@id\":\"https:\/\/www.eliterent.com\/fr\/location-voiture-prestige\/citadine\/mercedes-benz-a-class-geneve-zurich\/#breadcrumb\",\"itemListElement\":[{\"@type\":\"ListItem\",\"position\":1,\"name\":\"Home\",\"item\":\"https:\/\/www.eliterent.com\/fr\/\"},{\"@type\":\"ListItem\",\"position\":2,\"name\":\"Location de voitures de luxe en Europe\",\"item\":\"https:\/\/www.eliterent.com\/fr\/location-de-voitures-de-luxe-et-premium-en-europe\/\"},{\"@type\":\"ListItem\",\"position\":3,\"name\":\"Mercedes-Benz A Class\"}]},{\"@type\":\"WebSite\",\"@id\":\"https:\/\/www.eliterent.com\/#website\",\"url\":\"https:\/\/www.eliterent.com\/\",\"name\":\"Elite Rent\",\"description\":\"Rent a Car\",\"publisher\":{\"@id\":\"https:\/\/www.eliterent.com\/#organization\"},\"potentialAction\":[{\"@type\":\"SearchAction\",\"target\":{\"@type\":\"EntryPoint\",\"urlTemplate\":\"https:\/\/www.eliterent.com\/?s={search_term_string}\"},\"query-input\":{\"@type\":\"PropertyValueSpecification\",\"valueRequired\":true,\"valueName\":\"search_term_string\"}}],\"inLanguage\":\"fr-FR\"},{\"@type\":\"Organization\",\"@id\":\"https:\/\/www.eliterent.com\/#organization\",\"name\":\"Elite Rent\",\"url\":\"https:\/\/www.eliterent.com\/\",\"logo\":{\"@type\":\"ImageObject\",\"inLanguage\":\"fr-FR\",\"@id\":\"https:\/\/www.eliterent.com\/#\/schema\/logo\/image\/\",\"url\":\"https:\/\/www.eliterent.com\/wp-content\/uploads\/2020\/03\/Elite_Logo_NEW_2023_Final-1.png\",\"contentUrl\":\"https:\/\/www.eliterent.com\/wp-content\/uploads\/2020\/03\/Elite_Logo_NEW_2023_Final-1.png\",\"width\":828,\"height\":313,\"caption\":\"Elite Rent\"},\"image\":{\"@id\":\"https:\/\/www.eliterent.com\/#\/schema\/logo\/image\/\"}}]}<\/script>\n<!-- \/ Yoast SEO plugin. -->","yoast_head_json":{"title":"Louer la Mercedes-Benz A Class en Suisse avec Elite Rent.","description":"Louer la Mercedes-Benz A Class en Suisse avec Elite Rent - Livraison sur mesure \u00e0 Gen\u00e8ve, Zurich, Gstaad, St. Moritz, Lucerne, Lausanne.","robots":{"index":"index","follow":"follow","max-snippet":"max-snippet:-1","max-image-preview":"max-image-preview:large","max-video-preview":"max-video-preview:-1"},"canonical":"https:\/\/www.eliterent.com\/fr\/location-voiture-prestige\/citadine\/mercedes-benz-a-class-geneve-zurich\/","og_locale":"fr_FR","og_type":"article","og_title":"Louer la Mercedes-Benz A Class en Suisse avec Elite Rent.","og_description":"Louer la Mercedes-Benz A Class en Suisse avec Elite Rent - Livraison sur mesure \u00e0 Gen\u00e8ve, Zurich, Gstaad, St. Moritz, Lucerne, Lausanne.","og_url":"https:\/\/www.eliterent.com\/fr\/location-voiture-prestige\/citadine\/mercedes-benz-a-class-geneve-zurich\/","og_site_name":"Elite Rent","article_modified_time":"2026-04-03T08:15:06+00:00","og_image":[{"width":425,"height":250,"url":"https:\/\/www.eliterent.com\/wp-content\/uploads\/2021\/05\/A220_Special_Weekly_Rate.jpg","type":"image\/jpeg"}],"twitter_card":"summary_large_image","schema":{"@context":"https:\/\/schema.org","@graph":[{"@type":"WebPage","@id":"https:\/\/www.eliterent.com\/fr\/location-voiture-prestige\/citadine\/mercedes-benz-a-class-geneve-zurich\/","url":"https:\/\/www.eliterent.com\/fr\/location-voiture-prestige\/citadine\/mercedes-benz-a-class-geneve-zurich\/","name":"Louer la Mercedes-Benz A Class en Suisse avec Elite Rent.","isPartOf":{"@id":"https:\/\/www.eliterent.com\/#website"},"primaryImageOfPage":{"@id":"https:\/\/www.eliterent.com\/fr\/location-voiture-prestige\/citadine\/mercedes-benz-a-class-geneve-zurich\/#primaryimage"},"image":{"@id":"https:\/\/www.eliterent.com\/fr\/location-voiture-prestige\/citadine\/mercedes-benz-a-class-geneve-zurich\/#primaryimage"},"thumbnailUrl":"https:\/\/www.eliterent.com\/wp-content\/uploads\/2021\/05\/A220_Special_Weekly_Rate.jpg","datePublished":"2021-05-21T05:36:17+00:00","dateModified":"2026-04-03T08:15:06+00:00","description":"Louer la Mercedes-Benz A Class en Suisse avec Elite Rent - Livraison sur mesure \u00e0 Gen\u00e8ve, Zurich, Gstaad, St. Moritz, Lucerne, Lausanne.","breadcrumb":{"@id":"https:\/\/www.eliterent.com\/fr\/location-voiture-prestige\/citadine\/mercedes-benz-a-class-geneve-zurich\/#breadcrumb"},"inLanguage":"fr-FR","potentialAction":[{"@type":"ReadAction","target":["https:\/\/www.eliterent.com\/fr\/location-voiture-prestige\/citadine\/mercedes-benz-a-class-geneve-zurich\/"]}]},{"@type":"ImageObject","inLanguage":"fr-FR","@id":"https:\/\/www.eliterent.com\/fr\/location-voiture-prestige\/citadine\/mercedes-benz-a-class-geneve-zurich\/#primaryimage","url":"https:\/\/www.eliterent.com\/wp-content\/uploads\/2021\/05\/A220_Special_Weekly_Rate.jpg","contentUrl":"https:\/\/www.eliterent.com\/wp-content\/uploads\/2021\/05\/A220_Special_Weekly_Rate.jpg","width":425,"height":250,"caption":"Rent a Mercedes A Class in Switzerland, Geneva, Zurich."},{"@type":"BreadcrumbList","@id":"https:\/\/www.eliterent.com\/fr\/location-voiture-prestige\/citadine\/mercedes-benz-a-class-geneve-zurich\/#breadcrumb","itemListElement":[{"@type":"ListItem","position":1,"name":"Home","item":"https:\/\/www.eliterent.com\/fr\/"},{"@type":"ListItem","position":2,"name":"Location de voitures de luxe en Europe","item":"https:\/\/www.eliterent.com\/fr\/location-de-voitures-de-luxe-et-premium-en-europe\/"},{"@type":"ListItem","position":3,"name":"Mercedes-Benz A Class"}]},{"@type":"WebSite","@id":"https:\/\/www.eliterent.com\/#website","url":"https:\/\/www.eliterent.com\/","name":"Elite Rent","description":"Rent a Car","publisher":{"@id":"https:\/\/www.eliterent.com\/#organization"},"potentialAction":[{"@type":"SearchAction","target":{"@type":"EntryPoint","urlTemplate":"https:\/\/www.eliterent.com\/?s={search_term_string}"},"query-input":{"@type":"PropertyValueSpecification","valueRequired":true,"valueName":"search_term_string"}}],"inLanguage":"fr-FR"},{"@type":"Organization","@id":"https:\/\/www.eliterent.com\/#organization","name":"Elite Rent","url":"https:\/\/www.eliterent.com\/","logo":{"@type":"ImageObject","inLanguage":"fr-FR","@id":"https:\/\/www.eliterent.com\/#\/schema\/logo\/image\/","url":"https:\/\/www.eliterent.com\/wp-content\/uploads\/2020\/03\/Elite_Logo_NEW_2023_Final-1.png","contentUrl":"https:\/\/www.eliterent.com\/wp-content\/uploads\/2020\/03\/Elite_Logo_NEW_2023_Final-1.png","width":828,"height":313,"caption":"Elite Rent"},"image":{"@id":"https:\/\/www.eliterent.com\/#\/schema\/logo\/image\/"}}]}},"_links":{"self":[{"href":"https:\/\/www.eliterent.com\/fr\/wp-json\/wp\/v2\/product\/50038","targetHints":{"allow":["GET"]}}],"collection":[{"href":"https:\/\/www.eliterent.com\/fr\/wp-json\/wp\/v2\/product"}],"about":[{"href":"https:\/\/www.eliterent.com\/fr\/wp-json\/wp\/v2\/types\/product"}],"version-history":[{"count":2,"href":"https:\/\/www.eliterent.com\/fr\/wp-json\/wp\/v2\/product\/50038\/revisions"}],"predecessor-version":[{"id":79534,"href":"https:\/\/www.eliterent.com\/fr\/wp-json\/wp\/v2\/product\/50038\/revisions\/79534"}],"wp:featuredmedia":[{"embeddable":true,"href":"https:\/\/www.eliterent.com\/fr\/wp-json\/wp\/v2\/media\/79353"}],"wp:attachment":[{"href":"https:\/\/www.eliterent.com\/fr\/wp-json\/wp\/v2\/media?parent=50038"}],"wp:term":[{"taxonomy":"product_brand","embeddable":true,"href":"https:\/\/www.eliterent.com\/fr\/wp-json\/wp\/v2\/product_brand?post=50038"},{"taxonomy":"product_cat","embeddable":true,"href":"https:\/\/www.eliterent.com\/fr\/wp-json\/wp\/v2\/product_cat?post=50038"},{"taxonomy":"product_tag","embeddable":true,"href":"https:\/\/www.eliterent.com\/fr\/wp-json\/wp\/v2\/product_tag?post=50038"},{"taxonomy":"agency-2","embeddable":true,"href":"https:\/\/www.eliterent.com\/fr\/wp-json\/wp\/v2\/agency-2?post=50038"},{"taxonomy":"agency-1","embeddable":true,"href":"https:\/\/www.eliterent.com\/fr\/wp-json\/wp\/v2\/agency-1?post=50038"},{"taxonomy":"model","embeddable":true,"href":"https:\/\/www.eliterent.com\/fr\/wp-json\/wp\/v2\/model?post=50038"},{"taxonomy":"brand","embeddable":true,"href":"https:\/\/www.eliterent.com\/fr\/wp-json\/wp\/v2\/brand?post=50038"},{"taxonomy":"types","embeddable":true,"href":"https:\/\/www.eliterent.com\/fr\/wp-json\/wp\/v2\/types?post=50038"},{"taxonomy":"city","embeddable":true,"href":"https:\/\/www.eliterent.com\/fr\/wp-json\/wp\/v2\/city?post=50038"},{"taxonomy":"country","embeddable":true,"href":"https:\/\/www.eliterent.com\/fr\/wp-json\/wp\/v2\/country?post=50038"},{"taxonomy":"service","embeddable":true,"href":"https:\/\/www.eliterent.com\/fr\/wp-json\/wp\/v2\/service?post=50038"}],"curies":[{"name":"wp","href":"https:\/\/api.w.org\/{rel}","templated":true}]}}