{"id":50004,"date":"2022-05-22T00:34:29","date_gmt":"2022-05-21T22:34:29","guid":{"rendered":"https:\/\/dev-elite.online\/fleet-elite-rent-a-car\/range-rover-vogue\/"},"modified":"2026-01-20T10:16:52","modified_gmt":"2026-01-20T09:16:52","slug":"range-rover-vogue-geneve-zurich","status":"publish","type":"product","link":"https:\/\/www.eliterent.com\/fr\/location-voiture-prestige\/suv-4x4\/range-rover-vogue-geneve-zurich\/","title":{"rendered":"Range Rover Vogue 5.0 V8 (2020)"},"content":{"rendered":"<p>Avec Elite Rent-a-Car, vous pouvez louer le Range Rover Vogue 5.0 V8 (202) en Suisse. V\u00e9n\u00e9r\u00e9 non seulement pour son luxe mais aussi pour ses capacit\u00e9s techniques. En effet, il ne faut se fier \u00e0 son int\u00e9rieur orn\u00e9 de cuir et digne des plus belles berlines, le Range Rover est capable d&rsquo;affronter un large \u00e9ventail de terrains diff\u00e9rents. Une partie du secret r\u00e9side dans un V8 suraliment\u00e9 de 5,0 litres qui d\u00e9veloppe une puissance de 510 chevaux. Le Range Rover Vogue offre un niveau de luxe comparable \u00e0 celui d&rsquo;autres constructeurs automobiles britanniques haut de gamme. Vous pouvez vous attendre \u00e0 trouver des cuirs fins et des boiseries m\u00eal\u00e9s \u00e0 un design moderne, sans oublier la vue imprenable sur la route depuis le si\u00e8ge du conducteur. Avec ce magnifique SUV d\u00e9placez vous avec prestige et style. Louez un Range Rover Vogue 5.0L V8 SC en Suisse avec Elite Rent-a-Car et profitez de la voiture de location parfaite pour votre voyage en Europe.<\/p>\n","protected":false},"excerpt":{"rendered":"<p>[jet_post_terms tax:=\u00a0\u00bbcountry\u00a0\u00bb]<\/p>\n","protected":false},"featured_media":53915,"template":"","meta":{"_acf_changed":false,"site-sidebar-layout":"no-sidebar","site-content-layout":"plain-container","ast-site-content-layout":"normal-width-container","site-content-style":"unboxed","site-sidebar-style":"unboxed","ast-global-header-display":"","ast-banner-title-visibility":"","ast-main-header-display":"","ast-hfb-above-header-display":"","ast-hfb-below-header-display":"","ast-hfb-mobile-header-display":"","site-post-title":"","ast-breadcrumbs-content":"","ast-featured-img":"","footer-sml-layout":"","theme-transparent-header-meta":"default","adv-header-id-meta":"","stick-header-meta":"","header-above-stick-meta":"","header-main-stick-meta":"","header-below-stick-meta":"","astra-migrate-meta-layouts":"set","ast-page-background-enabled":"default","ast-page-background-meta":{"desktop":{"background-color":"","background-image":"","background-repeat":"repeat","background-position":"center center","background-size":"auto","background-attachment":"scroll","background-type":"","background-media":"","overlay-type":"","overlay-color":"","overlay-opacity":"","overlay-gradient":""},"tablet":{"background-color":"","background-image":"","background-repeat":"repeat","background-position":"center center","background-size":"auto","background-attachment":"scroll","background-type":"","background-media":"","overlay-type":"","overlay-color":"","overlay-opacity":"","overlay-gradient":""},"mobile":{"background-color":"","background-image":"","background-repeat":"repeat","background-position":"center center","background-size":"auto","background-attachment":"scroll","background-type":"","background-media":"","overlay-type":"","overlay-color":"","overlay-opacity":"","overlay-gradient":""}},"ast-content-background-meta":{"desktop":{"background-color":"var(--ast-global-color-5)","background-image":"","background-repeat":"repeat","background-position":"center center","background-size":"auto","background-attachment":"scroll","background-type":"","background-media":"","overlay-type":"","overlay-color":"","overlay-opacity":"","overlay-gradient":""},"tablet":{"background-color":"var(--ast-global-color-5)","background-image":"","background-repeat":"repeat","background-position":"center center","background-size":"auto","background-attachment":"scroll","background-type":"","background-media":"","overlay-type":"","overlay-color":"","overlay-opacity":"","overlay-gradient":""},"mobile":{"background-color":"var(--ast-global-color-5)","background-image":"","background-repeat":"repeat","background-position":"center center","background-size":"auto","background-attachment":"scroll","background-type":"","background-media":"","overlay-type":"","overlay-color":"","overlay-opacity":"","overlay-gradient":""}}},"product_brand":[],"product_cat":[1939,1822],"product_tag":[2475,2871],"agency-2":[2690],"agency-1":[2701],"model":[],"brand":[1263],"types":[2324],"city":[2614,2615,2616,2617,2618],"country":[2310],"service":[],"class_list":{"0":"post-50004","1":"product","2":"type-product","3":"status-publish","4":"has-post-thumbnail","6":"product_cat-best-sellers-fr","7":"product_cat-suv-4x4","8":"product_tag-ch","9":"product_tag-no-headache-500-ch","10":"agency-2-zurich-fr","11":"agency-1-geneva-fr","12":"brand-louer-une-range-rover","13":"types-best-sellers-fr","14":"city-bad-ragaz-fr","15":"city-gstaad-fr","16":"city-interlaken-fr","17":"city-lausanne-fr","18":"city-st-moritz-fr","19":"country-switzerland-fr","20":"desktop-align-left","21":"tablet-align-left","22":"mobile-align-left","24":"first","25":"instock","26":"shipping-taxable","27":"purchasable","28":"product-type-redq_rental"},"acf":[],"yoast_head":"<!-- This site is optimized with the Yoast SEO plugin v27.4 - https:\/\/yoast.com\/product\/yoast-seo-wordpress\/ -->\n<title>Louer le Range Rover Vogue 5.0 V8 (2020) en Suisse avec Elite Rent.<\/title>\n<meta name=\"description\" content=\"Louer le Range Rover Vogue 5.0 V8 (2020) en Suisse avec Elite Rent - Livraison sur mesure \u00e0 Gen\u00e8ve, Zurich, Gstaad, St. Moritz, Lucerne, Lausanne.\" \/>\n<meta name=\"robots\" content=\"index, follow, max-snippet:-1, max-image-preview:large, max-video-preview:-1\" \/>\n<link rel=\"canonical\" href=\"https:\/\/www.eliterent.com\/fr\/location-voiture-prestige\/suv-4x4\/range-rover-vogue-geneve-zurich\/\" \/>\n<meta property=\"og:locale\" content=\"fr_FR\" \/>\n<meta property=\"og:type\" content=\"article\" \/>\n<meta property=\"og:title\" content=\"Louer le Range Rover Vogue 5.0 V8 (2020) en Suisse avec Elite Rent.\" \/>\n<meta property=\"og:description\" content=\"Louer le Range Rover Vogue 5.0 V8 (2020) en Suisse avec Elite Rent - Livraison sur mesure \u00e0 Gen\u00e8ve, Zurich, Gstaad, St. Moritz, Lucerne, Lausanne.\" \/>\n<meta property=\"og:url\" content=\"https:\/\/www.eliterent.com\/fr\/location-voiture-prestige\/suv-4x4\/range-rover-vogue-geneve-zurich\/\" \/>\n<meta property=\"og:site_name\" content=\"Elite Rent\" \/>\n<meta property=\"article:modified_time\" content=\"2026-01-20T09:16:52+00:00\" \/>\n<meta property=\"og:image\" content=\"https:\/\/www.eliterent.com\/wp-content\/uploads\/2021\/05\/WEB_RR_Vogue_Front_hot-1.jpg\" \/>\n\t<meta property=\"og:image:width\" content=\"425\" \/>\n\t<meta property=\"og:image:height\" content=\"250\" \/>\n\t<meta property=\"og:image:type\" content=\"image\/jpeg\" \/>\n<meta name=\"twitter:card\" content=\"summary_large_image\" \/>\n<script type=\"application\/ld+json\" class=\"yoast-schema-graph\">{\"@context\":\"https:\\\/\\\/schema.org\",\"@graph\":[{\"@type\":\"WebPage\",\"@id\":\"https:\\\/\\\/www.eliterent.com\\\/fr\\\/location-voiture-prestige\\\/suv-4x4\\\/range-rover-vogue-geneve-zurich\\\/\",\"url\":\"https:\\\/\\\/www.eliterent.com\\\/fr\\\/location-voiture-prestige\\\/suv-4x4\\\/range-rover-vogue-geneve-zurich\\\/\",\"name\":\"Louer le Range Rover Vogue 5.0 V8 (2020) en Suisse avec Elite Rent.\",\"isPartOf\":{\"@id\":\"https:\\\/\\\/www.eliterent.com\\\/#website\"},\"primaryImageOfPage\":{\"@id\":\"https:\\\/\\\/www.eliterent.com\\\/fr\\\/location-voiture-prestige\\\/suv-4x4\\\/range-rover-vogue-geneve-zurich\\\/#primaryimage\"},\"image\":{\"@id\":\"https:\\\/\\\/www.eliterent.com\\\/fr\\\/location-voiture-prestige\\\/suv-4x4\\\/range-rover-vogue-geneve-zurich\\\/#primaryimage\"},\"thumbnailUrl\":\"https:\\\/\\\/www.eliterent.com\\\/wp-content\\\/uploads\\\/2021\\\/05\\\/WEB_RR_Vogue_Front_hot-1.jpg\",\"datePublished\":\"2022-05-21T22:34:29+00:00\",\"dateModified\":\"2026-01-20T09:16:52+00:00\",\"description\":\"Louer le Range Rover Vogue 5.0 V8 (2020) en Suisse avec Elite Rent - Livraison sur mesure \u00e0 Gen\u00e8ve, Zurich, Gstaad, St. Moritz, Lucerne, Lausanne.\",\"breadcrumb\":{\"@id\":\"https:\\\/\\\/www.eliterent.com\\\/fr\\\/location-voiture-prestige\\\/suv-4x4\\\/range-rover-vogue-geneve-zurich\\\/#breadcrumb\"},\"inLanguage\":\"fr-FR\",\"potentialAction\":[{\"@type\":\"ReadAction\",\"target\":[\"https:\\\/\\\/www.eliterent.com\\\/fr\\\/location-voiture-prestige\\\/suv-4x4\\\/range-rover-vogue-geneve-zurich\\\/\"]}]},{\"@type\":\"ImageObject\",\"inLanguage\":\"fr-FR\",\"@id\":\"https:\\\/\\\/www.eliterent.com\\\/fr\\\/location-voiture-prestige\\\/suv-4x4\\\/range-rover-vogue-geneve-zurich\\\/#primaryimage\",\"url\":\"https:\\\/\\\/www.eliterent.com\\\/wp-content\\\/uploads\\\/2021\\\/05\\\/WEB_RR_Vogue_Front_hot-1.jpg\",\"contentUrl\":\"https:\\\/\\\/www.eliterent.com\\\/wp-content\\\/uploads\\\/2021\\\/05\\\/WEB_RR_Vogue_Front_hot-1.jpg\",\"width\":425,\"height\":250,\"caption\":\"Rent a Range Rover Vogue 5.0 V8 SC (2021) in Switzerland, Geneva, Zurich.\"},{\"@type\":\"BreadcrumbList\",\"@id\":\"https:\\\/\\\/www.eliterent.com\\\/fr\\\/location-voiture-prestige\\\/suv-4x4\\\/range-rover-vogue-geneve-zurich\\\/#breadcrumb\",\"itemListElement\":[{\"@type\":\"ListItem\",\"position\":1,\"name\":\"Home\",\"item\":\"https:\\\/\\\/www.eliterent.com\\\/fr\\\/\"},{\"@type\":\"ListItem\",\"position\":2,\"name\":\"Location de voitures de luxe en Europe\",\"item\":\"https:\\\/\\\/www.eliterent.com\\\/fr\\\/location-de-voitures-de-luxe-et-premium-en-europe\\\/\"},{\"@type\":\"ListItem\",\"position\":3,\"name\":\"Range Rover Vogue 5.0 V8 (2020)\"}]},{\"@type\":\"WebSite\",\"@id\":\"https:\\\/\\\/www.eliterent.com\\\/#website\",\"url\":\"https:\\\/\\\/www.eliterent.com\\\/\",\"name\":\"Elite Rent\",\"description\":\"Rent a Car\",\"publisher\":{\"@id\":\"https:\\\/\\\/www.eliterent.com\\\/#organization\"},\"potentialAction\":[{\"@type\":\"SearchAction\",\"target\":{\"@type\":\"EntryPoint\",\"urlTemplate\":\"https:\\\/\\\/www.eliterent.com\\\/?s={search_term_string}\"},\"query-input\":{\"@type\":\"PropertyValueSpecification\",\"valueRequired\":true,\"valueName\":\"search_term_string\"}}],\"inLanguage\":\"fr-FR\"},{\"@type\":\"Organization\",\"@id\":\"https:\\\/\\\/www.eliterent.com\\\/#organization\",\"name\":\"Elite Rent\",\"url\":\"https:\\\/\\\/www.eliterent.com\\\/\",\"logo\":{\"@type\":\"ImageObject\",\"inLanguage\":\"fr-FR\",\"@id\":\"https:\\\/\\\/www.eliterent.com\\\/#\\\/schema\\\/logo\\\/image\\\/\",\"url\":\"https:\\\/\\\/www.eliterent.com\\\/wp-content\\\/uploads\\\/2020\\\/03\\\/Elite_Logo_NEW_2023_Final-1.png\",\"contentUrl\":\"https:\\\/\\\/www.eliterent.com\\\/wp-content\\\/uploads\\\/2020\\\/03\\\/Elite_Logo_NEW_2023_Final-1.png\",\"width\":828,\"height\":313,\"caption\":\"Elite Rent\"},\"image\":{\"@id\":\"https:\\\/\\\/www.eliterent.com\\\/#\\\/schema\\\/logo\\\/image\\\/\"}}]}<\/script>\n<!-- \/ Yoast SEO plugin. -->","yoast_head_json":{"title":"Louer le Range Rover Vogue 5.0 V8 (2020) en Suisse avec Elite Rent.","description":"Louer le Range Rover Vogue 5.0 V8 (2020) en Suisse avec Elite Rent - Livraison sur mesure \u00e0 Gen\u00e8ve, Zurich, Gstaad, St. Moritz, Lucerne, Lausanne.","robots":{"index":"index","follow":"follow","max-snippet":"max-snippet:-1","max-image-preview":"max-image-preview:large","max-video-preview":"max-video-preview:-1"},"canonical":"https:\/\/www.eliterent.com\/fr\/location-voiture-prestige\/suv-4x4\/range-rover-vogue-geneve-zurich\/","og_locale":"fr_FR","og_type":"article","og_title":"Louer le Range Rover Vogue 5.0 V8 (2020) en Suisse avec Elite Rent.","og_description":"Louer le Range Rover Vogue 5.0 V8 (2020) en Suisse avec Elite Rent - Livraison sur mesure \u00e0 Gen\u00e8ve, Zurich, Gstaad, St. Moritz, Lucerne, Lausanne.","og_url":"https:\/\/www.eliterent.com\/fr\/location-voiture-prestige\/suv-4x4\/range-rover-vogue-geneve-zurich\/","og_site_name":"Elite Rent","article_modified_time":"2026-01-20T09:16:52+00:00","og_image":[{"width":425,"height":250,"url":"https:\/\/www.eliterent.com\/wp-content\/uploads\/2021\/05\/WEB_RR_Vogue_Front_hot-1.jpg","type":"image\/jpeg"}],"twitter_card":"summary_large_image","schema":{"@context":"https:\/\/schema.org","@graph":[{"@type":"WebPage","@id":"https:\/\/www.eliterent.com\/fr\/location-voiture-prestige\/suv-4x4\/range-rover-vogue-geneve-zurich\/","url":"https:\/\/www.eliterent.com\/fr\/location-voiture-prestige\/suv-4x4\/range-rover-vogue-geneve-zurich\/","name":"Louer le Range Rover Vogue 5.0 V8 (2020) en Suisse avec Elite Rent.","isPartOf":{"@id":"https:\/\/www.eliterent.com\/#website"},"primaryImageOfPage":{"@id":"https:\/\/www.eliterent.com\/fr\/location-voiture-prestige\/suv-4x4\/range-rover-vogue-geneve-zurich\/#primaryimage"},"image":{"@id":"https:\/\/www.eliterent.com\/fr\/location-voiture-prestige\/suv-4x4\/range-rover-vogue-geneve-zurich\/#primaryimage"},"thumbnailUrl":"https:\/\/www.eliterent.com\/wp-content\/uploads\/2021\/05\/WEB_RR_Vogue_Front_hot-1.jpg","datePublished":"2022-05-21T22:34:29+00:00","dateModified":"2026-01-20T09:16:52+00:00","description":"Louer le Range Rover Vogue 5.0 V8 (2020) en Suisse avec Elite Rent - Livraison sur mesure \u00e0 Gen\u00e8ve, Zurich, Gstaad, St. Moritz, Lucerne, Lausanne.","breadcrumb":{"@id":"https:\/\/www.eliterent.com\/fr\/location-voiture-prestige\/suv-4x4\/range-rover-vogue-geneve-zurich\/#breadcrumb"},"inLanguage":"fr-FR","potentialAction":[{"@type":"ReadAction","target":["https:\/\/www.eliterent.com\/fr\/location-voiture-prestige\/suv-4x4\/range-rover-vogue-geneve-zurich\/"]}]},{"@type":"ImageObject","inLanguage":"fr-FR","@id":"https:\/\/www.eliterent.com\/fr\/location-voiture-prestige\/suv-4x4\/range-rover-vogue-geneve-zurich\/#primaryimage","url":"https:\/\/www.eliterent.com\/wp-content\/uploads\/2021\/05\/WEB_RR_Vogue_Front_hot-1.jpg","contentUrl":"https:\/\/www.eliterent.com\/wp-content\/uploads\/2021\/05\/WEB_RR_Vogue_Front_hot-1.jpg","width":425,"height":250,"caption":"Rent a Range Rover Vogue 5.0 V8 SC (2021) in Switzerland, Geneva, Zurich."},{"@type":"BreadcrumbList","@id":"https:\/\/www.eliterent.com\/fr\/location-voiture-prestige\/suv-4x4\/range-rover-vogue-geneve-zurich\/#breadcrumb","itemListElement":[{"@type":"ListItem","position":1,"name":"Home","item":"https:\/\/www.eliterent.com\/fr\/"},{"@type":"ListItem","position":2,"name":"Location de voitures de luxe en Europe","item":"https:\/\/www.eliterent.com\/fr\/location-de-voitures-de-luxe-et-premium-en-europe\/"},{"@type":"ListItem","position":3,"name":"Range Rover Vogue 5.0 V8 (2020)"}]},{"@type":"WebSite","@id":"https:\/\/www.eliterent.com\/#website","url":"https:\/\/www.eliterent.com\/","name":"Elite Rent","description":"Rent a Car","publisher":{"@id":"https:\/\/www.eliterent.com\/#organization"},"potentialAction":[{"@type":"SearchAction","target":{"@type":"EntryPoint","urlTemplate":"https:\/\/www.eliterent.com\/?s={search_term_string}"},"query-input":{"@type":"PropertyValueSpecification","valueRequired":true,"valueName":"search_term_string"}}],"inLanguage":"fr-FR"},{"@type":"Organization","@id":"https:\/\/www.eliterent.com\/#organization","name":"Elite Rent","url":"https:\/\/www.eliterent.com\/","logo":{"@type":"ImageObject","inLanguage":"fr-FR","@id":"https:\/\/www.eliterent.com\/#\/schema\/logo\/image\/","url":"https:\/\/www.eliterent.com\/wp-content\/uploads\/2020\/03\/Elite_Logo_NEW_2023_Final-1.png","contentUrl":"https:\/\/www.eliterent.com\/wp-content\/uploads\/2020\/03\/Elite_Logo_NEW_2023_Final-1.png","width":828,"height":313,"caption":"Elite Rent"},"image":{"@id":"https:\/\/www.eliterent.com\/#\/schema\/logo\/image\/"}}]}},"_links":{"self":[{"href":"https:\/\/www.eliterent.com\/fr\/wp-json\/wp\/v2\/product\/50004","targetHints":{"allow":["GET"]}}],"collection":[{"href":"https:\/\/www.eliterent.com\/fr\/wp-json\/wp\/v2\/product"}],"about":[{"href":"https:\/\/www.eliterent.com\/fr\/wp-json\/wp\/v2\/types\/product"}],"version-history":[{"count":1,"href":"https:\/\/www.eliterent.com\/fr\/wp-json\/wp\/v2\/product\/50004\/revisions"}],"predecessor-version":[{"id":79540,"href":"https:\/\/www.eliterent.com\/fr\/wp-json\/wp\/v2\/product\/50004\/revisions\/79540"}],"wp:featuredmedia":[{"embeddable":true,"href":"https:\/\/www.eliterent.com\/fr\/wp-json\/wp\/v2\/media\/53915"}],"wp:attachment":[{"href":"https:\/\/www.eliterent.com\/fr\/wp-json\/wp\/v2\/media?parent=50004"}],"wp:term":[{"taxonomy":"product_brand","embeddable":true,"href":"https:\/\/www.eliterent.com\/fr\/wp-json\/wp\/v2\/product_brand?post=50004"},{"taxonomy":"product_cat","embeddable":true,"href":"https:\/\/www.eliterent.com\/fr\/wp-json\/wp\/v2\/product_cat?post=50004"},{"taxonomy":"product_tag","embeddable":true,"href":"https:\/\/www.eliterent.com\/fr\/wp-json\/wp\/v2\/product_tag?post=50004"},{"taxonomy":"agency-2","embeddable":true,"href":"https:\/\/www.eliterent.com\/fr\/wp-json\/wp\/v2\/agency-2?post=50004"},{"taxonomy":"agency-1","embeddable":true,"href":"https:\/\/www.eliterent.com\/fr\/wp-json\/wp\/v2\/agency-1?post=50004"},{"taxonomy":"model","embeddable":true,"href":"https:\/\/www.eliterent.com\/fr\/wp-json\/wp\/v2\/model?post=50004"},{"taxonomy":"brand","embeddable":true,"href":"https:\/\/www.eliterent.com\/fr\/wp-json\/wp\/v2\/brand?post=50004"},{"taxonomy":"types","embeddable":true,"href":"https:\/\/www.eliterent.com\/fr\/wp-json\/wp\/v2\/types?post=50004"},{"taxonomy":"city","embeddable":true,"href":"https:\/\/www.eliterent.com\/fr\/wp-json\/wp\/v2\/city?post=50004"},{"taxonomy":"country","embeddable":true,"href":"https:\/\/www.eliterent.com\/fr\/wp-json\/wp\/v2\/country?post=50004"},{"taxonomy":"service","embeddable":true,"href":"https:\/\/www.eliterent.com\/fr\/wp-json\/wp\/v2\/service?post=50004"}],"curies":[{"name":"wp","href":"https:\/\/api.w.org\/{rel}","templated":true}]}}