{"id":49923,"date":"2022-05-22T08:21:40","date_gmt":"2022-05-22T06:21:40","guid":{"rendered":"https:\/\/dev-elite.online\/fleet-elite-rent-a-car\/bentley-continental-gt-draft\/"},"modified":"2024-06-10T17:28:51","modified_gmt":"2024-06-10T15:28:51","slug":"bentley-continental-gtc-geneve-zurich","status":"publish","type":"product","link":"https:\/\/www.eliterent.com\/fr\/location-voiture-prestige\/exceptionnelle\/bentley-continental-gtc-geneve-zurich\/","title":{"rendered":"Bentley Continental GTC"},"content":{"rendered":"<p>La nouvelle Bentley Continental GT est le bateau de croisi\u00e8re parfait pour la Suisse. Prenez ce luxueux yacht terrestre pour un tour et d\u00e9couvrez la puissance et le confort simultan\u00e9s que la nouvelle Bentley a \u00e0 offrir ! Avec un moteur W12 de 635 chevaux, la Continental ne manque certainement pas de puissance. En fait, ses performances sugg\u00e8rent qu&rsquo;il s&rsquo;agit davantage d&rsquo;une voiture de sport que d&rsquo;un grand-tour de luxe. Malgr\u00e9 son poids de 2400 kg, la puissance prodigieuse de la NOUVELLE Continental lui permet de passer de 0 \u00e0 100 km\/h en moins de 4 secondes et d&rsquo;atteindre une vitesse de pointe de plus de 330 km\/h ! Conduire cette ode \u00e0 l&rsquo;ing\u00e9nierie britannique et allemande est un plaisir : le syst\u00e8me de transmission int\u00e9grale offre la s\u00e9curit\u00e9 et la sensation de s\u00e9curit\u00e9 que l&rsquo;on attend d&rsquo;un tel v\u00e9hicule. Avec le toit d\u00e9capotable r\u00e9tract\u00e9, le conducteur reste cependant connect\u00e9. Louez une Bentley Continental GT NEW en Suisse avec Elite Rent-a-Car et profitez de la voiture de location parfaite pour votre voyage en Europe.<\/p>\n","protected":false},"excerpt":{"rendered":"<p>[jet_post_terms tax:=\u00a0\u00bbcountry\u00a0\u00bb]<\/p>\n","protected":false},"featured_media":57757,"template":"","meta":{"_acf_changed":false,"site-sidebar-layout":"no-sidebar","site-content-layout":"plain-container","ast-site-content-layout":"normal-width-container","site-content-style":"unboxed","site-sidebar-style":"unboxed","ast-global-header-display":"","ast-banner-title-visibility":"","ast-main-header-display":"","ast-hfb-above-header-display":"","ast-hfb-below-header-display":"","ast-hfb-mobile-header-display":"","site-post-title":"","ast-breadcrumbs-content":"","ast-featured-img":"","footer-sml-layout":"","theme-transparent-header-meta":"default","adv-header-id-meta":"","stick-header-meta":"","header-above-stick-meta":"","header-main-stick-meta":"","header-below-stick-meta":"","astra-migrate-meta-layouts":"default","ast-page-background-enabled":"default","ast-page-background-meta":{"desktop":{"background-color":"","background-image":"","background-repeat":"repeat","background-position":"center center","background-size":"auto","background-attachment":"scroll","background-type":"","background-media":"","overlay-type":"","overlay-color":"","overlay-opacity":"","overlay-gradient":""},"tablet":{"background-color":"","background-image":"","background-repeat":"repeat","background-position":"center center","background-size":"auto","background-attachment":"scroll","background-type":"","background-media":"","overlay-type":"","overlay-color":"","overlay-opacity":"","overlay-gradient":""},"mobile":{"background-color":"","background-image":"","background-repeat":"repeat","background-position":"center center","background-size":"auto","background-attachment":"scroll","background-type":"","background-media":"","overlay-type":"","overlay-color":"","overlay-opacity":"","overlay-gradient":""}},"ast-content-background-meta":{"desktop":{"background-color":"var(--ast-global-color-5)","background-image":"","background-repeat":"repeat","background-position":"center center","background-size":"auto","background-attachment":"scroll","background-type":"","background-media":"","overlay-type":"","overlay-color":"","overlay-opacity":"","overlay-gradient":""},"tablet":{"background-color":"var(--ast-global-color-5)","background-image":"","background-repeat":"repeat","background-position":"center center","background-size":"auto","background-attachment":"scroll","background-type":"","background-media":"","overlay-type":"","overlay-color":"","overlay-opacity":"","overlay-gradient":""},"mobile":{"background-color":"var(--ast-global-color-5)","background-image":"","background-repeat":"repeat","background-position":"center center","background-size":"auto","background-attachment":"scroll","background-type":"","background-media":"","overlay-type":"","overlay-color":"","overlay-opacity":"","overlay-gradient":""}}},"product_brand":[],"product_cat":[1940,2298],"product_tag":[2475],"agency-2":[2690],"agency-1":[2701],"model":[],"brand":[2319],"types":[2315],"city":[2614,2615,2616,2617,2618],"country":[2310],"service":[],"class_list":{"0":"post-49923","1":"product","2":"type-product","3":"status-publish","4":"has-post-thumbnail","6":"product_cat-exceptionnelle","7":"product_cat-sportive-cabriolet","8":"product_tag-ch","9":"agency-2-zurich-fr","10":"agency-1-geneva-fr","11":"brand-louer-une-bentley","12":"types-exceptional-fr","13":"city-bad-ragaz-fr","14":"city-gstaad-fr","15":"city-interlaken-fr","16":"city-lausanne-fr","17":"city-st-moritz-fr","18":"country-switzerland-fr","19":"desktop-align-left","20":"tablet-align-left","21":"mobile-align-left","23":"first","24":"instock","25":"shipping-taxable","26":"purchasable","27":"product-type-redq_rental"},"acf":[],"yoast_head":"<!-- This site is optimized with the Yoast SEO plugin v27.6 - https:\/\/yoast.com\/product\/yoast-seo-wordpress\/ -->\n<title>Louer la Bentley Continental GTC en Suisse avec Elite Rent.<\/title>\n<meta name=\"description\" content=\"Louer la Bentley Continental GTC en Suisse avec Elite Rent - Livraison sur mesure \u00e0 Gen\u00e8ve, Zurich, Gstaad, St. Moritz, Lucerne, Lausanne.\" \/>\n<meta name=\"robots\" content=\"index, follow, max-snippet:-1, max-image-preview:large, max-video-preview:-1\" \/>\n<link rel=\"canonical\" href=\"https:\/\/www.eliterent.com\/fr\/location-voiture-prestige\/exceptionnelle\/bentley-continental-gtc-geneve-zurich\/\" \/>\n<meta property=\"og:locale\" content=\"fr_FR\" \/>\n<meta property=\"og:type\" content=\"article\" \/>\n<meta property=\"og:title\" content=\"Louer la Bentley Continental GTC en Suisse avec Elite Rent.\" \/>\n<meta property=\"og:description\" content=\"Louer la Bentley Continental GTC en Suisse avec Elite Rent - Livraison sur mesure \u00e0 Gen\u00e8ve, Zurich, Gstaad, St. Moritz, Lucerne, Lausanne.\" \/>\n<meta property=\"og:url\" content=\"https:\/\/www.eliterent.com\/fr\/location-voiture-prestige\/exceptionnelle\/bentley-continental-gtc-geneve-zurich\/\" \/>\n<meta property=\"og:site_name\" content=\"Elite Rent\" \/>\n<meta property=\"article:modified_time\" content=\"2024-06-10T15:28:51+00:00\" \/>\n<meta property=\"og:image\" content=\"https:\/\/www.eliterent.com\/wp-content\/uploads\/2021\/05\/WEB_Bentley_GTC_FrontBlack.jpg\" \/>\n\t<meta property=\"og:image:width\" content=\"425\" \/>\n\t<meta property=\"og:image:height\" content=\"250\" \/>\n\t<meta property=\"og:image:type\" content=\"image\/jpeg\" \/>\n<meta name=\"twitter:card\" content=\"summary_large_image\" \/>\n<script type=\"application\/ld+json\" class=\"yoast-schema-graph\">{\"@context\":\"https:\\\/\\\/schema.org\",\"@graph\":[{\"@type\":\"WebPage\",\"@id\":\"https:\\\/\\\/www.eliterent.com\\\/fr\\\/location-voiture-prestige\\\/exceptionnelle\\\/bentley-continental-gtc-geneve-zurich\\\/\",\"url\":\"https:\\\/\\\/www.eliterent.com\\\/fr\\\/location-voiture-prestige\\\/exceptionnelle\\\/bentley-continental-gtc-geneve-zurich\\\/\",\"name\":\"Louer la Bentley Continental GTC en Suisse avec Elite Rent.\",\"isPartOf\":{\"@id\":\"https:\\\/\\\/www.eliterent.com\\\/#website\"},\"primaryImageOfPage\":{\"@id\":\"https:\\\/\\\/www.eliterent.com\\\/fr\\\/location-voiture-prestige\\\/exceptionnelle\\\/bentley-continental-gtc-geneve-zurich\\\/#primaryimage\"},\"image\":{\"@id\":\"https:\\\/\\\/www.eliterent.com\\\/fr\\\/location-voiture-prestige\\\/exceptionnelle\\\/bentley-continental-gtc-geneve-zurich\\\/#primaryimage\"},\"thumbnailUrl\":\"https:\\\/\\\/www.eliterent.com\\\/wp-content\\\/uploads\\\/2021\\\/05\\\/WEB_Bentley_GTC_FrontBlack.jpg\",\"datePublished\":\"2022-05-22T06:21:40+00:00\",\"dateModified\":\"2024-06-10T15:28:51+00:00\",\"description\":\"Louer la Bentley Continental GTC en Suisse avec Elite Rent - Livraison sur mesure \u00e0 Gen\u00e8ve, Zurich, Gstaad, St. Moritz, Lucerne, Lausanne.\",\"breadcrumb\":{\"@id\":\"https:\\\/\\\/www.eliterent.com\\\/fr\\\/location-voiture-prestige\\\/exceptionnelle\\\/bentley-continental-gtc-geneve-zurich\\\/#breadcrumb\"},\"inLanguage\":\"fr-FR\",\"potentialAction\":[{\"@type\":\"ReadAction\",\"target\":[\"https:\\\/\\\/www.eliterent.com\\\/fr\\\/location-voiture-prestige\\\/exceptionnelle\\\/bentley-continental-gtc-geneve-zurich\\\/\"]}]},{\"@type\":\"ImageObject\",\"inLanguage\":\"fr-FR\",\"@id\":\"https:\\\/\\\/www.eliterent.com\\\/fr\\\/location-voiture-prestige\\\/exceptionnelle\\\/bentley-continental-gtc-geneve-zurich\\\/#primaryimage\",\"url\":\"https:\\\/\\\/www.eliterent.com\\\/wp-content\\\/uploads\\\/2021\\\/05\\\/WEB_Bentley_GTC_FrontBlack.jpg\",\"contentUrl\":\"https:\\\/\\\/www.eliterent.com\\\/wp-content\\\/uploads\\\/2021\\\/05\\\/WEB_Bentley_GTC_FrontBlack.jpg\",\"width\":425,\"height\":250,\"caption\":\"Rent a Bentley Continental in Switzerland, Geneva, Zurich.\"},{\"@type\":\"BreadcrumbList\",\"@id\":\"https:\\\/\\\/www.eliterent.com\\\/fr\\\/location-voiture-prestige\\\/exceptionnelle\\\/bentley-continental-gtc-geneve-zurich\\\/#breadcrumb\",\"itemListElement\":[{\"@type\":\"ListItem\",\"position\":1,\"name\":\"Home\",\"item\":\"https:\\\/\\\/www.eliterent.com\\\/\"},{\"@type\":\"ListItem\",\"position\":2,\"name\":\"Location de voitures de luxe en Europe\",\"item\":\"https:\\\/\\\/www.eliterent.com\\\/fr\\\/location-de-voitures-de-luxe-et-premium-en-europe\\\/\"},{\"@type\":\"ListItem\",\"position\":3,\"name\":\"Bentley Continental GTC\"}]},{\"@type\":\"WebSite\",\"@id\":\"https:\\\/\\\/www.eliterent.com\\\/#website\",\"url\":\"https:\\\/\\\/www.eliterent.com\\\/\",\"name\":\"Elite Rent\",\"description\":\"Rent a Car\",\"publisher\":{\"@id\":\"https:\\\/\\\/www.eliterent.com\\\/#organization\"},\"potentialAction\":[{\"@type\":\"SearchAction\",\"target\":{\"@type\":\"EntryPoint\",\"urlTemplate\":\"https:\\\/\\\/www.eliterent.com\\\/?s={search_term_string}\"},\"query-input\":{\"@type\":\"PropertyValueSpecification\",\"valueRequired\":true,\"valueName\":\"search_term_string\"}}],\"inLanguage\":\"fr-FR\"},{\"@type\":\"Organization\",\"@id\":\"https:\\\/\\\/www.eliterent.com\\\/#organization\",\"name\":\"Elite Rent\",\"url\":\"https:\\\/\\\/www.eliterent.com\\\/\",\"logo\":{\"@type\":\"ImageObject\",\"inLanguage\":\"fr-FR\",\"@id\":\"https:\\\/\\\/www.eliterent.com\\\/#\\\/schema\\\/logo\\\/image\\\/\",\"url\":\"https:\\\/\\\/www.eliterent.com\\\/wp-content\\\/uploads\\\/2020\\\/03\\\/Elite_Logo_NEW_2023_Final-1.png\",\"contentUrl\":\"https:\\\/\\\/www.eliterent.com\\\/wp-content\\\/uploads\\\/2020\\\/03\\\/Elite_Logo_NEW_2023_Final-1.png\",\"width\":828,\"height\":313,\"caption\":\"Elite Rent\"},\"image\":{\"@id\":\"https:\\\/\\\/www.eliterent.com\\\/#\\\/schema\\\/logo\\\/image\\\/\"}}]}<\/script>\n<!-- \/ Yoast SEO plugin. -->","yoast_head_json":{"title":"Louer la Bentley Continental GTC en Suisse avec Elite Rent.","description":"Louer la Bentley Continental GTC en Suisse avec Elite Rent - Livraison sur mesure \u00e0 Gen\u00e8ve, Zurich, Gstaad, St. Moritz, Lucerne, Lausanne.","robots":{"index":"index","follow":"follow","max-snippet":"max-snippet:-1","max-image-preview":"max-image-preview:large","max-video-preview":"max-video-preview:-1"},"canonical":"https:\/\/www.eliterent.com\/fr\/location-voiture-prestige\/exceptionnelle\/bentley-continental-gtc-geneve-zurich\/","og_locale":"fr_FR","og_type":"article","og_title":"Louer la Bentley Continental GTC en Suisse avec Elite Rent.","og_description":"Louer la Bentley Continental GTC en Suisse avec Elite Rent - Livraison sur mesure \u00e0 Gen\u00e8ve, Zurich, Gstaad, St. Moritz, Lucerne, Lausanne.","og_url":"https:\/\/www.eliterent.com\/fr\/location-voiture-prestige\/exceptionnelle\/bentley-continental-gtc-geneve-zurich\/","og_site_name":"Elite Rent","article_modified_time":"2024-06-10T15:28:51+00:00","og_image":[{"width":425,"height":250,"url":"https:\/\/www.eliterent.com\/wp-content\/uploads\/2021\/05\/WEB_Bentley_GTC_FrontBlack.jpg","type":"image\/jpeg"}],"twitter_card":"summary_large_image","schema":{"@context":"https:\/\/schema.org","@graph":[{"@type":"WebPage","@id":"https:\/\/www.eliterent.com\/fr\/location-voiture-prestige\/exceptionnelle\/bentley-continental-gtc-geneve-zurich\/","url":"https:\/\/www.eliterent.com\/fr\/location-voiture-prestige\/exceptionnelle\/bentley-continental-gtc-geneve-zurich\/","name":"Louer la Bentley Continental GTC en Suisse avec Elite Rent.","isPartOf":{"@id":"https:\/\/www.eliterent.com\/#website"},"primaryImageOfPage":{"@id":"https:\/\/www.eliterent.com\/fr\/location-voiture-prestige\/exceptionnelle\/bentley-continental-gtc-geneve-zurich\/#primaryimage"},"image":{"@id":"https:\/\/www.eliterent.com\/fr\/location-voiture-prestige\/exceptionnelle\/bentley-continental-gtc-geneve-zurich\/#primaryimage"},"thumbnailUrl":"https:\/\/www.eliterent.com\/wp-content\/uploads\/2021\/05\/WEB_Bentley_GTC_FrontBlack.jpg","datePublished":"2022-05-22T06:21:40+00:00","dateModified":"2024-06-10T15:28:51+00:00","description":"Louer la Bentley Continental GTC en Suisse avec Elite Rent - Livraison sur mesure \u00e0 Gen\u00e8ve, Zurich, Gstaad, St. Moritz, Lucerne, Lausanne.","breadcrumb":{"@id":"https:\/\/www.eliterent.com\/fr\/location-voiture-prestige\/exceptionnelle\/bentley-continental-gtc-geneve-zurich\/#breadcrumb"},"inLanguage":"fr-FR","potentialAction":[{"@type":"ReadAction","target":["https:\/\/www.eliterent.com\/fr\/location-voiture-prestige\/exceptionnelle\/bentley-continental-gtc-geneve-zurich\/"]}]},{"@type":"ImageObject","inLanguage":"fr-FR","@id":"https:\/\/www.eliterent.com\/fr\/location-voiture-prestige\/exceptionnelle\/bentley-continental-gtc-geneve-zurich\/#primaryimage","url":"https:\/\/www.eliterent.com\/wp-content\/uploads\/2021\/05\/WEB_Bentley_GTC_FrontBlack.jpg","contentUrl":"https:\/\/www.eliterent.com\/wp-content\/uploads\/2021\/05\/WEB_Bentley_GTC_FrontBlack.jpg","width":425,"height":250,"caption":"Rent a Bentley Continental in Switzerland, Geneva, Zurich."},{"@type":"BreadcrumbList","@id":"https:\/\/www.eliterent.com\/fr\/location-voiture-prestige\/exceptionnelle\/bentley-continental-gtc-geneve-zurich\/#breadcrumb","itemListElement":[{"@type":"ListItem","position":1,"name":"Home","item":"https:\/\/www.eliterent.com\/"},{"@type":"ListItem","position":2,"name":"Location de voitures de luxe en Europe","item":"https:\/\/www.eliterent.com\/fr\/location-de-voitures-de-luxe-et-premium-en-europe\/"},{"@type":"ListItem","position":3,"name":"Bentley Continental GTC"}]},{"@type":"WebSite","@id":"https:\/\/www.eliterent.com\/#website","url":"https:\/\/www.eliterent.com\/","name":"Elite Rent","description":"Rent a Car","publisher":{"@id":"https:\/\/www.eliterent.com\/#organization"},"potentialAction":[{"@type":"SearchAction","target":{"@type":"EntryPoint","urlTemplate":"https:\/\/www.eliterent.com\/?s={search_term_string}"},"query-input":{"@type":"PropertyValueSpecification","valueRequired":true,"valueName":"search_term_string"}}],"inLanguage":"fr-FR"},{"@type":"Organization","@id":"https:\/\/www.eliterent.com\/#organization","name":"Elite Rent","url":"https:\/\/www.eliterent.com\/","logo":{"@type":"ImageObject","inLanguage":"fr-FR","@id":"https:\/\/www.eliterent.com\/#\/schema\/logo\/image\/","url":"https:\/\/www.eliterent.com\/wp-content\/uploads\/2020\/03\/Elite_Logo_NEW_2023_Final-1.png","contentUrl":"https:\/\/www.eliterent.com\/wp-content\/uploads\/2020\/03\/Elite_Logo_NEW_2023_Final-1.png","width":828,"height":313,"caption":"Elite Rent"},"image":{"@id":"https:\/\/www.eliterent.com\/#\/schema\/logo\/image\/"}}]}},"_links":{"self":[{"href":"https:\/\/www.eliterent.com\/fr\/wp-json\/wp\/v2\/product\/49923","targetHints":{"allow":["GET"]}}],"collection":[{"href":"https:\/\/www.eliterent.com\/fr\/wp-json\/wp\/v2\/product"}],"about":[{"href":"https:\/\/www.eliterent.com\/fr\/wp-json\/wp\/v2\/types\/product"}],"version-history":[{"count":0,"href":"https:\/\/www.eliterent.com\/fr\/wp-json\/wp\/v2\/product\/49923\/revisions"}],"wp:featuredmedia":[{"embeddable":true,"href":"https:\/\/www.eliterent.com\/fr\/wp-json\/wp\/v2\/media\/57757"}],"wp:attachment":[{"href":"https:\/\/www.eliterent.com\/fr\/wp-json\/wp\/v2\/media?parent=49923"}],"wp:term":[{"taxonomy":"product_brand","embeddable":true,"href":"https:\/\/www.eliterent.com\/fr\/wp-json\/wp\/v2\/product_brand?post=49923"},{"taxonomy":"product_cat","embeddable":true,"href":"https:\/\/www.eliterent.com\/fr\/wp-json\/wp\/v2\/product_cat?post=49923"},{"taxonomy":"product_tag","embeddable":true,"href":"https:\/\/www.eliterent.com\/fr\/wp-json\/wp\/v2\/product_tag?post=49923"},{"taxonomy":"agency-2","embeddable":true,"href":"https:\/\/www.eliterent.com\/fr\/wp-json\/wp\/v2\/agency-2?post=49923"},{"taxonomy":"agency-1","embeddable":true,"href":"https:\/\/www.eliterent.com\/fr\/wp-json\/wp\/v2\/agency-1?post=49923"},{"taxonomy":"model","embeddable":true,"href":"https:\/\/www.eliterent.com\/fr\/wp-json\/wp\/v2\/model?post=49923"},{"taxonomy":"brand","embeddable":true,"href":"https:\/\/www.eliterent.com\/fr\/wp-json\/wp\/v2\/brand?post=49923"},{"taxonomy":"types","embeddable":true,"href":"https:\/\/www.eliterent.com\/fr\/wp-json\/wp\/v2\/types?post=49923"},{"taxonomy":"city","embeddable":true,"href":"https:\/\/www.eliterent.com\/fr\/wp-json\/wp\/v2\/city?post=49923"},{"taxonomy":"country","embeddable":true,"href":"https:\/\/www.eliterent.com\/fr\/wp-json\/wp\/v2\/country?post=49923"},{"taxonomy":"service","embeddable":true,"href":"https:\/\/www.eliterent.com\/fr\/wp-json\/wp\/v2\/service?post=49923"}],"curies":[{"name":"wp","href":"https:\/\/api.w.org\/{rel}","templated":true}]}}