{"id":79374,"date":"2026-03-02T12:09:09","date_gmt":"2026-03-02T11:09:09","guid":{"rendered":"https:\/\/www.eliterent.com\/special-weekly-rates\/"},"modified":"2026-03-02T17:26:54","modified_gmt":"2026-03-02T16:26:54","slug":"special-weekly-rates","status":"publish","type":"page","link":"https:\/\/www.eliterent.com\/fr\/special-weekly-rates\/","title":{"rendered":"Offre Exceptionnelle"},"content":{"rendered":"<div class=\"flex flex-col text-sm pb-25\">\n<article class=\"text-token-text-primary w-full focus:outline-none [--shadow-height:45px] has-data-writing-block:pointer-events-none has-data-writing-block:-mt-(--shadow-height) has-data-writing-block:pt-(--shadow-height) [&amp;:has([data-writing-block])&gt;*]:pointer-events-auto scroll-mt-[calc(var(--header-height)+min(200px,max(70px,20svh)))]\" dir=\"auto\" tabindex=\"-1\" data-turn-id=\"request-WEB:b4fdcfbe-cc5a-4faf-9aa8-71e4ebfbc1ed-1\" data-testid=\"conversation-turn-4\" data-scroll-anchor=\"true\" data-turn=\"assistant\">\n<div class=\"text-base my-auto mx-auto pb-10 [--thread-content-margin:--spacing(4)] @w-sm\/main:[--thread-content-margin:--spacing(6)] @w-lg\/main:[--thread-content-margin:--spacing(16)] px-(--thread-content-margin)\">\n<div class=\"[--thread-content-max-width:40rem] @w-lg\/main:[--thread-content-max-width:48rem] mx-auto max-w-(--thread-content-max-width) flex-1 group\/turn-messages focus-visible:outline-hidden relative flex w-full min-w-0 flex-col agent-turn\" tabindex=\"-1\">\n<div class=\"flex max-w-full flex-col grow\">\n<div class=\"min-h-8 text-message relative flex w-full flex-col items-end gap-2 text-start break-words whitespace-normal [.text-message+&amp;]:mt-1\" dir=\"auto\" data-message-author-role=\"assistant\" data-message-id=\"79697b77-6bd7-448b-9d36-fdcc0dd5dbdd\" data-message-model-slug=\"gpt-5-2\">\n<div class=\"flex w-full flex-col gap-1 empty:hidden first:pt-[1px]\">\n<div class=\"markdown prose dark:prose-invert w-full wrap-break-word light markdown-new-styling\">\n<p>Louez une Mercedes-Benz G63 AMG, une Mercedes-Benz Classe A ou une Land Rover Defender 110 en Suisse avec Elite Rent-a-Car. Que vous soyez \u00e0 Gen\u00e8ve, Zurich ou ailleurs en Suisse, louez nos v\u00e9hicules exclusifs \u00e0 des tarifs hebdomadaires attractifs.<\/p>\n<p data-start=\"0\" data-end=\"550\"><a href=\"https:\/\/www.eliterent.com\/fr\/location-voiture-prestige\/suv-4x4\/land-rover-defender-110-geneva-zurich\/\"><img fetchpriority=\"high\" decoding=\"async\" class=\"alignnone size-medium wp-image-79356\" src=\"https:\/\/www.eliterent.com\/wp-content\/uploads\/2025\/02\/Defender_Special_Weekly_Rate-300x176.jpg\" alt=\"\" width=\"300\" height=\"176\" srcset=\"https:\/\/www.eliterent.com\/wp-content\/uploads\/2025\/02\/Defender_Special_Weekly_Rate-300x176.jpg 300w, https:\/\/www.eliterent.com\/wp-content\/uploads\/2025\/02\/Defender_Special_Weekly_Rate.jpg 425w\" sizes=\"(max-width: 300px) 100vw, 300px\" \/>\u00a0 \u00a0 \u00a0 \u00a0 \u00a0 \u00a0 \u00a0 \u00a0 \u00a0 \u00a0 \u00a0 \u00a0\u00a0<\/a> <a href=\"https:\/\/www.eliterent.com\/fr\/location-voiture-prestige\/suv-4x4\/mercedes-benz-g63-amg\/\"><img decoding=\"async\" class=\"alignnone size-medium wp-image-79354\" src=\"https:\/\/www.eliterent.com\/wp-content\/uploads\/2025\/02\/G63_Special_Weekly_Rate-300x176.jpg\" alt=\"\" width=\"300\" height=\"176\" srcset=\"https:\/\/www.eliterent.com\/wp-content\/uploads\/2025\/02\/G63_Special_Weekly_Rate-300x176.jpg 300w, https:\/\/www.eliterent.com\/wp-content\/uploads\/2025\/02\/G63_Special_Weekly_Rate.jpg 425w\" sizes=\"(max-width: 300px) 100vw, 300px\" \/>\u00a0 \u00a0 \u00a0 \u00a0 \u00a0 \u00a0 \u00a0 \u00a0 \u00a0 \u00a0 \u00a0 \u00a0<\/a> <a href=\"https:\/\/www.eliterent.com\/fr\/location-voiture-prestige\/citadine\/mercedes-benz-a-class-geneve-zurich\/\"><img decoding=\"async\" class=\"alignnone size-medium wp-image-79352\" src=\"https:\/\/www.eliterent.com\/wp-content\/uploads\/2021\/05\/A220_Special_Weekly_Rate-300x176.jpg\" alt=\"\" width=\"300\" height=\"176\" srcset=\"https:\/\/www.eliterent.com\/wp-content\/uploads\/2021\/05\/A220_Special_Weekly_Rate-300x176.jpg 300w, https:\/\/www.eliterent.com\/wp-content\/uploads\/2021\/05\/A220_Special_Weekly_Rate.jpg 425w\" sizes=\"(max-width: 300px) 100vw, 300px\" \/><\/a><\/p>\n<p>Suisse, louez nos v\u00e9hicules exclusifs \u00e0 des tarifs hebdomadaires attractifs.<br \/>\nProfitez de notre promotion exclusive sur la location de voitures de luxe en Suisse, valable pour les r\u00e9servations d&rsquo;une semaine ou plus. Cette offre sp\u00e9ciale vous permet de b\u00e9n\u00e9ficier de tarifs hebdomadaires pr\u00e9f\u00e9rentiels sur trois v\u00e9hicules exceptionnels : la puissante Mercedes-Benz G63 AMG, l&#8217;embl\u00e9matique Land Rover Defender et l&rsquo;\u00e9l\u00e9gante Mercedes-Benz Classe A. Que vous planifiez un road trip panoramique dans les Alpes, un s\u00e9jour d&rsquo;affaires \u00e0 Zurich ou des vacances de luxe \u00e0 Gen\u00e8ve, notre flotte haut de gamme vous garantit une exp\u00e9rience de conduite inoubliable.<br \/>\nLa Mercedes G63 AMG se distingue par son moteur V8 fabriqu\u00e9 \u00e0 la main, sa pr\u00e9sence imposante et son int\u00e9rieur raffin\u00e9. C&rsquo;est le SUV parfait pour les clients qui recherchent performance, prestige et confort sur les autoroutes et les cols de montagne suisses. La Land Rover Defender combine des capacit\u00e9s tout-terrain l\u00e9gendaires avec un luxe moderne, ce qui la rend id\u00e9ale pour explorer les stations alpines, les routes au bord des lacs et les charmants villages suisses. Pour les d\u00e9placements urbains ou les s\u00e9jours d&rsquo;affaires, la Mercedes Classe A offre une technologie de pointe, une consommation de carburant r\u00e9duite et un design \u00e9l\u00e9gant et contemporain.<br \/>\nNotre offre de location de voiture \u00e0 la semaine en Suisse permet de r\u00e9aliser des \u00e9conomies substantielles par rapport aux tarifs journaliers, rendant les s\u00e9jours prolong\u00e9s plus abordables sans compromettre la qualit\u00e9. Tous les v\u00e9hicules sont m\u00e9ticuleusement entretenus, enti\u00e8rement assur\u00e9s et \u00e9quip\u00e9s de fonctionnalit\u00e9s haut de gamme pour garantir un confort et une s\u00e9curit\u00e9 maximaux.<\/p>\n<p>Avec des lieux de prise en charge et de restitution flexibles dans toute la Suisse, un service personnalis\u00e9 et des tarifs transparents, r\u00e9server votre v\u00e9hicule de luxe n&rsquo;a jamais \u00e9t\u00e9 aussi simple. R\u00e9servez d\u00e8s aujourd&rsquo;hui pour profiter de cette promotion \u00e0 dur\u00e9e limit\u00e9e et d\u00e9couvrir la Suisse dans un style, un confort et des performances exceptionnels.<br \/>\nConditions de la promotion :<br \/>\n\u2022 Le tarif hebdomadaire sp\u00e9cial s&rsquo;applique pour une dur\u00e9e minimale de location de sept jours.<br \/>\n\u2022 La promotion ne peut \u00eatre cumul\u00e9e avec d&rsquo;autres avantages existants chez Elite Rent-a-Car.<br \/>\n\u2022 La promotion s&rsquo;applique aux locations effectu\u00e9es jusqu&rsquo;au 31 avril 2026.<\/p>\n<\/div>\n<\/div>\n<\/div>\n<\/div>\n<div class=\"mt-3 w-full empty:hidden\">\n<div class=\"text-center\"><\/div>\n<\/div>\n<\/div>\n<\/div>\n<\/article>\n<\/div>\n<div class=\"pointer-events-none h-px w-px absolute bottom-0\" aria-hidden=\"true\" data-edge=\"true\"><\/div>\n","protected":false},"excerpt":{"rendered":"<p>Louez une Mercedes-Benz G63 AMG, une Mercedes-Benz Classe A ou une Land Rover Defender 110 en Suisse avec Elite Rent-a-Car. Que vous soyez \u00e0 Gen\u00e8ve, Zurich ou ailleurs en Suisse, louez nos v\u00e9hicules exclusifs \u00e0 des tarifs hebdomadaires attractifs. \u00a0 \u00a0 \u00a0 \u00a0 \u00a0 \u00a0 \u00a0 \u00a0 \u00a0 \u00a0 \u00a0 \u00a0\u00a0 \u00a0 \u00a0 \u00a0 \u00a0 [&hellip;]<\/p>\n","protected":false},"author":6,"featured_media":0,"parent":0,"menu_order":0,"comment_status":"closed","ping_status":"closed","template":"","meta":{"_acf_changed":false,"site-sidebar-layout":"no-sidebar","site-content-layout":"","ast-site-content-layout":"normal-width-container","site-content-style":"boxed","site-sidebar-style":"boxed","ast-global-header-display":"","ast-banner-title-visibility":"","ast-main-header-display":"","ast-hfb-above-header-display":"","ast-hfb-below-header-display":"","ast-hfb-mobile-header-display":"","site-post-title":"","ast-breadcrumbs-content":"","ast-featured-img":"","footer-sml-layout":"","theme-transparent-header-meta":"default","adv-header-id-meta":"","stick-header-meta":"","header-above-stick-meta":"","header-main-stick-meta":"","header-below-stick-meta":"","astra-migrate-meta-layouts":"set","ast-page-background-enabled":"default","ast-page-background-meta":{"desktop":{"background-color":"","background-image":"","background-repeat":"repeat","background-position":"center center","background-size":"auto","background-attachment":"scroll","background-type":"","background-media":"","overlay-type":"","overlay-color":"","overlay-opacity":"","overlay-gradient":""},"tablet":{"background-color":"","background-image":"","background-repeat":"repeat","background-position":"center center","background-size":"auto","background-attachment":"scroll","background-type":"","background-media":"","overlay-type":"","overlay-color":"","overlay-opacity":"","overlay-gradient":""},"mobile":{"background-color":"","background-image":"","background-repeat":"repeat","background-position":"center center","background-size":"auto","background-attachment":"scroll","background-type":"","background-media":"","overlay-type":"","overlay-color":"","overlay-opacity":"","overlay-gradient":""}},"ast-content-background-meta":{"desktop":{"background-color":"var(--ast-global-color-5)","background-image":"","background-repeat":"repeat","background-position":"center center","background-size":"auto","background-attachment":"scroll","background-type":"","background-media":"","overlay-type":"","overlay-color":"","overlay-opacity":"","overlay-gradient":""},"tablet":{"background-color":"var(--ast-global-color-5)","background-image":"","background-repeat":"repeat","background-position":"center center","background-size":"auto","background-attachment":"scroll","background-type":"","background-media":"","overlay-type":"","overlay-color":"","overlay-opacity":"","overlay-gradient":""},"mobile":{"background-color":"var(--ast-global-color-5)","background-image":"","background-repeat":"repeat","background-position":"center center","background-size":"auto","background-attachment":"scroll","background-type":"","background-media":"","overlay-type":"","overlay-color":"","overlay-opacity":"","overlay-gradient":""}},"footnotes":""},"class_list":["post-79374","page","type-page","status-publish","hentry"],"acf":[],"yoast_head":"<!-- This site is optimized with the Yoast SEO plugin v27.1.1 - https:\/\/yoast.com\/product\/yoast-seo-wordpress\/ -->\n<title>Offre Exceptionnelle avec Elite Rent -<\/title>\n<meta name=\"description\" content=\"Offre Exceptionnelle avec Elite Rent - Rent le Mercedes-Benz G63 AMG, Mercedes-Benz Classe A, ou leLand Rover Defender 110 en Switzerland.\" \/>\n<meta name=\"robots\" content=\"index, follow, max-snippet:-1, max-image-preview:large, max-video-preview:-1\" \/>\n<link rel=\"canonical\" href=\"https:\/\/www.eliterent.com\/special-weekly-rates\/\" \/>\n<meta property=\"og:locale\" content=\"fr_FR\" \/>\n<meta property=\"og:type\" content=\"article\" \/>\n<meta property=\"og:title\" content=\"Offre Exceptionnelle avec Elite Rent -\" \/>\n<meta property=\"og:description\" content=\"Offre Exceptionnelle avec Elite Rent - Rent le Mercedes-Benz G63 AMG, Mercedes-Benz Classe A, ou leLand Rover Defender 110 en Switzerland.\" \/>\n<meta property=\"og:url\" content=\"https:\/\/www.eliterent.com\/special-weekly-rates\/\" \/>\n<meta property=\"og:site_name\" content=\"Elite Rent\" \/>\n<meta property=\"article:modified_time\" content=\"2026-03-02T16:26:54+00:00\" \/>\n<meta property=\"og:image\" content=\"https:\/\/www.eliterent.com\/wp-content\/uploads\/2025\/02\/Defender_Special_Weekly_Rate.jpg\" \/>\n\t<meta property=\"og:image:width\" content=\"425\" \/>\n\t<meta property=\"og:image:height\" content=\"250\" \/>\n\t<meta property=\"og:image:type\" content=\"image\/jpeg\" \/>\n<meta name=\"twitter:card\" content=\"summary_large_image\" \/>\n<script type=\"application\/ld+json\" class=\"yoast-schema-graph\">{\"@context\":\"https:\/\/schema.org\",\"@graph\":[{\"@type\":\"WebPage\",\"@id\":\"https:\/\/www.eliterent.com\/special-weekly-rates\/\",\"url\":\"https:\/\/www.eliterent.com\/special-weekly-rates\/\",\"name\":\"Offre Exceptionnelle avec Elite Rent -\",\"isPartOf\":{\"@id\":\"https:\/\/www.eliterent.com\/#website\"},\"primaryImageOfPage\":{\"@id\":\"https:\/\/www.eliterent.com\/special-weekly-rates\/#primaryimage\"},\"image\":{\"@id\":\"https:\/\/www.eliterent.com\/special-weekly-rates\/#primaryimage\"},\"thumbnailUrl\":\"https:\/\/www.eliterent.com\/wp-content\/uploads\/2025\/02\/Defender_Special_Weekly_Rate-300x176.jpg\",\"datePublished\":\"2026-03-02T11:09:09+00:00\",\"dateModified\":\"2026-03-02T16:26:54+00:00\",\"description\":\"Offre Exceptionnelle avec Elite Rent - Rent le Mercedes-Benz G63 AMG, Mercedes-Benz Classe A, ou leLand Rover Defender 110 en Switzerland.\",\"breadcrumb\":{\"@id\":\"https:\/\/www.eliterent.com\/special-weekly-rates\/#breadcrumb\"},\"inLanguage\":\"fr-FR\",\"potentialAction\":[{\"@type\":\"ReadAction\",\"target\":[\"https:\/\/www.eliterent.com\/special-weekly-rates\/\"]}]},{\"@type\":\"ImageObject\",\"inLanguage\":\"fr-FR\",\"@id\":\"https:\/\/www.eliterent.com\/special-weekly-rates\/#primaryimage\",\"url\":\"https:\/\/www.eliterent.com\/wp-content\/uploads\/2025\/02\/Defender_Special_Weekly_Rate-300x176.jpg\",\"contentUrl\":\"https:\/\/www.eliterent.com\/wp-content\/uploads\/2025\/02\/Defender_Special_Weekly_Rate-300x176.jpg\"},{\"@type\":\"BreadcrumbList\",\"@id\":\"https:\/\/www.eliterent.com\/special-weekly-rates\/#breadcrumb\",\"itemListElement\":[{\"@type\":\"ListItem\",\"position\":1,\"name\":\"Home\",\"item\":\"https:\/\/www.eliterent.com\/fr\/\"},{\"@type\":\"ListItem\",\"position\":2,\"name\":\"Offre Exceptionnelle\"}]},{\"@type\":\"WebSite\",\"@id\":\"https:\/\/www.eliterent.com\/#website\",\"url\":\"https:\/\/www.eliterent.com\/\",\"name\":\"Elite Rent\",\"description\":\"Rent a Car\",\"publisher\":{\"@id\":\"https:\/\/www.eliterent.com\/#organization\"},\"potentialAction\":[{\"@type\":\"SearchAction\",\"target\":{\"@type\":\"EntryPoint\",\"urlTemplate\":\"https:\/\/www.eliterent.com\/?s={search_term_string}\"},\"query-input\":{\"@type\":\"PropertyValueSpecification\",\"valueRequired\":true,\"valueName\":\"search_term_string\"}}],\"inLanguage\":\"fr-FR\"},{\"@type\":\"Organization\",\"@id\":\"https:\/\/www.eliterent.com\/#organization\",\"name\":\"Elite Rent\",\"url\":\"https:\/\/www.eliterent.com\/\",\"logo\":{\"@type\":\"ImageObject\",\"inLanguage\":\"fr-FR\",\"@id\":\"https:\/\/www.eliterent.com\/#\/schema\/logo\/image\/\",\"url\":\"https:\/\/www.eliterent.com\/wp-content\/uploads\/2020\/03\/Elite_Logo_NEW_2023_Final-1.png\",\"contentUrl\":\"https:\/\/www.eliterent.com\/wp-content\/uploads\/2020\/03\/Elite_Logo_NEW_2023_Final-1.png\",\"width\":828,\"height\":313,\"caption\":\"Elite Rent\"},\"image\":{\"@id\":\"https:\/\/www.eliterent.com\/#\/schema\/logo\/image\/\"}}]}<\/script>\n<!-- \/ Yoast SEO plugin. -->","yoast_head_json":{"title":"Offre Exceptionnelle avec Elite Rent -","description":"Offre Exceptionnelle avec Elite Rent - Rent le Mercedes-Benz G63 AMG, Mercedes-Benz Classe A, ou leLand Rover Defender 110 en Switzerland.","robots":{"index":"index","follow":"follow","max-snippet":"max-snippet:-1","max-image-preview":"max-image-preview:large","max-video-preview":"max-video-preview:-1"},"canonical":"https:\/\/www.eliterent.com\/special-weekly-rates\/","og_locale":"fr_FR","og_type":"article","og_title":"Offre Exceptionnelle avec Elite Rent -","og_description":"Offre Exceptionnelle avec Elite Rent - Rent le Mercedes-Benz G63 AMG, Mercedes-Benz Classe A, ou leLand Rover Defender 110 en Switzerland.","og_url":"https:\/\/www.eliterent.com\/special-weekly-rates\/","og_site_name":"Elite Rent","article_modified_time":"2026-03-02T16:26:54+00:00","og_image":[{"width":425,"height":250,"url":"https:\/\/www.eliterent.com\/wp-content\/uploads\/2025\/02\/Defender_Special_Weekly_Rate.jpg","type":"image\/jpeg"}],"twitter_card":"summary_large_image","schema":{"@context":"https:\/\/schema.org","@graph":[{"@type":"WebPage","@id":"https:\/\/www.eliterent.com\/special-weekly-rates\/","url":"https:\/\/www.eliterent.com\/special-weekly-rates\/","name":"Offre Exceptionnelle avec Elite Rent -","isPartOf":{"@id":"https:\/\/www.eliterent.com\/#website"},"primaryImageOfPage":{"@id":"https:\/\/www.eliterent.com\/special-weekly-rates\/#primaryimage"},"image":{"@id":"https:\/\/www.eliterent.com\/special-weekly-rates\/#primaryimage"},"thumbnailUrl":"https:\/\/www.eliterent.com\/wp-content\/uploads\/2025\/02\/Defender_Special_Weekly_Rate-300x176.jpg","datePublished":"2026-03-02T11:09:09+00:00","dateModified":"2026-03-02T16:26:54+00:00","description":"Offre Exceptionnelle avec Elite Rent - Rent le Mercedes-Benz G63 AMG, Mercedes-Benz Classe A, ou leLand Rover Defender 110 en Switzerland.","breadcrumb":{"@id":"https:\/\/www.eliterent.com\/special-weekly-rates\/#breadcrumb"},"inLanguage":"fr-FR","potentialAction":[{"@type":"ReadAction","target":["https:\/\/www.eliterent.com\/special-weekly-rates\/"]}]},{"@type":"ImageObject","inLanguage":"fr-FR","@id":"https:\/\/www.eliterent.com\/special-weekly-rates\/#primaryimage","url":"https:\/\/www.eliterent.com\/wp-content\/uploads\/2025\/02\/Defender_Special_Weekly_Rate-300x176.jpg","contentUrl":"https:\/\/www.eliterent.com\/wp-content\/uploads\/2025\/02\/Defender_Special_Weekly_Rate-300x176.jpg"},{"@type":"BreadcrumbList","@id":"https:\/\/www.eliterent.com\/special-weekly-rates\/#breadcrumb","itemListElement":[{"@type":"ListItem","position":1,"name":"Home","item":"https:\/\/www.eliterent.com\/fr\/"},{"@type":"ListItem","position":2,"name":"Offre Exceptionnelle"}]},{"@type":"WebSite","@id":"https:\/\/www.eliterent.com\/#website","url":"https:\/\/www.eliterent.com\/","name":"Elite Rent","description":"Rent a Car","publisher":{"@id":"https:\/\/www.eliterent.com\/#organization"},"potentialAction":[{"@type":"SearchAction","target":{"@type":"EntryPoint","urlTemplate":"https:\/\/www.eliterent.com\/?s={search_term_string}"},"query-input":{"@type":"PropertyValueSpecification","valueRequired":true,"valueName":"search_term_string"}}],"inLanguage":"fr-FR"},{"@type":"Organization","@id":"https:\/\/www.eliterent.com\/#organization","name":"Elite Rent","url":"https:\/\/www.eliterent.com\/","logo":{"@type":"ImageObject","inLanguage":"fr-FR","@id":"https:\/\/www.eliterent.com\/#\/schema\/logo\/image\/","url":"https:\/\/www.eliterent.com\/wp-content\/uploads\/2020\/03\/Elite_Logo_NEW_2023_Final-1.png","contentUrl":"https:\/\/www.eliterent.com\/wp-content\/uploads\/2020\/03\/Elite_Logo_NEW_2023_Final-1.png","width":828,"height":313,"caption":"Elite Rent"},"image":{"@id":"https:\/\/www.eliterent.com\/#\/schema\/logo\/image\/"}}]}},"_links":{"self":[{"href":"https:\/\/www.eliterent.com\/fr\/wp-json\/wp\/v2\/pages\/79374","targetHints":{"allow":["GET"]}}],"collection":[{"href":"https:\/\/www.eliterent.com\/fr\/wp-json\/wp\/v2\/pages"}],"about":[{"href":"https:\/\/www.eliterent.com\/fr\/wp-json\/wp\/v2\/types\/page"}],"author":[{"embeddable":true,"href":"https:\/\/www.eliterent.com\/fr\/wp-json\/wp\/v2\/users\/6"}],"replies":[{"embeddable":true,"href":"https:\/\/www.eliterent.com\/fr\/wp-json\/wp\/v2\/comments?post=79374"}],"version-history":[{"count":0,"href":"https:\/\/www.eliterent.com\/fr\/wp-json\/wp\/v2\/pages\/79374\/revisions"}],"wp:attachment":[{"href":"https:\/\/www.eliterent.com\/fr\/wp-json\/wp\/v2\/media?parent=79374"}],"curies":[{"name":"wp","href":"https:\/\/api.w.org\/{rel}","templated":true}]}}