{"id":71245,"date":"2023-11-06T11:11:57","date_gmt":"2023-11-06T10:11:57","guid":{"rendered":"https:\/\/www.eliterent.com\/car-with-in-dubai-with-elite-rent\/"},"modified":"2023-11-18T12:26:48","modified_gmt":"2023-11-18T11:26:48","slug":"location-de-voiture-de-luxe-a-dubai","status":"publish","type":"page","link":"https:\/\/www.eliterent.com\/fr\/location-de-voiture-de-luxe-a-dubai\/","title":{"rendered":"Location de voiture de luxe \u00e0 Dubai avec Elite Rent"},"content":{"rendered":"<p>Elite Rent-a-Car est fi\u00e8re de pr\u00e9senter son nouvel emplacement \u00e0 Duba\u00ef. Simplifiez votre location de voiture de luxe \u00e0 Duba\u00ef avec Elite Rent-a-Car. Choisissez parmi une s\u00e9lection de v\u00e9hicules de marques telles que Mercedes-Benz, Porsche, BMW, Bentley, Rolls Royce, Ferrari Lamborghini, Cadillac, et bien d&rsquo;autres encore&#8230; Profitez de notre service de livraison et de collecte sur mesure dans les \u00c9mirats arabes unis.<\/p>\n<h5 style=\"text-align: center;\">+41 78 259 76 75\u00a0 \u00a0 |\u00a0 \u00a0sales@eliterent.com<\/h5>\n<p>Notre flotte de Duba\u00ef sera bient\u00f4t disponible en ligne. En attendant, n&rsquo;h\u00e9sitez pas \u00e0 nous envoyer une demande :<\/p>\n<link rel='stylesheet' id='formidable-css' href='https:\/\/www.eliterent.com\/wp-content\/plugins\/formidable\/css\/formidableforms.css?ver=4241020' media='all' \/>\n<div class=\"frm_forms  with_frm_style frm_style_formidable-style\" id=\"frm_form_49_container\" data-token=\"531a7f9202ed49b7852622ddb22fbd44\">\n<form enctype=\"multipart\/form-data\" method=\"post\" class=\"frm-show-form  frm_pro_form \" id=\"form_dubairequestformen2\" data-token=\"531a7f9202ed49b7852622ddb22fbd44\">\n<div class=\"frm_form_fields \">\n<fieldset>\n<legend class=\"frm_screen_reader\">Dubai Request Form FR<\/legend>\r\n\r\n<div class=\"frm_fields_container\">\n<input type=\"hidden\" name=\"frm_action\" value=\"create\" \/>\n<input type=\"hidden\" name=\"form_id\" value=\"49\" \/>\n<input type=\"hidden\" name=\"frm_hide_fields_49\" id=\"frm_hide_fields_49\" value=\"\" \/>\n<input type=\"hidden\" name=\"form_key\" value=\"dubairequestformen2\" \/>\n<input type=\"hidden\" name=\"item_meta[0]\" value=\"\" \/>\n<input type=\"hidden\" id=\"frm_submit_entry_49\" name=\"frm_submit_entry_49\" value=\"2935ca2a77\" \/><input type=\"hidden\" name=\"_wp_http_referer\" value=\"\/fr\/wp-json\/wp\/v2\/pages\/71245\" \/><div id=\"frm_field_673_container\" class=\"frm_form_field form-field  frm_required_field frm_top_container\">\r\n    <div  id=\"field_wzmft2_label\" class=\"frm_primary_label\">Nom\r\n        <span class=\"frm_required\" aria-hidden=\"true\">*<\/span>\r\n    <\/div>\r\n    <fieldset aria-labelledby=\"field_wzmft2_label\">\n\t<legend class=\"frm_screen_reader frm_hidden\">\n\t\tNom\t<\/legend>\n\n\t<div  class=\"frm_combo_inputs_container\" id=\"frm_combo_inputs_container_673\" data-name-layout=\"first_last\">\n\t\t\t\t\t<div\n\t\t\t\tid=\"frm_field_673-first_container\"\n\t\t\t\tclass=\"frm_form_field form-field frm_form_subfield-first  frm6\"\n\t\t\t\tdata-sub-field-name=\"first\"\n\t\t\t>\n\t\t\t\t<label for=\"field_wzmft2_first\" class=\"frm_screen_reader frm_hidden\">\n\t\t\t\t\tPr\u00e9nom\t\t\t\t<\/label>\n\n\t\t\t\t<input  type=\"text\" id=\"field_wzmft2_first\" value=\"\" name=\"item_meta[673][first]\" autocomplete=\"given-name\" data-reqmsg=\"Nom cannot be blank.\" aria-required=\"true\" data-invmsg=\"Nom est non valide\" aria-invalid=\"false\"  \/><div class=\"frm_description\" id=\"frm_field_673_first_desc\">Pr\u00e9nom<\/div>\t\t\t<\/div>\n\t\t\t\t\t\t<div\n\t\t\t\tid=\"frm_field_673-last_container\"\n\t\t\t\tclass=\"frm_form_field form-field frm_form_subfield-last  frm6\"\n\t\t\t\tdata-sub-field-name=\"last\"\n\t\t\t>\n\t\t\t\t<label for=\"field_wzmft2_last\" class=\"frm_screen_reader frm_hidden\">\n\t\t\t\t\tNom\t\t\t\t<\/label>\n\n\t\t\t\t<input  type=\"text\" id=\"field_wzmft2_last\" value=\"\" name=\"item_meta[673][last]\" autocomplete=\"family-name\" data-reqmsg=\"Nom cannot be blank.\" aria-required=\"true\" data-invmsg=\"Nom est non valide\" aria-invalid=\"false\"  \/><div class=\"frm_description\" id=\"frm_field_673_last_desc\">Nom<\/div>\t\t\t<\/div>\n\t\t\t\t<\/div>\n<\/fieldset>\n\r\n    \r\n    \r\n<\/div>\n<div id=\"frm_field_674_container\" class=\"frm_form_field form-field  frm_required_field frm_top_container frm6 frm_first\">\r\n    <label for=\"field_t02hf2\" id=\"field_t02hf2_label\" class=\"frm_primary_label\">Email\r\n        <span class=\"frm_required\" aria-hidden=\"true\">*<\/span>\r\n    <\/label>\r\n    <input type=\"email\" id=\"field_t02hf2\" name=\"item_meta[674]\" value=\"\"  data-reqmsg=\"Email cannot be blank.\" aria-required=\"true\" data-invmsg=\"Email is invalid\" aria-invalid=\"false\"  \/>\r\n    \r\n    \r\n<\/div>\n<div id=\"frm_field_675_container\" class=\"frm_form_field form-field  frm_required_field frm_top_container frm6\">\r\n    <label for=\"field_1sm3a2\" id=\"field_1sm3a2_label\" class=\"frm_primary_label\">T\u00e9l\u00e9phone\r\n        <span class=\"frm_required\" aria-hidden=\"true\">*<\/span>\r\n    <\/label>\r\n    <input type=\"tel\" id=\"field_1sm3a2\" name=\"item_meta[675]\" value=\"\"  data-reqmsg=\"T\u00e9l\u00e9phone cannot be blank.\" aria-required=\"true\" data-invmsg=\"Phone is invalid\" aria-invalid=\"false\" pattern=\"((\\+\\d{1,3}(-|.| )?\\(?\\d\\)?(-| |.)?\\d{1,5})|(\\(?\\d{2,6}\\)?))(-|.| )?(\\d{3,4})(-|.| )?(\\d{4})(( x| ext)\\d{1,5}){0,1}$\"  \/>\r\n    \r\n    \r\n<\/div>\n<div id=\"frm_field_676_container\" class=\"frm_form_field form-field  frm_top_container frm6 frm_first\">\r\n    <label for=\"field_dxvlq2\" id=\"field_dxvlq2_label\" class=\"frm_primary_label\">Demande sp\u00e9ciale\r\n        <span class=\"frm_required\" aria-hidden=\"true\"><\/span>\r\n    <\/label>\r\n    <input  type=\"text\" id=\"field_dxvlq2\" name=\"item_meta[676]\" value=\"\"  data-invmsg=\"Text is invalid\" aria-invalid=\"false\"   \/>\r\n    \r\n    \r\n<\/div>\n<div id=\"frm_field_677_container\" class=\"frm_form_field form-field  frm_top_container frm6 vertical_radio\">\r\n    <div  id=\"field_s6n602_label\" class=\"frm_primary_label\">Je veux louer...\r\n        <span class=\"frm_required\" aria-hidden=\"true\"><\/span>\r\n    <\/div>\r\n    <div class=\"frm_opt_container\" aria-labelledby=\"field_s6n602_label\" role=\"radiogroup\">\t\t<div class=\"frm_radio\" id=\"frm_radio_677-2\">\t\t\t<label  for=\"field_s6n602-2\">\n\t\t\t\t\t<input type=\"radio\" name=\"item_meta[677]\" id=\"field_s6n602-2\" value=\"un SUV\"\n\t\t data-invmsg=\"Je veux louer... est non valide\"   \/> un SUV<\/label><\/div>\n\t\t<div class=\"frm_radio\" id=\"frm_radio_677-0\">\t\t\t<label  for=\"field_s6n602-0\">\n\t\t\t\t\t<input type=\"radio\" name=\"item_meta[677]\" id=\"field_s6n602-0\" value=\"une voiture de sport\"\n\t\t data-invmsg=\"Je veux louer... est non valide\"   \/> une voiture de sport<\/label><\/div>\n\t\t<div class=\"frm_radio\" id=\"frm_radio_677-1\">\t\t\t<label  for=\"field_s6n602-1\">\n\t\t\t\t\t<input type=\"radio\" name=\"item_meta[677]\" id=\"field_s6n602-1\" value=\"un cabriolet\"\n\t\t data-invmsg=\"Je veux louer... est non valide\"   \/> un cabriolet<\/label><\/div>\n\t\t<div class=\"frm_radio\" id=\"frm_radio_677-3\">\t\t\t<label  for=\"field_s6n602-3\">\n\t\t\t\t\t<input type=\"radio\" name=\"item_meta[677]\" id=\"field_s6n602-3\" value=\"une berline\"\n\t\t data-invmsg=\"Je veux louer... est non valide\"   \/> une berline<\/label><\/div>\n\t\t<div class=\"frm_radio\" id=\"frm_radio_677-5\">\t\t\t<label  for=\"field_s6n602-5\">\n\t\t\t\t\t<input type=\"radio\" name=\"item_meta[677]\" id=\"field_s6n602-5\" value=\"une petite voiture\"\n\t\t data-invmsg=\"Je veux louer... est non valide\"   \/> une petite voiture<\/label><\/div>\n\t\t<div class=\"frm_radio\" id=\"frm_radio_677-4\">\t\t\t<label  for=\"field_s6n602-4\">\n\t\t\t\t\t<input type=\"radio\" name=\"item_meta[677]\" id=\"field_s6n602-4\" value=\"un van\"\n\t\t data-invmsg=\"Je veux louer... est non valide\"   \/> un van<\/label><\/div>\n<\/div>\r\n    \r\n    \r\n<\/div>\n\t<input type=\"hidden\" name=\"item_key\" value=\"\" \/>\n\t\t\t<div id=\"frm_field_701_container\">\n\t\t\t<label for=\"field_j39d7\" >\n\t\t\t\tSi vous \u00eates un humain, ne remplissez pas ce champ.\t\t\t<\/label>\n\t\t\t<input  id=\"field_j39d7\" type=\"text\" class=\"frm_form_field form-field frm_verify\" name=\"item_meta[701]\" value=\"\"  \/>\n\t\t<\/div>\n\t\t<input name=\"frm_state\" type=\"hidden\" value=\"\/tWMUzts7zdIuFygJE8LDJ1tWHGt+Mn0gVl8vFjzRZZDKPXv5UBFNzSXWFNCklUX\" \/><div class=\"frm_submit\">\r\n\r\n<button class=\"frm_button_submit frm_final_submit\" type=\"submit\"   formnovalidate=\"formnovalidate\">Envoyer<\/button>\r\n\r\n\r\n<\/div><\/div>\n<\/fieldset>\n<\/div>\n\n<\/form>\n<\/div>\n\n<p>Dans l&rsquo;opulence du paysage urbain anim\u00e9 de Duba\u00ef, notre service de location de voitures de luxe repr\u00e9sente le summum de la sophistication et de l&rsquo;\u00e9l\u00e9gance. Nich\u00e9 au c\u0153ur d&rsquo;un royaume connu pour son style de vie somptueux et sa grandeur, nous cr\u00e9ons une exp\u00e9rience in\u00e9gal\u00e9e con\u00e7ue pour les connaisseurs de belles automobiles.<\/p>\n<p>Duba\u00ef, confluent de la modernit\u00e9 et du luxe, est la toile de fond id\u00e9ale pour notre flotte exclusive de v\u00e9hicules haut de gamme. Des silhouettes embl\u00e9matiques de Rolls-Royce et Bentley aux performances exaltantes de Lamborghini et Ferrari, notre collection incarne le summum de la brillance automobile.<\/p>\n<p>Notre philosophie consiste \u00e0 fournir non seulement un moyen de transport, mais aussi une incarnation du prestige et du style. M\u00e9ticuleusement entretenu et somptueusement am\u00e9nag\u00e9, chaque v\u00e9hicule fait l&rsquo;objet d&rsquo;un examen rigoureux afin de garantir une pr\u00e9sentation impeccable qui correspond aux go\u00fbts exigeants de notre client\u00e8le.<\/p>\n<p>Situ\u00e9e strat\u00e9giquement \u00e0 proximit\u00e9 des principaux centres de la ville, notre salle d&rsquo;exposition d\u00e9gage une ambiance de sophistication et de raffinement. Notre \u00e9quipe, compos\u00e9e d&rsquo;aficionados de l&rsquo;automobile et de professionnels du service, se tient pr\u00eate \u00e0 r\u00e9pondre aux d\u00e9sirs et aux pr\u00e9f\u00e9rences de nos clients estim\u00e9s, garantissant une exp\u00e9rience transparente et indulgente depuis la premi\u00e8re interaction jusqu&rsquo;au moment o\u00f9 nos clients prennent le volant.<\/p>\n<p>Au-del\u00e0 de l&rsquo;attrait de nos v\u00e9hicules immacul\u00e9s, nous offrons des services de conciergerie sur mesure, r\u00e9pondant \u00e0 tous les caprices et d\u00e9sirs de nos clients. Qu&rsquo;il s&rsquo;agisse d&rsquo;organiser un trajet c\u00f4tier pittoresque le long de Palm Jumeirah ou d&rsquo;assurer une entr\u00e9e \u00e9poustouflante lors d&rsquo;un \u00e9v\u00e9nement prestigieux, notre \u00e9quipe d\u00e9vou\u00e9e orchestre chaque d\u00e9tail, transformant de simples moments en souvenirs imp\u00e9rissables.<\/p>\n<p>Notre engagement en faveur d&rsquo;un luxe in\u00e9gal\u00e9 s&rsquo;\u00e9tend \u00e0 l&rsquo;exp\u00e9rience de location. Flexibilit\u00e9, commodit\u00e9 et exclusivit\u00e9 sont les pierres angulaires de notre service, con\u00e7u pour r\u00e9pondre aux diverses demandes de notre client\u00e8le.<\/p>\n<p>Dans une ville o\u00f9 le luxe ne conna\u00eet pas de limites, notre service de location de voitures de luxe \u00e0 Duba\u00ef est un symbole de sophistication, offrant non seulement un mode de transport mais aussi une invitation \u00e0 s&rsquo;immerger dans l&rsquo;extravagance et le glamour qui d\u00e9finissent cette illustre ville. Rejoignez-nous pour parcourir la grandeur de la ville dans une symphonie de luxe et d&rsquo;\u00e9l\u00e9gance que seule notre flotte peut offrir.<\/p>\n<p>&nbsp;<\/p>\n","protected":false},"excerpt":{"rendered":"<p>Elite Rent-a-Car est fi\u00e8re de pr\u00e9senter son nouvel emplacement \u00e0 Duba\u00ef. Simplifiez votre location de voiture de luxe \u00e0 Duba\u00ef avec Elite Rent-a-Car. Choisissez parmi une s\u00e9lection de v\u00e9hicules de marques telles que Mercedes-Benz, Porsche, BMW, Bentley, Rolls Royce, Ferrari Lamborghini, Cadillac, et bien d&rsquo;autres encore&#8230; Profitez de notre service de livraison et de collecte [&hellip;]<\/p>\n","protected":false},"author":6,"featured_media":71294,"parent":0,"menu_order":0,"comment_status":"closed","ping_status":"closed","template":"","meta":{"_acf_changed":false,"site-sidebar-layout":"default","site-content-layout":"plain-container","ast-site-content-layout":"","site-content-style":"default","site-sidebar-style":"default","ast-global-header-display":"","ast-banner-title-visibility":"","ast-main-header-display":"","ast-hfb-above-header-display":"","ast-hfb-below-header-display":"","ast-hfb-mobile-header-display":"","site-post-title":"","ast-breadcrumbs-content":"","ast-featured-img":"","footer-sml-layout":"","theme-transparent-header-meta":"default","adv-header-id-meta":"","stick-header-meta":"","header-above-stick-meta":"","header-main-stick-meta":"","header-below-stick-meta":"","astra-migrate-meta-layouts":"default","ast-page-background-enabled":"default","ast-page-background-meta":{"desktop":{"background-color":"","background-image":"","background-repeat":"repeat","background-position":"center center","background-size":"auto","background-attachment":"scroll","background-type":"","background-media":"","overlay-type":"","overlay-color":"","overlay-opacity":"","overlay-gradient":""},"tablet":{"background-color":"","background-image":"","background-repeat":"repeat","background-position":"center center","background-size":"auto","background-attachment":"scroll","background-type":"","background-media":"","overlay-type":"","overlay-color":"","overlay-opacity":"","overlay-gradient":""},"mobile":{"background-color":"","background-image":"","background-repeat":"repeat","background-position":"center center","background-size":"auto","background-attachment":"scroll","background-type":"","background-media":"","overlay-type":"","overlay-color":"","overlay-opacity":"","overlay-gradient":""}},"ast-content-background-meta":{"desktop":{"background-color":"var(--ast-global-color-5)","background-image":"","background-repeat":"repeat","background-position":"center center","background-size":"auto","background-attachment":"scroll","background-type":"","background-media":"","overlay-type":"","overlay-color":"","overlay-opacity":"","overlay-gradient":""},"tablet":{"background-color":"var(--ast-global-color-5)","background-image":"","background-repeat":"repeat","background-position":"center center","background-size":"auto","background-attachment":"scroll","background-type":"","background-media":"","overlay-type":"","overlay-color":"","overlay-opacity":"","overlay-gradient":""},"mobile":{"background-color":"var(--ast-global-color-5)","background-image":"","background-repeat":"repeat","background-position":"center center","background-size":"auto","background-attachment":"scroll","background-type":"","background-media":"","overlay-type":"","overlay-color":"","overlay-opacity":"","overlay-gradient":""}},"footnotes":""},"class_list":["post-71245","page","type-page","status-publish","has-post-thumbnail","hentry"],"acf":[],"yoast_head":"<!-- This site is optimized with the Yoast SEO plugin v27.4 - https:\/\/yoast.com\/product\/yoast-seo-wordpress\/ -->\n<title>Elite Rent<\/title>\n<meta name=\"description\" content=\"Elite Rent - Profitez de notre service de haute qualit\u00e9 et de notre option de livraison sur mesure.\" \/>\n<meta name=\"robots\" content=\"index, follow, max-snippet:-1, max-image-preview:large, max-video-preview:-1\" \/>\n<link rel=\"canonical\" href=\"https:\/\/www.eliterent.com\/fr\/location-de-voiture-de-luxe-a-dubai\/\" \/>\n<meta property=\"og:locale\" content=\"fr_FR\" \/>\n<meta property=\"og:type\" content=\"article\" \/>\n<meta property=\"og:title\" content=\"Elite Rent\" \/>\n<meta property=\"og:description\" content=\"Elite Rent - Profitez de notre service de haute qualit\u00e9 et de notre option de livraison sur mesure.\" \/>\n<meta property=\"og:url\" content=\"https:\/\/www.eliterent.com\/fr\/location-de-voiture-de-luxe-a-dubai\/\" \/>\n<meta property=\"og:site_name\" content=\"Elite Rent\" \/>\n<meta property=\"article:modified_time\" content=\"2023-11-18T11:26:48+00:00\" \/>\n<meta property=\"og:image\" content=\"https:\/\/www.eliterent.com\/wp-content\/uploads\/2023\/11\/Dubai_pic_CUT.png\" \/>\n\t<meta property=\"og:image:width\" content=\"2000\" \/>\n\t<meta property=\"og:image:height\" content=\"621\" \/>\n\t<meta property=\"og:image:type\" content=\"image\/png\" \/>\n<meta name=\"twitter:card\" content=\"summary_large_image\" \/>\n<script type=\"application\/ld+json\" class=\"yoast-schema-graph\">{\"@context\":\"https:\\\/\\\/schema.org\",\"@graph\":[{\"@type\":\"WebPage\",\"@id\":\"https:\\\/\\\/www.eliterent.com\\\/fr\\\/location-de-voiture-de-luxe-a-dubai\\\/\",\"url\":\"https:\\\/\\\/www.eliterent.com\\\/fr\\\/location-de-voiture-de-luxe-a-dubai\\\/\",\"name\":\"Elite Rent\",\"isPartOf\":{\"@id\":\"https:\\\/\\\/www.eliterent.com\\\/#website\"},\"primaryImageOfPage\":{\"@id\":\"https:\\\/\\\/www.eliterent.com\\\/fr\\\/location-de-voiture-de-luxe-a-dubai\\\/#primaryimage\"},\"image\":{\"@id\":\"https:\\\/\\\/www.eliterent.com\\\/fr\\\/location-de-voiture-de-luxe-a-dubai\\\/#primaryimage\"},\"thumbnailUrl\":\"https:\\\/\\\/www.eliterent.com\\\/wp-content\\\/uploads\\\/2023\\\/11\\\/Dubai_pic_CUT.png\",\"datePublished\":\"2023-11-06T10:11:57+00:00\",\"dateModified\":\"2023-11-18T11:26:48+00:00\",\"description\":\"Elite Rent - Profitez de notre service de haute qualit\u00e9 et de notre option de livraison sur mesure.\",\"breadcrumb\":{\"@id\":\"https:\\\/\\\/www.eliterent.com\\\/fr\\\/location-de-voiture-de-luxe-a-dubai\\\/#breadcrumb\"},\"inLanguage\":\"fr-FR\",\"potentialAction\":[{\"@type\":\"ReadAction\",\"target\":[\"https:\\\/\\\/www.eliterent.com\\\/fr\\\/location-de-voiture-de-luxe-a-dubai\\\/\"]}]},{\"@type\":\"ImageObject\",\"inLanguage\":\"fr-FR\",\"@id\":\"https:\\\/\\\/www.eliterent.com\\\/fr\\\/location-de-voiture-de-luxe-a-dubai\\\/#primaryimage\",\"url\":\"https:\\\/\\\/www.eliterent.com\\\/wp-content\\\/uploads\\\/2023\\\/11\\\/Dubai_pic_CUT.png\",\"contentUrl\":\"https:\\\/\\\/www.eliterent.com\\\/wp-content\\\/uploads\\\/2023\\\/11\\\/Dubai_pic_CUT.png\",\"width\":2000,\"height\":621},{\"@type\":\"BreadcrumbList\",\"@id\":\"https:\\\/\\\/www.eliterent.com\\\/fr\\\/location-de-voiture-de-luxe-a-dubai\\\/#breadcrumb\",\"itemListElement\":[{\"@type\":\"ListItem\",\"position\":1,\"name\":\"Home\",\"item\":\"https:\\\/\\\/www.eliterent.com\\\/\"},{\"@type\":\"ListItem\",\"position\":2,\"name\":\"Location de voiture de luxe \u00e0 Dubai avec Elite Rent\"}]},{\"@type\":\"WebSite\",\"@id\":\"https:\\\/\\\/www.eliterent.com\\\/#website\",\"url\":\"https:\\\/\\\/www.eliterent.com\\\/\",\"name\":\"Elite Rent\",\"description\":\"Rent a Car\",\"publisher\":{\"@id\":\"https:\\\/\\\/www.eliterent.com\\\/#organization\"},\"potentialAction\":[{\"@type\":\"SearchAction\",\"target\":{\"@type\":\"EntryPoint\",\"urlTemplate\":\"https:\\\/\\\/www.eliterent.com\\\/?s={search_term_string}\"},\"query-input\":{\"@type\":\"PropertyValueSpecification\",\"valueRequired\":true,\"valueName\":\"search_term_string\"}}],\"inLanguage\":\"fr-FR\"},{\"@type\":\"Organization\",\"@id\":\"https:\\\/\\\/www.eliterent.com\\\/#organization\",\"name\":\"Elite Rent\",\"url\":\"https:\\\/\\\/www.eliterent.com\\\/\",\"logo\":{\"@type\":\"ImageObject\",\"inLanguage\":\"fr-FR\",\"@id\":\"https:\\\/\\\/www.eliterent.com\\\/#\\\/schema\\\/logo\\\/image\\\/\",\"url\":\"https:\\\/\\\/www.eliterent.com\\\/wp-content\\\/uploads\\\/2020\\\/03\\\/Elite_Logo_NEW_2023_Final-1.png\",\"contentUrl\":\"https:\\\/\\\/www.eliterent.com\\\/wp-content\\\/uploads\\\/2020\\\/03\\\/Elite_Logo_NEW_2023_Final-1.png\",\"width\":828,\"height\":313,\"caption\":\"Elite Rent\"},\"image\":{\"@id\":\"https:\\\/\\\/www.eliterent.com\\\/#\\\/schema\\\/logo\\\/image\\\/\"}}]}<\/script>\n<!-- \/ Yoast SEO plugin. -->","yoast_head_json":{"title":"Elite Rent","description":"Elite Rent - Profitez de notre service de haute qualit\u00e9 et de notre option de livraison sur mesure.","robots":{"index":"index","follow":"follow","max-snippet":"max-snippet:-1","max-image-preview":"max-image-preview:large","max-video-preview":"max-video-preview:-1"},"canonical":"https:\/\/www.eliterent.com\/fr\/location-de-voiture-de-luxe-a-dubai\/","og_locale":"fr_FR","og_type":"article","og_title":"Elite Rent","og_description":"Elite Rent - Profitez de notre service de haute qualit\u00e9 et de notre option de livraison sur mesure.","og_url":"https:\/\/www.eliterent.com\/fr\/location-de-voiture-de-luxe-a-dubai\/","og_site_name":"Elite Rent","article_modified_time":"2023-11-18T11:26:48+00:00","og_image":[{"width":2000,"height":621,"url":"https:\/\/www.eliterent.com\/wp-content\/uploads\/2023\/11\/Dubai_pic_CUT.png","type":"image\/png"}],"twitter_card":"summary_large_image","schema":{"@context":"https:\/\/schema.org","@graph":[{"@type":"WebPage","@id":"https:\/\/www.eliterent.com\/fr\/location-de-voiture-de-luxe-a-dubai\/","url":"https:\/\/www.eliterent.com\/fr\/location-de-voiture-de-luxe-a-dubai\/","name":"Elite Rent","isPartOf":{"@id":"https:\/\/www.eliterent.com\/#website"},"primaryImageOfPage":{"@id":"https:\/\/www.eliterent.com\/fr\/location-de-voiture-de-luxe-a-dubai\/#primaryimage"},"image":{"@id":"https:\/\/www.eliterent.com\/fr\/location-de-voiture-de-luxe-a-dubai\/#primaryimage"},"thumbnailUrl":"https:\/\/www.eliterent.com\/wp-content\/uploads\/2023\/11\/Dubai_pic_CUT.png","datePublished":"2023-11-06T10:11:57+00:00","dateModified":"2023-11-18T11:26:48+00:00","description":"Elite Rent - Profitez de notre service de haute qualit\u00e9 et de notre option de livraison sur mesure.","breadcrumb":{"@id":"https:\/\/www.eliterent.com\/fr\/location-de-voiture-de-luxe-a-dubai\/#breadcrumb"},"inLanguage":"fr-FR","potentialAction":[{"@type":"ReadAction","target":["https:\/\/www.eliterent.com\/fr\/location-de-voiture-de-luxe-a-dubai\/"]}]},{"@type":"ImageObject","inLanguage":"fr-FR","@id":"https:\/\/www.eliterent.com\/fr\/location-de-voiture-de-luxe-a-dubai\/#primaryimage","url":"https:\/\/www.eliterent.com\/wp-content\/uploads\/2023\/11\/Dubai_pic_CUT.png","contentUrl":"https:\/\/www.eliterent.com\/wp-content\/uploads\/2023\/11\/Dubai_pic_CUT.png","width":2000,"height":621},{"@type":"BreadcrumbList","@id":"https:\/\/www.eliterent.com\/fr\/location-de-voiture-de-luxe-a-dubai\/#breadcrumb","itemListElement":[{"@type":"ListItem","position":1,"name":"Home","item":"https:\/\/www.eliterent.com\/"},{"@type":"ListItem","position":2,"name":"Location de voiture de luxe \u00e0 Dubai avec Elite Rent"}]},{"@type":"WebSite","@id":"https:\/\/www.eliterent.com\/#website","url":"https:\/\/www.eliterent.com\/","name":"Elite Rent","description":"Rent a Car","publisher":{"@id":"https:\/\/www.eliterent.com\/#organization"},"potentialAction":[{"@type":"SearchAction","target":{"@type":"EntryPoint","urlTemplate":"https:\/\/www.eliterent.com\/?s={search_term_string}"},"query-input":{"@type":"PropertyValueSpecification","valueRequired":true,"valueName":"search_term_string"}}],"inLanguage":"fr-FR"},{"@type":"Organization","@id":"https:\/\/www.eliterent.com\/#organization","name":"Elite Rent","url":"https:\/\/www.eliterent.com\/","logo":{"@type":"ImageObject","inLanguage":"fr-FR","@id":"https:\/\/www.eliterent.com\/#\/schema\/logo\/image\/","url":"https:\/\/www.eliterent.com\/wp-content\/uploads\/2020\/03\/Elite_Logo_NEW_2023_Final-1.png","contentUrl":"https:\/\/www.eliterent.com\/wp-content\/uploads\/2020\/03\/Elite_Logo_NEW_2023_Final-1.png","width":828,"height":313,"caption":"Elite Rent"},"image":{"@id":"https:\/\/www.eliterent.com\/#\/schema\/logo\/image\/"}}]}},"_links":{"self":[{"href":"https:\/\/www.eliterent.com\/fr\/wp-json\/wp\/v2\/pages\/71245","targetHints":{"allow":["GET"]}}],"collection":[{"href":"https:\/\/www.eliterent.com\/fr\/wp-json\/wp\/v2\/pages"}],"about":[{"href":"https:\/\/www.eliterent.com\/fr\/wp-json\/wp\/v2\/types\/page"}],"author":[{"embeddable":true,"href":"https:\/\/www.eliterent.com\/fr\/wp-json\/wp\/v2\/users\/6"}],"replies":[{"embeddable":true,"href":"https:\/\/www.eliterent.com\/fr\/wp-json\/wp\/v2\/comments?post=71245"}],"version-history":[{"count":0,"href":"https:\/\/www.eliterent.com\/fr\/wp-json\/wp\/v2\/pages\/71245\/revisions"}],"wp:featuredmedia":[{"embeddable":true,"href":"https:\/\/www.eliterent.com\/fr\/wp-json\/wp\/v2\/media\/71294"}],"wp:attachment":[{"href":"https:\/\/www.eliterent.com\/fr\/wp-json\/wp\/v2\/media?parent=71245"}],"curies":[{"name":"wp","href":"https:\/\/api.w.org\/{rel}","templated":true}]}}