{"id":60846,"date":"2022-10-06T10:35:16","date_gmt":"2022-10-06T08:35:16","guid":{"rendered":"https:\/\/www.eliterent.com\/rent-a-van\/"},"modified":"2022-10-06T12:53:54","modified_gmt":"2022-10-06T10:53:54","slug":"louer-un-van","status":"publish","type":"page","link":"https:\/\/www.eliterent.com\/fr\/louer-un-van\/","title":{"rendered":"Van"},"content":{"rendered":"<h5>Louer un Van de luxe avec Elite Rent-a-Car<\/h5>\n<p>Gr\u00e2ce \u00e0 Elite Rent-a-Car, vous avez la possibilit\u00e9 de louer un Van de luxe. Vous pouvez louer un luxueux tout-terrain avec Elite Rent en Suisse, \u00e0 Gen\u00e8ve et \u00e0 Zurich. En France, \u00e0 Nice, Cannes ou Paris et \u00e0 Monaco. En Italie, \u00e0 Milan ou \u00e0 Rome. Et, en Allemagne, \u00e0 Munich et en R\u00e9publique tch\u00e8que, \u00e0 Prague. Choisissez parmi une s\u00e9lection comprenant des vans et monospaces comme les Mercedes V-Class &amp; Vito, VW Multivan, Renault Espace, et bien plus encore&#8230; Nous effectuons \u00e9galement des livraisons et des collectes sur mesure dans tous ces pays et en Europe centrale.<\/p>\n<h5>\u00c0 propos des Vans<\/h5>\n<p>Les vans sont id\u00e9aux pour ceux qui privil\u00e9gient l&rsquo;espace et la praticit\u00e9. Cette cat\u00e9gorie de v\u00e9hicules est particuli\u00e8rement attrayante pour les familles ou les grands groupes de personnes. Notre flotte comprend des fourgons bien am\u00e9nag\u00e9s et luxueux. Chacun d&rsquo;entre eux dispose des \u00e9quipements que l&rsquo;on peut attendre d&rsquo;un v\u00e9hicule haut de gamme.<\/p>\n<p>Elite se sp\u00e9cialise dans les voitures de luxe ; la cat\u00e9gorie des vans ne fait pas exception. Bien que d&rsquo;autres mod\u00e8les soient propos\u00e9s, le plus populaire d&rsquo;Elite est le Mercedes-Benz V Class. La cat\u00e9gorie des vans est id\u00e9ale pour les grandes familles en vacances. Avec au moins sept places assises et de l&rsquo;espace pour les bagages, le compromis est parfait. Le Classe V int\u00e8gre toutes les caract\u00e9ristiques de s\u00e9curit\u00e9 telles que la transmission int\u00e9grale 4Matic et le r\u00e9gulateur de vitesse adaptatif.<\/p>\n<p>Elite personnalise l&rsquo;int\u00e9rieur de chaque van pour l&rsquo;harmoniser avec le reste de sa gamme de v\u00e9hicules. Cela signifie que les mat\u00e9riaux utilis\u00e9s sont de meilleure qualit\u00e9 et que la finition est de qualit\u00e9 sup\u00e9rieure. Si l&rsquo;espace est primordial, alors le Classe V est vraiment la meilleure option. Bien entendu, nous proposons \u00e9galement d&rsquo;autres v\u00e9hicules tels que le VW Multivan ou le Renault Espace. Tous sont des excellent choix pour ceux qui cherchent \u00e0 faire de longs trajets en voiture.<\/p>\n<p>Contactez Elite Rent-a-Car d\u00e8s aujourd&rsquo;hui. Notre \u00e9quipe sera ravie de vous aider \u00e0 choisir le van parfait pour votre voyage.<\/p>\n","protected":false},"excerpt":{"rendered":"<p>Louer un Van de luxe avec Elite Rent-a-Car Gr\u00e2ce \u00e0 Elite Rent-a-Car, vous avez la possibilit\u00e9 de louer un Van de luxe. Vous pouvez louer un luxueux tout-terrain avec Elite Rent en Suisse, \u00e0 Gen\u00e8ve et \u00e0 Zurich. En France, \u00e0 Nice, Cannes ou Paris et \u00e0 Monaco. En Italie, \u00e0 Milan ou \u00e0 Rome. [&hellip;]<\/p>\n","protected":false},"author":6,"featured_media":60823,"parent":0,"menu_order":0,"comment_status":"closed","ping_status":"closed","template":"","meta":{"_acf_changed":false,"site-sidebar-layout":"default","site-content-layout":"default","ast-site-content-layout":"","site-content-style":"default","site-sidebar-style":"default","ast-global-header-display":"","ast-banner-title-visibility":"","ast-main-header-display":"","ast-hfb-above-header-display":"","ast-hfb-below-header-display":"","ast-hfb-mobile-header-display":"","site-post-title":"","ast-breadcrumbs-content":"","ast-featured-img":"","footer-sml-layout":"","theme-transparent-header-meta":"default","adv-header-id-meta":"","stick-header-meta":"","header-above-stick-meta":"","header-main-stick-meta":"","header-below-stick-meta":"","astra-migrate-meta-layouts":"default","ast-page-background-enabled":"default","ast-page-background-meta":{"desktop":{"background-color":"","background-image":"","background-repeat":"repeat","background-position":"center center","background-size":"auto","background-attachment":"scroll","background-type":"","background-media":"","overlay-type":"","overlay-color":"","overlay-opacity":"","overlay-gradient":""},"tablet":{"background-color":"","background-image":"","background-repeat":"repeat","background-position":"center center","background-size":"auto","background-attachment":"scroll","background-type":"","background-media":"","overlay-type":"","overlay-color":"","overlay-opacity":"","overlay-gradient":""},"mobile":{"background-color":"","background-image":"","background-repeat":"repeat","background-position":"center center","background-size":"auto","background-attachment":"scroll","background-type":"","background-media":"","overlay-type":"","overlay-color":"","overlay-opacity":"","overlay-gradient":""}},"ast-content-background-meta":{"desktop":{"background-color":"var(--ast-global-color-5)","background-image":"","background-repeat":"repeat","background-position":"center center","background-size":"auto","background-attachment":"scroll","background-type":"","background-media":"","overlay-type":"","overlay-color":"","overlay-opacity":"","overlay-gradient":""},"tablet":{"background-color":"var(--ast-global-color-5)","background-image":"","background-repeat":"repeat","background-position":"center center","background-size":"auto","background-attachment":"scroll","background-type":"","background-media":"","overlay-type":"","overlay-color":"","overlay-opacity":"","overlay-gradient":""},"mobile":{"background-color":"var(--ast-global-color-5)","background-image":"","background-repeat":"repeat","background-position":"center center","background-size":"auto","background-attachment":"scroll","background-type":"","background-media":"","overlay-type":"","overlay-color":"","overlay-opacity":"","overlay-gradient":""}},"footnotes":""},"class_list":["post-60846","page","type-page","status-publish","has-post-thumbnail","hentry"],"acf":[],"yoast_head":"<!-- This site is optimized with the Yoast SEO plugin v27.1.1 - https:\/\/yoast.com\/product\/yoast-seo-wordpress\/ -->\n<title>Louer un van avec Elite Rent<\/title>\n<meta name=\"description\" content=\"Louer un van avec Elite Rent - Louez une Mercedes, une VW ou une Renault en Suisse, en France, en Italie, en Allemagne, en R\u00e9publique tch\u00e8que.\" \/>\n<meta name=\"robots\" content=\"index, follow, max-snippet:-1, max-image-preview:large, max-video-preview:-1\" \/>\n<link rel=\"canonical\" href=\"https:\/\/www.eliterent.com\/fr\/louer-un-van\/\" \/>\n<meta property=\"og:locale\" content=\"fr_FR\" \/>\n<meta property=\"og:type\" content=\"article\" \/>\n<meta property=\"og:title\" content=\"Louer un van avec Elite Rent\" \/>\n<meta property=\"og:description\" content=\"Louer un van avec Elite Rent - Louez une Mercedes, une VW ou une Renault en Suisse, en France, en Italie, en Allemagne, en R\u00e9publique tch\u00e8que.\" \/>\n<meta property=\"og:url\" content=\"https:\/\/www.eliterent.com\/fr\/louer-un-van\/\" \/>\n<meta property=\"og:site_name\" content=\"Elite Rent\" \/>\n<meta property=\"article:modified_time\" content=\"2022-10-06T10:53:54+00:00\" \/>\n<meta property=\"og:image\" content=\"https:\/\/www.eliterent.com\/wp-content\/uploads\/2022\/10\/CAT_Van_Icon.png\" \/>\n\t<meta property=\"og:image:width\" content=\"400\" \/>\n\t<meta property=\"og:image:height\" content=\"250\" \/>\n\t<meta property=\"og:image:type\" content=\"image\/png\" \/>\n<meta name=\"twitter:card\" content=\"summary_large_image\" \/>\n<script type=\"application\/ld+json\" class=\"yoast-schema-graph\">{\"@context\":\"https:\/\/schema.org\",\"@graph\":[{\"@type\":\"WebPage\",\"@id\":\"https:\/\/www.eliterent.com\/fr\/louer-un-van\/\",\"url\":\"https:\/\/www.eliterent.com\/fr\/louer-un-van\/\",\"name\":\"Louer un van avec Elite Rent\",\"isPartOf\":{\"@id\":\"https:\/\/www.eliterent.com\/#website\"},\"primaryImageOfPage\":{\"@id\":\"https:\/\/www.eliterent.com\/fr\/louer-un-van\/#primaryimage\"},\"image\":{\"@id\":\"https:\/\/www.eliterent.com\/fr\/louer-un-van\/#primaryimage\"},\"thumbnailUrl\":\"https:\/\/www.eliterent.com\/wp-content\/uploads\/2022\/10\/CAT_Van_Icon.png\",\"datePublished\":\"2022-10-06T08:35:16+00:00\",\"dateModified\":\"2022-10-06T10:53:54+00:00\",\"description\":\"Louer un van avec Elite Rent - Louez une Mercedes, une VW ou une Renault en Suisse, en France, en Italie, en Allemagne, en R\u00e9publique tch\u00e8que.\",\"breadcrumb\":{\"@id\":\"https:\/\/www.eliterent.com\/fr\/louer-un-van\/#breadcrumb\"},\"inLanguage\":\"fr-FR\",\"potentialAction\":[{\"@type\":\"ReadAction\",\"target\":[\"https:\/\/www.eliterent.com\/fr\/louer-un-van\/\"]}]},{\"@type\":\"ImageObject\",\"inLanguage\":\"fr-FR\",\"@id\":\"https:\/\/www.eliterent.com\/fr\/louer-un-van\/#primaryimage\",\"url\":\"https:\/\/www.eliterent.com\/wp-content\/uploads\/2022\/10\/CAT_Van_Icon.png\",\"contentUrl\":\"https:\/\/www.eliterent.com\/wp-content\/uploads\/2022\/10\/CAT_Van_Icon.png\",\"width\":400,\"height\":250,\"caption\":\"Rent a Van with Elite Rent-a-Car\"},{\"@type\":\"BreadcrumbList\",\"@id\":\"https:\/\/www.eliterent.com\/fr\/louer-un-van\/#breadcrumb\",\"itemListElement\":[{\"@type\":\"ListItem\",\"position\":1,\"name\":\"Home\",\"item\":\"https:\/\/www.eliterent.com\/\"},{\"@type\":\"ListItem\",\"position\":2,\"name\":\"Van\"}]},{\"@type\":\"WebSite\",\"@id\":\"https:\/\/www.eliterent.com\/#website\",\"url\":\"https:\/\/www.eliterent.com\/\",\"name\":\"Elite Rent\",\"description\":\"Rent a Car\",\"publisher\":{\"@id\":\"https:\/\/www.eliterent.com\/#organization\"},\"potentialAction\":[{\"@type\":\"SearchAction\",\"target\":{\"@type\":\"EntryPoint\",\"urlTemplate\":\"https:\/\/www.eliterent.com\/?s={search_term_string}\"},\"query-input\":{\"@type\":\"PropertyValueSpecification\",\"valueRequired\":true,\"valueName\":\"search_term_string\"}}],\"inLanguage\":\"fr-FR\"},{\"@type\":\"Organization\",\"@id\":\"https:\/\/www.eliterent.com\/#organization\",\"name\":\"Elite Rent\",\"url\":\"https:\/\/www.eliterent.com\/\",\"logo\":{\"@type\":\"ImageObject\",\"inLanguage\":\"fr-FR\",\"@id\":\"https:\/\/www.eliterent.com\/#\/schema\/logo\/image\/\",\"url\":\"https:\/\/www.eliterent.com\/wp-content\/uploads\/2020\/03\/Elite_Logo_NEW_2023_Final-1.png\",\"contentUrl\":\"https:\/\/www.eliterent.com\/wp-content\/uploads\/2020\/03\/Elite_Logo_NEW_2023_Final-1.png\",\"width\":828,\"height\":313,\"caption\":\"Elite Rent\"},\"image\":{\"@id\":\"https:\/\/www.eliterent.com\/#\/schema\/logo\/image\/\"}}]}<\/script>\n<!-- \/ Yoast SEO plugin. -->","yoast_head_json":{"title":"Louer un van avec Elite Rent","description":"Louer un van avec Elite Rent - Louez une Mercedes, une VW ou une Renault en Suisse, en France, en Italie, en Allemagne, en R\u00e9publique tch\u00e8que.","robots":{"index":"index","follow":"follow","max-snippet":"max-snippet:-1","max-image-preview":"max-image-preview:large","max-video-preview":"max-video-preview:-1"},"canonical":"https:\/\/www.eliterent.com\/fr\/louer-un-van\/","og_locale":"fr_FR","og_type":"article","og_title":"Louer un van avec Elite Rent","og_description":"Louer un van avec Elite Rent - Louez une Mercedes, une VW ou une Renault en Suisse, en France, en Italie, en Allemagne, en R\u00e9publique tch\u00e8que.","og_url":"https:\/\/www.eliterent.com\/fr\/louer-un-van\/","og_site_name":"Elite Rent","article_modified_time":"2022-10-06T10:53:54+00:00","og_image":[{"width":400,"height":250,"url":"https:\/\/www.eliterent.com\/wp-content\/uploads\/2022\/10\/CAT_Van_Icon.png","type":"image\/png"}],"twitter_card":"summary_large_image","schema":{"@context":"https:\/\/schema.org","@graph":[{"@type":"WebPage","@id":"https:\/\/www.eliterent.com\/fr\/louer-un-van\/","url":"https:\/\/www.eliterent.com\/fr\/louer-un-van\/","name":"Louer un van avec Elite Rent","isPartOf":{"@id":"https:\/\/www.eliterent.com\/#website"},"primaryImageOfPage":{"@id":"https:\/\/www.eliterent.com\/fr\/louer-un-van\/#primaryimage"},"image":{"@id":"https:\/\/www.eliterent.com\/fr\/louer-un-van\/#primaryimage"},"thumbnailUrl":"https:\/\/www.eliterent.com\/wp-content\/uploads\/2022\/10\/CAT_Van_Icon.png","datePublished":"2022-10-06T08:35:16+00:00","dateModified":"2022-10-06T10:53:54+00:00","description":"Louer un van avec Elite Rent - Louez une Mercedes, une VW ou une Renault en Suisse, en France, en Italie, en Allemagne, en R\u00e9publique tch\u00e8que.","breadcrumb":{"@id":"https:\/\/www.eliterent.com\/fr\/louer-un-van\/#breadcrumb"},"inLanguage":"fr-FR","potentialAction":[{"@type":"ReadAction","target":["https:\/\/www.eliterent.com\/fr\/louer-un-van\/"]}]},{"@type":"ImageObject","inLanguage":"fr-FR","@id":"https:\/\/www.eliterent.com\/fr\/louer-un-van\/#primaryimage","url":"https:\/\/www.eliterent.com\/wp-content\/uploads\/2022\/10\/CAT_Van_Icon.png","contentUrl":"https:\/\/www.eliterent.com\/wp-content\/uploads\/2022\/10\/CAT_Van_Icon.png","width":400,"height":250,"caption":"Rent a Van with Elite Rent-a-Car"},{"@type":"BreadcrumbList","@id":"https:\/\/www.eliterent.com\/fr\/louer-un-van\/#breadcrumb","itemListElement":[{"@type":"ListItem","position":1,"name":"Home","item":"https:\/\/www.eliterent.com\/"},{"@type":"ListItem","position":2,"name":"Van"}]},{"@type":"WebSite","@id":"https:\/\/www.eliterent.com\/#website","url":"https:\/\/www.eliterent.com\/","name":"Elite Rent","description":"Rent a Car","publisher":{"@id":"https:\/\/www.eliterent.com\/#organization"},"potentialAction":[{"@type":"SearchAction","target":{"@type":"EntryPoint","urlTemplate":"https:\/\/www.eliterent.com\/?s={search_term_string}"},"query-input":{"@type":"PropertyValueSpecification","valueRequired":true,"valueName":"search_term_string"}}],"inLanguage":"fr-FR"},{"@type":"Organization","@id":"https:\/\/www.eliterent.com\/#organization","name":"Elite Rent","url":"https:\/\/www.eliterent.com\/","logo":{"@type":"ImageObject","inLanguage":"fr-FR","@id":"https:\/\/www.eliterent.com\/#\/schema\/logo\/image\/","url":"https:\/\/www.eliterent.com\/wp-content\/uploads\/2020\/03\/Elite_Logo_NEW_2023_Final-1.png","contentUrl":"https:\/\/www.eliterent.com\/wp-content\/uploads\/2020\/03\/Elite_Logo_NEW_2023_Final-1.png","width":828,"height":313,"caption":"Elite Rent"},"image":{"@id":"https:\/\/www.eliterent.com\/#\/schema\/logo\/image\/"}}]}},"_links":{"self":[{"href":"https:\/\/www.eliterent.com\/fr\/wp-json\/wp\/v2\/pages\/60846","targetHints":{"allow":["GET"]}}],"collection":[{"href":"https:\/\/www.eliterent.com\/fr\/wp-json\/wp\/v2\/pages"}],"about":[{"href":"https:\/\/www.eliterent.com\/fr\/wp-json\/wp\/v2\/types\/page"}],"author":[{"embeddable":true,"href":"https:\/\/www.eliterent.com\/fr\/wp-json\/wp\/v2\/users\/6"}],"replies":[{"embeddable":true,"href":"https:\/\/www.eliterent.com\/fr\/wp-json\/wp\/v2\/comments?post=60846"}],"version-history":[{"count":0,"href":"https:\/\/www.eliterent.com\/fr\/wp-json\/wp\/v2\/pages\/60846\/revisions"}],"wp:featuredmedia":[{"embeddable":true,"href":"https:\/\/www.eliterent.com\/fr\/wp-json\/wp\/v2\/media\/60823"}],"wp:attachment":[{"href":"https:\/\/www.eliterent.com\/fr\/wp-json\/wp\/v2\/media?parent=60846"}],"curies":[{"name":"wp","href":"https:\/\/api.w.org\/{rel}","templated":true}]}}