{"id":60845,"date":"2022-10-06T10:32:45","date_gmt":"2022-10-06T08:32:45","guid":{"rendered":"https:\/\/www.eliterent.com\/rent-suv-4x4\/"},"modified":"2022-10-06T12:51:08","modified_gmt":"2022-10-06T10:51:08","slug":"louer-un-suv-4x4","status":"publish","type":"page","link":"https:\/\/www.eliterent.com\/fr\/louer-un-suv-4x4\/","title":{"rendered":"SUV\/4&#215;4"},"content":{"rendered":"<h5>Louer un SUV ou un 4&#215;4 de luxe avec Elite Rent-a-Car<\/h5>\n<p>Gr\u00e2ce \u00e0 Elite Rent-a-Car, vous avez la possibilit\u00e9 de louer un SUV ou un 4&#215;4. Vous pouvez louer un luxueux tout-terrain avec Elite Rent en Suisse, \u00e0 Gen\u00e8ve et \u00e0 Zurich. En France, \u00e0 Nice, Cannes ou Paris et \u00e0 Monaco. En Italie, \u00e0 Milan ou \u00e0 Rome. Et, en Allemagne, \u00e0 Munich et en R\u00e9publique tch\u00e8que, \u00e0 Prague. Choisissez parmi une s\u00e9lection comprenant des SUV comme les Mercedes GLE &amp; GLS, les BMWX7 &amp; X5. Ou encore, le Porsche Cayenne, les Range Rover Sport &amp; Vogue et bien plus encore&#8230; Nous effectuons \u00e9galement des livraisons et des collectes sur mesure dans tous ces pays et en Europe centrale.<\/p>\n<h5>A propos des voitures 4&#215;4 ou SUV<\/h5>\n<p>L&rsquo;Europe est un continent rempli de paysages diff\u00e9rents \u00e0 d\u00e9couvrir. Cependant, tous les v\u00e9hicules ne sont pas con\u00e7us pour faire face aux diverses conditions auxquelles on peut \u00eatre confront\u00e9. Dans ce cas, un SUV est la voiture de choix. Les voitures \u00e0 traction int\u00e9grale peuvent affronter de nombreuses conditions routi\u00e8res qui ne conviennent pas aux voitures \u00e0 traction avant ou arri\u00e8re. Cela est d\u00fb \u00e0 une stabilit\u00e9 accrue, \u00e0 une meilleure tenue en tout-terrain et \u00e0 une meilleure s\u00e9curit\u00e9 g\u00e9n\u00e9rale. Un SUV utilise un syst\u00e8me \u00e0 quatre roues motrices et l&rsquo;associe \u00e0 une hauteur de caisse plus \u00e9lev\u00e9e pour offrir un maximum de possibilit\u00e9s d&rsquo;utilisation.<\/p>\n<p>En gardant \u00e0 l&rsquo;esprit les diff\u00e9rents avantages m\u00e9caniques, un autre avantage est que les SUV ont plus de place pour le rangement et les passagers. On peut facilement et confortablement asseoir une famille de quatre ou cinq personnes et ses bagages pour des vacances compl\u00e8tes. L&rsquo;espace suppl\u00e9mentaire signifie que les occupants b\u00e9n\u00e9ficieront d&rsquo;un plus grand confort. Et avec la gamme de SUV haut de gamme d&rsquo;Elite, cela signifie \u00e9galement que les occupants profiteront de plus de luxe et de commodit\u00e9s \u00e0 bord.<\/p>\n<p>Elite propose une s\u00e9lection de SUV haut de gamme, dont le Porsche Cayenne e-hybrid, le BMW X5, le Mercedes Benz GLS et l&#8217;embl\u00e9matique Range Rover Vogue SC. Si un v\u00e9hicule omnipr\u00e9sent, multi-terrain et multi-usage est ce que vous recherchez mais que vous voulez le confort et le luxe suppl\u00e9mentaires, alors ne cherchez plus et appelez Elite !<\/p>\n<p>Appelez Elite Rent-a-Car pour votre location de SUV de luxe aujourd&rsquo;hui. Notre \u00e9quipe se fera un plaisir de vous aider !<\/p>\n","protected":false},"excerpt":{"rendered":"<p>Louer un SUV ou un 4&#215;4 de luxe avec Elite Rent-a-Car Gr\u00e2ce \u00e0 Elite Rent-a-Car, vous avez la possibilit\u00e9 de louer un SUV ou un 4&#215;4. Vous pouvez louer un luxueux tout-terrain avec Elite Rent en Suisse, \u00e0 Gen\u00e8ve et \u00e0 Zurich. En France, \u00e0 Nice, Cannes ou Paris et \u00e0 Monaco. En Italie, \u00e0 [&hellip;]<\/p>\n","protected":false},"author":6,"featured_media":60825,"parent":0,"menu_order":0,"comment_status":"closed","ping_status":"closed","template":"","meta":{"_acf_changed":false,"site-sidebar-layout":"default","site-content-layout":"default","ast-site-content-layout":"","site-content-style":"default","site-sidebar-style":"default","ast-global-header-display":"","ast-banner-title-visibility":"","ast-main-header-display":"","ast-hfb-above-header-display":"","ast-hfb-below-header-display":"","ast-hfb-mobile-header-display":"","site-post-title":"","ast-breadcrumbs-content":"","ast-featured-img":"","footer-sml-layout":"","theme-transparent-header-meta":"default","adv-header-id-meta":"","stick-header-meta":"","header-above-stick-meta":"","header-main-stick-meta":"","header-below-stick-meta":"","astra-migrate-meta-layouts":"default","ast-page-background-enabled":"default","ast-page-background-meta":{"desktop":{"background-color":"","background-image":"","background-repeat":"repeat","background-position":"center center","background-size":"auto","background-attachment":"scroll","background-type":"","background-media":"","overlay-type":"","overlay-color":"","overlay-opacity":"","overlay-gradient":""},"tablet":{"background-color":"","background-image":"","background-repeat":"repeat","background-position":"center center","background-size":"auto","background-attachment":"scroll","background-type":"","background-media":"","overlay-type":"","overlay-color":"","overlay-opacity":"","overlay-gradient":""},"mobile":{"background-color":"","background-image":"","background-repeat":"repeat","background-position":"center center","background-size":"auto","background-attachment":"scroll","background-type":"","background-media":"","overlay-type":"","overlay-color":"","overlay-opacity":"","overlay-gradient":""}},"ast-content-background-meta":{"desktop":{"background-color":"var(--ast-global-color-5)","background-image":"","background-repeat":"repeat","background-position":"center center","background-size":"auto","background-attachment":"scroll","background-type":"","background-media":"","overlay-type":"","overlay-color":"","overlay-opacity":"","overlay-gradient":""},"tablet":{"background-color":"var(--ast-global-color-5)","background-image":"","background-repeat":"repeat","background-position":"center center","background-size":"auto","background-attachment":"scroll","background-type":"","background-media":"","overlay-type":"","overlay-color":"","overlay-opacity":"","overlay-gradient":""},"mobile":{"background-color":"var(--ast-global-color-5)","background-image":"","background-repeat":"repeat","background-position":"center center","background-size":"auto","background-attachment":"scroll","background-type":"","background-media":"","overlay-type":"","overlay-color":"","overlay-opacity":"","overlay-gradient":""}},"footnotes":""},"class_list":["post-60845","page","type-page","status-publish","has-post-thumbnail","hentry"],"acf":[],"yoast_head":"<!-- This site is optimized with the Yoast SEO plugin v27.4 - https:\/\/yoast.com\/product\/yoast-seo-wordpress\/ -->\n<title>Louer un SUV ou un 4x4 avec Elite Rent<\/title>\n<meta name=\"description\" content=\"Louer un SUV ou un 4x4 avecElite Rent - Louez une Mercedes, BMW, Porsche, Range Rover en Suisse, France, Italie, Allemagne, et en Europe.\" \/>\n<meta name=\"robots\" content=\"index, follow, max-snippet:-1, max-image-preview:large, max-video-preview:-1\" \/>\n<link rel=\"canonical\" href=\"https:\/\/www.eliterent.com\/fr\/louer-un-suv-4x4\/\" \/>\n<meta property=\"og:locale\" content=\"fr_FR\" \/>\n<meta property=\"og:type\" content=\"article\" \/>\n<meta property=\"og:title\" content=\"Louer un SUV ou un 4x4 avec Elite Rent\" \/>\n<meta property=\"og:description\" content=\"Louer un SUV ou un 4x4 avecElite Rent - Louez une Mercedes, BMW, Porsche, Range Rover en Suisse, France, Italie, Allemagne, et en Europe.\" \/>\n<meta property=\"og:url\" content=\"https:\/\/www.eliterent.com\/fr\/louer-un-suv-4x4\/\" \/>\n<meta property=\"og:site_name\" content=\"Elite Rent\" \/>\n<meta property=\"article:modified_time\" content=\"2022-10-06T10:51:08+00:00\" \/>\n<meta property=\"og:image\" content=\"https:\/\/www.eliterent.com\/wp-content\/uploads\/2022\/10\/CAT_SUV_Icon.png\" \/>\n\t<meta property=\"og:image:width\" content=\"400\" \/>\n\t<meta property=\"og:image:height\" content=\"250\" \/>\n\t<meta property=\"og:image:type\" content=\"image\/png\" \/>\n<meta name=\"twitter:card\" content=\"summary_large_image\" \/>\n<script type=\"application\/ld+json\" class=\"yoast-schema-graph\">{\"@context\":\"https:\\\/\\\/schema.org\",\"@graph\":[{\"@type\":\"WebPage\",\"@id\":\"https:\\\/\\\/www.eliterent.com\\\/fr\\\/louer-un-suv-4x4\\\/\",\"url\":\"https:\\\/\\\/www.eliterent.com\\\/fr\\\/louer-un-suv-4x4\\\/\",\"name\":\"Louer un SUV ou un 4x4 avec Elite Rent\",\"isPartOf\":{\"@id\":\"https:\\\/\\\/www.eliterent.com\\\/#website\"},\"primaryImageOfPage\":{\"@id\":\"https:\\\/\\\/www.eliterent.com\\\/fr\\\/louer-un-suv-4x4\\\/#primaryimage\"},\"image\":{\"@id\":\"https:\\\/\\\/www.eliterent.com\\\/fr\\\/louer-un-suv-4x4\\\/#primaryimage\"},\"thumbnailUrl\":\"https:\\\/\\\/www.eliterent.com\\\/wp-content\\\/uploads\\\/2022\\\/10\\\/CAT_SUV_Icon.png\",\"datePublished\":\"2022-10-06T08:32:45+00:00\",\"dateModified\":\"2022-10-06T10:51:08+00:00\",\"description\":\"Louer un SUV ou un 4x4 avecElite Rent - Louez une Mercedes, BMW, Porsche, Range Rover en Suisse, France, Italie, Allemagne, et en Europe.\",\"breadcrumb\":{\"@id\":\"https:\\\/\\\/www.eliterent.com\\\/fr\\\/louer-un-suv-4x4\\\/#breadcrumb\"},\"inLanguage\":\"fr-FR\",\"potentialAction\":[{\"@type\":\"ReadAction\",\"target\":[\"https:\\\/\\\/www.eliterent.com\\\/fr\\\/louer-un-suv-4x4\\\/\"]}]},{\"@type\":\"ImageObject\",\"inLanguage\":\"fr-FR\",\"@id\":\"https:\\\/\\\/www.eliterent.com\\\/fr\\\/louer-un-suv-4x4\\\/#primaryimage\",\"url\":\"https:\\\/\\\/www.eliterent.com\\\/wp-content\\\/uploads\\\/2022\\\/10\\\/CAT_SUV_Icon.png\",\"contentUrl\":\"https:\\\/\\\/www.eliterent.com\\\/wp-content\\\/uploads\\\/2022\\\/10\\\/CAT_SUV_Icon.png\",\"width\":400,\"height\":250,\"caption\":\"Rent an SUV or 4x4 with with Elite Rent-a-Car\"},{\"@type\":\"BreadcrumbList\",\"@id\":\"https:\\\/\\\/www.eliterent.com\\\/fr\\\/louer-un-suv-4x4\\\/#breadcrumb\",\"itemListElement\":[{\"@type\":\"ListItem\",\"position\":1,\"name\":\"Home\",\"item\":\"https:\\\/\\\/www.eliterent.com\\\/fr\\\/\"},{\"@type\":\"ListItem\",\"position\":2,\"name\":\"SUV\\\/4&#215;4\"}]},{\"@type\":\"WebSite\",\"@id\":\"https:\\\/\\\/www.eliterent.com\\\/#website\",\"url\":\"https:\\\/\\\/www.eliterent.com\\\/\",\"name\":\"Elite Rent\",\"description\":\"Rent a Car\",\"publisher\":{\"@id\":\"https:\\\/\\\/www.eliterent.com\\\/#organization\"},\"potentialAction\":[{\"@type\":\"SearchAction\",\"target\":{\"@type\":\"EntryPoint\",\"urlTemplate\":\"https:\\\/\\\/www.eliterent.com\\\/?s={search_term_string}\"},\"query-input\":{\"@type\":\"PropertyValueSpecification\",\"valueRequired\":true,\"valueName\":\"search_term_string\"}}],\"inLanguage\":\"fr-FR\"},{\"@type\":\"Organization\",\"@id\":\"https:\\\/\\\/www.eliterent.com\\\/#organization\",\"name\":\"Elite Rent\",\"url\":\"https:\\\/\\\/www.eliterent.com\\\/\",\"logo\":{\"@type\":\"ImageObject\",\"inLanguage\":\"fr-FR\",\"@id\":\"https:\\\/\\\/www.eliterent.com\\\/#\\\/schema\\\/logo\\\/image\\\/\",\"url\":\"https:\\\/\\\/www.eliterent.com\\\/wp-content\\\/uploads\\\/2020\\\/03\\\/Elite_Logo_NEW_2023_Final-1.png\",\"contentUrl\":\"https:\\\/\\\/www.eliterent.com\\\/wp-content\\\/uploads\\\/2020\\\/03\\\/Elite_Logo_NEW_2023_Final-1.png\",\"width\":828,\"height\":313,\"caption\":\"Elite Rent\"},\"image\":{\"@id\":\"https:\\\/\\\/www.eliterent.com\\\/#\\\/schema\\\/logo\\\/image\\\/\"}}]}<\/script>\n<!-- \/ Yoast SEO plugin. -->","yoast_head_json":{"title":"Louer un SUV ou un 4x4 avec Elite Rent","description":"Louer un SUV ou un 4x4 avecElite Rent - Louez une Mercedes, BMW, Porsche, Range Rover en Suisse, France, Italie, Allemagne, et en Europe.","robots":{"index":"index","follow":"follow","max-snippet":"max-snippet:-1","max-image-preview":"max-image-preview:large","max-video-preview":"max-video-preview:-1"},"canonical":"https:\/\/www.eliterent.com\/fr\/louer-un-suv-4x4\/","og_locale":"fr_FR","og_type":"article","og_title":"Louer un SUV ou un 4x4 avec Elite Rent","og_description":"Louer un SUV ou un 4x4 avecElite Rent - Louez une Mercedes, BMW, Porsche, Range Rover en Suisse, France, Italie, Allemagne, et en Europe.","og_url":"https:\/\/www.eliterent.com\/fr\/louer-un-suv-4x4\/","og_site_name":"Elite Rent","article_modified_time":"2022-10-06T10:51:08+00:00","og_image":[{"width":400,"height":250,"url":"https:\/\/www.eliterent.com\/wp-content\/uploads\/2022\/10\/CAT_SUV_Icon.png","type":"image\/png"}],"twitter_card":"summary_large_image","schema":{"@context":"https:\/\/schema.org","@graph":[{"@type":"WebPage","@id":"https:\/\/www.eliterent.com\/fr\/louer-un-suv-4x4\/","url":"https:\/\/www.eliterent.com\/fr\/louer-un-suv-4x4\/","name":"Louer un SUV ou un 4x4 avec Elite Rent","isPartOf":{"@id":"https:\/\/www.eliterent.com\/#website"},"primaryImageOfPage":{"@id":"https:\/\/www.eliterent.com\/fr\/louer-un-suv-4x4\/#primaryimage"},"image":{"@id":"https:\/\/www.eliterent.com\/fr\/louer-un-suv-4x4\/#primaryimage"},"thumbnailUrl":"https:\/\/www.eliterent.com\/wp-content\/uploads\/2022\/10\/CAT_SUV_Icon.png","datePublished":"2022-10-06T08:32:45+00:00","dateModified":"2022-10-06T10:51:08+00:00","description":"Louer un SUV ou un 4x4 avecElite Rent - Louez une Mercedes, BMW, Porsche, Range Rover en Suisse, France, Italie, Allemagne, et en Europe.","breadcrumb":{"@id":"https:\/\/www.eliterent.com\/fr\/louer-un-suv-4x4\/#breadcrumb"},"inLanguage":"fr-FR","potentialAction":[{"@type":"ReadAction","target":["https:\/\/www.eliterent.com\/fr\/louer-un-suv-4x4\/"]}]},{"@type":"ImageObject","inLanguage":"fr-FR","@id":"https:\/\/www.eliterent.com\/fr\/louer-un-suv-4x4\/#primaryimage","url":"https:\/\/www.eliterent.com\/wp-content\/uploads\/2022\/10\/CAT_SUV_Icon.png","contentUrl":"https:\/\/www.eliterent.com\/wp-content\/uploads\/2022\/10\/CAT_SUV_Icon.png","width":400,"height":250,"caption":"Rent an SUV or 4x4 with with Elite Rent-a-Car"},{"@type":"BreadcrumbList","@id":"https:\/\/www.eliterent.com\/fr\/louer-un-suv-4x4\/#breadcrumb","itemListElement":[{"@type":"ListItem","position":1,"name":"Home","item":"https:\/\/www.eliterent.com\/fr\/"},{"@type":"ListItem","position":2,"name":"SUV\/4&#215;4"}]},{"@type":"WebSite","@id":"https:\/\/www.eliterent.com\/#website","url":"https:\/\/www.eliterent.com\/","name":"Elite Rent","description":"Rent a Car","publisher":{"@id":"https:\/\/www.eliterent.com\/#organization"},"potentialAction":[{"@type":"SearchAction","target":{"@type":"EntryPoint","urlTemplate":"https:\/\/www.eliterent.com\/?s={search_term_string}"},"query-input":{"@type":"PropertyValueSpecification","valueRequired":true,"valueName":"search_term_string"}}],"inLanguage":"fr-FR"},{"@type":"Organization","@id":"https:\/\/www.eliterent.com\/#organization","name":"Elite Rent","url":"https:\/\/www.eliterent.com\/","logo":{"@type":"ImageObject","inLanguage":"fr-FR","@id":"https:\/\/www.eliterent.com\/#\/schema\/logo\/image\/","url":"https:\/\/www.eliterent.com\/wp-content\/uploads\/2020\/03\/Elite_Logo_NEW_2023_Final-1.png","contentUrl":"https:\/\/www.eliterent.com\/wp-content\/uploads\/2020\/03\/Elite_Logo_NEW_2023_Final-1.png","width":828,"height":313,"caption":"Elite Rent"},"image":{"@id":"https:\/\/www.eliterent.com\/#\/schema\/logo\/image\/"}}]}},"_links":{"self":[{"href":"https:\/\/www.eliterent.com\/fr\/wp-json\/wp\/v2\/pages\/60845","targetHints":{"allow":["GET"]}}],"collection":[{"href":"https:\/\/www.eliterent.com\/fr\/wp-json\/wp\/v2\/pages"}],"about":[{"href":"https:\/\/www.eliterent.com\/fr\/wp-json\/wp\/v2\/types\/page"}],"author":[{"embeddable":true,"href":"https:\/\/www.eliterent.com\/fr\/wp-json\/wp\/v2\/users\/6"}],"replies":[{"embeddable":true,"href":"https:\/\/www.eliterent.com\/fr\/wp-json\/wp\/v2\/comments?post=60845"}],"version-history":[{"count":0,"href":"https:\/\/www.eliterent.com\/fr\/wp-json\/wp\/v2\/pages\/60845\/revisions"}],"wp:featuredmedia":[{"embeddable":true,"href":"https:\/\/www.eliterent.com\/fr\/wp-json\/wp\/v2\/media\/60825"}],"wp:attachment":[{"href":"https:\/\/www.eliterent.com\/fr\/wp-json\/wp\/v2\/media?parent=60845"}],"curies":[{"name":"wp","href":"https:\/\/api.w.org\/{rel}","templated":true}]}}